{"id":251,"date":"2020-09-21T09:13:24","date_gmt":"2020-09-21T07:13:24","guid":{"rendered":"https:\/\/wordpress.nibis.de\/gsbloneu\/?page_id=251"},"modified":"2020-09-24T09:45:26","modified_gmt":"2020-09-24T07:45:26","slug":"bildung-und-teilhabe","status":"publish","type":"page","link":"https:\/\/wordpress.nibis.de\/gsbloneu\/bildung-und-teilhabe\/","title":{"rendered":"Bildung und Teilhabe"},"content":{"rendered":"<div class=\"entry-content\">\n<h3>F\u00fcr Kinder und Sch\u00fcler\/innen\u00a0 aus Haushalten,\u00a0 die \u2026<\/h3>\n<ul>\n<li>Arbeitslosengeld ll nach dem Sozialgesetzbuch,\u00a0 Zweites Buch\u00a0 (SGB ll),<\/li>\n<li>Grundsicherung\u00a0 oder Hilfe zum Lebensunterhalt\u00a0 nach dem Sozialgesetzbuch, Zw\u00f6lftes Buch (SGB Xll),<\/li>\n<li>Leistungen\u00a0 nach dem Asylbewerberleistungsgesetzes\u00a0 (AsylbLG)<\/li>\n<li>Kinderzuschlag\u00a0 nach dem Bundeskindergeldgesetz\u00a0 (BKGG)<\/li>\n<li>Wohngeld\u00a0 nach dem Wohngeldgesetz (WoGG)<\/li>\n<\/ul>\n<h3>\u2026 erhalten,\u00a0 werden\u00a0 auf Antrag\u00a0 ab 2011 folgende Sachleistungen\u00a0 zur Bildung und Teilhabe gew\u00e4hrt:<\/h3>\n<p>Aufwendungen\u00a0 f\u00fcr Schulausfl\u00fcge und mehrt\u00e4gige Klassenfahrten<br \/>\nim Rahmen der schulrechtlichen Bestimmungen\u00a0 \u2013 die Leistungen\u00a0 gelten auch\u00a0 f\u00fcr Kindereinrichtungen,\u00a0 also Kindertagesst\u00e4tten, \u2013 krippen, \u2013 horte Kinder\u00a0 in Tageseinrichtungen\u00a0 sowie Sch\u00fcler\/innen\u00a0 an allgemein-\u00a0 oder berufsbildenden Schulen bis zum Alter von 25 Jahren haben\u00a0 einen Anspruch auf diese Leistung. Ausgenommen sind Berufssch\u00fcler\/innen mit Ausbildungsverg\u00fctung.\u00a0 Es werden die Kosten ein- und mehrt\u00e4giger Ausfl\u00fcge der Schulen\u00a0 und Kitas\u00a0 finanziert. Sobald die geplanten Ausfl\u00fcge oder Fahrten bekannt gemacht werden, stellen\u00a0 Sie einen Antrag auf Kosten\u00fcbernahme\u00a0 unter Vorlage eines Nachweises\u00a0 (Anschreiben der Lehr- bzw. Betreuungskr\u00e4fte).\u00a0 lm Regelfall werden die Kosten direkt mit der Schule\u00a0 oder der Kindertageseinrichtung abgerechnet. F\u00fcr eint\u00e4gige Fahrten und Veranstaltungen werden Gutscheine f\u00fcr den gesamten Bewilligungszeitraum ausgeh\u00e4ndigt, die in der Schule abgegeben werden m\u00fcssen. (Beachten Sie bitte auch die Anmerkung unten!)<\/p>\n<h3><span style=\"color: #3366ff\"><strong><span style=\"color: #0000ff\">Schulbedarf<\/span><\/strong><\/span><\/h3>\n<p>Damit Schulkinder\u00a0 mit den n\u00f6tigen Lernmaterialien\u00a0 ausgestattet sind, wird zweimal j\u00e4hrlich ein pauschaler Zuschuss\u00a0 gezahlt, zu Beginn des Schuljahres\u00a0 70 Euro (im August eines Jahres) und\u00a0 im Februar\u00a0 30 Euro \u2013 insgesamt 100 Euro. Diese\u00a0 Leistung muss nur von den Haushalten, die Kinderzuschlag oder Wohngeld erhalten,\u00a0 gesondert beantragt werden.\u00a0 F\u00fcr Eltern bzw. Erziehungsberechtigte\u00a0 von Kindern,\u00a0 die Arbeitslosengeld\u00a0 ll, Grundsicherung oder Hilfe zum Lebensunterhalt\u00a0 nach dem SGB Xll oder Leistungen\u00a0 nach dem AsylbLG\u00a0 erhalten, gilt: lnformieren Sie lhre\/n Leistungssachbearbeiteriin\u00a0 rechtzeitig\u00a0 \u00fcber die bevorstehende Einschulung\u00a0 lhres Kindes und legen Sie dabei bitte einen Nachweis\u00a0 (Schreiben der Schule)\u00a0 vor. Wenn\u00a0 lhr Kind mindestens\u00a0 15 Jahre\u00a0 alt\u00a0 ist,\u00a0 legen Sie bitte eine Schulbescheinigung\u00a0 mit voraussichtlicher\u00a0 Dauer des Schulbesuches vor.\u00a0 Sie erhalten die Leistung dann automatisch\u00a0 ausgezahlt.<\/p>\n<h3><span style=\"color: #0000ff\"><strong><span style=\"color: #0000ff\">Sch\u00fclerbef\u00f6rderung<\/span><\/strong><\/span><\/h3>\n<p>lnsbesondere\u00a0 Sch\u00fcler,\u00a0 die eine weiterf\u00fchrende\u00a0 Schule besuchen,\u00a0 haben oft einen weiten Schulweg. Sind die Bef\u00f6rderungskosten erforderlich und werden sie nicht anderweitig\u00a0 \u00fcbernommen, werden diese Ausgaben\u00a0 erstattet. Hinsichtlich\u00a0 der Erforderlichkeit der Aufwendungen wird die Satzung \u00fcber die Sch\u00fclerbef\u00f6rderung im Landkleis Wittmund angewandt (Mindestentfernung: 5,5 km). Die Fahrkarte ist als Nachweis\u00a0 vorzulegen.<\/p>\n<h3><strong><span style=\"color: #0000ff\">Lernf\u00f6rderung<\/span><\/strong><\/h3>\n<p>F\u00fcr Sch\u00fcler\/innen\u00a0 kann Lernf\u00f6rderung\u00a0 in Anspruch genommen werden, wenn nur dadurch die nach schulrechtlichen Bestimmungen\u00a0 festgelegten\u00a0 Lernziele\u00a0 \u2013 in der Regel die Versetzung\u00a0 in die n\u00e4chste Klasse \u2013 erreicht werden k\u00f6nnen. Voraussetzung\u00a0 ist, dass die Schule den Bedarf best\u00e4tigt und keine vergleichbaren\u00a0 schulischen\u00a0 Angebote\u00a0 bestehen. Es\u00a0 ist eine schriftliche Best\u00e4tigung der Notwendigkeit und der F\u00e4cher\u00a0 durch die Lehrkr\u00e4fte\u00a0 und die Schulleitung erforderlich. Es ist au\u00dferdem die konkrete Angabe erforderlich, welcher private oder gewerbliche Anbieter die Lernf\u00f6rderung\u00a0 durchf\u00fchren\u00a0 soll.<\/p>\n<h3><strong><span style=\"color: #0000ff\">Mittagessen\u00a0 in einer Schule<\/span> <span style=\"color: #0000ff\">und in Kindertageseinrichtung<\/span><\/strong><\/h3>\n<p>Kinder, die an einer gemeinschaftlich eingenommenen Mittagsverpflegung\u00a0 teilnehmen, k\u00f6nnen einen Zuschuss\u00a0 erhalten. Das Essen muss in schulischer\u00a0 Verantwortung\u00a0 angeboten werden;\u00a0 d.h. ein Verkauf am Kiosk kann nicht bezuschusst\u00a0 werden.\u00a0 Es verbleibt ein Eigenanteil von 1,- Euro pro Essen. F\u00fcr Sch\u00fclerinnen und Sch\u00fcler des Sekundarbereiches I und II wird, lt. Beschlu\u00df des Kreistages, ab dem 01.08.2011 der Eigenanteil vom Landkreis Wittmund \u00fcbernommen.\u00a0 F\u00fcr den Nachweis der Berechtigung werden personalisierte Gutscheine\u00a0 ausgestellt.\u00a0 Au\u00dfer\u00a0 in Schulen kann Mittagsverpflegung auch\u00a0 in Kindertageseinrichtungen bezuschusst werden.<\/p>\n<p>Teilhabe\u00a0 am sozialen und kulturellen\u00a0 Leben bis zur Vollendung des 18. Lebensjahres<br \/>\nAlle Kinder sollen\u00a0 in der Freizeit bei Sport, Spiel oder Kultur mitmachen.<br \/>\nGef\u00f6rdert werden daher:<\/p>\n<ul>\n<li>Mitgliedsbeitr\u00e4ge\u00a0 in den Bereichen\u00a0 Sport, Spiel, Kultur und Geselligkeit<\/li>\n<li>Unterricht\u00a0 in k\u00fcnstlerischen\u00a0 F\u00e4chern\u00a0 au\u00dferhalb des Schulunterrichtes\u00a0 (Musikunterricht etc.) und vergleichbare angeleitete\u00a0 Aktivit\u00e4ten\u00a0 der kulturellen Bildung\u00a0 und<\/li>\n<li>Teilnahme\u00a0 an Freizeiten<\/li>\n<\/ul>\n<p>Zur Deckung dieser Bedarfe wird auf Antrag ein Betrag in H\u00f6he von\u00a0 insgesamt bis zu 10,- Euro pro Monat \u00fcbernommen. Als Nachweis\u00a0 kann die Zahlungsaufforderung,\u00a0 der bereits gezahlte Mitgliedsbeitrag oder eine schriftliche\u00a0 Best\u00e4tigung des Anbieters Vereins\u00a0 \u00fcber die zu erwartenden\u00a0 Kosten dienen.<\/p>\n<\/div>\n<p><span style=\"color: #ff0000\"><strong><span style=\"color: #ff0000\">Liebe Eltern,<\/span><\/strong><\/span><\/p>\n<p><span style=\"color: #99cc00\"><strong><span style=\"color: #ff0000\">denken Sie bitte daran, dass der Gutschein f\u00fcr Ihr Kind mit dem Ende des Bewilligungszeitraums in Ihrem Leistungbescheid\u00a0 abl\u00e4uft. Damit Sie weiterhin von\u00a0 Zahlungen an die Schule f\u00fcr Theaterauff\u00fchrungen oder Ausfl\u00fcge befreit werden, ist von Ihnen rechtzeitig ein neuer Antrag beim Landkreis Wittmund zu stellen. Sollte\u00a0 Ihnen dann ein neuer Gutschein vorliegen, dann geben Sie diesen Ihrem Kind bitte sofort mit zur Schule.<\/span><\/strong><\/span><\/p>\n","protected":false},"excerpt":{"rendered":"<p>F\u00fcr Kinder und Sch\u00fcler\/innen\u00a0 aus Haushalten,\u00a0 die \u2026 Arbeitslosengeld ll nach dem Sozialgesetzbuch,\u00a0 Zweites Buch\u00a0 (SGB ll), Grundsicherung\u00a0 oder Hilfe zum Lebensunterhalt\u00a0 nach dem Sozialgesetzbuch, Zw\u00f6lftes Buch (SGB Xll), Leistungen\u00a0 nach dem Asylbewerberleistungsgesetzes\u00a0 (AsylbLG) Kinderzuschlag\u00a0 nach dem Bundeskindergeldgesetz\u00a0 (BKGG) Wohngeld\u00a0 &hellip; <a href=\"https:\/\/wordpress.nibis.de\/gsbloneu\/bildung-und-teilhabe\/\">Weiterlesen <span class=\"meta-nav\">&rarr;<\/span><\/a><\/p>\n","protected":false},"author":9192955,"featured_media":0,"parent":0,"menu_order":0,"comment_status":"closed","ping_status":"closed","template":"","meta":{"footnotes":""},"class_list":["post-251","page","type-page","status-publish","hentry"],"_links":{"self":[{"href":"https:\/\/wordpress.nibis.de\/gsbloneu\/wp-json\/wp\/v2\/pages\/251","targetHints":{"allow":["GET"]}}],"collection":[{"href":"https:\/\/wordpress.nibis.de\/gsbloneu\/wp-json\/wp\/v2\/pages"}],"about":[{"href":"https:\/\/wordpress.nibis.de\/gsbloneu\/wp-json\/wp\/v2\/types\/page"}],"author":[{"embeddable":true,"href":"https:\/\/wordpress.nibis.de\/gsbloneu\/wp-json\/wp\/v2\/users\/9192955"}],"replies":[{"embeddable":true,"href":"https:\/\/wordpress.nibis.de\/gsbloneu\/wp-json\/wp\/v2\/comments?post=251"}],"version-history":[{"count":5,"href":"https:\/\/wordpress.nibis.de\/gsbloneu\/wp-json\/wp\/v2\/pages\/251\/revisions"}],"predecessor-version":[{"id":487,"href":"https:\/\/wordpress.nibis.de\/gsbloneu\/wp-json\/wp\/v2\/pages\/251\/revisions\/487"}],"wp:attachment":[{"href":"https:\/\/wordpress.nibis.de\/gsbloneu\/wp-json\/wp\/v2\/media?parent=251"}],"curies":[{"name":"wp","href":"https:\/\/api.w.org\/{rel}","templated":true}]}}