{"id":253,"date":"2020-09-21T09:14:23","date_gmt":"2020-09-21T07:14:23","guid":{"rendered":"https:\/\/wordpress.nibis.de\/gsbloneu\/?page_id=253"},"modified":"2024-07-04T11:56:41","modified_gmt":"2024-07-04T09:56:41","slug":"uebergang-von-der-grundschule-zur-weiterfuehrenden-schule","status":"publish","type":"page","link":"https:\/\/wordpress.nibis.de\/gsbloneu\/uebergang-von-der-grundschule-zur-weiterfuehrenden-schule\/","title":{"rendered":"\u00dcbergang von der Grundschule zur weiterf\u00fchrenden Schule"},"content":{"rendered":"\n<p>Liebe Eltern,<\/p>\n\n\n\n<p>wir stellen Ihnen auf dieser Seite einen Flyer des Kultusministeriums zur Verf\u00fcgung, der wesentliche Informationen bzgl. des \u00dcberganges von der Grundschule zur weiterf\u00fchrenden Schule enth\u00e4lt, h\u00e4ufig gestellte Fragen beantwortet und Ihnen die einzelnen Schulformen kurz n\u00e4her vorstellt.<\/p>\n\n\n\n<p><a href=\"https:\/\/wordpress.nibis.de\/gsbloneu\/files\/2024\/07\/2024.02.23_FLYER_Uebergang_Nachdruck_2024_02_WEB_soe.pdf\">Flyer des Kultusminiseriums bzgl. \u00dcbergang Grundschule \u2013 weiterf. Schule (Stand: 02\/2024)<\/a><\/p>\n\n\n\n<p><a href=\"https:\/\/wordpress.nibis.de\/gsbloneu\/files\/2024\/07\/2021.01.21._FLYER_Uebergang_ENGLISCH_v06_WEB.pdf\">Flyer des Kultusminiseriums bzgl. \u00dcbergang Grundschule \u2013 weiterf. Schule (Englisch)<\/a><\/p>\n\n\n\n<p><a href=\"https:\/\/wordpress.nibis.de\/gsbloneu\/files\/2024\/07\/2019.12.12._FLYER_Uebergang_ARABISCH_web.pdf\">Flyer des Kultusminiseriums bzgl. \u00dcbergang Grundschule \u2013 weiterf. Schule (Arabisch)<\/a><\/p>\n\n\n\n<p><a href=\"https:\/\/wordpress.nibis.de\/gsbloneu\/files\/2024\/07\/2022.03.02_FLYER_Uebergang_FARSI_2_web_022_v04_soe.pdf\">Flyer des Kultusminiseriums bzgl. \u00dcbergang Grundschule \u2013 weiterf. Schule (Farsi)<\/a><\/p>\n\n\n\n<p><a href=\"https:\/\/wordpress.nibis.de\/gsbloneu\/files\/2024\/07\/2023.11.20_FLYER_Uebergang_Ukrainisch_2023_nf_v03.pdf\">Flyer des Kultusminiseriums bzgl. \u00dcbergang Grundschule \u2013 weiterf. Schule (Ukrainisch)<\/a><\/p>\n\n\n\n<p><a href=\"https:\/\/wordpress.nibis.de\/gsbloneu\/files\/2024\/07\/2021.01.25.__FLYER_Uebergang_TUERKISCH_v07_WEB.pdf\">Flyer des Kultusminiseriums bzgl. \u00dcbergang Grundschule \u2013 weiterf. Schule (T\u00fcrkisch)<\/a><\/p>\n\n\n\n<p><a href=\"https:\/\/wordpress.nibis.de\/gsbloneu\/files\/2024\/07\/2021.02.02._FLYER_Uebergang_Bulgarisch_v02_WEB.pdf\">Flyer des Kultusminiseriums bzgl. \u00dcbergang Grundschule \u2013 weiterf. Schule (Bulgarisch)<\/a><\/p>\n\n\n\n<p><\/p>\n\n\n\n<p>Selbstverst\u00e4ndlich stehen auch wir Ihnen f\u00fcr Fragen zur Verf\u00fcgung.<\/p>\n\n\n\n<p>Mit freundlichen Gr\u00fc\u00dfen<\/p>\n\n\n\n<p>Alexander Kraft<br>\u2013 Rektor \u2013<\/p>\n\n\n\n<div class=\"entry-content\">\n<p>\u00a0<\/p>\n<p>Hier finden Sie links zu den weiterf\u00fchrenden Schulen, die in der Regel von unseren Schulkindern nach der Grundschulzeit besucht werden:<\/p>\n<ul>\n<li><a href=\"http:\/\/www.nige.de\/\" target=\"_blank\" rel=\"noopener\">Nieders\u00e4chsisches Internatsgymnasium Esens<\/a><\/li>\n<\/ul>\n<ul>\n<li><a href=\"http:\/\/www.realschule-dornum.de\/?file=kop1.php\" target=\"_blank\" rel=\"noopener\">Realschule Dornum<\/a><\/li>\n<\/ul>\n<ul>\n<li><a href=\"http:\/\/www.cgr-esens.de\" target=\"_blank\" rel=\"noopener\">Realschule Esens<\/a><\/li>\n<\/ul>\n<ul>\n<li><a href=\"http:\/\/www.dfg-westerholt.de\/\" target=\"_blank\" rel=\"noopener\">Oberschule David-Fabricius Westerholt<\/a><\/li>\n<\/ul>\n<ul>\n<li><a href=\"https:\/\/herbert-jander.schule\/\" target=\"_blank\" rel=\"noopener\">Hauptschule Esens<\/a><br \/><br \/><\/li>\n<li><a href=\"http:\/\/www.igs-aurich.de\/\" target=\"_blank\" rel=\"noopener\">Integrierte Gesamtschule Aurich<\/a><br \/><br \/><\/li>\n<li><a href=\"https:\/\/www.gesamtschule-wittmund.de\/\" target=\"_blank\" rel=\"noopener\">Kooperative Gesamtschule Alexander-von-Humboldt Wittmund<\/a><\/li>\n<\/ul>\n<\/div>\n","protected":false},"excerpt":{"rendered":"<p>Liebe Eltern, wir stellen Ihnen auf dieser Seite einen Flyer des Kultusministeriums zur Verf\u00fcgung, der wesentliche Informationen bzgl. des \u00dcberganges von der Grundschule zur weiterf\u00fchrenden Schule enth\u00e4lt, h\u00e4ufig gestellte Fragen beantwortet und Ihnen die einzelnen Schulformen kurz n\u00e4her vorstellt. Flyer &hellip; <a href=\"https:\/\/wordpress.nibis.de\/gsbloneu\/uebergang-von-der-grundschule-zur-weiterfuehrenden-schule\/\">Weiterlesen <span class=\"meta-nav\">&rarr;<\/span><\/a><\/p>\n","protected":false},"author":9192955,"featured_media":0,"parent":0,"menu_order":0,"comment_status":"closed","ping_status":"closed","template":"","meta":{"footnotes":""},"class_list":["post-253","page","type-page","status-publish","hentry"],"_links":{"self":[{"href":"https:\/\/wordpress.nibis.de\/gsbloneu\/wp-json\/wp\/v2\/pages\/253","targetHints":{"allow":["GET"]}}],"collection":[{"href":"https:\/\/wordpress.nibis.de\/gsbloneu\/wp-json\/wp\/v2\/pages"}],"about":[{"href":"https:\/\/wordpress.nibis.de\/gsbloneu\/wp-json\/wp\/v2\/types\/page"}],"author":[{"embeddable":true,"href":"https:\/\/wordpress.nibis.de\/gsbloneu\/wp-json\/wp\/v2\/users\/9192955"}],"replies":[{"embeddable":true,"href":"https:\/\/wordpress.nibis.de\/gsbloneu\/wp-json\/wp\/v2\/comments?post=253"}],"version-history":[{"count":4,"href":"https:\/\/wordpress.nibis.de\/gsbloneu\/wp-json\/wp\/v2\/pages\/253\/revisions"}],"predecessor-version":[{"id":724,"href":"https:\/\/wordpress.nibis.de\/gsbloneu\/wp-json\/wp\/v2\/pages\/253\/revisions\/724"}],"wp:attachment":[{"href":"https:\/\/wordpress.nibis.de\/gsbloneu\/wp-json\/wp\/v2\/media?parent=253"}],"curies":[{"name":"wp","href":"https:\/\/api.w.org\/{rel}","templated":true}]}}