{"id":259,"date":"2020-09-21T09:15:33","date_gmt":"2020-09-21T07:15:33","guid":{"rendered":"https:\/\/wordpress.nibis.de\/gsbloneu\/?page_id=259"},"modified":"2024-07-03T14:14:14","modified_gmt":"2024-07-03T12:14:14","slug":"unsere-schuelervertretung-2","status":"publish","type":"page","link":"https:\/\/wordpress.nibis.de\/gsbloneu\/unsere-schuelervertretung-2\/","title":{"rendered":"Sch\u00fclervertretung"},"content":{"rendered":"<h3 style=\"text-align: left\">An unserer Schule legen wir gro\u00dfen Wert auf die Meinung und das Mitwirken unserer Sch\u00fclerinnen und Sch\u00fcler. Dies leben wir nicht nur durch den w\u00f6chentlich tagenden Klassenrat in jeder Klasse, sondern auch durch eine aktive Sch\u00fclervertretung, die sich regelm\u00e4\u00dfig trifft und wichtige Themen aus dem Schulalltag bespricht sowie Aktionen und Feste initiiert.<\/h3>\n<h3 style=\"text-align: left\">Der Sch\u00fclervertretung geh\u00f6ren die in jeder Klasse gew\u00e4hlten Klassensprecherinnen und Klassensprecher an. Diese w\u00e4hlen aus ihrem Kreis eine Sch\u00fclersprecherin sowie einen Schulsprecher sowie Vertreterinnen und Vertreter als Standortsprecher, die die Interessen der Sch\u00fclervertretung u. a. auch gegen\u00fcber der Schulleitung vertritt.<br \/>\u00dcber jede Sitzung erstellt die Sch\u00fclervertretung ein Protokoll, was jeweils am SV-Brett im Flur beider Standorte eingesehen werden kann.<\/h3>\n<h3 style=\"text-align: left\">Zust\u00e4ndig f\u00fcr die Sch\u00fclervertretung als Vertrauensperson ist aktuell Frau Krist <a href=\"https:\/\/wordpress.nibis.de\/gsbloneu\/sozialarbeiterin\/\">(Schulsozialarbeiterin)<\/a>. Sie koordiniert und organisiert u. a. die Treffen der Sch\u00fclervertretung und unterst\u00fctzt die Sch\u00fclerinnen und Sch\u00fcler bei ihren Vorhaben.<\/h3>\n\n","protected":false},"excerpt":{"rendered":"<p>An unserer Schule legen wir gro\u00dfen Wert auf die Meinung und das Mitwirken unserer Sch\u00fclerinnen und Sch\u00fcler. Dies leben wir nicht nur durch den w\u00f6chentlich tagenden Klassenrat in jeder Klasse, sondern auch durch eine aktive Sch\u00fclervertretung, die sich regelm\u00e4\u00dfig trifft &hellip; <a href=\"https:\/\/wordpress.nibis.de\/gsbloneu\/unsere-schuelervertretung-2\/\">Weiterlesen <span class=\"meta-nav\">&rarr;<\/span><\/a><\/p>\n","protected":false},"author":9192955,"featured_media":0,"parent":0,"menu_order":0,"comment_status":"closed","ping_status":"closed","template":"","meta":{"footnotes":""},"class_list":["post-259","page","type-page","status-publish","hentry"],"_links":{"self":[{"href":"https:\/\/wordpress.nibis.de\/gsbloneu\/wp-json\/wp\/v2\/pages\/259","targetHints":{"allow":["GET"]}}],"collection":[{"href":"https:\/\/wordpress.nibis.de\/gsbloneu\/wp-json\/wp\/v2\/pages"}],"about":[{"href":"https:\/\/wordpress.nibis.de\/gsbloneu\/wp-json\/wp\/v2\/types\/page"}],"author":[{"embeddable":true,"href":"https:\/\/wordpress.nibis.de\/gsbloneu\/wp-json\/wp\/v2\/users\/9192955"}],"replies":[{"embeddable":true,"href":"https:\/\/wordpress.nibis.de\/gsbloneu\/wp-json\/wp\/v2\/comments?post=259"}],"version-history":[{"count":6,"href":"https:\/\/wordpress.nibis.de\/gsbloneu\/wp-json\/wp\/v2\/pages\/259\/revisions"}],"predecessor-version":[{"id":691,"href":"https:\/\/wordpress.nibis.de\/gsbloneu\/wp-json\/wp\/v2\/pages\/259\/revisions\/691"}],"wp:attachment":[{"href":"https:\/\/wordpress.nibis.de\/gsbloneu\/wp-json\/wp\/v2\/media?parent=259"}],"curies":[{"name":"wp","href":"https:\/\/api.w.org\/{rel}","templated":true}]}}