{"id":261,"date":"2020-09-21T09:15:58","date_gmt":"2020-09-21T07:15:58","guid":{"rendered":"https:\/\/wordpress.nibis.de\/gsbloneu\/?page_id=261"},"modified":"2024-07-03T14:12:21","modified_gmt":"2024-07-03T12:12:21","slug":"foerderung-besondere-begabung-2","status":"publish","type":"page","link":"https:\/\/wordpress.nibis.de\/gsbloneu\/foerderung-besondere-begabung-2\/","title":{"rendered":"F\u00f6rderung besonderer Begabungen"},"content":{"rendered":"\n<div class=\"wp-block-image\"><figure class=\"aligncenter size-large\"><img loading=\"lazy\" decoding=\"async\" width=\"300\" height=\"231\" src=\"https:\/\/wordpress.nibis.de\/gsbloneu\/files\/2020\/09\/bes-begabungen_300x256.png\" alt=\"\" class=\"wp-image-312\" \/><\/figure><\/div>\n\n\n\n<p>\u00a0<\/p>\n<p>Die Grundschule Blomberg-Neuschoo geh\u00f6rt dem \u201eKooperationsverbund Hochbegabung Wittmund\u201c an.<\/p>\n<p>Innerhalb des Kooperationsverbundes werden verschiedene Angebote f\u00fcr die F\u00f6rderung verschiedener Begabungen angeboten. Als weiterf\u00fchrende Schule steht uns hierf\u00fcr das Nieders\u00e4chsische Internatsgymnasium in Esens zur Seite. Dort wird neben w\u00f6chentlichen Angeboten (u.a. in Mathematik) auch viermal im Schuljahr der \u201eTag der Talente\u201c durchgef\u00fchrt, zu dem wir Sch\u00fclerinnen und Sch\u00fcler unserer Schule mit entsprechenden Begabungen melden.<br \/>Die Angebote sind breitgef\u00e4chert und bieten dadurch eine F\u00f6rderung f\u00fcr eine Vielzahl von Begabungen (u.a. Sport, Theater, Mathematik, Technik, Biologie, \u2026)<\/p>\n<p>Der \u201eKooperationsverbund Hochbegabung Wittmund\u201c setzt sich aus folgenden Schulen zusammen:<\/p>\n<p>GS Blomberg-Neuschoo, Blomberg<br \/>GS Carolinensiel, Wittmund<br \/>GS Dornum, Dornum<br \/>GS Friedeburg, Friedeburg<br \/>GS Horsten, Friedeburg-Horsten<br \/>GS Reepsholt, Friedeburg<br \/>GS Utarp-Ochtersum, Utarp<br \/>GS Westerholt-Willmsfeld, Westerholt<br \/>Kooperative Gesamtschule Alexander von Humboldt, Wittmund<br \/>Nieders\u00e4chsisches Internatsgymnasium Esens, Esens<\/p>\n<p>Der Kooperationsverbund ist folgenderma\u00dfen strukturiert:<\/p>\n\n\n\n<div class=\"wp-block-image\"><figure class=\"aligncenter size-full\"><img loading=\"lazy\" decoding=\"async\" width=\"720\" height=\"540\" src=\"https:\/\/wordpress.nibis.de\/gsbloneu\/files\/2024\/07\/neu-2023kov-struktur-.jpg\" alt=\"\" class=\"wp-image-685\" \/><\/figure><\/div>\n\n\n\n<p><\/p>\n\n\n\n<h2 class=\"wp-block-heading\">Aktuelles Konzept (Stand Sj. 2023\/2024)<\/h2>\n\n\n\n<div data-wp-interactive=\"core\/file\" class=\"wp-block-file\"><object data-wp-bind--hidden=\"!state.hasPdfPreview\" hidden class=\"wp-block-file__embed\" data=\"https:\/\/wordpress.nibis.de\/gsbloneu\/files\/2024\/07\/Konzept_KOV_LK_WTM.pdf\" type=\"application\/pdf\" style=\"width:100%;height:600px\" aria-label=\"Einbettung von Einbettung von Konzept_KOV_LK_WTM..\"><\/object><a id=\"wp-block-file--media-6de6eb72-1c8d-4ba2-9052-3e847b8e80a5\" href=\"https:\/\/wordpress.nibis.de\/gsbloneu\/files\/2024\/07\/Konzept_KOV_LK_WTM.pdf\" target=\"_blank\" rel=\"noreferrer noopener\">Konzept_KOV_LK_WTM<\/a><a href=\"https:\/\/wordpress.nibis.de\/gsbloneu\/files\/2024\/07\/Konzept_KOV_LK_WTM.pdf\" class=\"wp-block-file__button\" download aria-describedby=\"wp-block-file--media-6de6eb72-1c8d-4ba2-9052-3e847b8e80a5\">Herunterladen<\/a><\/div>\n","protected":false},"excerpt":{"rendered":"<p>\u00a0 Die Grundschule Blomberg-Neuschoo geh\u00f6rt dem \u201eKooperationsverbund Hochbegabung Wittmund\u201c an. Innerhalb des Kooperationsverbundes werden verschiedene Angebote f\u00fcr die F\u00f6rderung verschiedener Begabungen angeboten. Als weiterf\u00fchrende Schule steht uns hierf\u00fcr das Nieders\u00e4chsische Internatsgymnasium in Esens zur Seite. Dort wird neben w\u00f6chentlichen Angeboten &hellip; <a href=\"https:\/\/wordpress.nibis.de\/gsbloneu\/foerderung-besondere-begabung-2\/\">Weiterlesen <span class=\"meta-nav\">&rarr;<\/span><\/a><\/p>\n","protected":false},"author":9192955,"featured_media":0,"parent":0,"menu_order":0,"comment_status":"closed","ping_status":"closed","template":"","meta":{"footnotes":""},"class_list":["post-261","page","type-page","status-publish","hentry"],"_links":{"self":[{"href":"https:\/\/wordpress.nibis.de\/gsbloneu\/wp-json\/wp\/v2\/pages\/261","targetHints":{"allow":["GET"]}}],"collection":[{"href":"https:\/\/wordpress.nibis.de\/gsbloneu\/wp-json\/wp\/v2\/pages"}],"about":[{"href":"https:\/\/wordpress.nibis.de\/gsbloneu\/wp-json\/wp\/v2\/types\/page"}],"author":[{"embeddable":true,"href":"https:\/\/wordpress.nibis.de\/gsbloneu\/wp-json\/wp\/v2\/users\/9192955"}],"replies":[{"embeddable":true,"href":"https:\/\/wordpress.nibis.de\/gsbloneu\/wp-json\/wp\/v2\/comments?post=261"}],"version-history":[{"count":5,"href":"https:\/\/wordpress.nibis.de\/gsbloneu\/wp-json\/wp\/v2\/pages\/261\/revisions"}],"predecessor-version":[{"id":689,"href":"https:\/\/wordpress.nibis.de\/gsbloneu\/wp-json\/wp\/v2\/pages\/261\/revisions\/689"}],"wp:attachment":[{"href":"https:\/\/wordpress.nibis.de\/gsbloneu\/wp-json\/wp\/v2\/media?parent=261"}],"curies":[{"name":"wp","href":"https:\/\/api.w.org\/{rel}","templated":true}]}}