{"id":265,"date":"2020-09-21T09:16:45","date_gmt":"2020-09-21T07:16:45","guid":{"rendered":"https:\/\/wordpress.nibis.de\/gsbloneu\/?page_id=265"},"modified":"2021-12-27T15:00:47","modified_gmt":"2021-12-27T14:00:47","slug":"leseinsel-2","status":"publish","type":"page","link":"https:\/\/wordpress.nibis.de\/gsbloneu\/leseinsel-2\/","title":{"rendered":"Leseinsel"},"content":{"rendered":"\n<div class=\"wp-block-image\"><figure class=\"aligncenter size-large is-resized\"><img loading=\"lazy\" decoding=\"async\" src=\"https:\/\/wordpress.nibis.de\/gsbloneu\/files\/2020\/09\/IMG-20200924-WA00034.jpg\" alt=\"\" class=\"wp-image-503\" width=\"275\" height=\"220\" srcset=\"https:\/\/wordpress.nibis.de\/gsbloneu\/files\/2020\/09\/IMG-20200924-WA00034.jpg 806w, https:\/\/wordpress.nibis.de\/gsbloneu\/files\/2020\/09\/IMG-20200924-WA00034-768x616.jpg 768w\" sizes=\"auto, (max-width: 275px) 100vw, 275px\" \/><\/figure><\/div>\n\n\n<section>\n<div class=\"container\">\n<div class=\"row\">\n<div class=\"col-sm-12\">\n<h3><span style=\"color: #333333\">Die Leseinsel ist eine Einrichtung f\u00fcr Grundschulkinder, die eine Lese<\/span><span style=\"color: #333333\">schw\u00e4che haben. Wir arbeiten nach der Finger-Lese-Methode von F. J. Koch, <\/span><span style=\"color: #333333\">bei der jedem Laut ein eigenes Fingerzeichen zugeordnet wir. Alle Worte und Texte werden <\/span><span style=\"color: #333333\">mit entsprechenden Fingerzeichen gelesen. Auf diese Weise entsteht in dem Kopf der <\/span><span style=\"color: #333333\">Kinder das Bild des Wortes.<\/span><\/h3>\n<h3><span style=\"color: #333333\">Jedes Kind hat sein eigenes Tempo. Es muss jedes Blatt dreimal mit Fingerzeichen lesen, <\/span><span style=\"color: #333333\">bevor es sich ein Neues nehmen kann. Die Leseinsel wird von Sonja Niehuisen in Kleingruppen von circa 4 Kindern angeboten.<\/span><\/h3>\n<h3><span style=\"color: #333333\">Die Leseinsel findet von montags bis donnerstags in den Zeiten des Ganztagsprogrammes<\/span><span style=\"color: #333333\">\u00a0statt. Die Anmeldung und Zuteilung wird nach der Absprache zwischen den Lehrkr\u00e4ften und Frau Niehuisen sowie mit den Eltern getroffen.<\/span><\/h3>\n<h3><span style=\"color: #333333\"><img loading=\"lazy\" decoding=\"async\" class=\"alignnone size-full wp-image-357 aligncenter\" src=\"https:\/\/wordpress.nibis.de\/gsbloneu\/files\/2020\/09\/sonja_niehuisen-150x150-1.jpg\" alt=\"\" width=\"150\" height=\"150\" \/><br \/><\/span><\/h3>\n<h3><span style=\"color: #333333\">Die Teilnahme ist f\u00fcr die Sch\u00fclerinnen und Sch\u00fcler kostenlos.<\/span><\/h3>\n<\/div>\n<\/div>\n<\/div>\n<\/section>","protected":false},"excerpt":{"rendered":"<p>Die Leseinsel ist eine Einrichtung f\u00fcr Grundschulkinder, die eine Leseschw\u00e4che haben. Wir arbeiten nach der Finger-Lese-Methode von F. J. Koch, bei der jedem Laut ein eigenes Fingerzeichen zugeordnet wir. Alle Worte und Texte werden mit entsprechenden Fingerzeichen gelesen. Auf diese &hellip; <a href=\"https:\/\/wordpress.nibis.de\/gsbloneu\/leseinsel-2\/\">Weiterlesen <span class=\"meta-nav\">&rarr;<\/span><\/a><\/p>\n","protected":false},"author":9192955,"featured_media":0,"parent":0,"menu_order":0,"comment_status":"closed","ping_status":"closed","template":"","meta":{"footnotes":""},"class_list":["post-265","page","type-page","status-publish","hentry"],"_links":{"self":[{"href":"https:\/\/wordpress.nibis.de\/gsbloneu\/wp-json\/wp\/v2\/pages\/265","targetHints":{"allow":["GET"]}}],"collection":[{"href":"https:\/\/wordpress.nibis.de\/gsbloneu\/wp-json\/wp\/v2\/pages"}],"about":[{"href":"https:\/\/wordpress.nibis.de\/gsbloneu\/wp-json\/wp\/v2\/types\/page"}],"author":[{"embeddable":true,"href":"https:\/\/wordpress.nibis.de\/gsbloneu\/wp-json\/wp\/v2\/users\/9192955"}],"replies":[{"embeddable":true,"href":"https:\/\/wordpress.nibis.de\/gsbloneu\/wp-json\/wp\/v2\/comments?post=265"}],"version-history":[{"count":7,"href":"https:\/\/wordpress.nibis.de\/gsbloneu\/wp-json\/wp\/v2\/pages\/265\/revisions"}],"predecessor-version":[{"id":634,"href":"https:\/\/wordpress.nibis.de\/gsbloneu\/wp-json\/wp\/v2\/pages\/265\/revisions\/634"}],"wp:attachment":[{"href":"https:\/\/wordpress.nibis.de\/gsbloneu\/wp-json\/wp\/v2\/media?parent=265"}],"curies":[{"name":"wp","href":"https:\/\/api.w.org\/{rel}","templated":true}]}}