{"id":269,"date":"2020-09-21T09:17:21","date_gmt":"2020-09-21T07:17:21","guid":{"rendered":"https:\/\/wordpress.nibis.de\/gsbloneu\/?page_id=269"},"modified":"2026-04-14T13:40:21","modified_gmt":"2026-04-14T11:40:21","slug":"mensa","status":"publish","type":"page","link":"https:\/\/wordpress.nibis.de\/gsbloneu\/mensa\/","title":{"rendered":"Mensa"},"content":{"rendered":"\n<figure class=\"wp-block-image size-large\"><img loading=\"lazy\" decoding=\"async\" width=\"1200\" height=\"675\" src=\"https:\/\/wordpress.nibis.de\/gsbloneu\/files\/2020\/10\/DSCN6046-1200x675.jpg\" alt=\"\" class=\"wp-image-576\" srcset=\"https:\/\/wordpress.nibis.de\/gsbloneu\/files\/2020\/10\/DSCN6046-1200x675.jpg 1200w, https:\/\/wordpress.nibis.de\/gsbloneu\/files\/2020\/10\/DSCN6046-850x478.jpg 850w, https:\/\/wordpress.nibis.de\/gsbloneu\/files\/2020\/10\/DSCN6046-250x141.jpg 250w\" sizes=\"auto, (max-width: 1200px) 100vw, 1200px\" \/><\/figure>\n\n\n\n<div class=\"entry-content\">\n<p>In unserer Mensa wird t\u00e4glich ein gemeinsames Mittagessen f\u00fcr einem Unkostenbeitrag von 3\u20ac angeboten.<\/p>\n<p>Eltern rechnen die Kosten bitte direkt mit der Samtgemeinde Holtriem ab. Nutzen Sie hierzu das SEPA-Lastschriftverfahren. Den Vordruck k\u00f6nnen Sie hier downloaden:<\/p>\n<p><a href=\"http:\/\/gs-blomberg-neuschoo.holtriem.de\/wp-content\/uploads\/2016\/08\/sepa-lastschriftenmandat_sg-holtriem.pdf\" target=\"_blank\" rel=\"noopener\">SEPA-Lastschriftenmandat der SG Holtriem<\/a><\/p>\n<p>Die Bestellung des Essens f\u00fcr Ihre Kinder nehmen Sie bitte mindestens eine Woche im Voraus vor (Abgabe sp\u00e4testens am Montag der Vorwoche!). Die jeweils g\u00fcltigen Speisekarten finden Sie hier:<\/p>\n<\/div>\n<p><a href=\"https:\/\/wordpress.nibis.de\/gsbloneu\/files\/2026\/04\/GS-Blomberg-13.04.2026-22.05.2026-Aushang.pdf\" target=\"_blank\" rel=\"noopener\">Speiseplan 13.04.2026 bis 22.05.2026<\/a><\/p>\n<p><a href=\"https:\/\/wordpress.nibis.de\/gsbloneu\/files\/2026\/04\/GS-Blomberg-25.05.2026-03.07.2026-Aushang.pdf\" target=\"_blank\" rel=\"noopener\">Speiseplan 25.05.2026 bis 03.07.2026<\/a><\/p>\n<p>\u00a0<\/p>\n<p>\u00a0<\/p>\n<p>Etwaige Allergien und Lebensmittelunvertr\u00e4glichkeiten sind bitte der K\u00fcche mitzuteilen.<\/p>\n<div class=\"entry-content\">\n<p>Abmeldungen vom Mittagessen sind ausschlie\u00dflich per Mail an die Mensa unter <br \/><strong>m&#101;&#x6e;&#x73;a&#64;&#103;&#x73;&#x2d;b&#108;&#111;&#x6d;&#x62;e&#114;&#x67;&#x2d;&#x6e;e&#117;&#x73;&#x63;h&#111;&#111;&#x2e;&#x64;e<\/strong> m\u00f6glich. Eingang der Mail sp\u00e4testens 10.00 Uhr.<\/p>\n<\/div>\n\n\n<div class=\"wp-block-image\">\n<figure class=\"aligncenter size-large is-resized\"><img loading=\"lazy\" decoding=\"async\" width=\"1200\" height=\"675\" src=\"https:\/\/wordpress.nibis.de\/gsbloneu\/files\/2020\/10\/DSCN6045-1200x675.jpg\" alt=\"\" class=\"wp-image-578\" style=\"width:478px;height:268px\" srcset=\"https:\/\/wordpress.nibis.de\/gsbloneu\/files\/2020\/10\/DSCN6045-1200x675.jpg 1200w, https:\/\/wordpress.nibis.de\/gsbloneu\/files\/2020\/10\/DSCN6045-850x478.jpg 850w, https:\/\/wordpress.nibis.de\/gsbloneu\/files\/2020\/10\/DSCN6045-250x141.jpg 250w\" sizes=\"auto, (max-width: 1200px) 100vw, 1200px\" \/><\/figure>\n<\/div>","protected":false},"excerpt":{"rendered":"<p>In unserer Mensa wird t\u00e4glich ein gemeinsames Mittagessen f\u00fcr einem Unkostenbeitrag von 3\u20ac angeboten. Eltern rechnen die Kosten bitte direkt mit der Samtgemeinde Holtriem ab. Nutzen Sie hierzu das SEPA-Lastschriftverfahren. Den Vordruck k\u00f6nnen Sie hier downloaden: SEPA-Lastschriftenmandat der SG Holtriem &hellip; <a href=\"https:\/\/wordpress.nibis.de\/gsbloneu\/mensa\/\">Weiterlesen <span class=\"meta-nav\">&rarr;<\/span><\/a><\/p>\n","protected":false},"author":9192955,"featured_media":0,"parent":0,"menu_order":0,"comment_status":"closed","ping_status":"closed","template":"","meta":{"footnotes":""},"class_list":["post-269","page","type-page","status-publish","hentry"],"_links":{"self":[{"href":"https:\/\/wordpress.nibis.de\/gsbloneu\/wp-json\/wp\/v2\/pages\/269","targetHints":{"allow":["GET"]}}],"collection":[{"href":"https:\/\/wordpress.nibis.de\/gsbloneu\/wp-json\/wp\/v2\/pages"}],"about":[{"href":"https:\/\/wordpress.nibis.de\/gsbloneu\/wp-json\/wp\/v2\/types\/page"}],"author":[{"embeddable":true,"href":"https:\/\/wordpress.nibis.de\/gsbloneu\/wp-json\/wp\/v2\/users\/9192955"}],"replies":[{"embeddable":true,"href":"https:\/\/wordpress.nibis.de\/gsbloneu\/wp-json\/wp\/v2\/comments?post=269"}],"version-history":[{"count":15,"href":"https:\/\/wordpress.nibis.de\/gsbloneu\/wp-json\/wp\/v2\/pages\/269\/revisions"}],"predecessor-version":[{"id":1251,"href":"https:\/\/wordpress.nibis.de\/gsbloneu\/wp-json\/wp\/v2\/pages\/269\/revisions\/1251"}],"wp:attachment":[{"href":"https:\/\/wordpress.nibis.de\/gsbloneu\/wp-json\/wp\/v2\/media?parent=269"}],"curies":[{"name":"wp","href":"https:\/\/api.w.org\/{rel}","templated":true}]}}