{"id":291,"date":"2020-09-21T09:32:33","date_gmt":"2020-09-21T07:32:33","guid":{"rendered":"https:\/\/wordpress.nibis.de\/gsbloneu\/?page_id=291"},"modified":"2024-07-04T12:13:31","modified_gmt":"2024-07-04T10:13:31","slug":"wichtige-formulare-2","status":"publish","type":"page","link":"https:\/\/wordpress.nibis.de\/gsbloneu\/wichtige-formulare-2\/","title":{"rendered":"Wichtige Formulare"},"content":{"rendered":"\n<h2 class=\"wp-block-heading\"><span class=\"has-inline-color has-blue-color\">Anmeldungen<\/span><\/h2>\n\n\n<h3><a href=\"https:\/\/wordpress.nibis.de\/gsbloneu\/files\/2024\/07\/Ganztagsangebot_GS_Blomberg-Neuschoo_1.-Halbjahr_Sj.2024_2025.pdf\" target=\"_blank\" rel=\"noopener\">Anmeldung Ganztag<\/a><\/h3>\n<h3>Anmeldung Betreuung<\/h3>\n<h3><a href=\"https:\/\/wordpress.nibis.de\/gsbloneu\/files\/2024\/07\/Anmeldungbogen-Schule_gem.DSGVO_Stand_07_2024.pdf\" target=\"_blank\" rel=\"noopener\">Anmeldung neue Sch\u00fcler\/innen<\/a><\/h3>\n\n\n<h2 class=\"wp-block-heading\"><span class=\"has-inline-color has-blue-color\">Antr\u00e4ge<\/span><\/h2>\n\n\n<h3>Antrag auf freiwilliges Zur\u00fccktreten<\/h3>\n<h3>Bildung und Teilhabe<\/h3>\n<h3><a href=\"https:\/\/wordpress.nibis.de\/gsbloneu\/files\/2021\/12\/sepa-lastschriftenmandat_sg-holtriem.pdf\">SEPA-Lastschriftmandat Samtgemeinde Holtriem (Mittagsverpflegung)<\/a><\/h3>\n\n\n<h2 class=\"wp-block-heading\"><span class=\"has-inline-color has-blue-color\">F\u00f6rderverein<\/span><\/h2>\n\n\n<h3><a href=\"https:\/\/wordpress.nibis.de\/gsbloneu\/files\/2021\/12\/foerderverein_mitgliedsantrag_stand_09_2021.pdf\">Beitrittserkl\u00e4rung und Einzugserm\u00e4chtigung<\/a><\/h3>\n\n\n<h2 class=\"wp-block-heading\"><span class=\"has-inline-color has-blue-color\">Materiallisten<\/span><\/h2>\n\n\n<h3>Klasse 1<\/h3>\n<h3>Klasse 2<\/h3>\n<h3>Klasse 3<\/h3>\n<h3>Klasse 4<\/h3>\n\n\n<h2 class=\"wp-block-heading\"><span class=\"has-inline-color has-blue-color\">B\u00fccherlisten<\/span><\/h2>\n\n\n<h3>Klasse 1<\/h3>\n<h3>Klasse 2<\/h3>\n<h3>Klasse 3<\/h3>\n<h3>Klasse 4<\/h3>","protected":false},"excerpt":{"rendered":"<p>Anmeldungen Anmeldung Ganztag Anmeldung Betreuung Anmeldung neue Sch\u00fcler\/innen Antr\u00e4ge Antrag auf freiwilliges Zur\u00fccktreten Bildung und Teilhabe SEPA-Lastschriftmandat Samtgemeinde Holtriem (Mittagsverpflegung) F\u00f6rderverein Beitrittserkl\u00e4rung und Einzugserm\u00e4chtigung Materiallisten Klasse 1 Klasse 2 Klasse 3 Klasse 4 B\u00fccherlisten Klasse 1 Klasse 2 Klasse 3 &hellip; <a href=\"https:\/\/wordpress.nibis.de\/gsbloneu\/wichtige-formulare-2\/\">Weiterlesen <span class=\"meta-nav\">&rarr;<\/span><\/a><\/p>\n","protected":false},"author":9192955,"featured_media":0,"parent":0,"menu_order":0,"comment_status":"closed","ping_status":"closed","template":"","meta":{"footnotes":""},"class_list":["post-291","page","type-page","status-publish","hentry"],"_links":{"self":[{"href":"https:\/\/wordpress.nibis.de\/gsbloneu\/wp-json\/wp\/v2\/pages\/291","targetHints":{"allow":["GET"]}}],"collection":[{"href":"https:\/\/wordpress.nibis.de\/gsbloneu\/wp-json\/wp\/v2\/pages"}],"about":[{"href":"https:\/\/wordpress.nibis.de\/gsbloneu\/wp-json\/wp\/v2\/types\/page"}],"author":[{"embeddable":true,"href":"https:\/\/wordpress.nibis.de\/gsbloneu\/wp-json\/wp\/v2\/users\/9192955"}],"replies":[{"embeddable":true,"href":"https:\/\/wordpress.nibis.de\/gsbloneu\/wp-json\/wp\/v2\/comments?post=291"}],"version-history":[{"count":10,"href":"https:\/\/wordpress.nibis.de\/gsbloneu\/wp-json\/wp\/v2\/pages\/291\/revisions"}],"predecessor-version":[{"id":746,"href":"https:\/\/wordpress.nibis.de\/gsbloneu\/wp-json\/wp\/v2\/pages\/291\/revisions\/746"}],"wp:attachment":[{"href":"https:\/\/wordpress.nibis.de\/gsbloneu\/wp-json\/wp\/v2\/media?parent=291"}],"curies":[{"name":"wp","href":"https:\/\/api.w.org\/{rel}","templated":true}]}}