{"id":51,"date":"2020-09-17T16:40:45","date_gmt":"2020-09-17T14:40:45","guid":{"rendered":"https:\/\/wordpress.nibis.de\/gsbloneu\/?page_id=51"},"modified":"2024-07-03T13:33:51","modified_gmt":"2024-07-03T11:33:51","slug":"unsere-schule","status":"publish","type":"page","link":"https:\/\/wordpress.nibis.de\/gsbloneu\/unsere-schule\/","title":{"rendered":"Unsere Schule"},"content":{"rendered":"\n<h2 class=\"has-text-align-center wp-block-heading\"><strong><span class=\"has-inline-color has-blue-color\">Allgemeine Informationen<\/span><\/strong><\/h2>\n\n\n<div class=\"entry-content\">\n<h3 style=\"text-align: left\"><span style=\"color: #333333\">Unsere Schule ist die einzige Grundschule in den Gemeinden Blomberg und Neuschoo, Schultr\u00e4ger ist die Samtgemeinde Holtriem.<\/span><\/h3>\n<div class=\"col-sm-12\">\n<h3 style=\"text-align: left\"><span style=\"color: #333333\">Die Grundschule Blomberg-Neuschoo ist seit dem Schuljahr ? Verl\u00e4ssliche Grundschule und seit 01.08.2016 Offene Ganztagsschule. In vier Klassen in Blomberg und vier Klassen in Neuschoo werden circa 130 Sch\u00fclerinnen und Sch\u00fcler unterrichtet. Es unterrichten 12 <a style=\"color: #333333\" href=\"https:\/\/wordpress.nibis.de\/gsbloneu\/lehrkraefte\/\">Lehrerinnen und Lehrer<\/a> an unserer Grundschule. Die Zusammenarbeit zeichnet sich durch eine hervorragende, kooperative und enge Teamarbeit aus. Die Grundschule Blomberg-Neuschoo bildet seit dem Schuljahr 2016\/2017 wieder erfolgreich <a style=\"color: #333333\" href=\"https:\/\/wordpress.nibis.de\/gsbloneu\/referendarin\/\">Lehrerinnen und Lehrer im Vorbereitungsdienst<\/a> aus. Hierdurch besteht eine gute und vertrauensvolle Kooperation mit dem Studienseminar in Aurich.<\/span><\/h3>\n<h3 style=\"text-align: left\"><span style=\"color: #333333\">F\u00fcr die Betreuung der Kinder aus den Klassen 1 und 2 nach dem Unterricht und f\u00fcr die Beaufsichtigung von Klassen bei Krankheit oder Abwesenheit der Lehrkr\u00e4fte stehen sechs <a style=\"color: #333333\" href=\"https:\/\/wordpress.nibis.de\/gsbloneu\/paedagogische-mitarbeiter\/\">p\u00e4dagogische Mitarbeiterinnen<\/a> zur Verf\u00fcgung. Weitere Mitarbeiter und Mitarbeiterinnen sind die <a style=\"color: #333333\" href=\"https:\/\/wordpress.nibis.de\/gsbloneu\/sekretaerinnen\/\">Schulsekret\u00e4rinnen<\/a>, unser <a style=\"color: #333333\" href=\"https:\/\/wordpress.nibis.de\/gsbloneu\/bufdi\/\">BuFDi,<\/a>unser <a style=\"color: #333333\" href=\"https:\/\/wordpress.nibis.de\/gsbloneu\/sozialarbeiterin\/\">Schulsozialarbeiterin<\/a>, f\u00fcnf Schulbegleitungen sowie vier Reinigungskr\u00e4fte und unsere Hausmeister von der Samtgemeinde.<\/span><\/h3>\n<h3 style=\"text-align: left\"><span style=\"color: #333333\">Die Grundschule Blomberg-Neuschoo kooperiert mit der Christian-Wilhelm-Schneider-F\u00f6rderschule in Esens. Die Kooperation beinhaltet die Betreuung unserer inklusiv beschulten Sch\u00fclerinnen und Sch\u00fcler, die Beratung unserer Lehrkr\u00e4fte und Eltern sowie die Durchf\u00fchrung von \u00dcberpr\u00fcfungsverfahren zur Feststellung eines Bedarfs an sonderp\u00e4dagogischer Unterst\u00fctzung.<\/span><\/h3>\n<h3 style=\"text-align: left\"><span style=\"color: #333333\">Von Beginn an geh\u00f6rt die Grundschule Blomberg-Neuschoo dem <a style=\"color: #333333\" href=\"https:\/\/wordpress.nibis.de\/gsbloneu\/foerderung-besondere-begabung-2\/\">Kooperationsverbund Wittmund zur F\u00f6rderung besonderer Begabungen<\/a> an. In diesem Verbund arbeiten acht Grundschulen, eine Kooperative Gesamtschule und ein Gymnasium zusammen.<\/span><\/h3>\n<\/div>\n<\/div>\n\n\n<h2 class=\"has-text-align-center wp-block-heading\"><strong><span class=\"has-inline-color has-blue-color\">Rituale und Traditionen im Schulleben<\/span><\/strong><\/h2>\n\n\n<div class=\"col-sm-12\">\n<h3 style=\"text-align: left\"><span style=\"color: #333333\">Unser Schulleben ist von vielen wiederkehrenden Ereignissen gepr\u00e4gt, die den Kindern einen Orientierungsrahmen geben, der sie durch das Schuljahr f\u00fchrt. Hierzu z\u00e4hlen Einschulungsfeier mit Auff\u00fchrungen der Sch\u00fclerinnen und Sch\u00fclern, Verabschiedungsauff\u00fchrungen f\u00fcr die vierten Klassen, Back- und Basteltage in allen Klassen mit Elternunterst\u00fctzung, w\u00f6chentliches Adventssingen und Adventssingen mit dem Kindergarten, Rosenmontagsfeier mit verschiedenen Angeboten, Projektwoche mit besonderem Abschluss, Schulfest organisiert von unserer <a style=\"color: #333333\" href=\"https:\/\/wordpress.nibis.de\/gsbloneu\/unsere-schuelervertretung-2\/\">Sch\u00fclervertretung<\/a> mit Sponsorenlauf, Bundesjugendspiele, Handballtag,\u00a0 Vorlesewettbewerb und plattdeutscher Vorlesewettbewerb, Fu\u00dfballturniere etc..<\/span><\/h3>\n<\/div>","protected":false},"excerpt":{"rendered":"<p>Allgemeine Informationen Unsere Schule ist die einzige Grundschule in den Gemeinden Blomberg und Neuschoo, Schultr\u00e4ger ist die Samtgemeinde Holtriem. Die Grundschule Blomberg-Neuschoo ist seit dem Schuljahr ? Verl\u00e4ssliche Grundschule und seit 01.08.2016 Offene Ganztagsschule. In vier Klassen in Blomberg und &hellip; <a href=\"https:\/\/wordpress.nibis.de\/gsbloneu\/unsere-schule\/\">Weiterlesen <span class=\"meta-nav\">&rarr;<\/span><\/a><\/p>\n","protected":false},"author":9192955,"featured_media":155,"parent":0,"menu_order":0,"comment_status":"closed","ping_status":"closed","template":"","meta":{"footnotes":""},"class_list":["post-51","page","type-page","status-publish","has-post-thumbnail","hentry"],"_links":{"self":[{"href":"https:\/\/wordpress.nibis.de\/gsbloneu\/wp-json\/wp\/v2\/pages\/51","targetHints":{"allow":["GET"]}}],"collection":[{"href":"https:\/\/wordpress.nibis.de\/gsbloneu\/wp-json\/wp\/v2\/pages"}],"about":[{"href":"https:\/\/wordpress.nibis.de\/gsbloneu\/wp-json\/wp\/v2\/types\/page"}],"author":[{"embeddable":true,"href":"https:\/\/wordpress.nibis.de\/gsbloneu\/wp-json\/wp\/v2\/users\/9192955"}],"replies":[{"embeddable":true,"href":"https:\/\/wordpress.nibis.de\/gsbloneu\/wp-json\/wp\/v2\/comments?post=51"}],"version-history":[{"count":10,"href":"https:\/\/wordpress.nibis.de\/gsbloneu\/wp-json\/wp\/v2\/pages\/51\/revisions"}],"predecessor-version":[{"id":673,"href":"https:\/\/wordpress.nibis.de\/gsbloneu\/wp-json\/wp\/v2\/pages\/51\/revisions\/673"}],"wp:featuredmedia":[{"embeddable":true,"href":"https:\/\/wordpress.nibis.de\/gsbloneu\/wp-json\/wp\/v2\/media\/155"}],"wp:attachment":[{"href":"https:\/\/wordpress.nibis.de\/gsbloneu\/wp-json\/wp\/v2\/media?parent=51"}],"curies":[{"name":"wp","href":"https:\/\/api.w.org\/{rel}","templated":true}]}}