{"id":70,"date":"2020-09-17T17:28:05","date_gmt":"2020-09-17T15:28:05","guid":{"rendered":"https:\/\/wordpress.nibis.de\/gsbloneu\/?page_id=70"},"modified":"2020-09-22T21:59:35","modified_gmt":"2020-09-22T19:59:35","slug":"ganztag","status":"publish","type":"page","link":"https:\/\/wordpress.nibis.de\/gsbloneu\/ganztag\/","title":{"rendered":"Ganztag"},"content":{"rendered":"<p>Seit Beginn des Schuljahres 2016\/2017 ist die Grundschule Blomberg-Neuschoo eine Offene Ganztagsschule.<\/p>\n<p>Von Montag bis Donnerstag schlie\u00dfen sich an das Unterrichtsende um 12.50 Uhr verschiedene Ganztagsangebote am Standort Blomberg an. Diese werden in der Zeit von 13.00 Uhr bis 15.00 Uhr vorgehalten.<br \/>F\u00fcr die Sch\u00fclerinnen und Sch\u00fcler des Standortes Neuschoo ist der Transfer zum Ganztagsbetrieb mit einem kostenfreien Taxi\/Bus sichergestellt.<\/p>\n<p>Die Teilnahme an den Ganztagsangeboten ist f\u00fcr die Sch\u00fclerinnen und Sch\u00fcler kostenfrei.<\/p>\n<p><a href=\"https:\/\/wordpress.nibis.de\/gsbloneu\/angebote-ags\/\">Angebote und AG\u00b4s<\/a><\/p>\n<p><a href=\"https:\/\/wordpress.nibis.de\/gsbloneu\/mensa\/\">Mensa<\/a><\/p>\n\n","protected":false},"excerpt":{"rendered":"<p>Seit Beginn des Schuljahres 2016\/2017 ist die Grundschule Blomberg-Neuschoo eine Offene Ganztagsschule. Von Montag bis Donnerstag schlie\u00dfen sich an das Unterrichtsende um 12.50 Uhr verschiedene Ganztagsangebote am Standort Blomberg an. Diese werden in der Zeit von 13.00 Uhr bis 15.00 &hellip; <a href=\"https:\/\/wordpress.nibis.de\/gsbloneu\/ganztag\/\">Weiterlesen <span class=\"meta-nav\">&rarr;<\/span><\/a><\/p>\n","protected":false},"author":9192955,"featured_media":0,"parent":0,"menu_order":0,"comment_status":"closed","ping_status":"closed","template":"","meta":{"footnotes":""},"class_list":["post-70","page","type-page","status-publish","hentry"],"_links":{"self":[{"href":"https:\/\/wordpress.nibis.de\/gsbloneu\/wp-json\/wp\/v2\/pages\/70","targetHints":{"allow":["GET"]}}],"collection":[{"href":"https:\/\/wordpress.nibis.de\/gsbloneu\/wp-json\/wp\/v2\/pages"}],"about":[{"href":"https:\/\/wordpress.nibis.de\/gsbloneu\/wp-json\/wp\/v2\/types\/page"}],"author":[{"embeddable":true,"href":"https:\/\/wordpress.nibis.de\/gsbloneu\/wp-json\/wp\/v2\/users\/9192955"}],"replies":[{"embeddable":true,"href":"https:\/\/wordpress.nibis.de\/gsbloneu\/wp-json\/wp\/v2\/comments?post=70"}],"version-history":[{"count":3,"href":"https:\/\/wordpress.nibis.de\/gsbloneu\/wp-json\/wp\/v2\/pages\/70\/revisions"}],"predecessor-version":[{"id":393,"href":"https:\/\/wordpress.nibis.de\/gsbloneu\/wp-json\/wp\/v2\/pages\/70\/revisions\/393"}],"wp:attachment":[{"href":"https:\/\/wordpress.nibis.de\/gsbloneu\/wp-json\/wp\/v2\/media?parent=70"}],"curies":[{"name":"wp","href":"https:\/\/api.w.org\/{rel}","templated":true}]}}