{"id":755,"date":"2024-07-04T12:40:07","date_gmt":"2024-07-04T10:40:07","guid":{"rendered":"https:\/\/wordpress.nibis.de\/gsbloneu\/?page_id=755"},"modified":"2024-07-04T12:40:07","modified_gmt":"2024-07-04T10:40:07","slug":"das-leistet-der-foerderverein","status":"publish","type":"page","link":"https:\/\/wordpress.nibis.de\/gsbloneu\/das-leistet-der-foerderverein\/","title":{"rendered":"Das leistet der F\u00f6rderverein"},"content":{"rendered":"\n<p><strong>Bericht \u00fcber den F\u00f6rderverein im Anzeiger f\u00fcr Harlingerland (04\/2023)<\/strong><\/p>\n\n\n\n<div id=\"attachment_11719\" class=\"wp-block-image\"><figure class=\"aligncenter\"><a href=\"http:\/\/gs-blomberg-neuschoo.holtriem.de\/wp-content\/uploads\/2023\/05\/img_20230507_220138.jpg\"><img decoding=\"async\" src=\"http:\/\/gs-blomberg-neuschoo.holtriem.de\/wp-content\/uploads\/2023\/05\/img_20230507_220138.jpg\" alt=\"\" class=\"wp-image-11719\" \/><\/a><figcaption><em>Quelle: Anzeiger f\u00fcr Harlingerland, 27.04.2023<\/em><\/figcaption><\/figure><\/div>\n\n\n\n<p><strong>Kinder- und Frauenkleiderbasar Blomberg (04\/2023)<\/strong><\/p>\n\n\n\n<figure class=\"wp-block-image\"><img decoding=\"async\" src=\"http:\/\/gs-blomberg-neuschoo.holtriem.de\/wp-content\/uploads\/2023\/05\/img_20230422_085544-777x1024.jpg\" alt=\"\" class=\"wp-image-11717\" \/><\/figure>\n\n\n\n<figure class=\"wp-block-image\"><img decoding=\"async\" src=\"http:\/\/gs-blomberg-neuschoo.holtriem.de\/wp-content\/uploads\/2023\/05\/img_20230422_085654-777x1024.jpg\" alt=\"\" class=\"wp-image-11718\" \/><\/figure>\n\n\n\n<p><strong>B\u00fccherspende f\u00fcr die Schulb\u00fcchereien (01\/2023)<\/strong><\/p>\n\n\n\n<div id=\"attachment_11654\" class=\"wp-block-image\"><figure class=\"aligncenter\"><img decoding=\"async\" src=\"http:\/\/gs-blomberg-neuschoo.holtriem.de\/wp-content\/uploads\/2023\/02\/230202_buecheruebergabe_foerderverein-1024x866.jpg\" alt=\"\" class=\"wp-image-11654\" \/><figcaption>Der F\u00f6rderverein \u00fcbergibt eine B\u00fccherspende von insgesamt 44 B\u00fcchern zum Aufstocken der Schulb\u00fccherei.<\/figcaption><\/figure><\/div>\n\n\n\n<p><strong>Adventsbasar 11\/2022<\/strong><\/p>\n\n\n\n<figure class=\"wp-block-image\" id=\"attachment_11680\"><img decoding=\"async\" src=\"http:\/\/gs-blomberg-neuschoo.holtriem.de\/wp-content\/uploads\/2023\/02\/adventsbasar-27.11.2022-777x1024.jpg\" alt=\"\" class=\"wp-image-11680\" \/><figcaption>Die n\u00e4chste Veranstaltung lie\u00df nicht lange auf sich warten. Beim Adventsbasar in der Kita \u201eWimmelgarten\u201c am 27.11.2022 veranstaltete der F\u00f6rderverein der Grundschule Blomberg-Neuschoo eine Tombola.<\/figcaption><\/figure>\n\n\n\n<p><strong>Kinderkleiderbasar 11\/2022<\/strong><\/p>\n\n\n\n<div id=\"attachment_11681\" class=\"wp-block-image\"><figure class=\"aligncenter\"><img decoding=\"async\" src=\"http:\/\/gs-blomberg-neuschoo.holtriem.de\/wp-content\/uploads\/2023\/02\/basar-05.11.2022-standort-neuschoo-1-777x1024.jpg\" alt=\"\" class=\"wp-image-11681\" \/><figcaption>Am 05.11.2022 fand am Standort Neuschoo der zweite Nummernbasar des F\u00f6rdervereins der Grundschule Blomberg Neuschoo e.V. statt. Auch hier waren wir begeistert von der Resonanz der Verk\u00e4ufer und der K\u00e4ufer.<\/figcaption><\/figure><\/div>\n\n\n\n<figure class=\"wp-block-image\"><img decoding=\"async\" src=\"http:\/\/gs-blomberg-neuschoo.holtriem.de\/wp-content\/uploads\/2023\/02\/basar-05.11.2022-standort-neuschoo-2-777x1024.jpg\" alt=\"\" class=\"wp-image-11682\" \/><\/figure>\n\n\n\n<figure class=\"wp-block-image\"><img decoding=\"async\" src=\"http:\/\/gs-blomberg-neuschoo.holtriem.de\/wp-content\/uploads\/2023\/02\/basar-05.11.2022-standort-neuschoo-3-777x1024.jpg\" alt=\"\" class=\"wp-image-11683\" \/><\/figure>\n\n\n\n<p><strong>Tombola am \u201eTag der offenen T\u00fcr\u201c der Krippe und des KiGa<\/strong><\/p>\n\n\n\n<div id=\"attachment_11677\" class=\"wp-block-image\"><figure class=\"aligncenter\"><img decoding=\"async\" src=\"http:\/\/gs-blomberg-neuschoo.holtriem.de\/wp-content\/uploads\/2023\/02\/tombola-tag-der-offenen-tuer-10.09.2022-769x1024.jpg\" alt=\"\" class=\"wp-image-11677\" \/><figcaption>Am 10.09.2022 veranstaltete die Kita \u201eWimmelgarten\u201c und die Kinderkrippe \u201eKleine Feuerwache\u201c einen Tag der offenen T\u00fcr. Hier beteiligte sich der F\u00f6rderverein der Grundschule Blomberg-Neuschoo mit einem Flohmarkt und einer Tombola.<\/figcaption><\/figure><\/div>\n\n\n\n<p><strong>Spenden\u00fcbergabe am Standort Neuschoo<\/strong><\/p>\n\n\n\n<div id=\"attachment_11676\" class=\"wp-block-image\"><figure class=\"aligncenter\"><img decoding=\"async\" src=\"http:\/\/gs-blomberg-neuschoo.holtriem.de\/wp-content\/uploads\/2023\/02\/spende-juli-2022-schulgarten-neuschoo-684x1024.jpg\" alt=\"\" class=\"wp-image-11676\" \/><figcaption>Im Juli 2022 \u00fcbergab der F\u00f6rderverein der Grundschule Blomberg-Neuschoo e.V. eine Spende. Dieses wurde erm\u00f6glicht durch die Einnahmen aus dem ersten Kinderkleiderbasar 2.0. Gedacht war die Spende f\u00fcr den Schulgarten am Standort Neuschoo.<\/figcaption><\/figure><\/div>\n\n\n\n<p><strong>Kinderkleiderbasar 06\/2022<\/strong><\/p>\n\n\n\n<div id=\"attachment_11675\" class=\"wp-block-image\"><figure class=\"aligncenter\"><img decoding=\"async\" src=\"http:\/\/gs-blomberg-neuschoo.holtriem.de\/wp-content\/uploads\/2023\/02\/kinderkleiderbasar-juni-2022-1024x1006.jpg\" alt=\"\" class=\"wp-image-11675\" \/><figcaption>Am 18.06.2022 veranstaltete der F\u00f6rderverein der Grundschule Blomberg-Neuschoo seinen ersten Kinderkleiderbasar als Nummernbasar.<br>Dieser war ein gro\u00dfer Erfolg und wurde sowohl von den Verk\u00e4ufern, wie auch von den K\u00e4ufern sehr gut angenommen.<\/figcaption><\/figure><\/div>\n\n\n\n<p><strong>Spielzeugspende f\u00fcr die Regenpausen<\/strong><\/p>\n\n\n\n<div id=\"attachment_11655\" class=\"wp-block-image\"><figure class=\"aligncenter\"><img decoding=\"async\" src=\"http:\/\/gs-blomberg-neuschoo.holtriem.de\/wp-content\/uploads\/2023\/02\/img-20220928-wa0012.jpg\" alt=\"\" class=\"wp-image-11655\" \/><figcaption>\u00dcbergabe der Spende der Boxen f\u00fcr die Regenpausen. Insgesamt wurden den Sch\u00fclerinnen und Sch\u00fclern 1200\u20ac zur Verf\u00fcgung gestellt, um Spiele f\u00fcr die Regenpausen sowie die Betreuung anzuschaffen. Gemeinsam wurde dies klassenweise im Klassenrat beschlossen und umgesetzt.<\/figcaption><\/figure><\/div>\n\n\n\n<figure class=\"wp-block-image\"><img decoding=\"async\" src=\"http:\/\/gs-blomberg-neuschoo.holtriem.de\/wp-content\/uploads\/2022\/04\/220425_harlinger__spiele_regenpausen_foerderverein.jpg\" alt=\"\" class=\"wp-image-11584\" \/><\/figure>\n\n\n\n<p>Quelle: Anzeiger f\u00fcr Harlingerland \u2013 Ostfriesisches Tageblatt, Ausgabe vom 25.04.2022&nbsp;<\/p>\n\n\n\n<p><strong>Flohmarkt<\/strong><\/p>\n\n\n\n<div id=\"attachment_5899\" class=\"wp-block-image\"><figure class=\"aligncenter\"><a href=\"http:\/\/gs-blomberg-neuschoo.holtriem.de\/forderverein\/das-macht-der-forderverein\/flohmarkt_01\/\"><img decoding=\"async\" src=\"http:\/\/gs-blomberg-neuschoo.holtriem.de\/wp-content\/uploads\/2009\/08\/flohmarkt_01.jpg\" alt=\"\" class=\"wp-image-5899\" title=\"Flohmarkt_01\" \/><\/a><figcaption>F\u00f6rdervereinsvorsitzender Lars Jacob am dicht umlagerten Kuchenstand<\/figcaption><\/figure><\/div>\n\n\n\n<div id=\"attachment_5900\" class=\"wp-block-image\"><figure class=\"aligncenter\"><a href=\"http:\/\/gs-blomberg-neuschoo.holtriem.de\/forderverein\/das-macht-der-forderverein\/flohmarkt_02\/\"><img decoding=\"async\" src=\"http:\/\/gs-blomberg-neuschoo.holtriem.de\/wp-content\/uploads\/2009\/08\/flohmarkt_02.jpg\" alt=\"\" class=\"wp-image-5900\" title=\"Flohmarkt_02\" \/><\/a><figcaption>Kinderkleidung und Spielsachen fanden zahlreiche Abnehmer<\/figcaption><\/figure><\/div>\n\n\n\n<p>Zugunsten der F\u00f6rdervereinskasse veranstaltet der F\u00f6rderverein im M\u00e4rz einen Flohmarkt \u2013 vor allem f\u00fcr Kinderbekleidung. An diesem Sonntag ist die Schule von 14 bis 16 Uhr rappelvoll \u2013 zahlreiche Besucher nehmen ein Schn\u00e4ppchen mit und machen eine Erfrischungspause in der Cafeteria.<\/p>\n\n\n\n<p><strong>Pausenspielger\u00e4te<\/strong><br>Zur \u00dcbergabe neu beschaffter Pausenspielger\u00e4te versammelten sich im April 2012 Mitglieder des F\u00f6rdervereinsvorstands ( v. l. nach r.: Lars Jacob, Claudia Gruben-Willms, Saskia G\u00fcnther) mit Kindern aus den 3. Klassen beider Schulstandorte. Bei strahlendem Sonnenschein wurden 4 neue Super-Schubkarren und 8 Waveboards an die Kinder \u00fcbergeben und sofort ausprobiert. Nach einem kuzen Photoshooting wurde die H\u00e4lfte der Neuanschaffungen von Herrn Jacob zum Schulstandort Neuschoo mitgenommen und erfreuen sich seitdem wie auch die in Blomberg einer regen Ausleihe.<\/p>\n\n\n\n<div id=\"attachment_4668\" class=\"wp-block-image\"><figure class=\"aligncenter\"><a href=\"http:\/\/gs-blomberg-neuschoo.holtriem.de\/wp-content\/uploads\/2012\/04\/foever_120420.jpg\"><img decoding=\"async\" src=\"http:\/\/gs-blomberg-neuschoo.holtriem.de\/wp-content\/uploads\/2012\/04\/foever_120420-300x225.jpg\" alt=\"\" class=\"wp-image-4668\" title=\"F\u00f6Ver_120420\" \/><\/a><figcaption>Klick ins Bild zum Vergr\u00f6\u00dfern<\/figcaption><\/figure><\/div>\n\n\n\n<p>Insgesamt wendete der F\u00f6rderverein dieses Mal rund 1.200,- Euro aus den Mitgliedsbeitr\u00e4gen und Spenden f\u00fcr das Spielger\u00e4t auf. Der F\u00f6rdervereinsvorstand hofft weiterhin auf eine Beteiligung m\u00f6glichst vieler Eltern, um auch k\u00fcnftig solche Aktionen erm\u00f6glichen zu k\u00f6nnen. (Bericht aus dem Anzeiger&nbsp;<a href=\"http:\/\/gs-blomberg-neuschoo.holtriem.de\/wp-content\/uploads\/2009\/08\/afh120516.jpg\">hier<\/a>.)<\/p>\n\n\n\n<p><strong>Netbooks<\/strong><br>Mit einer Beteiligung von rund 2.200 \u20ac erm\u00f6glichte es der F\u00f6rderverein im Jahr 2010, die Anzahl der der Schule zur Verf\u00fcgung stehenden Netbooks (beschafft aus den Mitteln des \u201eKonjunkturpakets II\u201c) um 10 auf insgesamt 40 zu erh\u00f6hen. Nunmehr stehen an beiden Schulstandorten jeweils 20 Netbooks zur Verf\u00fcgung.<\/p>\n\n\n\n<div class=\"wp-block-image\"><figure class=\"aligncenter\"><a href=\"http:\/\/gs-blomberg-neuschoo.holtriem.de\/wp-content\/uploads\/2009\/08\/ON100917.jpg\"><img decoding=\"async\" src=\"http:\/\/gs-blomberg-neuschoo.holtriem.de\/wp-content\/uploads\/2009\/08\/ON100917.jpg\" alt=\"\" title=\"Pressebericht der ON nach der Einf\u00fchrung\" \/><\/a><\/figure><\/div>\n\n\n\n<div id=\"attachment_3377\" class=\"wp-block-image\"><figure class=\"aligncenter\"><a href=\"http:\/\/gs-blomberg-neuschoo.holtriem.de\/wp-content\/uploads\/2009\/08\/S4031017.jpg\"><img decoding=\"async\" src=\"http:\/\/gs-blomberg-neuschoo.holtriem.de\/wp-content\/uploads\/2009\/08\/S4031017-300x225.jpg\" alt=\"\" class=\"wp-image-3377\" title=\"SAMSUNG DIGIMAX A403\" \/><\/a><figcaption>Verwendung der Netbooks im PC-Kurs<\/figcaption><\/figure><\/div>\n\n\n\n<p><strong>Pausenspielger\u00e4te<\/strong><br>Im Schuljahr 2008\/09 sorgte der F\u00f6rderverein f\u00fcr Ersatz bei fehlendem Pausenspielger\u00e4t. Jeweils 20 Sandschaufeln und Springseile wurden f\u00fcr die Kinder an den beiden Schulstandorten zur Verf\u00fcgung gestellt.<\/p>\n\n\n\n<div id=\"attachment_871\" class=\"wp-block-image\"><figure class=\"aligncenter\"><a href=\"http:\/\/gs-blomberg-neuschoo.holtriem.de\/wp-content\/uploads\/2009\/08\/fover09.jpg\"><img decoding=\"async\" src=\"http:\/\/gs-blomberg-neuschoo.holtriem.de\/wp-content\/uploads\/2009\/08\/fover09-300x286.jpg\" alt=\"Frau Einemann, Frau Heinks und Frau Reents nach dem Probeschaufeln mit Andre, Medina, Timo, Tammo und Jens\" class=\"wp-image-871\" title=\"fover09\" \/><\/a><figcaption>Frau Einemann, Frau Heinks und Frau Reents nach dem Probeschaufeln mit Andre, Medina, Timo, Tammo und Jens<\/figcaption><\/figure><\/div>\n","protected":false},"excerpt":{"rendered":"<p>Bericht \u00fcber den F\u00f6rderverein im Anzeiger f\u00fcr Harlingerland (04\/2023) Kinder- und Frauenkleiderbasar Blomberg (04\/2023) B\u00fccherspende f\u00fcr die Schulb\u00fcchereien (01\/2023) Adventsbasar 11\/2022 Kinderkleiderbasar 11\/2022 Tombola am \u201eTag der offenen T\u00fcr\u201c der Krippe und des KiGa Spenden\u00fcbergabe am Standort Neuschoo Kinderkleiderbasar 06\/2022 &hellip; <a href=\"https:\/\/wordpress.nibis.de\/gsbloneu\/das-leistet-der-foerderverein\/\">Weiterlesen <span class=\"meta-nav\">&rarr;<\/span><\/a><\/p>\n","protected":false},"author":9192955,"featured_media":0,"parent":0,"menu_order":0,"comment_status":"closed","ping_status":"closed","template":"","meta":{"footnotes":""},"class_list":["post-755","page","type-page","status-publish","hentry"],"_links":{"self":[{"href":"https:\/\/wordpress.nibis.de\/gsbloneu\/wp-json\/wp\/v2\/pages\/755","targetHints":{"allow":["GET"]}}],"collection":[{"href":"https:\/\/wordpress.nibis.de\/gsbloneu\/wp-json\/wp\/v2\/pages"}],"about":[{"href":"https:\/\/wordpress.nibis.de\/gsbloneu\/wp-json\/wp\/v2\/types\/page"}],"author":[{"embeddable":true,"href":"https:\/\/wordpress.nibis.de\/gsbloneu\/wp-json\/wp\/v2\/users\/9192955"}],"replies":[{"embeddable":true,"href":"https:\/\/wordpress.nibis.de\/gsbloneu\/wp-json\/wp\/v2\/comments?post=755"}],"version-history":[{"count":1,"href":"https:\/\/wordpress.nibis.de\/gsbloneu\/wp-json\/wp\/v2\/pages\/755\/revisions"}],"predecessor-version":[{"id":756,"href":"https:\/\/wordpress.nibis.de\/gsbloneu\/wp-json\/wp\/v2\/pages\/755\/revisions\/756"}],"wp:attachment":[{"href":"https:\/\/wordpress.nibis.de\/gsbloneu\/wp-json\/wp\/v2\/media?parent=755"}],"curies":[{"name":"wp","href":"https:\/\/api.w.org\/{rel}","templated":true}]}}