{"id":1131,"date":"2019-03-20T11:35:17","date_gmt":"2019-03-20T10:35:17","guid":{"rendered":"https:\/\/wordpress.nibis.de\/gsbuchholz\/?page_id=1131"},"modified":"2019-03-20T11:35:17","modified_gmt":"2019-03-20T10:35:17","slug":"impressum","status":"publish","type":"page","link":"https:\/\/wordpress.nibis.de\/gsbuchholz\/impressum\/","title":{"rendered":"Impressum"},"content":{"rendered":"\n<p><strong>Verantwortlich f\u00fcr diese Seiten<br><br><\/strong>Grundschule Buchholz &#8211; Heinz-Heyder-Schule<br>Schulleitung: S. M\u00fcller<br>Dorfstra\u00dfe 75<br>29690 Buchholz<br>Telefon: 0 50 71 &#8211; 34 56<br>Telefax: 0 5 071 &#8211; 80 05 47<br>Email: <a href=\"&#109;&#x61;&#x69;l&#116;&#x6f;&#x3a;g&#115;&#x2d;b&#117;&#x63;&#x68;h&#111;&#x6c;z&#64;&#x73;&#x63;h&#119;&#x61;&#x72;&#109;&#x73;&#x74;e&#100;&#x74;&#x2e;d&#101;\">&#103;s&#x2d;b&#x75;c&#x68;h&#x6f;&#108;&#x7a;&#64;&#x73;&#99;&#x68;&#119;a&#114;m&#x73;t&#x65;d&#x74;&#46;&#x64;&#101;<\/a><\/p>\n\n\n\n<p><strong>Rechtshinweise<\/strong><\/p>\n\n\n\n<p>Der Autor\nver\u00f6ffentlicht Informationen und Beitr\u00e4ge auf dieser Website\nnach bestem Wissen.Eine Gew\u00e4hr f\u00fcr Aktualit\u00e4t,\nRichtigkeit und Vollst\u00e4ndigkeit der auf der Website\nver\u00f6ffentlichten Informationen und Verweise kann insbesondere\naufgrund der st\u00e4ndigen Aktualisierung und Ver\u00e4nderung der\nWebsite nicht \u00fcbernommen werden. Jedwede Haftung f\u00fcr\nSch\u00e4den, die durch Nutzung des Angebots auf der Website entstehen,\nist ausgeschlossen. <\/p>\n\n\n\n<p>Insbesondere\nsoweit in der Website auf andere Sites verwiesen wird (Links), auf die\nder Autor keinen Einfluss hat, gibt deren Inhalt ausschlie\u00dflich\ndie Meinung der jeweiligen Anbieter wieder. Der Autor macht sich durch\ndas Setzen des Links den Inhalt der fremden Website nicht zu eigen und\n\u00fcbernimmt keine Verantwortung f\u00fcr die fremde Website und\nderen Inhalt.  Soweit\ninhaltliche oder sachliche Fehler auf dieser Website bemerkt werden,\nbittet der Autor um eine <a href=\"&#x6d;&#x61;&#x69;&#x6c;&#x74;&#x6f;&#x3a;&#x73;&#x63;&#x68;&#x75;&#x64;&#x74;&#x40;&#x67;&#x73;&#x2d;&#x62;&#x75;&#x63;&#x68;&#x68;&#111;&#108;&#122;&#45;&#97;&#108;&#108;&#101;&#114;&#46;&#100;&#101;\">Email<\/a>,\num eine Richtigstellung ver\u00f6ffentlichen\nzu k\u00f6nnen.\n\n<\/p>\n","protected":false},"excerpt":{"rendered":"<p>Verantwortlich f\u00fcr diese Seiten Grundschule Buchholz &#8211; Heinz-Heyder-SchuleSchulleitung: S. M\u00fcllerDorfstra\u00dfe 7529690 BuchholzTelefon: 0 50 71 &#8211; 34 56Telefax: 0 5 071 &#8211; 80 05 47Email: &#103;&#x73;-&#98;&#x75;c&#104;&#x68;o&#108;&#x7a;&#64;&#115;&#x63;&#104;&#x77;&#x61;&#114;&#x6d;&#x73;&#116;&#x65;d&#116;&#x2e;d&#101; Rechtshinweise Der Autor ver\u00f6ffentlicht Informationen und Beitr\u00e4ge auf dieser Website nach bestem Wissen.Eine Gew\u00e4hr &hellip; <a href=\"https:\/\/wordpress.nibis.de\/gsbuchholz\/impressum\/\">Weiterlesen <span class=\"meta-nav\">&rarr;<\/span><\/a><\/p>\n","protected":false},"author":1250,"featured_media":0,"parent":0,"menu_order":0,"comment_status":"closed","ping_status":"closed","template":"","meta":{"footnotes":""},"class_list":["post-1131","page","type-page","status-publish","hentry"],"_links":{"self":[{"href":"https:\/\/wordpress.nibis.de\/gsbuchholz\/wp-json\/wp\/v2\/pages\/1131","targetHints":{"allow":["GET"]}}],"collection":[{"href":"https:\/\/wordpress.nibis.de\/gsbuchholz\/wp-json\/wp\/v2\/pages"}],"about":[{"href":"https:\/\/wordpress.nibis.de\/gsbuchholz\/wp-json\/wp\/v2\/types\/page"}],"author":[{"embeddable":true,"href":"https:\/\/wordpress.nibis.de\/gsbuchholz\/wp-json\/wp\/v2\/users\/1250"}],"replies":[{"embeddable":true,"href":"https:\/\/wordpress.nibis.de\/gsbuchholz\/wp-json\/wp\/v2\/comments?post=1131"}],"version-history":[{"count":1,"href":"https:\/\/wordpress.nibis.de\/gsbuchholz\/wp-json\/wp\/v2\/pages\/1131\/revisions"}],"predecessor-version":[{"id":1133,"href":"https:\/\/wordpress.nibis.de\/gsbuchholz\/wp-json\/wp\/v2\/pages\/1131\/revisions\/1133"}],"wp:attachment":[{"href":"https:\/\/wordpress.nibis.de\/gsbuchholz\/wp-json\/wp\/v2\/media?parent=1131"}],"curies":[{"name":"wp","href":"https:\/\/api.w.org\/{rel}","templated":true}]}}