{"id":268,"date":"2016-11-18T11:54:57","date_gmt":"2016-11-18T10:54:57","guid":{"rendered":"http:\/\/wordpress.nibis.de\/gsbuchholz\/?page_id=268"},"modified":"2025-05-29T18:18:02","modified_gmt":"2025-05-29T16:18:02","slug":"konzept","status":"publish","type":"page","link":"https:\/\/wordpress.nibis.de\/gsbuchholz\/ueber-uns\/konzept\/","title":{"rendered":"Konzept"},"content":{"rendered":"<p><strong>Unsere P\u00e4dagogische Arbeit <span style=\"font-size: 12pt\">umfasst<\/span> u.a.<\/strong><\/p>\n<ul>\n<li>Schulbegleitungen im Pooling als Teil des multiprofessionellen Teams<\/li>\n<li>eine individuelle F\u00f6rderung im Unterricht<\/li>\n<li>externe F\u00f6rderma\u00dfnahmen<\/li>\n<li>ein jahrgangs\u00fcbergreifendes Konzept von Klasse 1 &#8211; 4<\/li>\n<li>das Heranziehen von externen Fachkr\u00e4ften<\/li>\n<li>eine intensive Elternarbeit<\/li>\n<li>pr\u00e4ventive Ma\u00dfnahmen zur Gewalt- und Suchtvermeidung sowie pers\u00f6nlichkeitsst\u00e4rkende Konzepte<\/li>\n<\/ul>\n<p><strong><span style=\"font-size: 12pt\">Weitere Schwerpunkte sind<\/span><\/strong><\/p>\n<ul>\n<li>die Pflege des h\u00f6flichen und toleranten Miteinanders (<strong>StARK<\/strong>)<\/li>\n<li>der bewusste und verantwortliche Umgang mit der Natur und Umwelt (<strong>FreiDay, Ackerschule und der Schulbauernhof<\/strong>)<\/li>\n<li>die Anbahnung eines gesunden Ern\u00e4hrungsbewusstseins (<strong>Ern\u00e4hrungsf\u00fchrerschein, Ackerschule und am Freitag das gesunde Fr\u00fchst\u00fcck<\/strong>)<\/li>\n<li>die musikalische und k\u00fcnstlerische Erziehung unserer Sch\u00fclerinnen und Sch\u00fcler<\/li>\n<\/ul>\n<p style=\"text-align: left\">Alle Kollegen und Kolleginnen haben eine mehrt\u00e4gige Fortbildung f\u00fcr das <span style=\"color: #ff6600\">StARK<\/span> Konzept absolviert: <span style=\"color: #ff6600\">Gut Arbeiten &#8211; Zusammen Leben<\/span>. Die einheitliche Umsetzung des Konzeptes in unserer Schule bringt den Kindern, Eltern und Kolleg*innen m\u00f6glichst hohe Transparenz im Schulalltag. Auch unsere Klassen werden durch ein <span style=\"color: #ff6600\">&#8222;StARKES&#8220; 2-t\u00e4giges Sozialtraining <\/span>geschult.<\/p>\n<p>Ein weiterer wichtiger Baustein ist die Fortbildung des gesamten Kollegiums vom<span style=\"color: #ff9900\"> &#8222;Lehrer zum Lernbegleiter&#8220;<\/span>. Eine sehr umfangreiche, mehrw\u00f6chige Fortbildung, um noch besser auf die ver\u00e4nderte Gegenwart unserer Sch\u00fcler*Innen und ihre pers\u00f6nlichen Bed\u00fcrfnisse eingehen zu k\u00f6nnen.<\/p>\n<p><strong><span style=\"font-size: 12pt\">Schulprofil<\/span><\/strong><\/p>\n<ul>\n<li>Schulb\u00fccherei (z.Z. nicht aktiv)<\/li>\n<li>Schulobst und Schulmilch (EU- Schulprogramm)<\/li>\n<li>Erziehung zum selbstst\u00e4ndigen und verantwortungsbewussten Handeln sowie sozialer Kompetenz<\/li>\n<li>Durchf\u00fchrung von Projekten (Tanzakademie, Schulzirkus, Spa\u00dfolympiade, uvm.)<\/li>\n<li>Gestaltung von Schulfeiern- und festen<\/li>\n<li>Gesundes Schulfr\u00fchst\u00fcck jeden Freitag<\/li>\n<li>Gestaltung des Schulhofes<\/li>\n<li>Ackerschule<\/li>\n<li>Schulbauernhof mit Ziegen, H\u00fchnern, Meerschweinchen und Kaninchen<\/li>\n<li>Einbindung in die \u00f6rtliche Gemeinschaft:<br \/>\nTeilnahme an Sport-, Ernte-, Dorfgemeinschafts- und Weihnachtsfesten<\/li>\n<li>\u00d6ffnung der Schule f\u00fcr au\u00dferschulische Angebote:<br \/>\nFeuerwehr, Musikschule, Sportverein<\/li>\n<li>Einbeziehung von Nichtlehrkr\u00e4ften, bzw. Eltern zur Erweiterung des schulischen Angebotes<\/li>\n<li>Ern\u00e4hrungsf\u00fchrerschein<\/li>\n<\/ul>\n","protected":false},"excerpt":{"rendered":"<p>Unsere P\u00e4dagogische Arbeit umfasst u.a. Schulbegleitungen im Pooling als Teil des multiprofessionellen Teams eine individuelle F\u00f6rderung im Unterricht externe F\u00f6rderma\u00dfnahmen ein jahrgangs\u00fcbergreifendes Konzept von Klasse 1 &#8211; 4 das Heranziehen von externen Fachkr\u00e4ften eine intensive Elternarbeit pr\u00e4ventive Ma\u00dfnahmen zur Gewalt- &hellip; <a href=\"https:\/\/wordpress.nibis.de\/gsbuchholz\/ueber-uns\/konzept\/\">Weiterlesen <span class=\"meta-nav\">&rarr;<\/span><\/a><\/p>\n","protected":false},"author":1199,"featured_media":0,"parent":371,"menu_order":0,"comment_status":"closed","ping_status":"closed","template":"","meta":{"footnotes":""},"class_list":["post-268","page","type-page","status-publish","hentry"],"_links":{"self":[{"href":"https:\/\/wordpress.nibis.de\/gsbuchholz\/wp-json\/wp\/v2\/pages\/268","targetHints":{"allow":["GET"]}}],"collection":[{"href":"https:\/\/wordpress.nibis.de\/gsbuchholz\/wp-json\/wp\/v2\/pages"}],"about":[{"href":"https:\/\/wordpress.nibis.de\/gsbuchholz\/wp-json\/wp\/v2\/types\/page"}],"author":[{"embeddable":true,"href":"https:\/\/wordpress.nibis.de\/gsbuchholz\/wp-json\/wp\/v2\/users\/1199"}],"replies":[{"embeddable":true,"href":"https:\/\/wordpress.nibis.de\/gsbuchholz\/wp-json\/wp\/v2\/comments?post=268"}],"version-history":[{"count":10,"href":"https:\/\/wordpress.nibis.de\/gsbuchholz\/wp-json\/wp\/v2\/pages\/268\/revisions"}],"predecessor-version":[{"id":1380,"href":"https:\/\/wordpress.nibis.de\/gsbuchholz\/wp-json\/wp\/v2\/pages\/268\/revisions\/1380"}],"up":[{"embeddable":true,"href":"https:\/\/wordpress.nibis.de\/gsbuchholz\/wp-json\/wp\/v2\/pages\/371"}],"wp:attachment":[{"href":"https:\/\/wordpress.nibis.de\/gsbuchholz\/wp-json\/wp\/v2\/media?parent=268"}],"curies":[{"name":"wp","href":"https:\/\/api.w.org\/{rel}","templated":true}]}}