{"id":361,"date":"2016-11-18T14:08:06","date_gmt":"2016-11-18T13:08:06","guid":{"rendered":"http:\/\/wordpress.nibis.de\/gsbuchholz\/?page_id=361"},"modified":"2017-04-25T13:03:27","modified_gmt":"2017-04-25T11:03:27","slug":"die-bibliothek","status":"publish","type":"page","link":"https:\/\/wordpress.nibis.de\/gsbuchholz\/ueber-uns\/unsere-schule-2\/die-bibliothek\/","title":{"rendered":"B\u00fccherei"},"content":{"rendered":"<p><span style=\"font-family: Arial,serif\"><span style=\"font-size: x-large\"><u><b>Schulb\u00fccherei<\/b><\/u><\/span><\/span><\/p>\n<p><img loading=\"lazy\" decoding=\"async\" class=\"wp-image-468 aligncenter\" src=\"http:\/\/wordpress.nibis.de\/gsbuchholz\/files\/2017\/03\/DSC00299-300x225.jpg\" alt=\"\" width=\"241\" height=\"184\" \/><\/p>\n<p><span style=\"font-family: Arial,serif\"><span style=\"font-size: medium\">In unserer Schulb\u00fccherei k\u00f6nnen unsere Sch\u00fcler und Sch\u00fclerinnen einmal in der Woche ihrer Freude am Lesen nachgehen. B\u00fccher k\u00f6nnen angeschaut und ausgeliehen werden und f\u00fcr jede Altersklasse ist etwas dabei- \u00fcber Bilderb\u00fccher, Sachb\u00fccher, Romane, Geschichten und auch Vorl<\/span><\/span><span style=\"font-family: Arial,serif\"><span style=\"font-size: medium\">eseb\u00fccher. \u00a0 <\/span><\/span><\/p>\n<p><span style=\"font-family: Arial,serif\"><span style=\"font-size: medium\">Jedes Kind ben\u00f6tigt daf\u00fcr einen Auswe<\/span><\/span><span style=\"font-family: Arial,serif\"><span style=\"font-size: medium\">is, den es am Anfang seiner Schulzeit bei uns erh\u00e4lt. \u00a0\u00a0<\/span><\/span><\/p>\n<p><span style=\"font-family: Arial,serif\"><span style=\"font-size: medium\">Alle Kinder, die einen <\/span><\/span><span style=\"font-family: Arial,serif\"><span style=\"font-size: medium\"><b>Leseausweis<\/b><\/span><\/span><span style=\"font-family: Arial,serif\"><span style=\"font-size: medium\"> besitzen, k\u00f6nnen <\/span><\/span><span style=\"font-family: Arial,serif\"><span style=\"font-size: medium\"><b>freitags in der Fr\u00fchst\u00fcckspause und in der ersten gro\u00dfen Pause<\/b><\/span><\/span><span style=\"font-family: Arial,serif\"><span style=\"font-size: medium\"> zum Schm\u00f6ckern und kostenlosen Ausleihen der B\u00fccher in die B\u00fccherei kommen. <\/span><\/span><\/p>\n<p><span style=\"font-family: Arial,serif\"><span style=\"font-size: medium\">In di<\/span><\/span><span style=\"font-family: Arial,serif\"><span style=\"font-size: medium\">eser Zeit ist im<\/span><\/span><span style=\"font-family: Arial,serif\"><span style=\"font-size: medium\">mer Fra<\/span><\/span><span style=\"font-family: Arial,serif\"><span style=\"font-size: medium\">u Zi<\/span><\/span><span style=\"font-family: Arial,serif\"><span style=\"font-size: medium\">egler vor Ort, die sich um die Ausleihe der B\u00fccher k\u00fcmmert.<\/span><\/span><\/p>\n<p><span style=\"font-family: Arial,serif\"><span style=\"font-size: medium\"><b>Wer als Erwachsener Lust hat, hierbei zu unterst\u00fctzen, kann sich jederzeit an die Klassenlehrerinnen wenden.\u00a0<\/b><\/span><\/span><\/p>\n<p><span style=\"font-family: Arial,serif\"><span style=\"font-size: medium\">Der F\u00f6rderverein der Heinz-Heyder-Schule\u00a0erm\u00f6glicht die Anschaffung von neuen B\u00fcchern. Des Weiteren werden regelm\u00e4\u00dfig B\u00fccher von Herrn Gr\u00fcnhagen (GNH Walsrode) gespendet.<\/span><\/span><\/p>\n<p>&nbsp;<\/p>\n<p style=\"padding-left: 330px\"><span style=\"font-family: Times New Roman,serif;font-size: 10pt\"><span style=\"font-family: Arial,serif\">Ansprechpartner Schulbibliothek:<br \/>\nElisabeth Kassens<\/span><\/span><\/p>\n<p>&nbsp;<\/p>\n<p>&nbsp;<\/p>\n","protected":false},"excerpt":{"rendered":"<p>Schulb\u00fccherei In unserer Schulb\u00fccherei k\u00f6nnen unsere Sch\u00fcler und Sch\u00fclerinnen einmal in der Woche ihrer Freude am Lesen nachgehen. B\u00fccher k\u00f6nnen angeschaut und ausgeliehen werden und f\u00fcr jede Altersklasse ist etwas dabei- \u00fcber Bilderb\u00fccher, Sachb\u00fccher, Romane, Geschichten und auch Vorleseb\u00fccher. \u00a0 &hellip; <a href=\"https:\/\/wordpress.nibis.de\/gsbuchholz\/ueber-uns\/unsere-schule-2\/die-bibliothek\/\">Weiterlesen <span class=\"meta-nav\">&rarr;<\/span><\/a><\/p>\n","protected":false},"author":1199,"featured_media":0,"parent":174,"menu_order":0,"comment_status":"closed","ping_status":"closed","template":"","meta":{"footnotes":""},"class_list":["post-361","page","type-page","status-publish","hentry"],"_links":{"self":[{"href":"https:\/\/wordpress.nibis.de\/gsbuchholz\/wp-json\/wp\/v2\/pages\/361","targetHints":{"allow":["GET"]}}],"collection":[{"href":"https:\/\/wordpress.nibis.de\/gsbuchholz\/wp-json\/wp\/v2\/pages"}],"about":[{"href":"https:\/\/wordpress.nibis.de\/gsbuchholz\/wp-json\/wp\/v2\/types\/page"}],"author":[{"embeddable":true,"href":"https:\/\/wordpress.nibis.de\/gsbuchholz\/wp-json\/wp\/v2\/users\/1199"}],"replies":[{"embeddable":true,"href":"https:\/\/wordpress.nibis.de\/gsbuchholz\/wp-json\/wp\/v2\/comments?post=361"}],"version-history":[{"count":12,"href":"https:\/\/wordpress.nibis.de\/gsbuchholz\/wp-json\/wp\/v2\/pages\/361\/revisions"}],"predecessor-version":[{"id":667,"href":"https:\/\/wordpress.nibis.de\/gsbuchholz\/wp-json\/wp\/v2\/pages\/361\/revisions\/667"}],"up":[{"embeddable":true,"href":"https:\/\/wordpress.nibis.de\/gsbuchholz\/wp-json\/wp\/v2\/pages\/174"}],"wp:attachment":[{"href":"https:\/\/wordpress.nibis.de\/gsbuchholz\/wp-json\/wp\/v2\/media?parent=361"}],"curies":[{"name":"wp","href":"https:\/\/api.w.org\/{rel}","templated":true}]}}