{"id":381,"date":"2016-11-18T14:52:38","date_gmt":"2016-11-18T13:52:38","guid":{"rendered":"http:\/\/wordpress.nibis.de\/gsbuchholz\/?page_id=381"},"modified":"2026-05-07T21:06:44","modified_gmt":"2026-05-07T19:06:44","slug":"bauernhof","status":"publish","type":"page","link":"https:\/\/wordpress.nibis.de\/gsbuchholz\/ueber-uns\/kurzprofil\/bauernhof\/","title":{"rendered":"Schulbauernhof"},"content":{"rendered":"\n<p class=\"isSelectedEnd\">Zu unserer Schule geh\u00f6rt ein liebevoll gestalteter Schulbauernhof mit H\u00fchnern, Meerschweinchen, Kaninchen und Ziegen. Die Tiere sind ein fester Bestandteil unseres Schullebens und begleiten die Kinder im Alltag als sogenannte \u201etierische Lernbegleiter\u201c.<\/p>\n<p class=\"isSelectedEnd\">Der Schulbauernhof ist Teil unserer tiergest\u00fctzten P\u00e4dagogik. Das bedeutet, dass die Tiere bewusst im Schulalltag eingesetzt werden, um Lernen, Wohlbefinden und soziale Entwicklung positiv zu unterst\u00fctzen. Viele Kinder erleben die Zeit bei den Tieren als beruhigend, motivierend und st\u00e4rkend. Besonders beim Lesen, Lernen oder Arbeiten in Kleingruppen entsteht ein wertfreier Lernraum ohne Leistungsdruck. Die Tiere helfen dabei, zur Ruhe zu kommen, Verantwortung zu \u00fcbernehmen und Selbstvertrauen aufzubauen.<\/p>\n<p class=\"isSelectedEnd\">Die Kinder lernen au\u00dferdem den respektvollen Umgang mit Tieren sowie deren Versorgung und Pflege kennen. Dabei \u00fcbernehmen sie gemeinsam Verantwortung und erleben Schule auf eine ganz besondere Weise.<\/p>\n<p class=\"isSelectedEnd\">Der Schulbauernhof lebt auch von der Unterst\u00fctzung unserer Elternschaft. An den Wochenenden und in den Ferien finden t\u00e4glich zwei Futterdienste statt, f\u00fcr die sich Eltern gemeinsam mit ihren Kindern freiwillig anmelden k\u00f6nnen. Besonders an Wochenenden und in den Ferien sind wir auf diese Unterst\u00fctzung angewiesen, damit die Versorgung der Tiere sichergestellt ist. Die Anmeldung erfolgt per E-Mail an Frau Buschbacher. Die eingeteilten Zeiten werden anschlie\u00dfend im IServ-Kalender eingetragen.<\/p>\n<p>Wir freuen uns sehr dar\u00fcber, dass unser Schulbauernhof f\u00fcr viele Kinder ein besonderer Ort zum Lernen, Wohlf\u00fchlen und Wachsen geworden ist.<\/p>\n\n\n\n<figure class=\"wp-block-gallery has-nested-images columns-default is-cropped wp-block-gallery-1 is-layout-flex wp-block-gallery-is-layout-flex\">\n<figure class=\"wp-block-image size-large\"><img loading=\"lazy\" decoding=\"async\" width=\"768\" height=\"1024\" data-id=\"1607\" src=\"https:\/\/wordpress.nibis.de\/gsbuchholz\/files\/2026\/05\/IMG_0010-768x1024.jpeg\" alt=\"\" class=\"wp-image-1607\" srcset=\"https:\/\/wordpress.nibis.de\/gsbuchholz\/files\/2026\/05\/IMG_0010-768x1024.jpeg 768w, https:\/\/wordpress.nibis.de\/gsbuchholz\/files\/2026\/05\/IMG_0010-225x300.jpeg 225w, https:\/\/wordpress.nibis.de\/gsbuchholz\/files\/2026\/05\/IMG_0010-100x133.jpeg 100w, https:\/\/wordpress.nibis.de\/gsbuchholz\/files\/2026\/05\/IMG_0010-1152x1536.jpeg 1152w, https:\/\/wordpress.nibis.de\/gsbuchholz\/files\/2026\/05\/IMG_0010-285x380.jpeg 285w, https:\/\/wordpress.nibis.de\/gsbuchholz\/files\/2026\/05\/IMG_0010.jpeg 1536w\" sizes=\"auto, (max-width: 768px) 100vw, 768px\" \/><figcaption class=\"wp-element-caption\">Frau Buschbacher mit Einstein <\/figcaption><\/figure>\n\n\n\n<figure class=\"wp-block-image size-large\"><img loading=\"lazy\" decoding=\"async\" width=\"1010\" height=\"1024\" data-id=\"1603\" src=\"https:\/\/wordpress.nibis.de\/gsbuchholz\/files\/2026\/05\/IMG_9195-1010x1024.jpeg\" alt=\"\" class=\"wp-image-1603\" srcset=\"https:\/\/wordpress.nibis.de\/gsbuchholz\/files\/2026\/05\/IMG_9195-1010x1024.jpeg 1010w, https:\/\/wordpress.nibis.de\/gsbuchholz\/files\/2026\/05\/IMG_9195-296x300.jpeg 296w, https:\/\/wordpress.nibis.de\/gsbuchholz\/files\/2026\/05\/IMG_9195-768x779.jpeg 768w, https:\/\/wordpress.nibis.de\/gsbuchholz\/files\/2026\/05\/IMG_9195-100x101.jpeg 100w, https:\/\/wordpress.nibis.de\/gsbuchholz\/files\/2026\/05\/IMG_9195-1515x1536.jpeg 1515w, https:\/\/wordpress.nibis.de\/gsbuchholz\/files\/2026\/05\/IMG_9195-90x90.jpeg 90w, https:\/\/wordpress.nibis.de\/gsbuchholz\/files\/2026\/05\/IMG_9195-375x380.jpeg 375w, https:\/\/wordpress.nibis.de\/gsbuchholz\/files\/2026\/05\/IMG_9195.jpeg 2020w\" sizes=\"auto, (max-width: 1010px) 100vw, 1010px\" \/><figcaption class=\"wp-element-caption\">Einstein und Fee<\/figcaption><\/figure>\n\n\n\n<figure class=\"wp-block-image size-large\"><img loading=\"lazy\" decoding=\"async\" width=\"768\" height=\"1024\" data-id=\"1604\" src=\"https:\/\/wordpress.nibis.de\/gsbuchholz\/files\/2026\/05\/IMG_9198-768x1024.jpeg\" alt=\"\" class=\"wp-image-1604\" srcset=\"https:\/\/wordpress.nibis.de\/gsbuchholz\/files\/2026\/05\/IMG_9198-768x1024.jpeg 768w, https:\/\/wordpress.nibis.de\/gsbuchholz\/files\/2026\/05\/IMG_9198-225x300.jpeg 225w, https:\/\/wordpress.nibis.de\/gsbuchholz\/files\/2026\/05\/IMG_9198-100x133.jpeg 100w, https:\/\/wordpress.nibis.de\/gsbuchholz\/files\/2026\/05\/IMG_9198-1152x1536.jpeg 1152w, https:\/\/wordpress.nibis.de\/gsbuchholz\/files\/2026\/05\/IMG_9198-285x380.jpeg 285w, https:\/\/wordpress.nibis.de\/gsbuchholz\/files\/2026\/05\/IMG_9198.jpeg 1536w\" sizes=\"auto, (max-width: 768px) 100vw, 768px\" \/><figcaption class=\"wp-element-caption\">Einstein, Fee und die H\u00fchner<\/figcaption><\/figure>\n\n\n\n<figure class=\"wp-block-image size-large\"><img loading=\"lazy\" decoding=\"async\" width=\"1024\" height=\"783\" data-id=\"1606\" src=\"https:\/\/wordpress.nibis.de\/gsbuchholz\/files\/2026\/05\/IMG_0008-1024x783.jpeg\" alt=\"\" class=\"wp-image-1606\" srcset=\"https:\/\/wordpress.nibis.de\/gsbuchholz\/files\/2026\/05\/IMG_0008-1024x783.jpeg 1024w, https:\/\/wordpress.nibis.de\/gsbuchholz\/files\/2026\/05\/IMG_0008-300x229.jpeg 300w, https:\/\/wordpress.nibis.de\/gsbuchholz\/files\/2026\/05\/IMG_0008-768x587.jpeg 768w, https:\/\/wordpress.nibis.de\/gsbuchholz\/files\/2026\/05\/IMG_0008-100x76.jpeg 100w, https:\/\/wordpress.nibis.de\/gsbuchholz\/files\/2026\/05\/IMG_0008-497x380.jpeg 497w, https:\/\/wordpress.nibis.de\/gsbuchholz\/files\/2026\/05\/IMG_0008.jpeg 1435w\" sizes=\"auto, (max-width: 1024px) 100vw, 1024px\" \/><figcaption class=\"wp-element-caption\">Meerschweinchen <\/figcaption><\/figure>\n\n\n\n<figure class=\"wp-block-image size-large\"><img loading=\"lazy\" decoding=\"async\" width=\"768\" height=\"1024\" data-id=\"1602\" src=\"https:\/\/wordpress.nibis.de\/gsbuchholz\/files\/2026\/05\/IMG_9194-768x1024.jpeg\" alt=\"\" class=\"wp-image-1602\" srcset=\"https:\/\/wordpress.nibis.de\/gsbuchholz\/files\/2026\/05\/IMG_9194-768x1024.jpeg 768w, https:\/\/wordpress.nibis.de\/gsbuchholz\/files\/2026\/05\/IMG_9194-225x300.jpeg 225w, https:\/\/wordpress.nibis.de\/gsbuchholz\/files\/2026\/05\/IMG_9194-100x133.jpeg 100w, https:\/\/wordpress.nibis.de\/gsbuchholz\/files\/2026\/05\/IMG_9194-1152x1536.jpeg 1152w, https:\/\/wordpress.nibis.de\/gsbuchholz\/files\/2026\/05\/IMG_9194-285x380.jpeg 285w, https:\/\/wordpress.nibis.de\/gsbuchholz\/files\/2026\/05\/IMG_9194.jpeg 1536w\" sizes=\"auto, (max-width: 768px) 100vw, 768px\" \/><figcaption class=\"wp-element-caption\">Fee und Einstein<\/figcaption><\/figure>\n\n\n\n<figure class=\"wp-block-image size-large\"><img loading=\"lazy\" decoding=\"async\" width=\"768\" height=\"1024\" data-id=\"1605\" src=\"https:\/\/wordpress.nibis.de\/gsbuchholz\/files\/2026\/05\/IMG_9196-768x1024.jpeg\" alt=\"\" class=\"wp-image-1605\" srcset=\"https:\/\/wordpress.nibis.de\/gsbuchholz\/files\/2026\/05\/IMG_9196-768x1024.jpeg 768w, https:\/\/wordpress.nibis.de\/gsbuchholz\/files\/2026\/05\/IMG_9196-225x300.jpeg 225w, https:\/\/wordpress.nibis.de\/gsbuchholz\/files\/2026\/05\/IMG_9196-100x133.jpeg 100w, https:\/\/wordpress.nibis.de\/gsbuchholz\/files\/2026\/05\/IMG_9196-1152x1536.jpeg 1152w, https:\/\/wordpress.nibis.de\/gsbuchholz\/files\/2026\/05\/IMG_9196-285x380.jpeg 285w, https:\/\/wordpress.nibis.de\/gsbuchholz\/files\/2026\/05\/IMG_9196.jpeg 1536w\" sizes=\"auto, (max-width: 768px) 100vw, 768px\" \/><figcaption class=\"wp-element-caption\">Marie, Fluffy und Fee<\/figcaption><\/figure>\n\n\n\n<figure class=\"wp-block-image size-full tw-width-100\"><img loading=\"lazy\" decoding=\"async\" width=\"2048\" height=\"1536\" data-id=\"1608\" src=\"https:\/\/wordpress.nibis.de\/gsbuchholz\/files\/2026\/05\/IMG_0009.jpeg\" alt=\"\" class=\"wp-image-1608\" srcset=\"https:\/\/wordpress.nibis.de\/gsbuchholz\/files\/2026\/05\/IMG_0009.jpeg 2048w, https:\/\/wordpress.nibis.de\/gsbuchholz\/files\/2026\/05\/IMG_0009-300x225.jpeg 300w, https:\/\/wordpress.nibis.de\/gsbuchholz\/files\/2026\/05\/IMG_0009-1024x768.jpeg 1024w, https:\/\/wordpress.nibis.de\/gsbuchholz\/files\/2026\/05\/IMG_0009-768x576.jpeg 768w, https:\/\/wordpress.nibis.de\/gsbuchholz\/files\/2026\/05\/IMG_0009-100x75.jpeg 100w, https:\/\/wordpress.nibis.de\/gsbuchholz\/files\/2026\/05\/IMG_0009-1536x1152.jpeg 1536w, https:\/\/wordpress.nibis.de\/gsbuchholz\/files\/2026\/05\/IMG_0009-507x380.jpeg 507w\" sizes=\"auto, (max-width: 2048px) 100vw, 2048px\" \/><figcaption class=\"wp-element-caption\">Sonne tanken<\/figcaption><\/figure>\n\n\n\n<figure class=\"wp-block-image size-large\"><img loading=\"lazy\" decoding=\"async\" width=\"1422\" height=\"1422\" data-id=\"1610\" src=\"https:\/\/wordpress.nibis.de\/gsbuchholz\/files\/2026\/05\/IMG_0011-edited.jpeg\" alt=\"\" class=\"wp-image-1610\" srcset=\"https:\/\/wordpress.nibis.de\/gsbuchholz\/files\/2026\/05\/IMG_0011-edited.jpeg 1422w, https:\/\/wordpress.nibis.de\/gsbuchholz\/files\/2026\/05\/IMG_0011-edited-300x300.jpeg 300w, https:\/\/wordpress.nibis.de\/gsbuchholz\/files\/2026\/05\/IMG_0011-edited-1024x1024.jpeg 1024w, https:\/\/wordpress.nibis.de\/gsbuchholz\/files\/2026\/05\/IMG_0011-edited-150x150.jpeg 150w, https:\/\/wordpress.nibis.de\/gsbuchholz\/files\/2026\/05\/IMG_0011-edited-768x768.jpeg 768w, https:\/\/wordpress.nibis.de\/gsbuchholz\/files\/2026\/05\/IMG_0011-edited-100x100.jpeg 100w, https:\/\/wordpress.nibis.de\/gsbuchholz\/files\/2026\/05\/IMG_0011-edited-90x90.jpeg 90w, https:\/\/wordpress.nibis.de\/gsbuchholz\/files\/2026\/05\/IMG_0011-edited-380x380.jpeg 380w\" sizes=\"auto, (max-width: 1422px) 100vw, 1422px\" \/><figcaption class=\"wp-element-caption\">Frau Buschbacher mit Fee und Einstein<\/figcaption><\/figure>\n<\/figure>\n","protected":false},"excerpt":{"rendered":"<p>Zu unserer Schule geh\u00f6rt ein liebevoll gestalteter Schulbauernhof mit H\u00fchnern, Meerschweinchen, Kaninchen und Ziegen. Die Tiere sind ein fester Bestandteil unseres Schullebens und begleiten die Kinder im Alltag als sogenannte \u201etierische Lernbegleiter\u201c. Der Schulbauernhof ist Teil unserer tiergest\u00fctzten P\u00e4dagogik. Das bedeutet, dass die Tiere bewusst im Schulalltag eingesetzt werden, um Lernen, Wohlbefinden und soziale Entwicklung &hellip; <a href=\"https:\/\/wordpress.nibis.de\/gsbuchholz\/ueber-uns\/kurzprofil\/bauernhof\/\" class=\"more-link\">Weiterlesen <span class=\"screen-reader-text\">Schulbauernhof<\/span><\/a><\/p>\n","protected":false},"author":1199,"featured_media":0,"parent":90,"menu_order":0,"comment_status":"closed","ping_status":"closed","template":"","meta":{"footnotes":""},"class_list":["post-381","page","type-page","status-publish","hentry","without-featured-image"],"_links":{"self":[{"href":"https:\/\/wordpress.nibis.de\/gsbuchholz\/wp-json\/wp\/v2\/pages\/381","targetHints":{"allow":["GET"]}}],"collection":[{"href":"https:\/\/wordpress.nibis.de\/gsbuchholz\/wp-json\/wp\/v2\/pages"}],"about":[{"href":"https:\/\/wordpress.nibis.de\/gsbuchholz\/wp-json\/wp\/v2\/types\/page"}],"author":[{"embeddable":true,"href":"https:\/\/wordpress.nibis.de\/gsbuchholz\/wp-json\/wp\/v2\/users\/1199"}],"replies":[{"embeddable":true,"href":"https:\/\/wordpress.nibis.de\/gsbuchholz\/wp-json\/wp\/v2\/comments?post=381"}],"version-history":[{"count":4,"href":"https:\/\/wordpress.nibis.de\/gsbuchholz\/wp-json\/wp\/v2\/pages\/381\/revisions"}],"predecessor-version":[{"id":1617,"href":"https:\/\/wordpress.nibis.de\/gsbuchholz\/wp-json\/wp\/v2\/pages\/381\/revisions\/1617"}],"up":[{"embeddable":true,"href":"https:\/\/wordpress.nibis.de\/gsbuchholz\/wp-json\/wp\/v2\/pages\/90"}],"wp:attachment":[{"href":"https:\/\/wordpress.nibis.de\/gsbuchholz\/wp-json\/wp\/v2\/media?parent=381"}],"curies":[{"name":"wp","href":"https:\/\/api.w.org\/{rel}","templated":true}]}}