{"id":581,"date":"2017-03-24T11:58:59","date_gmt":"2017-03-24T10:58:59","guid":{"rendered":"http:\/\/wordpress.nibis.de\/gsbuchholz\/?page_id=581"},"modified":"2017-05-08T21:19:51","modified_gmt":"2017-05-08T19:19:51","slug":"infos-zum-uebergang-in-klasse-5","status":"publish","type":"page","link":"https:\/\/wordpress.nibis.de\/gsbuchholz\/infos-zum-uebergang-in-klasse-5\/","title":{"rendered":"Informationen zum \u00dcbergang nach Klasse 5"},"content":{"rendered":"<p><span style=\"font-family: Arial,serif\"><span style=\"font-size: medium\">Mit Beginn des Schuljahres <\/span><\/span><span style=\"font-family: Arial,serif\"><span style=\"font-size: medium\">2015\/16 <\/span><\/span><span style=\"font-family: Arial,serif\"><span style=\"font-size: medium\"> hat sich das Verfahren zum \u00dcbergang in die weiterf\u00fchrende Schule grundlegend ge\u00e4ndert: <\/span><\/span><\/p>\n<p><span style=\"font-family: Arial,serif\"><span style=\"font-size: medium\">Es gibt <\/span><\/span><span style=\"font-family: Arial,serif\"><span style=\"font-size: medium\"><u>keine Schullaufbahnempfehlung<\/u><\/span><\/span><span style=\"font-family: Arial,serif\"><span style=\"font-size: medium\"> mehr. <\/span><\/span><\/p>\n<p><span style=\"font-family: Arial,serif\"><span style=\"font-size: medium\">Die Grundschule f\u00fchrt mit den Eltern im Laufe des 4. Schuljahres zwei ausf\u00fchrliche <\/span><\/span><span style=\"font-family: Arial,serif\"><span style=\"font-size: medium\"><u>Beratungsgespr\u00e4che<\/u><\/span><\/span><span style=\"font-family: Arial,serif\"><span style=\"font-size: medium\">, die protokolliert werden. Auf der Basis dieser Gespr\u00e4che und m\u00f6glicher anderer Informationen entscheiden die Eltern (weiterhin) v\u00f6llig selbstst\u00e4ndig, welche Schule das Kind ab Kl. 5 besuchen soll. Die bisher bestehende \u201aGefahr\u2019 einer \u201aR\u00fcckschulung\u2019 bei einer nicht der Empfehlung entsprechenden Schulformwahl entf\u00e4llt (folgerichtig) ebenfalls.<\/span><\/span><\/p>\n<p><span style=\"font-family: Arial,serif\"><span style=\"font-size: medium\">Au\u00dferdem finden Elterninformationsabende statt, bei denen Vertreter der KGS Schwarmstedt und der Oberschule Hodenhagen ihre Schulen vorstellen und Fragen der Eltern beantworten. <\/span><\/span><\/p>\n<p><span style=\"font-family: Arial,serif\"><span style=\"font-size: medium\">Des Weiteren finden Informationsabende, Schnuppertage und \u201eTage der offenen T\u00fcr\u201c an den weiterf\u00fchrenden Schulen statt. Hierzu erhalten die Eltern der Dritt- und Viertkl\u00e4ssler rechtzeitig die Einladungen.<\/span><\/span><\/p>\n<p><span style=\"font-family: Arial,serif\"><span style=\"font-size: medium\">Informieren Sie sich bitte auch \u00fcber die Homepages der verschiedenen Schulen:<\/span><\/span><\/p>\n<p><a href=\"http:\/\/kgs-schwarmstedt.de\">http:\/\/kgs-schwarmstedt.de\/<\/a><\/p>\n<p><a href=\"http:\/\/www.oberschule-hodenhagen.de\/\">http:\/\/www.oberschule-hodenhagen.de\/<\/a><\/p>\n<p><a href=\"http:\/\/www.gymnasium-walsrode.de\/\">http:\/\/www.gymnasium-walsrode.de\/<\/a><\/p>\n<p><span style=\"font-family: Arial,serif\"><span style=\"font-size: medium\">Hier finden Sie einige aktuelle Dokumente zum \u00dcbergang nach Klasse 5:<br \/>\n<\/span><\/span><\/p>\n<ul>\n<li><span style=\"font-size: medium\"><a href=\"http:\/\/www.mk.niedersachsen.de\/startseite\/schule\/unsere_schulen\/allgemein_bildende_schulen\/grundschule\/uebergang_von_grundschule_auf_eine_weiterfuehrende_schule\/Uebergang+Grundschule+weiterfuehrende+Schule-5842.html\"><span style=\"font-family: Arial,serif\"><u>Allgemeine Informationen des Nieders\u00e4chsischen Kultusministeriums<\/u><\/span><\/a><\/span><\/li>\n<li><span style=\"font-family: Arial,serif\"><span style=\"font-size: medium\"><a href=\"http:\/\/wordpress.nibis.de\/gsbuchholz\/files\/2017\/04\/mk_flyer_uebergang_rz_v02_web.pdf\">Flyer des Nieders\u00e4chsischen Kultusministiums<\/a> zum \u00dcbergang nach Kl. 5 vom August 2016 <\/span><\/span><\/li>\n<li><span style=\"font-size: medium\"><a href=\"http:\/\/wordpress.nibis.de\/gsbuchholz\/files\/2017\/04\/Protokoll_zur_Beratung_anlsslich_des_bergangs_von_Klasse_4_nach_51.pdf\"><span style=\"font-family: Arial,serif\">Protokollformular<\/span><\/a><\/span><span style=\"font-family: Arial,serif\"><span style=\"font-size: medium\"> f\u00fcr die beiden Beratungsgespr\u00e4che<\/span><\/span><\/li>\n<\/ul>\n","protected":false},"excerpt":{"rendered":"<p>Mit Beginn des Schuljahres 2015\/16 hat sich das Verfahren zum \u00dcbergang in die weiterf\u00fchrende Schule grundlegend ge\u00e4ndert: Es gibt keine Schullaufbahnempfehlung mehr. Die Grundschule f\u00fchrt mit den Eltern im Laufe des 4. Schuljahres zwei ausf\u00fchrliche Beratungsgespr\u00e4che, die protokolliert werden. Auf der Basis dieser Gespr\u00e4che und m\u00f6glicher anderer Informationen entscheiden die Eltern (weiterhin) v\u00f6llig selbstst\u00e4ndig, welche &hellip; <a href=\"https:\/\/wordpress.nibis.de\/gsbuchholz\/infos-zum-uebergang-in-klasse-5\/\" class=\"more-link\">Weiterlesen <span class=\"screen-reader-text\">Informationen zum \u00dcbergang nach Klasse 5<\/span><\/a><\/p>\n","protected":false},"author":1250,"featured_media":0,"parent":0,"menu_order":0,"comment_status":"closed","ping_status":"closed","template":"","meta":{"footnotes":""},"class_list":["post-581","page","type-page","status-publish","hentry","without-featured-image"],"_links":{"self":[{"href":"https:\/\/wordpress.nibis.de\/gsbuchholz\/wp-json\/wp\/v2\/pages\/581","targetHints":{"allow":["GET"]}}],"collection":[{"href":"https:\/\/wordpress.nibis.de\/gsbuchholz\/wp-json\/wp\/v2\/pages"}],"about":[{"href":"https:\/\/wordpress.nibis.de\/gsbuchholz\/wp-json\/wp\/v2\/types\/page"}],"author":[{"embeddable":true,"href":"https:\/\/wordpress.nibis.de\/gsbuchholz\/wp-json\/wp\/v2\/users\/1250"}],"replies":[{"embeddable":true,"href":"https:\/\/wordpress.nibis.de\/gsbuchholz\/wp-json\/wp\/v2\/comments?post=581"}],"version-history":[{"count":6,"href":"https:\/\/wordpress.nibis.de\/gsbuchholz\/wp-json\/wp\/v2\/pages\/581\/revisions"}],"predecessor-version":[{"id":724,"href":"https:\/\/wordpress.nibis.de\/gsbuchholz\/wp-json\/wp\/v2\/pages\/581\/revisions\/724"}],"wp:attachment":[{"href":"https:\/\/wordpress.nibis.de\/gsbuchholz\/wp-json\/wp\/v2\/media?parent=581"}],"curies":[{"name":"wp","href":"https:\/\/api.w.org\/{rel}","templated":true}]}}