{"id":584,"date":"2017-03-24T12:01:47","date_gmt":"2017-03-24T11:01:47","guid":{"rendered":"http:\/\/wordpress.nibis.de\/gsbuchholz\/?page_id=584"},"modified":"2017-09-07T15:51:09","modified_gmt":"2017-09-07T13:51:09","slug":"links-2","status":"publish","type":"page","link":"https:\/\/wordpress.nibis.de\/gsbuchholz\/links-2\/","title":{"rendered":"Links"},"content":{"rendered":"<p><span style=\"color: #ea0e74;font-family: Helvetica,Geneva,Arial,SunSans-Regular,sans-serif;font-size: medium\"><b><span style=\"color: #000000\">Information &amp; Wissen<\/span><br \/>\n<\/b><\/span><a href=\"http:\/\/www.geolino.de\" target=\"_blank\" rel=\"noopener\"><span style=\"font-family: Helvetica,Geneva,Arial,SunSans-Regular,sans-serif;font-size: small\">www.geolino.de<br \/>\n<\/span><\/a><a href=\"http:\/\/www.internauten.de\" target=\"_blank\" rel=\"noopener\"><span style=\"font-family: Helvetica,Geneva,Arial,SunSans-Regular,sans-serif;font-size: small\">www.internauten.de<br \/>\n<\/span><\/a><a href=\"http:\/\/www.sowieso.de\" target=\"_blank\" rel=\"noopener\"><span style=\"font-family: Helvetica,Geneva,Arial,SunSans-Regular,sans-serif;font-size: small\">www.sowieso.de<br \/>\n<\/span><\/a><a href=\"http:\/\/www.wasistwas.de\" target=\"_blank\" rel=\"noopener\"><span style=\"font-family: Helvetica,Geneva,Arial,SunSans-Regular,sans-serif;font-size: small\">www.wasistwas.de<br \/>\n<\/span><\/a><a href=\"http:\/\/www.zzzebra.de\" target=\"_blank\" rel=\"noopener\"><span style=\"font-family: Helvetica,Geneva,Arial,SunSans-Regular,sans-serif;font-size: small\">www.zzzebra.de<\/span><\/a><\/p>\n<p><span style=\"color: #ea0e74;font-family: Helvetica,Geneva,Arial,SunSans-Regular,sans-serif;font-size: medium\"><b><span style=\"color: #000000\">Mitmachen &amp; Spiele<\/span><br \/>\n<\/b><\/span><a href=\"http:\/\/www.lizzynet.de\" target=\"_blank\" rel=\"noopener\"><span style=\"font-family: Helvetica,Geneva,Arial,SunSans-Regular,sans-serif;font-size: small\">www.lizzynet.de<br \/>\n<\/span><\/a><a href=\"http:\/\/www.internet-abc.de\" target=\"_blank\" rel=\"noopener\"><span style=\"font-family: Helvetica,Geneva,Arial,SunSans-Regular,sans-serif;font-size: small\">www.internet-abc.de<\/span><\/a><\/p>\n<p><span style=\"color: #ea0e74;font-family: Helvetica,Geneva,Arial,SunSans-Regular,sans-serif;font-size: medium\"><b><span style=\"color: #000000\">Suchmaschinen &amp; Portale<\/span><br \/>\n<\/b><\/span><a href=\"http:\/\/www.blinde-kuh.de\" target=\"_blank\" rel=\"noopener\"><span style=\"font-family: Helvetica,Geneva,Arial,SunSans-Regular,sans-serif;font-size: small\">www.blinde-kuh.de<br \/>\n<\/span><\/a><a href=\"http:\/\/www.kindernetz.de\" target=\"_blank\" rel=\"noopener\"><span style=\"font-family: Helvetica,Geneva,Arial,SunSans-Regular,sans-serif;font-size: small\">www.kindernetz.de<br \/>\n<\/span><\/a><a href=\"http:\/\/www.multikids.de\" target=\"_blank\" rel=\"noopener\"><span style=\"font-family: Helvetica,Geneva,Arial,SunSans-Regular,sans-serif;font-size: small\">www.multikids.de<br \/>\n<\/span><\/a><a href=\"http:\/\/www.internet-abc.de\" target=\"_blank\" rel=\"noopener\"><span style=\"font-family: Helvetica,Geneva,Arial,SunSans-Regular,sans-serif;font-size: small\">www.internet-abc.de<\/span><\/a><\/p>\n<p><span style=\"color: #000000;font-family: Helvetica,Geneva,Arial,SunSans-Regular,sans-serif;font-size: medium\"><b>Chatten &amp; Internet-F\u00fchrerschein<\/b><\/span><span style=\"font-family: Helvetica,Geneva,Arial,SunSans-Regular,sans-serif;font-size: small\"><br \/>\n<\/span><a href=\"http:\/\/www.internet-abc.de\" target=\"_blank\" rel=\"noopener\"><span style=\"font-family: Helvetica,Geneva,Arial,SunSans-Regular,sans-serif;font-size: small\">www.internet-abc.de<br \/>\n<\/span><\/a><a href=\"http:\/\/www.seitenstark.de\" target=\"_blank\" rel=\"noopener\"><span style=\"font-family: Helvetica,Geneva,Arial,SunSans-Regular,sans-serif;font-size: small\">www.seitenstark.de<br \/>\n<\/span><\/a><a href=\"http:\/\/www.blinde-kuh.de\" target=\"_blank\" rel=\"noopener\"><span style=\"font-family: Helvetica,Geneva,Arial,SunSans-Regular,sans-serif;font-size: small\">www.blinde-kuh.de<\/span><\/a><\/p>\n<p><b><span style=\"color: #ea0e74;font-family: Helvetica,Geneva,Arial,SunSans-Regular,sans-serif;font-size: medium\"><span style=\"color: #000000\">Hilfe f\u00fcr Kinder<\/span><br \/>\n<\/span><\/b><a href=\"http:\/\/www.kinderundjugendtelefon.de\/\" target=\"_blank\" rel=\"noopener\"><span style=\"font-family: Helvetica,Geneva,Arial,SunSans-Regular,sans-serif;font-size: small\">www.kinderundjugendtelefon.de<br \/>\n<\/span><\/a><span style=\"font-family: Helvetica,Geneva,Arial,SunSans-Regular,sans-serif;font-size: small\"><a href=\"http:\/\/www.dunkelziffer.de\/home.html\" target=\"_blank\" rel=\"noopener\">w<span style=\"font-family: helvetica,arial,sans-serif\">ww.dunkelziffer.de<br \/>\n<\/span><\/a><\/span><span style=\"font-family: helvetica,arial,sans-serif;font-size: 10pt\"><a href=\"http:\/\/www.meinkoerpergehoertmir.de\/index.html\">Mein K\u00f6rper geh\u00f6rt mir<br \/>\n<\/a><\/span><a href=\"http:\/\/www.heidekreis.de\/desktopdefault.aspx\/tabid-7675\/13428_read-54900\/\"><span style=\"font-family: helvetica,arial,sans-serif\"><span style=\"font-size: 10pt\">Wendepunkte<\/span><\/span><\/a><\/p>\n<p>&nbsp;<\/p>\n<p style=\"color: #000000\">\n","protected":false},"excerpt":{"rendered":"<p>Information &amp; Wissen www.geolino.de www.internauten.de www.sowieso.de www.wasistwas.de www.zzzebra.de Mitmachen &amp; Spiele www.lizzynet.de www.internet-abc.de Suchmaschinen &amp; Portale www.blinde-kuh.de www.kindernetz.de www.multikids.de www.internet-abc.de Chatten &amp; Internet-F\u00fchrerschein www.internet-abc.de www.seitenstark.de www.blinde-kuh.de Hilfe f\u00fcr Kinder www.kinderundjugendtelefon.de www.dunkelziffer.de Mein K\u00f6rper geh\u00f6rt mir Wendepunkte &nbsp;<\/p>\n","protected":false},"author":1250,"featured_media":0,"parent":0,"menu_order":0,"comment_status":"closed","ping_status":"closed","template":"","meta":{"footnotes":""},"class_list":["post-584","page","type-page","status-publish","hentry"],"_links":{"self":[{"href":"https:\/\/wordpress.nibis.de\/gsbuchholz\/wp-json\/wp\/v2\/pages\/584","targetHints":{"allow":["GET"]}}],"collection":[{"href":"https:\/\/wordpress.nibis.de\/gsbuchholz\/wp-json\/wp\/v2\/pages"}],"about":[{"href":"https:\/\/wordpress.nibis.de\/gsbuchholz\/wp-json\/wp\/v2\/types\/page"}],"author":[{"embeddable":true,"href":"https:\/\/wordpress.nibis.de\/gsbuchholz\/wp-json\/wp\/v2\/users\/1250"}],"replies":[{"embeddable":true,"href":"https:\/\/wordpress.nibis.de\/gsbuchholz\/wp-json\/wp\/v2\/comments?post=584"}],"version-history":[{"count":3,"href":"https:\/\/wordpress.nibis.de\/gsbuchholz\/wp-json\/wp\/v2\/pages\/584\/revisions"}],"predecessor-version":[{"id":868,"href":"https:\/\/wordpress.nibis.de\/gsbuchholz\/wp-json\/wp\/v2\/pages\/584\/revisions\/868"}],"wp:attachment":[{"href":"https:\/\/wordpress.nibis.de\/gsbuchholz\/wp-json\/wp\/v2\/media?parent=584"}],"curies":[{"name":"wp","href":"https:\/\/api.w.org\/{rel}","templated":true}]}}