{"id":90,"date":"2016-11-17T14:51:45","date_gmt":"2016-11-17T13:51:45","guid":{"rendered":"http:\/\/wordpress.nibis.de\/gsbuchholz\/?page_id=90"},"modified":"2026-05-07T20:12:26","modified_gmt":"2026-05-07T18:12:26","slug":"kurzprofil","status":"publish","type":"page","link":"https:\/\/wordpress.nibis.de\/gsbuchholz\/ueber-uns\/kurzprofil\/","title":{"rendered":"Kurzprofil"},"content":{"rendered":"<p><strong>Schule:<\/strong><br \/>\nKlasse 1 bis 4, durchg\u00e4ngig doppelz\u00fcgig,<br \/>\nderzeit ca. 130 Sch\u00fclerinnen und Sch\u00fcler.<\/p>\n<p>Seit dem Schuljahr 2024\/2025 unterrichten wir in jahrgangs\u00fcbergreifenden Familienklassen. In jeder Lerngruppe sitzen vier Kleingruppen aus allen vier Jahrg\u00e4ngen, die als Klassengemeinschaft mit einer Klassenleitung gef\u00fchrt werden.<\/p>\n<table style=\"border-collapse: collapse;width: 100%\">\n<tbody>\n<tr>\n<td style=\"width: 50%\"><\/td>\n<td style=\"width: 50%\">Die Eisb\u00e4ren (Klasse A) von Herrn Akkermann<\/td>\n<\/tr>\n<tr>\n<td style=\"width: 50%\"><\/td>\n<td style=\"width: 50%\">Die Schildkr\u00f6ten (Klasse B) von Frau Buschbacher<\/td>\n<\/tr>\n<tr>\n<td style=\"width: 50%\"><\/td>\n<td style=\"width: 50%\">Die Faultiere (Klasse C) von Frau Wendland und Frau Buhr<\/td>\n<\/tr>\n<tr>\n<td style=\"width: 50%\"><\/td>\n<td style=\"width: 50%\">Die Alpakas (Klasse D) von Frau Grumpelt<\/td>\n<\/tr>\n<tr>\n<td style=\"width: 50%\"><\/td>\n<td style=\"width: 50%\">Die Wale (Klasse E) von Frau Kassens<\/td>\n<\/tr>\n<tr>\n<td style=\"width: 50%\"><\/td>\n<td style=\"width: 50%\">Die Pinguine (Klasse F) von Frau Schwarz<\/td>\n<\/tr>\n<tr>\n<td style=\"width: 50%\"><\/td>\n<td style=\"width: 50%\">Die Seehunde (Klasse G) von Frau Segelke<\/td>\n<\/tr>\n<\/tbody>\n<\/table>\n<p><strong>Unterrichtszeit:<\/strong><br \/>\nWir sind eine verl\u00e4ssliche Grundschule mit Unterrichts- bzw. Betreuungszeit von<br \/>\n07:25 Uhr &#8211; 12:30 Uhr, anschlie\u00dfend ist die Teilnahme am Ganztag m\u00f6glich.<\/p>\n<p><strong>Ganztagsangebot:<\/strong><br \/>\nMontag bis Donnerstag bis 15:30 Uhr;<br \/>\nFreitag bis 14:00 Uhr<\/p>\n<p>Die <strong>Unterrichts- und Betreuungszeiten<\/strong> umfassen den Zeitraum von 07:25 Uhr bis 12:30 Uhr und sind verl\u00e4sslich.<br \/>\nUnser <strong>Ganztagsprogramm<\/strong> bieten wir an vier Tagen (Montag bis Donnerstag) bis 15:30 Uhr und am Freitag bis 14:00 Uhr an. Ein gemeinsames warmes Mittagessen geh\u00f6rt ebenso zu den Bausteinen des Ganztagsangebotes sowie die Lernzeit (KKT-Zeit) und die verschiedenen abwechslungsreichen Kursangebote.<\/p>\n<p>Unser Mittagessen beziehen wir von den Kostboten.<\/p>\n<p><a href=\"https:\/\/www.kostboten.org\">https:\/\/www.kostboten.org<\/a><\/p>\n","protected":false},"excerpt":{"rendered":"<p>Schule: Klasse 1 bis 4, durchg\u00e4ngig doppelz\u00fcgig, derzeit ca. 130 Sch\u00fclerinnen und Sch\u00fcler. Seit dem Schuljahr 2024\/2025 unterrichten wir in jahrgangs\u00fcbergreifenden Familienklassen. In jeder Lerngruppe sitzen vier Kleingruppen aus allen vier Jahrg\u00e4ngen, die als Klassengemeinschaft mit einer Klassenleitung gef\u00fchrt werden. Die Eisb\u00e4ren (Klasse A) von Herrn Akkermann Die Schildkr\u00f6ten (Klasse B) von Frau Buschbacher Die &hellip; <a href=\"https:\/\/wordpress.nibis.de\/gsbuchholz\/ueber-uns\/kurzprofil\/\" class=\"more-link\">Weiterlesen <span class=\"screen-reader-text\">Kurzprofil<\/span><\/a><\/p>\n","protected":false},"author":1199,"featured_media":0,"parent":371,"menu_order":0,"comment_status":"closed","ping_status":"closed","template":"","meta":{"footnotes":""},"class_list":["post-90","page","type-page","status-publish","hentry","without-featured-image"],"_links":{"self":[{"href":"https:\/\/wordpress.nibis.de\/gsbuchholz\/wp-json\/wp\/v2\/pages\/90","targetHints":{"allow":["GET"]}}],"collection":[{"href":"https:\/\/wordpress.nibis.de\/gsbuchholz\/wp-json\/wp\/v2\/pages"}],"about":[{"href":"https:\/\/wordpress.nibis.de\/gsbuchholz\/wp-json\/wp\/v2\/types\/page"}],"author":[{"embeddable":true,"href":"https:\/\/wordpress.nibis.de\/gsbuchholz\/wp-json\/wp\/v2\/users\/1199"}],"replies":[{"embeddable":true,"href":"https:\/\/wordpress.nibis.de\/gsbuchholz\/wp-json\/wp\/v2\/comments?post=90"}],"version-history":[{"count":10,"href":"https:\/\/wordpress.nibis.de\/gsbuchholz\/wp-json\/wp\/v2\/pages\/90\/revisions"}],"predecessor-version":[{"id":1596,"href":"https:\/\/wordpress.nibis.de\/gsbuchholz\/wp-json\/wp\/v2\/pages\/90\/revisions\/1596"}],"up":[{"embeddable":true,"href":"https:\/\/wordpress.nibis.de\/gsbuchholz\/wp-json\/wp\/v2\/pages\/371"}],"wp:attachment":[{"href":"https:\/\/wordpress.nibis.de\/gsbuchholz\/wp-json\/wp\/v2\/media?parent=90"}],"curies":[{"name":"wp","href":"https:\/\/api.w.org\/{rel}","templated":true}]}}