{"id":118,"date":"2019-02-07T18:32:24","date_gmt":"2019-02-07T17:32:24","guid":{"rendered":"https:\/\/wordpress.nibis.de\/gscalberlah\/?page_id=118"},"modified":"2026-03-03T08:44:20","modified_gmt":"2026-03-03T07:44:20","slug":"unser-team","status":"publish","type":"page","link":"https:\/\/wordpress.nibis.de\/gscalberlah\/ueber-uns\/unser-team\/","title":{"rendered":"Unser Team"},"content":{"rendered":"<p style=\"text-align: right\">(Stand: 08\/2025)<\/p>\n<p style=\"text-align: center\"><span style=\"font-size: 12pt\">Unser Team besteht aus Lehrkr\u00e4ften, P\u00e4dagogischen Mitarbeiterinnen, Erzieherinnen, Honorarkr\u00e4ften und Mitarbeiterinnen und Mitarbeiter des Schultr\u00e4gers.<\/span><\/p>\n<p style=\"text-align: center\"><img loading=\"lazy\" decoding=\"async\" class=\"aligncenter wp-image-5956\" src=\"https:\/\/wordpress.nibis.de\/gscalberlah\/files\/2026\/03\/GSC-Koll-2526.jpg\" alt=\"\" width=\"700\" height=\"467\" data-warning=\"Missing alt text\" srcset=\"https:\/\/wordpress.nibis.de\/gscalberlah\/files\/2026\/03\/GSC-Koll-2526.jpg 600w, https:\/\/wordpress.nibis.de\/gscalberlah\/files\/2026\/03\/GSC-Koll-2526-100x67.jpg 100w, https:\/\/wordpress.nibis.de\/gscalberlah\/files\/2026\/03\/GSC-Koll-2526-75x50.jpg 75w\" sizes=\"auto, (max-width: 700px) 100vw, 700px\" \/><\/p>\n<p style=\"text-align: center\"><strong>TEAM CALBERLAH 2025\/26<\/strong><\/p>\n<p>&nbsp;<\/p>\n","protected":false},"excerpt":{"rendered":"<p>(Stand: 08\/2025) Unser Team besteht aus Lehrkr\u00e4ften, P\u00e4dagogischen Mitarbeiterinnen, Erzieherinnen, Honorarkr\u00e4ften und Mitarbeiterinnen und Mitarbeiter des Schultr\u00e4gers. TEAM CALBERLAH 2025\/26 &nbsp;<\/p>\n","protected":false},"author":9192886,"featured_media":0,"parent":16,"menu_order":0,"comment_status":"closed","ping_status":"closed","template":"","meta":{"footnotes":""},"class_list":["post-118","page","type-page","status-publish","hentry"],"_links":{"self":[{"href":"https:\/\/wordpress.nibis.de\/gscalberlah\/wp-json\/wp\/v2\/pages\/118","targetHints":{"allow":["GET"]}}],"collection":[{"href":"https:\/\/wordpress.nibis.de\/gscalberlah\/wp-json\/wp\/v2\/pages"}],"about":[{"href":"https:\/\/wordpress.nibis.de\/gscalberlah\/wp-json\/wp\/v2\/types\/page"}],"author":[{"embeddable":true,"href":"https:\/\/wordpress.nibis.de\/gscalberlah\/wp-json\/wp\/v2\/users\/9192886"}],"replies":[{"embeddable":true,"href":"https:\/\/wordpress.nibis.de\/gscalberlah\/wp-json\/wp\/v2\/comments?post=118"}],"version-history":[{"count":11,"href":"https:\/\/wordpress.nibis.de\/gscalberlah\/wp-json\/wp\/v2\/pages\/118\/revisions"}],"predecessor-version":[{"id":5957,"href":"https:\/\/wordpress.nibis.de\/gscalberlah\/wp-json\/wp\/v2\/pages\/118\/revisions\/5957"}],"up":[{"embeddable":true,"href":"https:\/\/wordpress.nibis.de\/gscalberlah\/wp-json\/wp\/v2\/pages\/16"}],"wp:attachment":[{"href":"https:\/\/wordpress.nibis.de\/gscalberlah\/wp-json\/wp\/v2\/media?parent=118"}],"curies":[{"name":"wp","href":"https:\/\/api.w.org\/{rel}","templated":true}]}}