{"id":136,"date":"2019-02-07T21:06:45","date_gmt":"2019-02-07T20:06:45","guid":{"rendered":"https:\/\/wordpress.nibis.de\/gscalberlah\/?page_id=136"},"modified":"2026-03-25T07:29:10","modified_gmt":"2026-03-25T06:29:10","slug":"downloads","status":"publish","type":"page","link":"https:\/\/wordpress.nibis.de\/gscalberlah\/informationen\/downloads\/","title":{"rendered":"Downloads"},"content":{"rendered":"<p><strong>Hier finden Sie Downloads, die Ihnen so manchen Weg ins Sekretariat ersparen.<\/strong><\/p>\n<h2><span style=\"color: #ff6600\">Schulordnung<\/span><\/h2>\n<p><em>Lesen Sie die Schulordnung der Grundschule Calberlah bitte aufmerksam durch.<\/em><\/p>\n<p><a href=\"https:\/\/wordpress.nibis.de\/gscalberlah\/files\/2026\/03\/2026-Schulordnung.pdf\">Schulordnung der Grundschule Calberlah &#8211; 2025<\/a><\/p>\n<hr \/>\n<h2><span style=\"color: #ff6600\">Ver\u00e4nderungsanzeige<\/span><\/h2>\n<p><a href=\"https:\/\/wordpress.nibis.de\/gscalberlah\/files\/2026\/03\/10.-Veraenderungsanzeige.pdf\">Vordurck-Ver\u00e4nderungsanzeige<\/a><\/p>\n<hr \/>\n<h2><span style=\"color: #ff6600\">Unterlagen f\u00fcr die Schulanmeldung f\u00fcr das Schuljahr 2027\/28<\/span><\/h2>\n<p><strong>Neu &#8211; 25. M\u00e4rz 2026<\/strong><\/p>\n<p><a href=\"https:\/\/wordpress.nibis.de\/gscalberlah\/files\/2026\/03\/1.-Anmeldebogen.pdf\">1. Anmeldebogen<\/a><\/p>\n<p><a href=\"https:\/\/wordpress.nibis.de\/gscalberlah\/files\/2026\/03\/2.-Erklaerung-zur-Vollmacht-in-schulischen-Angelegenheiten.pdf\">2. Erkl\u00e4rung zur Vollmacht in schulischen Angelegenheiten<\/a><\/p>\n<p><a href=\"https:\/\/wordpress.nibis.de\/gscalberlah\/files\/2026\/03\/3.-Einverstaendniserklaerungen_Erziehungsberechtigte_Formular.pdf\">3. Einverst\u00e4ndniserkl\u00e4rungen_Erziehungsberechtigte_Formular<\/a><\/p>\n<p><a href=\"https:\/\/wordpress.nibis.de\/gscalberlah\/files\/2026\/03\/4.-Aertliche-Bescheinigung-IfSG.pdf\">4. \u00c4rtliche Bescheinigung IfSG<\/a><\/p>\n<p><em><strong><span style=\"color: #000000\">Bitte geben Sie die Formulare 1-4 per E-Mail oder per Post in der Schule ab.<\/span><\/strong><\/em><\/p>\n<hr \/>\n<h2><\/h2>\n<h2><span style=\"color: #ff6600\">Merkbl\u00e4tter<\/span><\/h2>\n<p><em>Lesen Sie die Merkbl\u00e4tter 5-10 bitte aufmerksam durch und bewahren Sie diese auf.<br \/>\n<\/em><em>Die Unterlagen sind ausschlie\u00dflich f\u00fcr Sie gedacht und werden nicht in der Schule abgegeben.\u00a0<\/em><\/p>\n<p><a href=\"https:\/\/wordpress.nibis.de\/gscalberlah\/files\/2026\/03\/5-INFO_EDV-Nutzungsordnung-Samtgemeinde-Isenbuettel.pdf\">5-INFO_EDV Nutzungsordnung Samtgemeinde Isenbuettel<\/a><\/p>\n<p><a href=\"https:\/\/wordpress.nibis.de\/gscalberlah\/files\/2026\/03\/6.-INFO-Infektionsschutz.pdf\">6. INFO &#8211; Infektionsschutz<\/a><\/p>\n<p><a href=\"https:\/\/wordpress.nibis.de\/gscalberlah\/files\/2026\/03\/7.-36_RdErl_Waffenerlass_Nds_MBl_Verff.pdf\">7. 36_RdErl_Waffenerlass_Nds_MBl_Verff<\/a><\/p>\n<p><a href=\"https:\/\/wordpress.nibis.de\/gscalberlah\/files\/2026\/03\/8.-INFO-Datenschutz.pdf\">8. INFO &#8211; Datenschutz<\/a><\/p>\n<p><a href=\"https:\/\/wordpress.nibis.de\/gscalberlah\/files\/2026\/03\/9.-INFO-Schulmanager.pdf\">9. INFO &#8211; Schulmanager<\/a><\/p>\n<hr \/>\n<h2><span style=\"color: #ff6600\">Ganztagsanmeldung<\/span><\/h2>\n<p><strong>Die aktuellen Unterlagen zur Anmeldung finden Sie unter dem Reiter <a href=\"https:\/\/wordpress.nibis.de\/gscalberlah\/ganztagsschule\/\">Ganztagschule<\/a><\/strong><\/p>\n","protected":false},"excerpt":{"rendered":"<p>Hier finden Sie Downloads, die Ihnen so manchen Weg ins Sekretariat ersparen. Schulordnung Lesen Sie die Schulordnung der Grundschule Calberlah bitte aufmerksam durch. Schulordnung der Grundschule Calberlah &#8211; 2025 Ver\u00e4nderungsanzeige Vordurck-Ver\u00e4nderungsanzeige Unterlagen f\u00fcr die Schulanmeldung f\u00fcr das Schuljahr 2027\/28 Neu &#8211; 25. M\u00e4rz 2026 1. Anmeldebogen 2. Erkl\u00e4rung zur Vollmacht in schulischen Angelegenheiten 3. Einverst\u00e4ndniserkl\u00e4rungen_Erziehungsberechtigte_Formular [&hellip;]<\/p>\n","protected":false},"author":9192886,"featured_media":0,"parent":12,"menu_order":0,"comment_status":"closed","ping_status":"closed","template":"","meta":{"footnotes":""},"class_list":["post-136","page","type-page","status-publish","hentry"],"_links":{"self":[{"href":"https:\/\/wordpress.nibis.de\/gscalberlah\/wp-json\/wp\/v2\/pages\/136","targetHints":{"allow":["GET"]}}],"collection":[{"href":"https:\/\/wordpress.nibis.de\/gscalberlah\/wp-json\/wp\/v2\/pages"}],"about":[{"href":"https:\/\/wordpress.nibis.de\/gscalberlah\/wp-json\/wp\/v2\/types\/page"}],"author":[{"embeddable":true,"href":"https:\/\/wordpress.nibis.de\/gscalberlah\/wp-json\/wp\/v2\/users\/9192886"}],"replies":[{"embeddable":true,"href":"https:\/\/wordpress.nibis.de\/gscalberlah\/wp-json\/wp\/v2\/comments?post=136"}],"version-history":[{"count":43,"href":"https:\/\/wordpress.nibis.de\/gscalberlah\/wp-json\/wp\/v2\/pages\/136\/revisions"}],"predecessor-version":[{"id":6301,"href":"https:\/\/wordpress.nibis.de\/gscalberlah\/wp-json\/wp\/v2\/pages\/136\/revisions\/6301"}],"up":[{"embeddable":true,"href":"https:\/\/wordpress.nibis.de\/gscalberlah\/wp-json\/wp\/v2\/pages\/12"}],"wp:attachment":[{"href":"https:\/\/wordpress.nibis.de\/gscalberlah\/wp-json\/wp\/v2\/media?parent=136"}],"curies":[{"name":"wp","href":"https:\/\/api.w.org\/{rel}","templated":true}]}}