{"id":142,"date":"2022-08-17T21:11:54","date_gmt":"2022-08-17T19:11:54","guid":{"rendered":"https:\/\/wordpress.nibis.de\/gscalberlah\/?page_id=142"},"modified":"2026-03-01T22:05:16","modified_gmt":"2026-03-01T21:05:16","slug":"einschulung","status":"publish","type":"page","link":"https:\/\/wordpress.nibis.de\/gscalberlah\/informationen\/einschulung\/","title":{"rendered":"Einschulung 2026"},"content":{"rendered":"<p style=\"text-align: right\">Calberlah, im April 2025<\/p>\n<p>Liebe Eltern und Erziehungsberechtigte unserer zuk\u00fcnftigen Schulkinder,<\/p>\n<p>Sie finden hier wichtigste Informationen zum Schulanfang 2026.<\/p>\n<ul>\n<li>Schulpflichtig f\u00fcr das Schuljahr 2026\/27 ist Ihr Kind, wenn es bis zum 30.09.2026 sechs Jahre alt wird.<\/li>\n<li>Kinder, die zwischen dem 1.7. und dem 30.9. geboren sind, k\u00f6nnen durch ein formloses Schreiben bis sp\u00e4testens 24.04.2026 an die Grundschule f\u00fcr ein Jahr vom Schulbesuch zur\u00fcckgestellt werden (Flexkinder).<\/li>\n<li>Kinder, die nach dem 30.09.2026 sechs Jahre alt werden, k\u00f6nnen auf Antrag eingeschult werden (Kannkinder). Die Anmeldung von Kann-Kindern erfolgt an unserer Schule im Februar 2026 auf Ihre Initiative hin.<\/li>\n<\/ul>\n<h2><strong>Fahrplan zur Einschulung 2026<\/strong><\/h2>\n<h3>April\/Mai 2025 \u2013 Anmeldung zur Einschulung<\/h3>\n<p>Wir lernen uns kennen und f\u00fchren ein erstes Gespr\u00e4ch mit Ihrem Kind und verschaffen uns einen ersten Eindruck \u00fcber dessen aktuellen Entwicklungsstand. Im Gespr\u00e4ch mit dem Kind wird erz\u00e4hlt, gemalt, gespielt und das Sprachfeststellungsverfahren durchgef\u00fchrt. Im Anschluss wird entschieden, ob Ihr Kind ab Beginn des n\u00e4chsten Schuljahres Sprachf\u00f6rderma\u00dfnahmen erh\u00e4lt.<\/p>\n<h3>Schuleingangsuntersuchung durch das Gesundheitsamt Gifhorn<\/h3>\n<p>Um die Schuleingangsuntersuchung Ihres Kindes m\u00fcssen Sie sich selbst aktiv k\u00fcmmern und <strong>online<\/strong> einen Termin buchen: <a href=\"https:\/\/termine-reservieren.de\/termine\/gifhorn\/lgf\/\" target=\"_blank\" rel=\"noopener noreferrer\">https:\/\/termine-reservieren.de\/termine\/gifhorn\/lgf<\/a><\/p>\n<p>Bitte achten Sie dabei auf die vom Gesundheitsamt genannten Zeitr\u00e4ume. Das Gesundheitsamt entscheidet nicht \u00fcber eine Einschulung, sondern spricht lediglich eine Empfehlung aus.<\/p>\n<h3>November 2025 \u2013 Elternabend zur Schulf\u00e4higkeit<\/h3>\n<p>Auf einem Elternabend zur Schulf\u00e4higkeit wird Ihnen \u201eaus der Praxis\u201c vorgestellt, welche F\u00e4higkeiten Ihr Kind f\u00fcr den Schulbesuch ben\u00f6tigt.<\/p>\n<h3><strong>Februar 2026 \u2013 Arbeit in einer Kleingruppe<\/strong><\/h3>\n<p>Sollte es Bedenken an der Schulf\u00e4higkeit Ihres Kindes geben, so laden wir es im Februar 2026 zu einer Schulstunde in einer Kleingruppe ein.\u00a0In den Tagen danach findet ein Gespr\u00e4ch zwischen den Erziehungsberechtigten und der Schulleitung statt, in dem Sie \u00fcber die Beobachtungen und Ergebnisse unterrichtet werden.<\/p>\n<h3>Februar\u00a0 2026 \u2013 Infoabend zu den Betreuungsangeboten<\/h3>\n<p>Bis zum 19. M\u00e4rz m\u00fcssen Sie Ihr Kind, falls gew\u00fcnscht, zu unserem Ganztag angemeldet haben. Auf einem Elternabend im Februar werden Ihnen die Betreuungsangebote vorgestellt.<\/p>\n<h3>Fr\u00fchsommer 2026 \u2013 Schnuppern in der Schule<\/h3>\n<p>Im Fr\u00fchsommer 2026 werden die zuk\u00fcnftigen Sch\u00fclerinnen und Sch\u00fcler schriftlich in die Schule zum Schnuppern eingeladen, damit der Anfang leichter f\u00e4llt. Nat\u00fcrlich schaffen das die Kinder bereits allein.<\/p>\n<h3>Juni 2026 \u2013 Der erste Elternabend<\/h3>\n<p>Zu diesem Elternabend erhalten Sie eine schriftliche Einladung und es gibt erste Antworten auf viele Ihrer Fragen (Einschulung, Schulweg, Materialien, &#8230;). Zudem werden die zuk\u00fcnftigen Klassenlehrkr\u00e4fte werden vorgestellt.<\/p>\n<h3>Der Tag der Einschulung<\/h3>\n<p>Die Einschulung erfolgt am 15. August 2026 mit einer kleinen Feier in der Schule und nat\u00fcrlich der ersten Unterrichtsstunde.<\/p>\n<hr \/>\n<p>Haben Sie noch weitere <strong>Fragen<\/strong>? Melden Sie sich per E-Mail oder per Telefon bei uns.<\/p>\n<p>Das Team der Grundschule Calberlah freut sich schon auf Ihr Kind und auf eine gute Zusammenarbeit mit Ihnen!<\/p>\n","protected":false},"excerpt":{"rendered":"<p>Calberlah, im April 2025 Liebe Eltern und Erziehungsberechtigte unserer zuk\u00fcnftigen Schulkinder, Sie finden hier wichtigste Informationen zum Schulanfang 2026. Schulpflichtig f\u00fcr das Schuljahr 2026\/27 ist Ihr Kind, wenn es bis zum 30.09.2026 sechs Jahre alt wird. Kinder, die zwischen dem 1.7. und dem 30.9. geboren sind, k\u00f6nnen durch ein formloses Schreiben bis sp\u00e4testens 24.04.2026 an [&hellip;]<\/p>\n","protected":false},"author":9192886,"featured_media":0,"parent":12,"menu_order":0,"comment_status":"closed","ping_status":"closed","template":"","meta":{"footnotes":""},"class_list":["post-142","page","type-page","status-publish","hentry"],"_links":{"self":[{"href":"https:\/\/wordpress.nibis.de\/gscalberlah\/wp-json\/wp\/v2\/pages\/142","targetHints":{"allow":["GET"]}}],"collection":[{"href":"https:\/\/wordpress.nibis.de\/gscalberlah\/wp-json\/wp\/v2\/pages"}],"about":[{"href":"https:\/\/wordpress.nibis.de\/gscalberlah\/wp-json\/wp\/v2\/types\/page"}],"author":[{"embeddable":true,"href":"https:\/\/wordpress.nibis.de\/gscalberlah\/wp-json\/wp\/v2\/users\/9192886"}],"replies":[{"embeddable":true,"href":"https:\/\/wordpress.nibis.de\/gscalberlah\/wp-json\/wp\/v2\/comments?post=142"}],"version-history":[{"count":50,"href":"https:\/\/wordpress.nibis.de\/gscalberlah\/wp-json\/wp\/v2\/pages\/142\/revisions"}],"predecessor-version":[{"id":5937,"href":"https:\/\/wordpress.nibis.de\/gscalberlah\/wp-json\/wp\/v2\/pages\/142\/revisions\/5937"}],"up":[{"embeddable":true,"href":"https:\/\/wordpress.nibis.de\/gscalberlah\/wp-json\/wp\/v2\/pages\/12"}],"wp:attachment":[{"href":"https:\/\/wordpress.nibis.de\/gscalberlah\/wp-json\/wp\/v2\/media?parent=142"}],"curies":[{"name":"wp","href":"https:\/\/api.w.org\/{rel}","templated":true}]}}