{"id":22,"date":"2019-02-06T09:51:16","date_gmt":"2019-02-06T08:51:16","guid":{"rendered":"https:\/\/wordpress.nibis.de\/gscalberlah\/?page_id=22"},"modified":"2025-01-05T20:10:45","modified_gmt":"2025-01-05T19:10:45","slug":"schulelternrat","status":"publish","type":"page","link":"https:\/\/wordpress.nibis.de\/gscalberlah\/schulelternrat\/","title":{"rendered":"Schulelternrat"},"content":{"rendered":"<p><strong>Willkommen auf der Seite des Schulelternrats der Grundschule Calberlah!<\/strong><\/p>\n<p>Mit der Einschulung beginnt f\u00fcr die Kinder ein neuer Lebensabschnitt, der Spuren f\u00fcr das gesamte Leben hinterl\u00e4sst. Daher ist es sehr wichtig, dass auch Lehrer- und Elternschaft vertrauensvoll zusammenarbeiten und Herausforderungen gemeinsam angehen. Nur so wird die Grundschule ein Ort, an dem Kinder sich wohlf\u00fchlen und voller Freude lernen.<\/p>\n<p>Hier ist auch der Einsatz der Eltern, bzw. Erziehungsberechtigten gefragt, denn f\u00fcr ein gutes Miteinander in der Schule braucht es eine wertsch\u00e4tzende Zusammenarbeit. Innerhalb der Klassen werden f\u00fcr zwei Jahre je zwei Elternvertretungen gew\u00e4hlt. Sie laden zwei bis drei Mal pro Jahr in Absprache mit der Klassenlehrkraft zu Elternabenden ein, organisieren klasseninterne Veranstaltungen und sind vor allem ansprechbar f\u00fcr die Eltern, wenn es darum geht, Themen an Klassenlehrkraft oder Schulleitung heranzutragen.<\/p>\n<p>Die Elternvertretungen der einzelnen Klassen bilden zudem den Schulelternrat. Dieser tagt in der Regel drei bis vier Mal pro Schuljahr und besch\u00e4ftigt sich mit aktuellen Themen rund um das Schulleben. Neben den Elternvertretungen nimmt Herr Hagedorn als Schulleitung an den Sitzungen teil und informiert \u00fcber aktuelle Themen. Der Schulelternrat unterst\u00fctzt zudem bei der Organisation von Schulveranstaltungen wie dem Schulfest oder dem alle vier Jahre stattfindenden Zirkusprojekt.<br \/>\nAus dem Kreis des Schulelternrats werden au\u00dferdem Vertretungen f\u00fcr Gesamtkonferenz, Schulvorstand und Fachkonferenzen gew\u00e4hlt. Somit zeigt sich deutlich: Wer im Schulelternrat mitarbeitet, der kann sich einbringen und mitbestimmen.<\/p>\n<p>Aktuell bilden Marike Bebnowski, Lydia Feyand und Jaqueline Meyer den Vorstand des Schulelternrats. Wir sind gerne ansprechbar, wenn Fragestellungen auftauchen, die sich m\u00f6glicherweise nicht im Klassenkontext kl\u00e4ren lassen oder aber wenn diese eine Relevanz f\u00fcr die ganze Schule haben.<\/p>\n<p>Arbeit im Schulelternrat bedeutet, Schule \u201evon innen\u201c kennenzulernen und das Schulleben der Kinder aktiv mitzugestalten. Diese Chance sollten Eltern und Erziehungsberechtigte nicht verstreichen lassen!<br \/>\nWer Anregungen f\u00fcr die Arbeit des Schulelternrats hat, sich gerne einbringen m\u00f6chte oder einfach nur eine Frage hat, der kann sich gerne per Mail an uns wenden oder uns ansprechen.<\/p>\n<p>Wir freuen uns auf den Austausch im Sinne einer gl\u00fccklichen Grundschulzeit unserer Kinder!<\/p>\n<p>Der Vorstand des Schulelternrats<\/p>\n<p>Kontakt:<br \/>\n<a href=\"&#109;&#x61;&#105;&#x6c;t&#111;&#x3a;&#109;&#x61;r&#x69;k&#101;&#x40;&#98;&#x65;b&#x6e;&#x6f;&#119;&#x73;k&#x69;&#46;&#100;&#x65;\">&#109;&#x61;&#x72;&#105;&#x6b;&#x65;&#64;&#x62;&#x65;&#98;&#x6e;&#x6f;&#119;&#x73;&#x6b;&#105;&#x2e;&#x64;&#101;<\/a> (Marike Bebnowski)<\/p>\n<p class=\"Body\"><img loading=\"lazy\" decoding=\"async\" class=\"aligncenter wp-image-5424 size-medium\" src=\"https:\/\/wordpress.nibis.de\/gscalberlah\/files\/2025\/01\/GSC-Schulelternrat-850x478.jpg\" alt=\"\" width=\"850\" height=\"478\" srcset=\"https:\/\/wordpress.nibis.de\/gscalberlah\/files\/2025\/01\/GSC-Schulelternrat-850x478.jpg 850w, https:\/\/wordpress.nibis.de\/gscalberlah\/files\/2025\/01\/GSC-Schulelternrat-1200x675.jpg 1200w, https:\/\/wordpress.nibis.de\/gscalberlah\/files\/2025\/01\/GSC-Schulelternrat-250x141.jpg 250w, https:\/\/wordpress.nibis.de\/gscalberlah\/files\/2025\/01\/GSC-Schulelternrat-768x432.jpg 768w, https:\/\/wordpress.nibis.de\/gscalberlah\/files\/2025\/01\/GSC-Schulelternrat.jpg 1440w\" sizes=\"auto, (max-width: 850px) 100vw, 850px\" \/><\/p>\n","protected":false},"excerpt":{"rendered":"<p>Willkommen auf der Seite des Schulelternrats der Grundschule Calberlah! Mit der Einschulung beginnt f\u00fcr die Kinder ein neuer Lebensabschnitt, der Spuren f\u00fcr das gesamte Leben hinterl\u00e4sst. Daher ist es sehr wichtig, dass auch Lehrer- und Elternschaft vertrauensvoll zusammenarbeiten und Herausforderungen gemeinsam angehen. Nur so wird die Grundschule ein Ort, an dem Kinder sich wohlf\u00fchlen und [&hellip;]<\/p>\n","protected":false},"author":9192886,"featured_media":0,"parent":0,"menu_order":0,"comment_status":"closed","ping_status":"closed","template":"","meta":{"footnotes":""},"class_list":["post-22","page","type-page","status-publish","hentry"],"_links":{"self":[{"href":"https:\/\/wordpress.nibis.de\/gscalberlah\/wp-json\/wp\/v2\/pages\/22","targetHints":{"allow":["GET"]}}],"collection":[{"href":"https:\/\/wordpress.nibis.de\/gscalberlah\/wp-json\/wp\/v2\/pages"}],"about":[{"href":"https:\/\/wordpress.nibis.de\/gscalberlah\/wp-json\/wp\/v2\/types\/page"}],"author":[{"embeddable":true,"href":"https:\/\/wordpress.nibis.de\/gscalberlah\/wp-json\/wp\/v2\/users\/9192886"}],"replies":[{"embeddable":true,"href":"https:\/\/wordpress.nibis.de\/gscalberlah\/wp-json\/wp\/v2\/comments?post=22"}],"version-history":[{"count":12,"href":"https:\/\/wordpress.nibis.de\/gscalberlah\/wp-json\/wp\/v2\/pages\/22\/revisions"}],"predecessor-version":[{"id":5426,"href":"https:\/\/wordpress.nibis.de\/gscalberlah\/wp-json\/wp\/v2\/pages\/22\/revisions\/5426"}],"wp:attachment":[{"href":"https:\/\/wordpress.nibis.de\/gscalberlah\/wp-json\/wp\/v2\/media?parent=22"}],"curies":[{"name":"wp","href":"https:\/\/api.w.org\/{rel}","templated":true}]}}