{"id":4704,"date":"2023-09-28T09:52:54","date_gmt":"2023-09-28T07:52:54","guid":{"rendered":"https:\/\/wordpress.nibis.de\/gscalberlah\/?page_id=4704"},"modified":"2024-08-09T17:58:47","modified_gmt":"2024-08-09T15:58:47","slug":"jugendhilfe-im-kontext-schule-jukos","status":"publish","type":"page","link":"https:\/\/wordpress.nibis.de\/gscalberlah\/jugendhilfe-im-kontext-schule-jukos\/","title":{"rendered":"Jugendhilfe im Kontext Schule &#8211; JuKoS"},"content":{"rendered":"<p><img loading=\"lazy\" decoding=\"async\" class=\"wp-image-4751 aligncenter\" src=\"https:\/\/wordpress.nibis.de\/gscalberlah\/files\/2023\/10\/Logo-JUKOS.jpg\" alt=\"\" width=\"222\" height=\"302\" \/><\/p>\n<h2>Vorstellung unserer JuKoS-Kraft<\/h2>\n<p>Mein Name ist Birgit Hansmann.<img loading=\"lazy\" decoding=\"async\" class=\"size-full wp-image-5242 alignright\" src=\"https:\/\/wordpress.nibis.de\/gscalberlah\/files\/2024\/08\/Jukos-hansmann.jpg\" alt=\"\" width=\"350\" height=\"350\" \/><br \/>\nIch bin Diplom Sozialp\u00e4dagogin und seit dem 01.08.2024 die JuKoS- Fachkraft an der Grundschule Calberlah.<\/p>\n<p>JuKoS bedeutet Jugendhilfe\u00a0im Kontext Schule und ist ein Angebot der Jugendhilfe des Landkreises Gifhorn, das Kinder, Eltern und Schule bei der aktiven Zusammenarbeit unterst\u00fctzen m\u00f6chte.<\/p>\n<p>Ob Schwierigkeiten mit dem Schulstoff, Probleme mit Lehrern oder Mitsch\u00fclern, \u201edicke Luft\u201c zu Hause- wir entwickeln L\u00f6sungen, damit die Herausforderungen im Schulalltag besser gelingen.<\/p>\n<p>Das Angebot richtet sich prim\u00e4r an die Sch\u00fclerInnen, aber auch den Eltern und dem Kollegium stehe ich gerne bei auftretenden Fragen beratend und unterst\u00fctzend zur Seite.<\/p>\n<p>So erreichen Sie mich:<\/p>\n<p>Tel.: 0151 &#8211; 42036968<\/p>\n<p>E-Mail: <a href=\"&#x6d;a&#x69;&#108;&#x74;&#111;&#x3a;&#x62;i&#x72;&#103;&#x69;&#116;&#x2e;&#104;a&#x6e;&#115;&#x6d;&#97;&#x6e;&#110;&#64;&#x69;&#112;&#x73;&#111;&#x2d;&#106;u&#x67;e&#x6e;&#100;&#x68;&#105;l&#x66;e&#x2e;&#100;&#x65;\">&#x62;&#x69;&#114;gi&#x74;&#x2e;&#104;&#97;n&#x73;&#x6d;&#97;&#110;n&#x40;&#x69;&#x70;&#115;o-&#x6a;&#x75;&#103;&#101;n&#x64;&#x68;&#105;&#108;f&#x65;&#x2e;&#100;&#101;<\/a><\/p>\n<hr \/>\n<p>&nbsp;<\/p>\n<h2>Flyer zum Download<\/h2>\n<p><a href=\"https:\/\/wordpress.nibis.de\/gscalberlah\/files\/2023\/10\/PDF_Flyer_fertig.pdf\">Flyer zu JUKOS<\/a><br \/>\nStand: 09\/2023<\/p>\n","protected":false},"excerpt":{"rendered":"<p>Vorstellung unserer JuKoS-Kraft Mein Name ist Birgit Hansmann. Ich bin Diplom Sozialp\u00e4dagogin und seit dem 01.08.2024 die JuKoS- Fachkraft an der Grundschule Calberlah. JuKoS bedeutet Jugendhilfe\u00a0im Kontext Schule und ist ein Angebot der Jugendhilfe des Landkreises Gifhorn, das Kinder, Eltern und Schule bei der aktiven Zusammenarbeit unterst\u00fctzen m\u00f6chte. Ob Schwierigkeiten mit dem Schulstoff, Probleme mit [&hellip;]<\/p>\n","protected":false},"author":9192886,"featured_media":0,"parent":0,"menu_order":0,"comment_status":"closed","ping_status":"closed","template":"","meta":{"footnotes":""},"class_list":["post-4704","page","type-page","status-publish","hentry"],"_links":{"self":[{"href":"https:\/\/wordpress.nibis.de\/gscalberlah\/wp-json\/wp\/v2\/pages\/4704","targetHints":{"allow":["GET"]}}],"collection":[{"href":"https:\/\/wordpress.nibis.de\/gscalberlah\/wp-json\/wp\/v2\/pages"}],"about":[{"href":"https:\/\/wordpress.nibis.de\/gscalberlah\/wp-json\/wp\/v2\/types\/page"}],"author":[{"embeddable":true,"href":"https:\/\/wordpress.nibis.de\/gscalberlah\/wp-json\/wp\/v2\/users\/9192886"}],"replies":[{"embeddable":true,"href":"https:\/\/wordpress.nibis.de\/gscalberlah\/wp-json\/wp\/v2\/comments?post=4704"}],"version-history":[{"count":9,"href":"https:\/\/wordpress.nibis.de\/gscalberlah\/wp-json\/wp\/v2\/pages\/4704\/revisions"}],"predecessor-version":[{"id":5243,"href":"https:\/\/wordpress.nibis.de\/gscalberlah\/wp-json\/wp\/v2\/pages\/4704\/revisions\/5243"}],"wp:attachment":[{"href":"https:\/\/wordpress.nibis.de\/gscalberlah\/wp-json\/wp\/v2\/media?parent=4704"}],"curies":[{"name":"wp","href":"https:\/\/api.w.org\/{rel}","templated":true}]}}