{"id":52,"date":"2019-02-06T10:37:05","date_gmt":"2019-02-06T09:37:05","guid":{"rendered":"https:\/\/wordpress.nibis.de\/gscalberlah\/?page_id=52"},"modified":"2025-02-27T14:48:09","modified_gmt":"2025-02-27T13:48:09","slug":"von-der-schulleitung","status":"publish","type":"page","link":"https:\/\/wordpress.nibis.de\/gscalberlah\/informationen\/von-der-schulleitung\/","title":{"rendered":"von der Schulleitung"},"content":{"rendered":"<p><strong>Grundschule Calberlah<\/strong><br \/>\nTelefon: 0 53 74 \/ 96 56 10<\/p>\n<p>Mobil: 0178-5859814 (13 bis 16 Uhr)<\/p>\n<p>E-Mail: info @ gs-calberlah.de<\/p>\n<hr \/>\n<p style=\"text-align: right\">27.02.2025<\/p>\n<p><strong>Unterrichtsausfall<\/strong><\/p>\n<p>Liebe Eltern,<\/p>\n<p>bei extremen Wetterverh\u00e4ltnissen (Glatteis, Eisregen, starke Schneef\u00e4lle oder heftige St\u00fcrme) entscheidet der Landkreis Gifhorn \u00fcber die Einstellung der Sch\u00fclerbef\u00f6rderung und somit \u00fcber einen m\u00f6glichen generellen Unterrichtsausfall.<\/p>\n<p>Diese Information bekommen Sie \u00fcber die regionalen Rundfunksender, die auch Verkehrshinweise geben, in der Regel direkt nach den Nachrichten oder hier:<\/p>\n<p><a href=\"http:\/\/www.vmz-niedersachsen.de\/aktuell\/schulausfall.php\" target=\"_blank\" rel=\"noopener noreferrer\">http:\/\/www.vmz-niedersachsen.de\/aktuell\/schulausfall.php<\/a><\/p>\n<p>Bei einem generellen Schulausfall gew\u00e4hrleisten die Schulen f\u00fcr Sch\u00fclerinnen und Sch\u00fcler, die trotz des angeordneten Unterrichtsausfalls zur Schule gekommen sind, die Betreuung bis zum planm\u00e4\u00dfigen Unterrichtsschluss (Notgruppe).<\/p>\n<p>Bef\u00fcrchten Sie eine unzumutbare Gef\u00e4hrdung Ihres Kindes auf dem Schulweg durch extreme Witterungsverh\u00e4ltnisse, so entscheiden Sie auch ohne generellen Unterrichtsausfall, ob Ihr Kind zu Hause bleibt oder Sie es vorzeitig von der Schule abholen.<br \/>\nBleibt Ihr Kind zu Hause, entschuldigen Sie es bitte im Schulmanager, \u00fcber unser Sekretariat und stornieren bei Ganztagskindern das Mittagessen.<\/p>\n<p>Wenden Sie sich bei Fragen bitte direkt an unser Sekretariat.<\/p>\n<p><strong>Externe Links\u00a0<\/strong><\/p>\n<p>Die Pressemitteilung des RLBS vom 09.01.2025 finden sie <a href=\"https:\/\/bildungsportal-niedersachsen.de\/index.php?eID=dumpFile&amp;t=f&amp;f=19694&amp;token=d6e0bc79daacac996f7db1b6fbad3a75205798c0\">hier<\/a>.<\/p>\n<p><a href=\"https:\/\/bildungsportal-niedersachsen.de\/schulorganisation\/unterricht\/schulausfall-bei-extremen-wetterverhaeltnissen\/\">Schulausfall bei extremen Wetterverh\u00e4ltnissen: Bildungsportal Niedersachsen<\/a><\/p>\n","protected":false},"excerpt":{"rendered":"<p>Grundschule Calberlah Telefon: 0 53 74 \/ 96 56 10 Mobil: 0178-5859814 (13 bis 16 Uhr) E-Mail: info @ gs-calberlah.de 27.02.2025 Unterrichtsausfall Liebe Eltern, bei extremen Wetterverh\u00e4ltnissen (Glatteis, Eisregen, starke Schneef\u00e4lle oder heftige St\u00fcrme) entscheidet der Landkreis Gifhorn \u00fcber die Einstellung der Sch\u00fclerbef\u00f6rderung und somit \u00fcber einen m\u00f6glichen generellen Unterrichtsausfall. Diese Information bekommen Sie \u00fcber [&hellip;]<\/p>\n","protected":false},"author":9192886,"featured_media":0,"parent":12,"menu_order":0,"comment_status":"closed","ping_status":"closed","template":"","meta":{"footnotes":""},"class_list":["post-52","page","type-page","status-publish","hentry"],"_links":{"self":[{"href":"https:\/\/wordpress.nibis.de\/gscalberlah\/wp-json\/wp\/v2\/pages\/52","targetHints":{"allow":["GET"]}}],"collection":[{"href":"https:\/\/wordpress.nibis.de\/gscalberlah\/wp-json\/wp\/v2\/pages"}],"about":[{"href":"https:\/\/wordpress.nibis.de\/gscalberlah\/wp-json\/wp\/v2\/types\/page"}],"author":[{"embeddable":true,"href":"https:\/\/wordpress.nibis.de\/gscalberlah\/wp-json\/wp\/v2\/users\/9192886"}],"replies":[{"embeddable":true,"href":"https:\/\/wordpress.nibis.de\/gscalberlah\/wp-json\/wp\/v2\/comments?post=52"}],"version-history":[{"count":15,"href":"https:\/\/wordpress.nibis.de\/gscalberlah\/wp-json\/wp\/v2\/pages\/52\/revisions"}],"predecessor-version":[{"id":207,"href":"https:\/\/wordpress.nibis.de\/gscalberlah\/wp-json\/wp\/v2\/pages\/52\/revisions\/207"}],"up":[{"embeddable":true,"href":"https:\/\/wordpress.nibis.de\/gscalberlah\/wp-json\/wp\/v2\/pages\/12"}],"wp:attachment":[{"href":"https:\/\/wordpress.nibis.de\/gscalberlah\/wp-json\/wp\/v2\/media?parent=52"}],"curies":[{"name":"wp","href":"https:\/\/api.w.org\/{rel}","templated":true}]}}