{"id":56,"date":"2019-02-06T11:03:16","date_gmt":"2019-02-06T10:03:16","guid":{"rendered":"https:\/\/wordpress.nibis.de\/gscalberlah\/?page_id=56"},"modified":"2024-09-11T21:43:03","modified_gmt":"2024-09-11T19:43:03","slug":"datenschutz","status":"publish","type":"page","link":"https:\/\/wordpress.nibis.de\/gscalberlah\/datenschutz\/","title":{"rendered":"Datenschutz"},"content":{"rendered":"<p><strong>I. Name und Anschrift des Verantwortlichen<\/strong><br \/>\nGrundschule Calberlah<br \/>\nAn der Sporthalle 1<br \/>\n38547 Calberlah<br \/>\nTelefon: 0 53 74 \/ 96 56 &#8211; 10<br \/>\ninfo @ gs-calberlah.de<\/p>\n<p>Vertretungsberechtigt<br \/>\nSchulleitung Ingo Hagedorn<\/p>\n<p><strong>II. Kontaktdaten der oder des Datenschutzbeauftragten<\/strong><br \/>\nTel.: 0 53 74 \/ 96 56 &#8211; 10<br \/>\ninfo @ gs-calberlah.de<\/p>\n<p><strong>III. Bereitstellung der Website und Erstellung von Logfiles<\/strong><br \/>\nBei jedem Aufruf unserer Internetseite erfasst unser System automatisiert Daten und Informationen vom Computersystem des aufrufenden Rechners. Folgende Daten werden hierbei erhoben:<\/p>\n<p>1.\u00a0\u00a0\u00a0\u00a0\u00a0 Datum und Uhrzeit des Zugriffes<br \/>\n2.\u00a0\u00a0\u00a0\u00a0\u00a0 Die IP-Adresse des Nutzers<br \/>\n3.\u00a0\u00a0\u00a0\u00a0\u00a0 Die Betriebssystemversion des Nutzers<br \/>\n4.\u00a0\u00a0\u00a0\u00a0\u00a0 Der Browsertyp des Nutzers<br \/>\n5.\u00a0\u00a0\u00a0\u00a0\u00a0 Die vom Nutzer aufgerufene Seite<\/p>\n<p>Die Daten werden in den Logfiles unseres Systems gespeichert. Eine Speicherung dieser Daten zusammen mit anderen personenbezogenen Daten des Nutzers findet nicht statt. Zweck der Datenspeicherung ist die technische Optimierung unserer Internetseite. Rechtsgrundlage f\u00fcr die vor\u00fcbergehende Speicherung der Daten ist Art. 6 Abs.1 lit.f DSGVO.<\/p>\n<p>Die Daten werden f\u00fcr zwei Monate gespeichert, sie werden lediglich statistisch ausgewertet.<\/p>\n<p><strong>IV. Verwendung von Cookies<\/strong><br \/>\nBeim Aufruf unserer Seiten wird ein Session-Cookie gesetzt, das die Identit\u00e4t der Browser-Sitzung auf Ihrem Rechner festh\u00e4lt und nach Ende der Browser-Sitzung wieder von Ihrem Rechner gel\u00f6scht wird. Ein Cookie ist eine kleine Textdatei, die von Ihrem Browser auf Ihrem Rechner gespeichert wird. Die Verwendung des Session-Cookies erfolgt aus technischen Gr\u00fcnden und dient der Optimierung der Darstellung unserer Seiten in Ihrem Browser. Diese Information steht in sp\u00e4teren Browser-Sitzungen nicht mehr zur Verf\u00fcgung.<\/p>\n<p>Die durch diese Cookies verarbeiteten Daten sind f\u00fcr die genannten Zwecke zur Wahrung unserer berechtigten Interessen nach Art. 6 Abs. 1 S. 1 lit. f DSGVO erforderlich. Diese bestehen in einer technischen Optimierung der Bereitstellung unserer Internetseite.<\/p>\n<p>Die durch diese Cookies verarbeiteten Daten sind f\u00fcr die genannten Zwecke zur Wahrung unserer berechtigten Interessen nach Art. 6 Abs. 1 S. 1 lit. f DSGVO erforderlich. Diese bestehen in einer technischen Optimierung der Bereitstellung unserer Internetseite.<\/p>\n<p>Es besteht die M\u00f6glichkeit, den Browser so einzustellen, dass keine Cookies gespeichert werden. In diesem Fall besteht allerdings die M\u00f6glichkeit, dass Sie nicht den vollen Funktionsumfang unserer Internetseiten nutzen k\u00f6nnen.<\/p>\n<p><strong>V. Speicherung personenbezogener Daten bei Kontaktaufnahme<\/strong><br \/>\nSofern Sie per E-Mail den Kontakt mit uns aufnehmen, werden die von Ihnen \u00fcbermittelten personenbezogenen Daten automatisch gespeichert. Diese Daten werden f\u00fcr Zwecke der Bearbeitung Ihres Anliegens und der Kontaktaufnahme mit Ihnen gespeichert.<\/p>\n<p>Wenn Sie Gebrauch von unserem Kontaktformular machen, werden die folgenden personenbezogenen Daten von Ihnen gespeichert: Ihr Name, Ihre Anschrift,\u00a0 Ihre E-Mail-Adresse.<\/p>\n<p>Die L\u00f6schung der Daten erfolgt, sobald deren Speicherung f\u00fcr die Bearbeitung Ihres Anliegens nicht mehr erforderlich ist.<\/p>\n<p><strong>VI. Betroffenenrechte<br \/>\n<\/strong>Sie k\u00f6nnen folgende Rechte geltend machen:<\/p>\n<p>Auskunft\/ Akteneinsicht<br \/>\nGem. Art. 15 DSGVO haben Sie das Recht, Auskunft bzw. Akteneinsicht \u00fcber die von uns verarbeiteten personenbezogenen Daten zu erhalten.<\/p>\n<p>Berichtigung<br \/>\nSind bei uns gespeicherte personenbezogene Daten unrichtig oder unvollst\u00e4ndig, haben Sie gem. Art. 16 DSGVO das Recht, diese berichtigen bzw. vervollst\u00e4ndigen zu lassen.<\/p>\n<p>L\u00f6schung<br \/>\nArt. 17 DSGVO normiert das Recht auf L\u00f6schung personenbezogener Daten. Dieses Recht steht Ihnen insbesondere dann zu, wenn die Speicherung der personenbezogenen Daten zur Erf\u00fcllung unserer gesetzlichen Aufgaben nicht mehr erforderlich ist oder Sie Ihre Einwilligung zur Datenverarbeitung mit Wirkung f\u00fcr die Zukunft widerrufen haben.<\/p>\n<p>Einschr\u00e4nkung der Verarbeitung<br \/>\nGem. Art. 18 DSGVO k\u00f6nnen Sie die Einschr\u00e4nkung der personenbezogenen Daten verlangen, wenn<\/p>\n<p>\u00b7\u00a0\u00a0\u00a0\u00a0\u00a0\u00a0\u00a0 die Richtigkeit der Daten von Ihnen bestritten wird<br \/>\n\u00b7\u00a0\u00a0\u00a0\u00a0\u00a0\u00a0\u00a0 die Verarbeitung unrechtm\u00e4\u00dfig ist, Sie aber deren L\u00f6schung ablehnen<br \/>\n\u00b7\u00a0\u00a0\u00a0\u00a0\u00a0\u00a0\u00a0 wir die Daten nicht mehr ben\u00f6tigen, Sie jedoch diese zur Geltendmachung,<br \/>\nAus\u00fcbung oder Verteidigung von Rechtsanspr\u00fcchen ben\u00f6tigen<br \/>\n\u00b7\u00a0\u00a0\u00a0\u00a0\u00a0\u00a0\u00a0 oder Sie gem\u00e4\u00df Art. 21 DSGVO Widerspruch gegen die Verarbeitung<br \/>\neingelegt haben<\/p>\n<p><strong>Widerspruch<\/strong><br \/>\nSie k\u00f6nnen bei Gr\u00fcnden, die sich aus Ihrer besonderen Situation ergeben, ein Widerspruchsrecht geltend machen. Gem. Art. 21 DSGVO ist jedoch zu ber\u00fccksichtigten, ob schutzw\u00fcrdige Gr\u00fcnde f\u00fcr die Verarbeitung vorliegen oder die Verarbeitung der Geltendmachung, Aus\u00fcbung oder Verteidigung von Rechtsanspr\u00fcchen dient.<\/p>\n<p><strong>Daten\u00fcbertragbarkeit<\/strong><br \/>\nIst die Verarbeitung Ihrer Daten mit \u00a0Hilfe eines automatisierten Verfahrens erfolgt, haben Sie gem. Art. 20 DSGVO das Recht, die Daten in einem g\u00e4ngigen und maschinenlesbaren Format zu erhalten und an eine andere Schule zu \u00fcbermitteln bzw. durch uns \u00fcbermitteln zu lassen.<\/p>\n<p><strong>Widerruf der Einwilligung<\/strong><br \/>\nSie haben gem. Art. 7 Absatz 3 DSGVO das Recht, uns erteilte Einwilligungen jederzeit mit Wirkung f\u00fcr die Zukunft zu widerrufen.<\/p>\n<p><strong>Beschwerde<\/strong><br \/>\nArt. 77 DSGVO normiert ein Beschwerderecht bei der Aufsichtsbeh\u00f6rde. Die f\u00fcr uns zust\u00e4ndige Aufsichtsbeh\u00f6rde ist die Landesbeauftragte f\u00fcr den Datenschutz Niedersachsen, Prinzenstra\u00dfe 5, 30159 Hannover. <a href=\"&#x6d;&#x61;&#x69;&#x6c;&#116;&#111;:po&#x73;&#x74;&#x73;&#x74;&#101;&#108;le&#64;&#x6c;&#x66;&#x64;&#x2e;&#110;&#105;&#101;de&#x72;&#x73;&#x61;&#x63;&#104;&#115;&#101;n&#46;&#x64;&#x65;\">E-Mail: &#112;&#x6f;&#x73;t&#115;&#x74;e&#108;&#x6c;&#x65;&#64;&#x6c;&#x66;d&#46;&#x6e;i&#101;&#x64;&#x65;&#114;&#x73;&#x61;c&#104;&#x73;e&#110;&#x2e;&#x64;&#101;<\/a><\/p>\n","protected":false},"excerpt":{"rendered":"<p>I. Name und Anschrift des Verantwortlichen Grundschule Calberlah An der Sporthalle 1 38547 Calberlah Telefon: 0 53 74 \/ 96 56 &#8211; 10 info @ gs-calberlah.de Vertretungsberechtigt Schulleitung Ingo Hagedorn II. Kontaktdaten der oder des Datenschutzbeauftragten Tel.: 0 53 74 \/ 96 56 &#8211; 10 info @ gs-calberlah.de III. Bereitstellung der Website und Erstellung von [&hellip;]<\/p>\n","protected":false},"author":9192886,"featured_media":0,"parent":0,"menu_order":0,"comment_status":"closed","ping_status":"closed","template":"","meta":{"footnotes":""},"class_list":["post-56","page","type-page","status-publish","hentry"],"_links":{"self":[{"href":"https:\/\/wordpress.nibis.de\/gscalberlah\/wp-json\/wp\/v2\/pages\/56","targetHints":{"allow":["GET"]}}],"collection":[{"href":"https:\/\/wordpress.nibis.de\/gscalberlah\/wp-json\/wp\/v2\/pages"}],"about":[{"href":"https:\/\/wordpress.nibis.de\/gscalberlah\/wp-json\/wp\/v2\/types\/page"}],"author":[{"embeddable":true,"href":"https:\/\/wordpress.nibis.de\/gscalberlah\/wp-json\/wp\/v2\/users\/9192886"}],"replies":[{"embeddable":true,"href":"https:\/\/wordpress.nibis.de\/gscalberlah\/wp-json\/wp\/v2\/comments?post=56"}],"version-history":[{"count":10,"href":"https:\/\/wordpress.nibis.de\/gscalberlah\/wp-json\/wp\/v2\/pages\/56\/revisions"}],"predecessor-version":[{"id":5301,"href":"https:\/\/wordpress.nibis.de\/gscalberlah\/wp-json\/wp\/v2\/pages\/56\/revisions\/5301"}],"wp:attachment":[{"href":"https:\/\/wordpress.nibis.de\/gscalberlah\/wp-json\/wp\/v2\/media?parent=56"}],"curies":[{"name":"wp","href":"https:\/\/api.w.org\/{rel}","templated":true}]}}