{"id":5960,"date":"2026-03-03T09:26:04","date_gmt":"2026-03-03T08:26:04","guid":{"rendered":"https:\/\/wordpress.nibis.de\/gscalberlah\/?page_id=5960"},"modified":"2026-03-03T09:33:32","modified_gmt":"2026-03-03T08:33:32","slug":"unsere-schulregeln","status":"publish","type":"page","link":"https:\/\/wordpress.nibis.de\/gscalberlah\/ueber-uns\/unsere-schulregeln\/","title":{"rendered":"Unsere Schulregeln"},"content":{"rendered":"<h2><span style=\"color: #bccf00\"><strong>Miteinander stark \u2013 unsere Schulregeln<\/strong><\/span><\/h2>\n<p style=\"text-align: left\">Unsere Verhaltensregeln sorgen daf\u00fcr, dass sich alle Kinder an unserer Schule sicher und wohlf\u00fchlen. Unter dem Motto <span style=\"color: #009ba4\"><strong>\u201eSchule bewegt uns\u201c<\/strong><\/span> legen wir Wert auf ein respektvolles Miteinander, gegenseitige Unterst\u00fctzung und ein gemeinsames Lernen in einer positiven Umgebung.<\/p>\n<ol>\n<li><span style=\"color: #009ba4\"><strong>Wir gehen freundlich miteinander um<\/strong><\/span><strong><span style=\"color: #009ba4\">.<\/span><br \/>\n<\/strong>Wir sind nett zueinander, helfen uns und nehmen R\u00fccksicht. K\u00f6rperliche und verbale Gewalt haben bei uns keinen Platz.<\/li>\n<li><strong><span style=\"color: #009ba4\">Wir halten uns an die \u201eSTOPP-Regel\u201c.<\/span><br \/>\n<\/strong>Das bedeutet: Wenn mir jemand mit Worten, Gesten oder Taten weh tut, sage ich \u201eStopp\u201c. Danach l\u00f6sen wir das Problem:<\/p>\n<ul style=\"list-style-type: circle\">\n<li>Alleine, wenn es geht.<\/li>\n<li>Mit Hilfe von anderen Streitschlichtern oder anderen Kindern.<\/li>\n<li>Mit Unterst\u00fctzung von Erwachsenen.<\/li>\n<li>Im Klassenrat.<\/li>\n<\/ul>\n<\/li>\n<li><span style=\"color: #009ba4\"><strong>Wir passen auf unsere Sachen und auf die der anderen auf.<\/strong><\/span><br \/>\nDinge, die wir uns ausleihen, geben wir wieder zur\u00fcck.<\/li>\n<li><strong><span style=\"color: #009ba4\">Alle Kinder helfen bei den Hof- und Klassendiensten mit.<\/span><br \/>\n<\/strong>So bleibt unsere Schule sauber und ordentlich.<\/li>\n<li><span style=\"color: #009ba4\"><strong>Wir verhalten uns im Schulgeb\u00e4ude leise, tragen Hausschuhe und bewegen uns langsam.<\/strong><\/span><br \/>\nSo k\u00f6nnen alle gut lernen und arbeiten, und es bleibt sicher f\u00fcr alle.<\/li>\n<li><strong><span style=\"color: #009ba4\">Nach dem Klingeln gehen wir z\u00fcgig nach drau\u00dfen und halten uns nicht im Geb\u00e4ude auf.<\/span><br \/>\n<\/strong>Dabei beachten wir die Pausenregeln.<\/li>\n<li><strong><span style=\"color: #009ba4\">Handys, Smartwatches und andere elektronische Ger\u00e4te bleiben zu Hause.<\/span><br \/>\n<\/strong>Das gilt auch f\u00fcr Sammelkarten, Wertgegenst\u00e4nde und gef\u00e4hrliche Dinge.<\/li>\n<\/ol>\n<p>Calberlah, im Februar 2025<\/p>\n","protected":false},"excerpt":{"rendered":"<p>Miteinander stark \u2013 unsere Schulregeln Unsere Verhaltensregeln sorgen daf\u00fcr, dass sich alle Kinder an unserer Schule sicher und wohlf\u00fchlen. Unter dem Motto \u201eSchule bewegt uns\u201c legen wir Wert auf ein respektvolles Miteinander, gegenseitige Unterst\u00fctzung und ein gemeinsames Lernen in einer positiven Umgebung. Wir gehen freundlich miteinander um. Wir sind nett zueinander, helfen uns und nehmen [&hellip;]<\/p>\n","protected":false},"author":9192886,"featured_media":0,"parent":16,"menu_order":3,"comment_status":"closed","ping_status":"closed","template":"","meta":{"footnotes":""},"class_list":["post-5960","page","type-page","status-publish","hentry"],"_links":{"self":[{"href":"https:\/\/wordpress.nibis.de\/gscalberlah\/wp-json\/wp\/v2\/pages\/5960","targetHints":{"allow":["GET"]}}],"collection":[{"href":"https:\/\/wordpress.nibis.de\/gscalberlah\/wp-json\/wp\/v2\/pages"}],"about":[{"href":"https:\/\/wordpress.nibis.de\/gscalberlah\/wp-json\/wp\/v2\/types\/page"}],"author":[{"embeddable":true,"href":"https:\/\/wordpress.nibis.de\/gscalberlah\/wp-json\/wp\/v2\/users\/9192886"}],"replies":[{"embeddable":true,"href":"https:\/\/wordpress.nibis.de\/gscalberlah\/wp-json\/wp\/v2\/comments?post=5960"}],"version-history":[{"count":3,"href":"https:\/\/wordpress.nibis.de\/gscalberlah\/wp-json\/wp\/v2\/pages\/5960\/revisions"}],"predecessor-version":[{"id":5966,"href":"https:\/\/wordpress.nibis.de\/gscalberlah\/wp-json\/wp\/v2\/pages\/5960\/revisions\/5966"}],"up":[{"embeddable":true,"href":"https:\/\/wordpress.nibis.de\/gscalberlah\/wp-json\/wp\/v2\/pages\/16"}],"wp:attachment":[{"href":"https:\/\/wordpress.nibis.de\/gscalberlah\/wp-json\/wp\/v2\/media?parent=5960"}],"curies":[{"name":"wp","href":"https:\/\/api.w.org\/{rel}","templated":true}]}}