{"id":1285,"date":"2021-02-19T16:37:12","date_gmt":"2021-02-19T15:37:12","guid":{"rendered":"https:\/\/wordpress.nibis.de\/gsdersum\/?page_id=1285"},"modified":"2021-11-09T16:38:18","modified_gmt":"2021-11-09T15:38:18","slug":"startseite","status":"publish","type":"page","link":"https:\/\/wordpress.nibis.de\/gsdersum\/startseite\/","title":{"rendered":"Startseite"},"content":{"rendered":"<h1 style=\"text-align: center\"><span style=\"color: #0000ff\"><strong>Herzlich willkommen auf den Seiten der Grundschule Dersum!<\/strong><strong><br \/>\n<\/strong><\/span><\/h1>\n<p>Die Grundschule Dersum ist eine <strong>Verl\u00e4ssliche Grundschule<\/strong> mit garantierten Anfangs- und Schlusszeiten von 7.30-12.35 Uhr.<\/p>\n<p>Als <strong>Offene Ganztagsschule<\/strong> h\u00e4lt sie an drei Tagen in der Woche (Montag, Dienstag, Mittwoch) von 12.45 Uhr bis 15.45 Uhr ein freiwilliges Ganztagsangebot vor. Das bedeutet, dass die Sch\u00fclerInnen bei Bedarf nach Wahl ein Mittagessen einnehmen k\u00f6nnen, anschlie\u00dfend unter Aufsicht ihre Hausaufgaben erledigen und schlie\u00dflich ein \u201eoffenes\u201c Betreuungsangebot drinnen bzw. drau\u00dfen nach unterschiedlichen Schwerpunkten (Kreativit\u00e4t, Experimentieren, Medien, Sport und Bewegung, Musik und Tanz, Kochen und Backen, Kino, Feste feiern, \u2026) durchlaufen. W\u00e4hrend der Ganztagsbetreuung ist durchg\u00e4ngig mind. eine p\u00e4dagogische Mitarbeiterin als Ansprechpartnerin f\u00fcr die teilnehmenden Sch\u00fcler*innen anwesend.<\/p>\n<p>Die Grundschule Dersum ist eine <strong>inklusive Schule<\/strong>, d.h. hier werden alle Kinder unter einem Dach unterrichtet.<\/p>\n","protected":false},"excerpt":{"rendered":"<p>Herzlich willkommen auf den Seiten der Grundschule Dersum! Die Grundschule Dersum ist eine Verl\u00e4ssliche Grundschule mit garantierten Anfangs- und Schlusszeiten von 7.30-12.35 Uhr. Als Offene Ganztagsschule h\u00e4lt sie an drei Tagen in der Woche (Montag, Dienstag, Mittwoch) von 12.45 Uhr &hellip; <a href=\"https:\/\/wordpress.nibis.de\/gsdersum\/startseite\/\">Weiterlesen <span class=\"meta-nav\">&rarr;<\/span><\/a><\/p>\n","protected":false},"author":9193135,"featured_media":0,"parent":0,"menu_order":0,"comment_status":"closed","ping_status":"closed","template":"","meta":{"footnotes":""},"class_list":["post-1285","page","type-page","status-publish","hentry"],"_links":{"self":[{"href":"https:\/\/wordpress.nibis.de\/gsdersum\/wp-json\/wp\/v2\/pages\/1285","targetHints":{"allow":["GET"]}}],"collection":[{"href":"https:\/\/wordpress.nibis.de\/gsdersum\/wp-json\/wp\/v2\/pages"}],"about":[{"href":"https:\/\/wordpress.nibis.de\/gsdersum\/wp-json\/wp\/v2\/types\/page"}],"author":[{"embeddable":true,"href":"https:\/\/wordpress.nibis.de\/gsdersum\/wp-json\/wp\/v2\/users\/9193135"}],"replies":[{"embeddable":true,"href":"https:\/\/wordpress.nibis.de\/gsdersum\/wp-json\/wp\/v2\/comments?post=1285"}],"version-history":[{"count":15,"href":"https:\/\/wordpress.nibis.de\/gsdersum\/wp-json\/wp\/v2\/pages\/1285\/revisions"}],"predecessor-version":[{"id":1690,"href":"https:\/\/wordpress.nibis.de\/gsdersum\/wp-json\/wp\/v2\/pages\/1285\/revisions\/1690"}],"wp:attachment":[{"href":"https:\/\/wordpress.nibis.de\/gsdersum\/wp-json\/wp\/v2\/media?parent=1285"}],"curies":[{"name":"wp","href":"https:\/\/api.w.org\/{rel}","templated":true}]}}