{"id":25,"date":"2019-05-28T08:04:25","date_gmt":"2019-05-28T06:04:25","guid":{"rendered":"https:\/\/wordpress.nibis.de\/gsdersum\/?page_id=25"},"modified":"2025-12-18T19:04:37","modified_gmt":"2025-12-18T18:04:37","slug":"foerderverein","status":"publish","type":"page","link":"https:\/\/wordpress.nibis.de\/gsdersum\/foerderverein\/","title":{"rendered":"F\u00f6rderverein"},"content":{"rendered":"\n<p><img loading=\"lazy\" decoding=\"async\" class=\"alignnone wp-image-3841 \" src=\"https:\/\/wordpress.nibis.de\/gsdersum\/files\/2025\/01\/Screenshot-2025-01-16-112854.png\" alt=\"\" width=\"752\" height=\"212\" srcset=\"https:\/\/wordpress.nibis.de\/gsdersum\/files\/2025\/01\/Screenshot-2025-01-16-112854.png 816w, https:\/\/wordpress.nibis.de\/gsdersum\/files\/2025\/01\/Screenshot-2025-01-16-112854-768x216.png 768w\" sizes=\"auto, (max-width: 752px) 100vw, 752px\" \/><\/p>\n\n\n\n<p>Der F\u00f6rderverein der Grundschule Dersum e.V. wurde 2007 gegr\u00fcndet. Ziel des Vereins ist es, die Zusammenarbeit und das Zusammengeh\u00f6rigkeitsgef\u00fchl zwischen Schule, Eltern, ehemaligen Sch\u00fclern, Freunden der Schule und der Gemeinde zu erhalten und zu f\u00f6rdern.<br \/>Au\u00dferdem wird durch und mit dem Verein die Schulqualit\u00e4t verbessert. Dabei \u00fcbernimmt oder begleitet der F\u00f6rderverein nur die Aufgaben bzw. Ma\u00dfnahmen, die nicht durch die Schule oder den Schultr\u00e4ger erbracht werden k\u00f6nnen. Dabei steht die Qualit\u00e4t des Unterrichts und die Betreuung der Kinder an erster Stelle.<\/p>\n<p><br \/><strong>Beispiele unserer Arbeit:<\/strong><br \/>In jedem Schuljahr \u00fcbernehmen wir komplett alle Materialkosten der Betreuungsangebote im Nachmittagsbereich und statten inzwischen schon traditionell die Erstkl\u00e4ssler mit neuen Schul-T-Shirts aus. Zudem unterst\u00fctzen wir die Schule durch Lehrmittel, die den Unterricht sinnvoll erg\u00e4nzen und nicht vom Schultr\u00e4ger \u00fcbernommen werden. Im vergangenen Schuljahr konnte beispielsweise ein Klassensatz neuer Ganzschriften f\u00fcr das Fach Deutsch angeschafft werden. Au\u00dferdem wurden die Kosten f\u00fcr Pausenspielzeug (Outdoor- und Gesellschaftsspiele) \u00fcbernommen und das Fitness- und Gesundheitsprojekt \u201eFit for fun\u201c finanziell unterst\u00fctzt.<br \/>Eintrittsgelder und Busfahrten werden ebenfalls vom F\u00f6rderverein gezahlt.<br \/>Uns liegt es am Herzen, ein gutes Lernklima f\u00fcr unsere Kinder zu schaffen. Sei es mit vielen kleinen Aktionen oder gr\u00f6\u00dferen Investitionen.<br \/>Daf\u00fcr ben\u00f6tigen wir eure Unterst\u00fctzung!<\/p>\n<p>Dem\u00a0<strong>Vorstand<\/strong>\u00a0geh\u00f6ren an:<\/p>\n<p>1. Vorsitzende: Petra Schulte<br \/>2. Vorsitzender: J\u00fcrgen Theilen<br \/>Schriftf\u00fchrerin: Stefanie Ahlers<br \/>Kassenwartin: Jana Co\u00dfmann<br \/>1. Beisitzerin: Cornelia Kuper-Eiken<br \/>2. Beisitzerin: Monika Gerdes<br \/>3. Beisitzerin: Nicole Ottens<\/p>\n<div class=\"wp-block-image\"><img loading=\"lazy\" decoding=\"async\" class=\"wpa-warning wpa-image-missing-alt alignnone wp-image-4592 size-full\" src=\"https:\/\/wordpress.nibis.de\/gsdersum\/files\/2025\/12\/Foerderverein2025.jpg\" alt=\"Vorstand\" width=\"600\" height=\"593\" data-warning=\"Missing alt text\" srcset=\"https:\/\/wordpress.nibis.de\/gsdersum\/files\/2025\/12\/Foerderverein2025.jpg 600w, https:\/\/wordpress.nibis.de\/gsdersum\/files\/2025\/12\/Foerderverein2025-100x99.jpg 100w\" sizes=\"auto, (max-width: 600px) 100vw, 600px\" \/><\/div>\n<p><br \/>\u00a0 \u00a0 \u00a0 \u00a0 \u00a0 \u00a0 \u00a0 \u00a0 \u00a0 \u00a0 \u00a0 \u00a0 \u00a0 \u00a0 \u00a0 \u00a0 \u00a0<\/p>\n\n\n\n<p>Die Beitrittserkl\u00e4rung finden Sie hier:<\/p>\n<p><a href=\"https:\/\/wordpress.nibis.de\/gsdersum\/files\/2025\/01\/Foerderverein-Beitrittserklaerung-2025.pdf\">F\u00f6rderverein Beitrittserkl\u00e4rung 2025<\/a><\/p>\n<p>&nbsp;<\/p>\n\n\n","protected":false},"excerpt":{"rendered":"<p>Der F\u00f6rderverein der Grundschule Dersum e.V. wurde 2007 gegr\u00fcndet. Ziel des Vereins ist es, die Zusammenarbeit und das Zusammengeh\u00f6rigkeitsgef\u00fchl zwischen Schule, Eltern, ehemaligen Sch\u00fclern, Freunden der Schule und der Gemeinde zu erhalten und zu f\u00f6rdern.Au\u00dferdem wird durch und mit dem &hellip; <a href=\"https:\/\/wordpress.nibis.de\/gsdersum\/foerderverein\/\">Weiterlesen <span class=\"meta-nav\">&rarr;<\/span><\/a><\/p>\n","protected":false},"author":9193135,"featured_media":0,"parent":0,"menu_order":0,"comment_status":"closed","ping_status":"closed","template":"","meta":{"footnotes":""},"class_list":["post-25","page","type-page","status-publish","hentry"],"_links":{"self":[{"href":"https:\/\/wordpress.nibis.de\/gsdersum\/wp-json\/wp\/v2\/pages\/25","targetHints":{"allow":["GET"]}}],"collection":[{"href":"https:\/\/wordpress.nibis.de\/gsdersum\/wp-json\/wp\/v2\/pages"}],"about":[{"href":"https:\/\/wordpress.nibis.de\/gsdersum\/wp-json\/wp\/v2\/types\/page"}],"author":[{"embeddable":true,"href":"https:\/\/wordpress.nibis.de\/gsdersum\/wp-json\/wp\/v2\/users\/9193135"}],"replies":[{"embeddable":true,"href":"https:\/\/wordpress.nibis.de\/gsdersum\/wp-json\/wp\/v2\/comments?post=25"}],"version-history":[{"count":39,"href":"https:\/\/wordpress.nibis.de\/gsdersum\/wp-json\/wp\/v2\/pages\/25\/revisions"}],"predecessor-version":[{"id":4620,"href":"https:\/\/wordpress.nibis.de\/gsdersum\/wp-json\/wp\/v2\/pages\/25\/revisions\/4620"}],"wp:attachment":[{"href":"https:\/\/wordpress.nibis.de\/gsdersum\/wp-json\/wp\/v2\/media?parent=25"}],"curies":[{"name":"wp","href":"https:\/\/api.w.org\/{rel}","templated":true}]}}