{"id":276,"date":"2019-08-07T10:39:39","date_gmt":"2019-08-07T08:39:39","guid":{"rendered":"https:\/\/wordpress.nibis.de\/gsdersum\/?page_id=276"},"modified":"2020-04-20T17:03:21","modified_gmt":"2020-04-20T15:03:21","slug":"schulordnung","status":"publish","type":"page","link":"https:\/\/wordpress.nibis.de\/gsdersum\/schulordnung\/","title":{"rendered":"Schulordnung"},"content":{"rendered":"\n<p><br \/><img loading=\"lazy\" decoding=\"async\" class=\"size-thumbnail wp-image-315 aligncenter\" src=\"https:\/\/wordpress.nibis.de\/gsdersum\/files\/2019\/08\/schulordnung-250x141.png\" alt=\"\" width=\"250\" height=\"141\" \/><\/p>\n<p>Damit sich <u>alle<\/u> an unserer Schule wohlf\u00fchlen, halte ich mich an folgende Regeln:<\/p>\n<p>\u00a0<\/p>\n<ol>\n<li>Wir kommen p\u00fcnktlich zur Schule.<\/li>\n<li>Wir stellen die Fahrr\u00e4der in den Fahrradstand.<\/li>\n<li>Wir h\u00e4ngen unsere Sachen an den Kleiderhaken und ziehen Hausschuhe an.<\/li>\n<li>Wir sind freundlich und fair zueinander.<\/li>\n<li>Wir verhalten uns ruhig im Schulgeb\u00e4ude.<\/li>\n<li>Wir gehen mit unseren und fremden Sachen ordentlich und achtsam um.<\/li>\n<li>Wir r\u00e4umen benutzte Dinge an ihren Platz zur\u00fcck.<\/li>\n<li>Wir werfen M\u00fcll in die entsprechenden M\u00fclleimer.<\/li>\n<li>Wir halten uns an die Spielregeln und alle Abmachungen.<\/li>\n<li>Wir f\u00fchren angenommene Dienste selbstst\u00e4ndig und zuverl\u00e4ssig aus.<\/li>\n<\/ol>\n<p>\u00a0<\/p>\n<p>___________________\u00a0\u00a0 ___________________\u00a0\u00a0 ____________________<\/p>\n<p>\u00a0 \u00a0 \u00a0 \u00a0(Unterschrift Sch\u00fcler)\u00a0 \u00a0 \u00a0 \u00a0 \u00a0 \u00a0 (Unterschrift Eltern)\u00a0 \u00a0 \u00a0 \u00a0 \u00a0 \u00a0(Unterschrift Klassenlehrer)<\/p>\n<p>\u00a0<\/p>\n<p>Bei Verst\u00f6\u00dfen greifen unsere abgesprochenen schulinternen Ma\u00dfnahmen!<\/p>\n<p>\u00a0<\/p>\n<p>\u00a0<\/p>\n","protected":false},"excerpt":{"rendered":"<p>Damit sich alle an unserer Schule wohlf\u00fchlen, halte ich mich an folgende Regeln: \u00a0 Wir kommen p\u00fcnktlich zur Schule. Wir stellen die Fahrr\u00e4der in den Fahrradstand. Wir h\u00e4ngen unsere Sachen an den Kleiderhaken und ziehen Hausschuhe an. Wir sind freundlich &hellip; <a href=\"https:\/\/wordpress.nibis.de\/gsdersum\/schulordnung\/\">Weiterlesen <span class=\"meta-nav\">&rarr;<\/span><\/a><\/p>\n","protected":false},"author":9193135,"featured_media":0,"parent":0,"menu_order":0,"comment_status":"closed","ping_status":"closed","template":"","meta":{"footnotes":""},"class_list":["post-276","page","type-page","status-publish","hentry"],"_links":{"self":[{"href":"https:\/\/wordpress.nibis.de\/gsdersum\/wp-json\/wp\/v2\/pages\/276","targetHints":{"allow":["GET"]}}],"collection":[{"href":"https:\/\/wordpress.nibis.de\/gsdersum\/wp-json\/wp\/v2\/pages"}],"about":[{"href":"https:\/\/wordpress.nibis.de\/gsdersum\/wp-json\/wp\/v2\/types\/page"}],"author":[{"embeddable":true,"href":"https:\/\/wordpress.nibis.de\/gsdersum\/wp-json\/wp\/v2\/users\/9193135"}],"replies":[{"embeddable":true,"href":"https:\/\/wordpress.nibis.de\/gsdersum\/wp-json\/wp\/v2\/comments?post=276"}],"version-history":[{"count":6,"href":"https:\/\/wordpress.nibis.de\/gsdersum\/wp-json\/wp\/v2\/pages\/276\/revisions"}],"predecessor-version":[{"id":614,"href":"https:\/\/wordpress.nibis.de\/gsdersum\/wp-json\/wp\/v2\/pages\/276\/revisions\/614"}],"wp:attachment":[{"href":"https:\/\/wordpress.nibis.de\/gsdersum\/wp-json\/wp\/v2\/media?parent=276"}],"curies":[{"name":"wp","href":"https:\/\/api.w.org\/{rel}","templated":true}]}}