{"id":282,"date":"2019-08-07T10:46:38","date_gmt":"2019-08-07T08:46:38","guid":{"rendered":"https:\/\/wordpress.nibis.de\/gsdersum\/?page_id=282"},"modified":"2026-02-04T08:52:18","modified_gmt":"2026-02-04T07:52:18","slug":"anmeldebogen-wissenswertes","status":"publish","type":"page","link":"https:\/\/wordpress.nibis.de\/gsdersum\/anmeldebogen-wissenswertes\/","title":{"rendered":"Anmeldebogen \/ Wissenswertes"},"content":{"rendered":"<p><strong><u>Ganztagsbetreuung im Schuljahr <\/u><\/strong><strong><u>2025\/26<\/u><\/strong><strong><u> (2<\/u><\/strong><strong><u>. Halbjahr)<\/u><\/strong><\/p>\n<p>Sehr geehrte Erziehungsberechtigte, liebe Eltern,<br \/>\nim zweiten Halbjahr des aktuellen Schuljahres 2025\/26 (ab Mittwoch, 04.02.2026) werden wir Ihren Kindern im Rahmen der Offenen Ganztagsschule wieder eine Betreuung an drei<br \/>\nNachmittagen in der Woche (Montag, Dienstag, Mittwoch) anbieten.<br \/>\nAn allen drei Tagen folgt nach der Mittags-\/Bewegungspause und der Hausaufgabenbetreuung jeweils mindestens eine themengebundene AG (siehe \u00dcbersicht unten).<br \/>\nDie Sch\u00fcler*innen k\u00f6nnen aus folgenden Modulen flexibel ausw\u00e4hlen:<br \/>\n1. Mittags-\/Bewegungspause, Hausaufgabenbetreuung, AG \u2192 die Betreuungszeit\/AG endet um 15.45 Uhr, die Fahrsch\u00fcler*innen k\u00f6nnen mit dem Bus nach Hause fahren<br \/>\n2. Mittags-\/Bewegungspause, Hausaufgabenbetreuung \u2192 die HA-Betreuung endet um<br \/>\n14.15 Uhr, es f\u00e4hrt kein Bus, d.h. die Fahrsch\u00fcler*innen m\u00fcssten von der Schule<br \/>\nabgeholt werden<br \/>\n3. Mittags-\/Bewegungspause \u2192 die Mittags-\/Bewegungspause endet um 13.30 Uhr, die<br \/>\nFahrsch\u00fcler*innen k\u00f6nnen mit dem Bus nach Hause fahren<br \/>\nGrunds\u00e4tzlich ist die Ganztagsbetreuung freiwillig! Aber meldet man sich f\u00fcr eine o.g. Variante<br \/>\nan, ist die Teilnahme f\u00fcr ein Halbjahr verpflichtend! Abmeldungen sind nicht bzw. nur in<br \/>\nbegr\u00fcndeten Ausnahmef\u00e4llen m\u00f6glich!<br \/>\n<strong>Beginnen werden wir mit umseitig aufgef\u00fchrtem Programm in der 7. Kalenderwoche, so <\/strong><strong>dass es ab Montag, 09.02.2026 losgehen kann!<\/strong><\/p>\n<p><strong>Bitte geben Sie Ihrem Kind\/Ihren Kindern den beigef\u00fcgten Anmeldebogen zur besseren <\/strong><strong>Planung in jedem Fall bis sp\u00e4testens Mittwoch, 21.01.2026 wieder mit zur Schule.<\/strong><\/p>\n<p><strong>Hier der Link zum Anmeldebogen:<\/strong><\/p>\n<p><a href=\"https:\/\/wordpress.nibis.de\/gsdersum\/files\/2026\/02\/Anmeldebogen-GTB-202526-2.HJ_7.pdf\">Anmeldebogen-GTB-202526-2.HJ_(7)<\/a><\/p>\n<p>Die folgende Tabelle gibt einen zeitlichen und inhaltlichen \u00dcberblick:<\/p>\n<div class=\"wp-block-image\"><img loading=\"lazy\" decoding=\"async\" class=\"wpa-warning wpa-image-missing-alt alignnone wp-image-4723 size-full\" src=\"https:\/\/wordpress.nibis.de\/gsdersum\/files\/2026\/02\/Ganztag2.HJ_.jpg\" alt=\"Ganztag Tabelle\" width=\"823\" height=\"460\" data-warning=\"Missing alt text\" srcset=\"https:\/\/wordpress.nibis.de\/gsdersum\/files\/2026\/02\/Ganztag2.HJ_.jpg 823w, https:\/\/wordpress.nibis.de\/gsdersum\/files\/2026\/02\/Ganztag2.HJ_-768x429.jpg 768w, https:\/\/wordpress.nibis.de\/gsdersum\/files\/2026\/02\/Ganztag2.HJ_-100x56.jpg 100w\" sizes=\"auto, (max-width: 823px) 100vw, 823px\" \/><\/div>\n<h3><strong><u>Montag:<\/u><\/strong><\/h3>\n<p><strong>Leckeres aus der \u201eK\u00fcchenwerkstatt\u201c (Klassen 1-4):<\/strong> In der K\u00fcchenwerkstatt wird wieder gemeinsam gekocht, gesnackt und geschlemmt. Die Kinder erfahren, welche Nahrungssch\u00e4tze die Natur f\u00fcr uns bereitstellt und wie man daraus ganz einfach leckere Gerichte zubereiten kann. Durch vorwiegende Verwendung von regionalen und saisonalen Produkten wird dabei auch der Kreislauf der Natur ber\u00fccksichtigt und der kritische Blick der Kinder gesch\u00e4rft. Au\u00dferdem bleibt Zeit f\u00fcr spannende Experimente mit allt\u00e4glichen, aus der K\u00fcche bekannten Dingen.<\/p>\n<p><strong>Robotik-AG (Klasse 4):<\/strong> In unserer Robotik-AG entdecken wir spielerisch die Welt der kleinen Roboter. Gemeinsam programmieren wir Roboter, damit sie vorgegebene Wege abfahren, l\u00f6sen spannende Aufgaben und gestalten einfache Abl\u00e4ufe. Dabei wird get\u00fcftelt, ausprobiert und viel gespielt.<\/p>\n<h3><strong><u>Dienstag:<\/u><\/strong><\/h3>\n<p><strong>Tischtennis-AG (Klassen 1-4):<\/strong> Diese AG vermittelt den Kindern spielerisch grundlegende Schlagtechniken, Regeln und Taktiken und f\u00f6rdert die Koordination, Konzentration sowie soziale F\u00e4higkeiten, wobei der Spa\u00df im Vordergrund steht!<\/p>\n<p><strong>AG \u201eDrau\u00dfenzeit\u201c (Klassen 1-4):<\/strong> Jede Woche steht unter einem Motto \u2013 passend zur Jahreszeit oder einem Naturph\u00e4nomen. Wir bauen, forschen, spielen, schnitzen, lauschen, schreiben Naturtageb\u00fccher oder erleben einfach bewusst die Welt drau\u00dfen. Auch bei Regen sind wir unterwegs \u2013 mit passender Kleidung wird jedes Wetter zum Erlebnis! Neugierige und fr\u00f6hliche Entdecker sind hier genau richtig. Wetterangepasste Kleidung<br \/>\nund festes Schuhwerk sind erforderlich!<\/p>\n<h3><strong><u>Mittwoch:<\/u><\/strong><\/h3>\n<p><strong>\u201eFeel good!\u201c-AG (Klassen 1-4):<\/strong> In dieser AG m\u00f6chten wir alles das tun, was euch Spa\u00df macht! Je nach Interesse werden wir kreativ sein &#8211; mit verschiedenen Materialien und Techniken malen, basteln, gestalten, spielen &#8211; und einfach eine sch\u00f6ne Zeit zusammen haben. Hier einige Vorschl\u00e4ge: Schmuck aus bunten Perlen gestalten, Freundschaftsarmb\u00e4nder kn\u00fcpfen, Stoffe bemalen, Seife herstellen und vieles mehr. Bringt gute Laune und gerne auch eure eigenen Ideen mit!<\/p>\n<p><strong>Fu\u00dfball-AG (Klassen 1-4):<\/strong> Egal, ob im Verein oder nicht, alle sind in der Fu\u00dfball-AG herzlich willkommen! Bei der Jagd nach dem Ball stehen ganz klar der Spa\u00df und das Miteinander im Vordergrund. Im verschiedenen Spielformen wetteifern die Sch\u00fcler*innen gegeneinander. Wer Freude am Kicken und an der Bewegung hat, ist hier genau richtig. Wetterangepasste Sportkleidung und Sportschuhe mit abriebfesten Sohlen sind<br \/>\nerforderlich!<\/p>\n<p><strong><u>Hier noch Wissenswertes rund um die \u201eOffene Ganztagsschule\u201c<\/u><\/strong><\/p>\n<p><strong><em>Grunds\u00e4tzliches:<\/em><\/strong><br \/>\n<strong>Das Ganztagsangebot ist freiwillig, aber wenn man sich anmeldet, ist die Teilnahme f\u00fcr das <\/strong><strong>Schulhalbjahr verpflichtend! Abmeldungen w\u00e4hrend des Halbjahres sind nicht bzw. nur in <\/strong><strong>begr\u00fcndeten Ausnahmef\u00e4llen m\u00f6glich! Das Nachmittagsangebot ist dem Unterricht am <\/strong><strong>Vormittag \u2013 was die Teilnahme betrifft \u2013 gleichgestellt. \u00dcberlegen Sie also vor der Anmeldung <\/strong><strong>mit Ihrem Kind, ob es sich f\u00fcr ein halbes Jahr f\u00fcr einen Tag, zwei oder drei Tage pro Woche<\/strong><br \/>\n<strong>festlegen m\u00f6chte.<\/strong><\/p>\n<p><strong><em>Mittagsverpflegug:<\/em><\/strong><br \/>\nDas Mittagessen wird in der Mensa unseres Schulgeb\u00e4udes in der Zeit von 12.45 bis 13.15 Uhr<br \/>\neingenommen. Geliefert wird es von der Catering-Firma \u201eapetito\u201c. Dieser Anbieter ist seit Jahren \u00fcberregional in der Mittagsverpflegung aktiv und versorgt zahlreiche Ganztagsschulen, darunter etliche Grundschulen. Die Men\u00fcs sind tiefgek\u00fchlt und werden vor Ort in einem Kombid\u00e4mpfer hergerichtet und schlie\u00dflich von einer geschulten Servicekraft an die Kinder ausgegeben. W\u00e4hrend des Mittagessens werden die Kinder von einer p\u00e4dagogischen Mitarbeiterin betreut. Im Anschluss folgt eine 15-min\u00fctige Bewegungspause unter Aufsicht bis 13.30 Uhr.<br \/>\nDas Mittagessen besteht aus einem Hauptgericht und einem Dessert sowie tagesweise wechselnd einem Salat. Die aktuellen Men\u00fcpl\u00e4ne einschlie\u00dflich Allergen- und Zusatzstoffkennzeichnung h\u00e4ngen f\u00fcr die Kinder im Schulflur aus und k\u00f6nnen zudem auf der Schulhomepage eingesehen werden. Ein Men\u00fc kostet 4,00 \u20ac, ein Getr\u00e4nk ist nicht enthalten. Den Kindern wird aber zum Mittagessen Wasser angeboten.<br \/>\n<strong>Das Geld wird per Lastschriftverfahren eingezogen. Die Unterlagen hierzu erhalten Sie in den <\/strong><strong>ersten Wochen des zweiten Schulhalbjahres. Geben Sie Ihrem Kind bitte kein Bargeld mit in die Schule. Unter bestimmten Voraussetzungen k\u00f6nnen leistungsberechtigte Sch\u00fcler*innen im <\/strong><strong>Rahmen des Bildungs- und Teilhabepaketes des Bundes kostenfrei an der Mittagsverpflegung <\/strong><strong>teilnehmen. Bitte melden Sie sich, wenn Sie diesbez\u00fcglich Fragen haben.<\/strong><\/p>\n<p><strong><em>Hausaufgabenbetreuung:<\/em><\/strong><br \/>\nMontags bis mittwochs findet in der Zeit von 13.30 bis 14.15 Uhr eine Hausaufgaben<strong>betreuung<\/strong> &#8211; nicht aber eine Hausaufgaben<strong>hilfe<\/strong> &#8211; statt. Hier k\u00f6nnen die Sch\u00fcler*innen in Ruhe ihre Hausaufgaben anfertigen. <strong>Bitte bedenken Sie, dass die Kontrolle der Hausaufgaben nach wie vor in der <\/strong><strong>Verantwortung der Eltern verbleibt. Ich bitte Sie darum, die Hausaufgaben gemeinsam mit Ihrem<\/strong><br \/>\n<strong>Kind nachzubereiten!!!<\/strong><\/p>\n<p><strong><em>Arbeitsgemeinschaft (AG):<\/em><\/strong><br \/>\nIn den Arbeitsgemeinschaften wird der Freizeit- und Hobbybereich angesprochen. Sie finden in der Zeit von 14.15 bis 15.45 Uhr statt. Auch im Nachmittagsbereich m\u00fcssen die Kinder mit zuvor entsprechend aufgeforderter Ausstattung (Kochsch\u00fcrze, Malerkittel, Sportkleidung und Turnschuhe mit abriebfesten Sohlen!!!, wetterfeste Kleidung und festes Schuhwerk, &#8230;) ausger\u00fcstet sein. <strong>Die anfallenden Kosten f\u00fcr Verbrauchsmaterialien \u00fcbernimmt einmal mehr der F\u00f6rderverein der Grundschule Dersum. F\u00fcr diese gro\u00dfz\u00fcgige Unterst\u00fctzung bedanken wir uns herzlich!<\/strong><\/p>\n<p><strong><em>Aufsichtsregeln in der Offenen Ganztagsschule von 12.35 Uhr bis 15.45 Uhr:<\/em><\/strong><br \/>\n&#8211; Sch\u00fcler*innen, die nicht an der Ganztagsbetreuung teilnehmen, gehen bzw. fahren umgehend nach Hause.<br \/>\n&#8211; Sch\u00fcler*innen, die an der Ganztagsbetreuung teilnehmen, halten sich bitte nur in den von den Betreuer*innen ausgewiesenen \u00d6rtlichkeiten auf, denn nur diese werden beaufsichtigt. Alle \u00fcbrigen Bereiche des Schulgeb\u00e4udes und des Schulhofes sind keine Aufenthaltsorte!<br \/>\n&#8211; Im Anschluss an die Nachmittagsbetreuung verlassen die Sch\u00fcler*innen umgehend das<br \/>\nSchulgel\u00e4nde bzw. warten vor dem Haupteingang auf den Bus; w\u00e4hrend dieser Zeit werden die<br \/>\nSch\u00fcler*innen beaufsichtigt.<br \/>\n&#8211; Die Aufsichtspflicht an unserer Schule endet nach Abfahren des Busses um 13.35 Uhr bzw.<br \/>\n15.45 Uhr.<\/p>\n<p><strong><em>Versicherungsschutz\/ Aufsichtspflicht:<\/em><\/strong><br \/>\n<strong>Es sei noch einmal ausdr\u00fccklich darauf hingewiesen, dass Versicherungsschutz und <\/strong><strong>Aufsichtspflicht der Schule erl\u00f6schen, sofern ein Kind w\u00e4hrend der Mittagspause, der HA-<\/strong><strong>Betreuung bzw. der AG Schulgel\u00e4nde bzw. Sportst\u00e4tte unerlaubt verl\u00e4sst.<\/strong><br \/>\n<strong>Die Aufsichtspflicht endet nachmittags nach Abfahren des Busses um 13.35 Uhr bzw. 15.45 Uhr. Sofern Ihre Kinder nach der Offenen Ganztagsschule mit dem Auto abgeholt werden, m\u00f6chte ich Sie aus Sicherheitsgr\u00fcnden bitten, Ihre Kinder p\u00fcnktlich abzuholen, da nach 15.45 Uhr keine Aufsicht mehr gew\u00e4hrleistet ist!<\/strong><br \/>\n<strong>Bitte weisen Sie Ihr Kind\/Ihre Kinder auf o.g. Sicherheitsvorkehrungen hin!<\/strong><\/p>\n<p><strong><em>Entschuldigungspflicht:<\/em><\/strong><br \/>\nWenn ein Kind in begr\u00fcndeten Ausnahmef\u00e4llen nicht an der Nachmittagsbetreuung teilnehmen kann oder das Mittagsmen\u00fc nicht einnehmen m\u00f6chte, muss es genau wie f\u00fcr den Vormittagsunterricht bis <strong>8.00 Uhr <\/strong>in der Schule abgemeldet werden. <strong>Bei nicht fristgerechter Abmeldung m\u00fcssen wir Ihnen das <\/strong><strong>Mittagessen in Rechnung stellen, auch wenn Ihr Kind es nicht in Anspruch genommen hat.<\/strong> Sollte ein Sch\u00fcler\/eine Sch\u00fclerin zum wiederholten Male unentschuldigt im Nachmittagsbereich fehlen,<br \/>\nbehalten wir uns das Recht vor, den Sch\u00fcler\/die Sch\u00fclerin von der Ganztagsbetreuung auszuschlie\u00dfen.<\/p>\n<p><strong><em>Ausfall der Ganztagsbetreuung:<\/em><\/strong><br \/>\nSollte aus irgendeinem Grund die Nachmittagsbetreuung ausfallen, wird rechtzeitig informiert. An <strong>Zeugnisausgabetagen<\/strong> findet grunds\u00e4tzlich keine Nachmittagsbetreuung statt!<\/p>\n<p><strong><em>Verhaltensregeln im Ganztagsbereich:<\/em><\/strong><br \/>\n&#8211; Die Schultaschen und Sportsachen werden vor der Mittagspause vorbereitend in den Raum<br \/>\ngestellt, in dem die jeweilige HA-Betreuung stattfindet<br \/>\n&#8211; Die Kinder nehmen das Mittagessen in der Mensa ein<br \/>\n&#8211; Vor und nach dem Mittagessen werden die H\u00e4nde gewaschen<br \/>\n&#8211; Hygieneregeln, u.a. in den Arbeitsgemeinschaften werden eingehalten<br \/>\n&#8211; W\u00e4hrend des Mittagessens wird nicht getobt<br \/>\n&#8211; Nach der Mittags-\/Bewegungspause gehen die Kinder unverz\u00fcglich in die HA-Betreuung<br \/>\n&#8211; W\u00e4hrend der Hausaufgabenbetreuung wird in Ruhe gearbeitet<br \/>\n&#8211; Es wird w\u00e4hrend der HA-Betreuung nicht gegessen<br \/>\n&#8211; Die Schultaschen verbleiben nach der HA-Betreuung im Schulflur<br \/>\n&#8211; Die jeweiligen Betreuer*innen holen die entsprechenden Kinder zur AG ab<br \/>\n<strong>&#8211; W\u00e4hrend der AG sind die vom Betreuungspersonal auferlegten Regeln\u00a0 \u00a0 \u00a0 \u00a0 \u00a0 \u00a0 \u00a0 \u00a0einzuhalten! <\/strong><strong>Sch\u00fcler*innen, die durch ihr Verhalten die Nachmittagsbetreuung\u00a0 dauerhaft st\u00f6ren, <\/strong><strong>werden ausgeschlossen!<\/strong><br \/>\n&#8211; Nach der AG begleiten die entsprechenden Betreuer*innen die Kinder ggf. zur\u00fcck zur Schule;<br \/>\ndie Sch\u00fcler*innen verlassen dann umgehend das Schulgel\u00e4nde bzw. warten vor dem<br \/>\nHaupteingang auf den Bus; w\u00e4hrend dieser Zeit werden die Sch\u00fcler*innen beaufsichtigt.<\/p>\n<p><strong><em>Start der Nachmittagsbetreuung im zweiten Halbjahr des Schuljahres 2025\/26:<\/em><\/strong><\/p>\n<p>Nach Auswertung der Anmeldeb\u00f6gen erh\u00e4lt jedes teilnehmende Kind einen R\u00fcckmeldebogen. Eine Teilnehmerliste wird aus Gr\u00fcnden des Datenschutzes nicht mehr im Schulflur ausgeh\u00e4ngt. Sollte ein Ganztag nicht wie geplant stattfinden k\u00f6nnen, werden wir Sie rechtzeitig dar\u00fcber informieren. Jeweils am ersten Betreuungstag, d.h. Montag, 09.02. bzw. Dienstag, 10.02. bzw. Mittwoch, 11.02.2026 treffen sich alle \u201eGanztags-Sch\u00fcler*innen\u201c und Betreuer*innen um 12.45 Uhr in der Mensa. Hier stellen sich die Betreuer*innen vor, Raumplan und noch Wissenswertes werden bekannt gegeben. Wir hoffen auf Ihre Unterst\u00fctzung und freuen uns wieder auf eine angenehme Zusammenarbeit und<br \/>\neinen guten Start ins zweite Schulhalbjahr zugunsten unserer offenen Ganztagsschule.<\/p>\n<p>Stellvertretend f\u00fcr die p\u00e4dagogischen Mitarbeiter*innen und das Kollegium der GS Dersum<\/p>\n<p><em>C. Kuper-Eiken, Schulleiterin<\/em><\/p>\n","protected":false},"excerpt":{"rendered":"<p>Ganztagsbetreuung im Schuljahr 2025\/26 (2. Halbjahr) Sehr geehrte Erziehungsberechtigte, liebe Eltern, im zweiten Halbjahr des aktuellen Schuljahres 2025\/26 (ab Mittwoch, 04.02.2026) werden wir Ihren Kindern im Rahmen der Offenen Ganztagsschule wieder eine Betreuung an drei Nachmittagen in der Woche (Montag, &hellip; <a href=\"https:\/\/wordpress.nibis.de\/gsdersum\/anmeldebogen-wissenswertes\/\">Weiterlesen <span class=\"meta-nav\">&rarr;<\/span><\/a><\/p>\n","protected":false},"author":9193135,"featured_media":0,"parent":0,"menu_order":0,"comment_status":"closed","ping_status":"closed","template":"","meta":{"footnotes":""},"class_list":["post-282","page","type-page","status-publish","hentry"],"_links":{"self":[{"href":"https:\/\/wordpress.nibis.de\/gsdersum\/wp-json\/wp\/v2\/pages\/282","targetHints":{"allow":["GET"]}}],"collection":[{"href":"https:\/\/wordpress.nibis.de\/gsdersum\/wp-json\/wp\/v2\/pages"}],"about":[{"href":"https:\/\/wordpress.nibis.de\/gsdersum\/wp-json\/wp\/v2\/types\/page"}],"author":[{"embeddable":true,"href":"https:\/\/wordpress.nibis.de\/gsdersum\/wp-json\/wp\/v2\/users\/9193135"}],"replies":[{"embeddable":true,"href":"https:\/\/wordpress.nibis.de\/gsdersum\/wp-json\/wp\/v2\/comments?post=282"}],"version-history":[{"count":117,"href":"https:\/\/wordpress.nibis.de\/gsdersum\/wp-json\/wp\/v2\/pages\/282\/revisions"}],"predecessor-version":[{"id":4731,"href":"https:\/\/wordpress.nibis.de\/gsdersum\/wp-json\/wp\/v2\/pages\/282\/revisions\/4731"}],"wp:attachment":[{"href":"https:\/\/wordpress.nibis.de\/gsdersum\/wp-json\/wp\/v2\/media?parent=282"}],"curies":[{"name":"wp","href":"https:\/\/api.w.org\/{rel}","templated":true}]}}