{"id":31,"date":"2019-05-28T08:04:25","date_gmt":"2019-05-28T06:04:25","guid":{"rendered":"https:\/\/wordpress.nibis.de\/gsdersum\/?page_id=31"},"modified":"2020-09-06T17:20:10","modified_gmt":"2020-09-06T15:20:10","slug":"leitbild","status":"publish","type":"page","link":"https:\/\/wordpress.nibis.de\/gsdersum\/leitbild\/","title":{"rendered":"Unser Leitbild"},"content":{"rendered":"\n<p><img loading=\"lazy\" decoding=\"async\" class=\"aligncenter\" src=\"https:\/\/wordpress.nibis.de\/gsdersum\/files\/2020\/04\/logo-Dersum-e1587367236705.jpg\" width=\"451\" height=\"322\"><\/p>\n<p>&nbsp;<\/p>\n\n\n\n<p>Gem\u00e4\u00df unseres Leitspruches <strong><em>\u201e&#8230; ein St\u00fcck des Weges gemeinsam gehen &#8230;\u201c<\/em><\/strong> sind gemeinsam mit dem Schulelternrat, dem Kollegium und den P\u00e4dagogischen Mitarbeiterinnen\u00a0 <strong>Leits\u00e4tze<\/strong> erarbeitet worden, die bewusst kindgerecht und damit f\u00fcr unsere Sch\u00fclerinnen und Sch\u00fcler verst\u00e4ndlich formuliert sind:<\/p>\n<p><strong>\u00a0<\/strong><strong>(1) Es ist uns wichtig, dass die Sch\u00fcler mit Freude lernen und die Lehrer mit Freude unterrichten.<\/strong><\/p>\n<p>Der Grundschule Dersum ist ein Klima wichtig, in dem Lehrkr\u00e4fte und Sch\u00fclerInnen mit Freude gemeinsam produktiv und kreativ t\u00e4tig werden k\u00f6nnen. Eine funktionale Ausstattung, ein ruhiges Arbeitsklima, methodisch abwechslungsreicher Unterricht sowie die M\u00f6glichkeit des k\u00f6rperlichen Ausgleichs geh\u00f6ren dazu.<\/p>\n<p><strong>\u00a0<\/strong><strong>(2) Wir legen Wert auf kindgerechten Unterricht mit anschaulichen Materialien.<\/strong><\/p>\n<p><strong>\u00a0<\/strong>Die Grundschule Dersum legt Wert auf einen Unterricht, der anschaulich und kindgerecht viele Sinne anspricht. Besonders wichtig ist uns, dass Inhalte mit konkreten und praktischen Erfahrungen &#8211; auch im Ganztagsbereich &#8211; verkn\u00fcpft werden.<\/p>\n<p><strong>\u00a0<\/strong><strong>\u00a0<\/strong><strong>(3) Wir f\u00f6rdern und fordern. Jeder Sch\u00fcler hat besondere St\u00e4rken.<\/strong><\/p>\n<p>Die Grundschule Dersum unterst\u00fctzt die individuelle Entwicklung durch innere Differenzierung und f\u00f6rdert unterschiedliche Talente und Bed\u00fcrfnisse. Schwerpunkte bilden dabei die Bereiche Lesen, Sport und musisches Gestalten.\u00a0<\/p>\n<p><strong>(4) Wir halten kurze Gespr\u00e4chswege zwischen Sch\u00fclern, Eltern und Lehrern ein.<\/strong><\/p>\n<p>Die Grundschule Dersum legt besonderen Wert auf ein positives Kommunikationsklima. Uns ist wichtig, dass alle Beteiligten gut informiert werden und sich gemeinsam f\u00fcr die Schulentwicklung einsetzen. Ansprechbarkeit, direkte Informationswege und die Unterst\u00fctzung eines offenen, respektvollen Umgangs dienen dazu.<\/p>\n<p><em>\u00a0<\/em><strong>(5) Regeln helfen uns, r\u00fccksichtsvoll miteinander umzugehen.<\/strong><\/p>\n<p>Der Grundschule Dersum sind klare Strukturen und Regeln wichtig, die ein r\u00fccksichtsvolles Zusammenleben erleichtern und die Sozialkompetenz st\u00e4rken. Feste Zeiten, transparente Regeln und die Vermittlung eines gewaltfreien Umgangs mit anderen Menschen helfen dabei.<\/p>\n<p><strong>\u00a0<\/strong><strong>(6) Wir \u00fcbernehmen Verantwortung f\u00fcreinander und schlie\u00dfen niemanden aus.<\/strong><\/p>\n<p>Die Grundschule Dersum sieht sich als Gemeinschaft, in der Sch\u00fclerInnen, Lehrkr\u00e4fte, MitarbeiterInnen und Eltern \u201eein St\u00fcck des Weges gemeinsam gehen\u201c. Das bedeutet f\u00fcr uns, auf verschiedenen Ebenen Verantwortung zu \u00fcbernehmen: Wahrnehmung der Mitgestaltungsm\u00f6glichkeiten, Unterst\u00fctzung, Zusammenarbeit und Kooperation.<\/p>\n<p>\u00a0<\/p>\n<p>\u00a0<\/p>\n","protected":false},"excerpt":{"rendered":"<p>&nbsp; Gem\u00e4\u00df unseres Leitspruches \u201e&#8230; ein St\u00fcck des Weges gemeinsam gehen &#8230;\u201c sind gemeinsam mit dem Schulelternrat, dem Kollegium und den P\u00e4dagogischen Mitarbeiterinnen\u00a0 Leits\u00e4tze erarbeitet worden, die bewusst kindgerecht und damit f\u00fcr unsere Sch\u00fclerinnen und Sch\u00fcler verst\u00e4ndlich formuliert sind: \u00a0(1) &hellip; <a href=\"https:\/\/wordpress.nibis.de\/gsdersum\/leitbild\/\">Weiterlesen <span class=\"meta-nav\">&rarr;<\/span><\/a><\/p>\n","protected":false},"author":9193135,"featured_media":0,"parent":0,"menu_order":0,"comment_status":"closed","ping_status":"closed","template":"","meta":{"footnotes":""},"class_list":["post-31","page","type-page","status-publish","hentry"],"_links":{"self":[{"href":"https:\/\/wordpress.nibis.de\/gsdersum\/wp-json\/wp\/v2\/pages\/31","targetHints":{"allow":["GET"]}}],"collection":[{"href":"https:\/\/wordpress.nibis.de\/gsdersum\/wp-json\/wp\/v2\/pages"}],"about":[{"href":"https:\/\/wordpress.nibis.de\/gsdersum\/wp-json\/wp\/v2\/types\/page"}],"author":[{"embeddable":true,"href":"https:\/\/wordpress.nibis.de\/gsdersum\/wp-json\/wp\/v2\/users\/9193135"}],"replies":[{"embeddable":true,"href":"https:\/\/wordpress.nibis.de\/gsdersum\/wp-json\/wp\/v2\/comments?post=31"}],"version-history":[{"count":9,"href":"https:\/\/wordpress.nibis.de\/gsdersum\/wp-json\/wp\/v2\/pages\/31\/revisions"}],"predecessor-version":[{"id":944,"href":"https:\/\/wordpress.nibis.de\/gsdersum\/wp-json\/wp\/v2\/pages\/31\/revisions\/944"}],"wp:attachment":[{"href":"https:\/\/wordpress.nibis.de\/gsdersum\/wp-json\/wp\/v2\/media?parent=31"}],"curies":[{"name":"wp","href":"https:\/\/api.w.org\/{rel}","templated":true}]}}