{"id":32,"date":"2019-05-28T08:04:26","date_gmt":"2019-05-28T06:04:26","guid":{"rendered":"https:\/\/wordpress.nibis.de\/gsdersum\/?page_id=32"},"modified":"2025-01-16T11:27:20","modified_gmt":"2025-01-16T10:27:20","slug":"schulzeiten","status":"publish","type":"page","link":"https:\/\/wordpress.nibis.de\/gsdersum\/schulzeiten\/","title":{"rendered":"Schulzeiten"},"content":{"rendered":"\n<p><u>Unsere <strong>Unterrichts-\/ Pausen-\/ Betreuungszeiten:<\/strong><\/u><\/p>\n<p><strong><em>vormittags:<\/em><\/strong><\/p>\n<p>\u00a0 Fr\u00fchaufsicht: 7.30-7.55 Uhr<\/p>\n<p>\u00a0 0. Std.:\u00a0 \u00a0 \u00a0 \u00a0 \u00a0 \u00a0 7.35 Uhr \u2013 7.55 Uhr (F\u00f6rderunterricht)<\/p>\n<p>\u00a0 1.\/2. Std.:\u00a0 \u00a0 \u00a0 \u00a08.00 Uhr \u2013 9.30 Uhr *)<\/p>\n<ol start=\"3\">\n<li>Std.:\u00a0 \u00a0 \u00a0 \u00a0 \u00a0 \u00a010.00 Uhr \u2013 10.45 Uhr **)<\/li>\n<li>Std.:\u00a0 \u00a0 \u00a0 \u00a0 \u00a0 \u00a010.50 Uhr \u2013 11.35 Uhr ***)<\/li>\n<li>Std.:\u00a0 \u00a0 \u00a0 \u00a0 \u00a0 \u00a011.50 Uhr \u2013 12.35 Uhr ****) (VGS-Betreuung: Kl. 1 Mo, Mi, Do, Fr \u00a0\u00a0\u00a0\u00a0\u00a0\u00a0\u00a0\u00a0\u00a0\u00a0\u00a0\u00a0\u00a0\u00a0\u00a0\u00a0\u00a0\u00a0\u00a0\u00a0\u00a0\u00a0\u00a0\u00a0\u00a0\u00a0\u00a0\u00a0\u00a0\u00a0\u00a0\u00a0\u00a0\u00a0\u00a0\u00a0\u00a0\u00a0\u00a0\u00a0\u00a0\u00a0\u00a0\u00a0\u00a0\u00a0\u00a0\u00a0\u00a0\u00a0\u00a0\u00a0\u00a0\u00a0\u00a0\u00a0\u00a0\u00a0\u00a0\u00a0\u00a0\u00a0\u00a0\u00a0\u00a0\u00a0\u00a0\u00a0\u00a0\u00a0\u00a0\u00a0\u00a0\u00a0\u00a0\u00a0\u00a0\u00a0\u00a0\u00a0\u00a0\u00a0\u00a0\u00a0\u00a0\u00a0\u00a0\u00a0\u00a0\u00a0\u00a0\u00a0\u00a0\u00a0\u00a0\u00a0\u00a0\u00a0\u00a0\u00a0\u00a0\u00a0\u00a0 Kl. 2: Di, Mi, Fr)<\/li>\n<li>Std.:\u00a0 \u00a0 \u00a0 \u00a0 \u00a0 \u00a012.45 Uhr \u2013 13.30 Uhr<\/li>\n<\/ol>\n<p>Sp\u00e4taufsicht:\u00a0 \u00a013.30 Uhr \u2013 13.40 Uhr\u00a0\u00a0\u00a0\u00a0\u00a0\u00a0<\/p>\n<p>*) Die Sch\u00fcler verbleiben von 9.30 Uhr \u2013 9.40 Uhr zum gemeinsamen Fr\u00fchst\u00fcck im Klassenraum, anschlie\u00dfend bis 10.00 Uhr gro\u00dfe Schulhofpause<\/p>\n<p>**) 5-Minuten-Wechselpause: Sch\u00fcler und Lehrer wechseln die Klasse bzw. verbleiben im Klassenraum<\/p>\n<p>***) 15-Minuten-Schulhofpause<\/p>\n<p>****) 10-Minuten-Schulhofpause<\/p>\n<p><strong>\u00a0<\/strong>Aus <strong>Sicherheitsgr\u00fcnden<\/strong> wird morgens &#8211; sobald die Buskinder da sind &#8211; vorne im Eingangsbereich die T\u00fcr geschlossen. Die T\u00fcr nach hinten zu den Toiletten bleibt bis 8.00 Uhr und in den Pausen ge\u00f6ffnet. Um den Unterricht nicht zu st\u00f6ren, sollte nur im Notfall geklingelt werden. Vielen Dank f\u00fcr Ihr Verst\u00e4ndnis!<\/p>\n<p><strong>\u00a0n<\/strong><strong><em>achmittags (Montag &#8211; Mittwoch):<\/em><\/strong><\/p>\n<p>Mittagessen einschl. Bewegungspause\u00a0 \u00a012.45 Uhr \u2013 13.30 Uhr<\/p>\n<p>Hausaufgabenbetreuung\u00a0 \u00a0 \u00a0 \u00a0 \u00a0 \u00a0 \u00a0 \u00a0 \u00a0 \u00a0 \u00a0 \u00a0 \u00a0 \u00a0 \u00a0 \u00a0 \u00a0 \u00a0 \u00a0 13.30 Uhr \u2013 14.15 Uhr<\/p>\n<p>Betreuungsangebot\u00a0 \u00a0 \u00a0 \u00a0 \u00a0 \u00a0 \u00a0 \u00a0 \u00a0 \u00a0 \u00a0 \u00a0 \u00a0 \u00a0 \u00a0 \u00a0 \u00a0 \u00a0 \u00a0 \u00a0 \u00a0 \u00a0 \u00a0 \u00a014.15 Uhr \u2013 15.45 Uhr<\/p>\n<p>Die <strong>Aufsichtspflicht<\/strong> endet nachmittags nach Abfahren des Busses um 15.45 Uhr. Sofern Ihre Kinder nach der Offenen Ganztagsschule mit dem Auto abgeholt werden, m\u00f6chte ich Sie aus Sicherheitsgr\u00fcnden bitten, Ihre Kinder p\u00fcnktlich abzuholen, da nach 15.45 Uhr keine Aufsicht mehr gew\u00e4hrleistet ist! Vielen Dank f\u00fcr Ihr Verst\u00e4ndnis!<\/p>\n","protected":false},"excerpt":{"rendered":"<p>Unsere Unterrichts-\/ Pausen-\/ Betreuungszeiten: vormittags: \u00a0 Fr\u00fchaufsicht: 7.30-7.55 Uhr \u00a0 0. Std.:\u00a0 \u00a0 \u00a0 \u00a0 \u00a0 \u00a0 7.35 Uhr \u2013 7.55 Uhr (F\u00f6rderunterricht) \u00a0 1.\/2. Std.:\u00a0 \u00a0 \u00a0 \u00a08.00 Uhr \u2013 9.30 Uhr *) Std.:\u00a0 \u00a0 \u00a0 \u00a0 \u00a0 \u00a010.00 &hellip; <a href=\"https:\/\/wordpress.nibis.de\/gsdersum\/schulzeiten\/\">Weiterlesen <span class=\"meta-nav\">&rarr;<\/span><\/a><\/p>\n","protected":false},"author":9193135,"featured_media":0,"parent":0,"menu_order":0,"comment_status":"closed","ping_status":"closed","template":"","meta":{"footnotes":""},"class_list":["post-32","page","type-page","status-publish","hentry"],"_links":{"self":[{"href":"https:\/\/wordpress.nibis.de\/gsdersum\/wp-json\/wp\/v2\/pages\/32","targetHints":{"allow":["GET"]}}],"collection":[{"href":"https:\/\/wordpress.nibis.de\/gsdersum\/wp-json\/wp\/v2\/pages"}],"about":[{"href":"https:\/\/wordpress.nibis.de\/gsdersum\/wp-json\/wp\/v2\/types\/page"}],"author":[{"embeddable":true,"href":"https:\/\/wordpress.nibis.de\/gsdersum\/wp-json\/wp\/v2\/users\/9193135"}],"replies":[{"embeddable":true,"href":"https:\/\/wordpress.nibis.de\/gsdersum\/wp-json\/wp\/v2\/comments?post=32"}],"version-history":[{"count":25,"href":"https:\/\/wordpress.nibis.de\/gsdersum\/wp-json\/wp\/v2\/pages\/32\/revisions"}],"predecessor-version":[{"id":3839,"href":"https:\/\/wordpress.nibis.de\/gsdersum\/wp-json\/wp\/v2\/pages\/32\/revisions\/3839"}],"wp:attachment":[{"href":"https:\/\/wordpress.nibis.de\/gsdersum\/wp-json\/wp\/v2\/media?parent=32"}],"curies":[{"name":"wp","href":"https:\/\/api.w.org\/{rel}","templated":true}]}}