{"id":34,"date":"2019-05-28T08:04:26","date_gmt":"2019-05-28T06:04:26","guid":{"rendered":"https:\/\/wordpress.nibis.de\/gsdersum\/?page_id=34"},"modified":"2019-05-28T09:49:19","modified_gmt":"2019-05-28T07:49:19","slug":"anfahrt","status":"publish","type":"page","link":"https:\/\/wordpress.nibis.de\/gsdersum\/anfahrt\/","title":{"rendered":"Anfahrt"},"content":{"rendered":"\n<p>Die Grundschule Dersum liegt inmitten von Dersum, umgeben von Kirche, B\u00fcrgerbaum und aktivem Dorfleben.<br \/><br \/>Von der Autobahn 31 erreichen Sie Dersum:<br \/>&#8211; Abfahrt D\u00f6rpen<br \/>&#8211; Richtung D\u00f6rpen<br \/>&#8211; nach ca. 2 km an der Ampelkreuzung rechts abbiegen Richtung Dersum<br \/>&#8211; nach ca. 4 km kommen Sie in Dersum an und k\u00f6nnen bei der Durchfahrt<br \/>\u00a0 die Grundschule nicht verfehlen.<br \/><br \/>Von der Bundesstra\u00dfe 70:<br \/>&#8211; Abfahrt Richtung Autobahn 31 \/ Heede<br \/>&#8211; nach ca. 5 km an der Ampelkreuzung links abbiegen Richtung Dersum<br \/>&#8211; nach ca. 4 km kommen Sie in Dersum an.<\/p>\n\n\n\n<div class=\"wp-block-image\"><figure class=\"aligncenter\"><img loading=\"lazy\" decoding=\"async\" width=\"400\" height=\"300\" src=\"https:\/\/wordpress.nibis.de\/gsdersum\/files\/2019\/05\/grundschule_anfahrt02.jpg\" alt=\"\" class=\"wp-image-148\" srcset=\"https:\/\/wordpress.nibis.de\/gsdersum\/files\/2019\/05\/grundschule_anfahrt02.jpg 400w, https:\/\/wordpress.nibis.de\/gsdersum\/files\/2019\/05\/grundschule_anfahrt02-300x225.jpg 300w\" sizes=\"auto, (max-width: 400px) 100vw, 400px\" \/><\/figure><\/div>\n","protected":false},"excerpt":{"rendered":"<p>Die Grundschule Dersum liegt inmitten von Dersum, umgeben von Kirche, B\u00fcrgerbaum und aktivem Dorfleben. Von der Autobahn 31 erreichen Sie Dersum:&#8211; Abfahrt D\u00f6rpen&#8211; Richtung D\u00f6rpen&#8211; nach ca. 2 km an der Ampelkreuzung rechts abbiegen Richtung Dersum&#8211; nach ca. 4 km &hellip; <a href=\"https:\/\/wordpress.nibis.de\/gsdersum\/anfahrt\/\">Weiterlesen <span class=\"meta-nav\">&rarr;<\/span><\/a><\/p>\n","protected":false},"author":9193135,"featured_media":0,"parent":0,"menu_order":0,"comment_status":"closed","ping_status":"closed","template":"","meta":{"footnotes":""},"class_list":["post-34","page","type-page","status-publish","hentry"],"_links":{"self":[{"href":"https:\/\/wordpress.nibis.de\/gsdersum\/wp-json\/wp\/v2\/pages\/34","targetHints":{"allow":["GET"]}}],"collection":[{"href":"https:\/\/wordpress.nibis.de\/gsdersum\/wp-json\/wp\/v2\/pages"}],"about":[{"href":"https:\/\/wordpress.nibis.de\/gsdersum\/wp-json\/wp\/v2\/types\/page"}],"author":[{"embeddable":true,"href":"https:\/\/wordpress.nibis.de\/gsdersum\/wp-json\/wp\/v2\/users\/9193135"}],"replies":[{"embeddable":true,"href":"https:\/\/wordpress.nibis.de\/gsdersum\/wp-json\/wp\/v2\/comments?post=34"}],"version-history":[{"count":2,"href":"https:\/\/wordpress.nibis.de\/gsdersum\/wp-json\/wp\/v2\/pages\/34\/revisions"}],"predecessor-version":[{"id":149,"href":"https:\/\/wordpress.nibis.de\/gsdersum\/wp-json\/wp\/v2\/pages\/34\/revisions\/149"}],"wp:attachment":[{"href":"https:\/\/wordpress.nibis.de\/gsdersum\/wp-json\/wp\/v2\/media?parent=34"}],"curies":[{"name":"wp","href":"https:\/\/api.w.org\/{rel}","templated":true}]}}