{"id":600,"date":"2020-04-20T16:37:23","date_gmt":"2020-04-20T14:37:23","guid":{"rendered":"https:\/\/wordpress.nibis.de\/gsdersum\/?page_id=600"},"modified":"2020-10-15T10:26:16","modified_gmt":"2020-10-15T08:26:16","slug":"impressum-2","status":"publish","type":"page","link":"https:\/\/wordpress.nibis.de\/gsdersum\/impressum-2\/","title":{"rendered":"Impressum"},"content":{"rendered":"\n<p>Land Niedersachsen (Diensteanbieter im Sinne des Telemediengesetzes)<\/p>\n<p>\u00a0<\/p>\n<p>Das Land Niedersachsen ist eine juristische Person des \u00f6ffentlichen Rechts<\/p>\n<p>vertreten durch:<\/p>\n<p>Schulleitung:<\/p>\n<p>Cornelia Kuper-Eiken, Schulleiterin<\/p>\n<p>Grundschule Dersum<\/p>\n<p>Kolpingplatz 4<\/p>\n<p>26906 Dersum<\/p>\n<p>Tel.: 0 49 63\/90 98 02<\/p>\n<p>Fax: 0 49 63\/90 98 04<\/p>\n<p>E-Mail: &#x69;&#110;&#x66;&#x6f;&#64;&#x67;&#114;u&#x6e;&#100;s&#x63;&#104;&#x75;&#x6c;e&#x2d;&#100;e&#x72;&#115;u&#x6d;&#46;&#x64;&#x65;<\/p>\n<p>\u00a0<\/p>\n<p>Disclaimer<\/p>\n<p>Diese Webseite beinhaltet externe Links. Deren Inhalte entziehen sich unserer Einflussnahme, sodass eine Gew\u00e4hr f\u00fcr solche Inhalte von uns nicht \u00fcbernommen werden kann.<\/p>\n<p>Die Verantwortung liegt stets beim jeweiligen Betreiber der externen Seiten. Zum Zeitpunkt der Verkn\u00fcpfung der externen Links waren keine Rechtsverst\u00f6\u00dfe ersichtlich. Die permanente \u00dcberwachung fremder Inhalte auf Rechtsverst\u00f6\u00dfe ohne konkrete Hinweise ist uns nicht zumutbar.<\/p>\n<p>Sollten wir Kenntnis von Rechtsverletzungen erlangen, werden wir die entsprechenden externen Links unverz\u00fcglich entfernen.<\/p>\n<p>\u00a0<\/p>\n","protected":false},"excerpt":{"rendered":"<p>Land Niedersachsen (Diensteanbieter im Sinne des Telemediengesetzes) \u00a0 Das Land Niedersachsen ist eine juristische Person des \u00f6ffentlichen Rechts vertreten durch: Schulleitung: Cornelia Kuper-Eiken, Schulleiterin Grundschule Dersum Kolpingplatz 4 26906 Dersum Tel.: 0 49 63\/90 98 02 Fax: 0 49 63\/90 &hellip; <a href=\"https:\/\/wordpress.nibis.de\/gsdersum\/impressum-2\/\">Weiterlesen <span class=\"meta-nav\">&rarr;<\/span><\/a><\/p>\n","protected":false},"author":9193135,"featured_media":0,"parent":0,"menu_order":0,"comment_status":"closed","ping_status":"closed","template":"","meta":{"footnotes":""},"class_list":["post-600","page","type-page","status-publish","hentry"],"_links":{"self":[{"href":"https:\/\/wordpress.nibis.de\/gsdersum\/wp-json\/wp\/v2\/pages\/600","targetHints":{"allow":["GET"]}}],"collection":[{"href":"https:\/\/wordpress.nibis.de\/gsdersum\/wp-json\/wp\/v2\/pages"}],"about":[{"href":"https:\/\/wordpress.nibis.de\/gsdersum\/wp-json\/wp\/v2\/types\/page"}],"author":[{"embeddable":true,"href":"https:\/\/wordpress.nibis.de\/gsdersum\/wp-json\/wp\/v2\/users\/9193135"}],"replies":[{"embeddable":true,"href":"https:\/\/wordpress.nibis.de\/gsdersum\/wp-json\/wp\/v2\/comments?post=600"}],"version-history":[{"count":2,"href":"https:\/\/wordpress.nibis.de\/gsdersum\/wp-json\/wp\/v2\/pages\/600\/revisions"}],"predecessor-version":[{"id":1083,"href":"https:\/\/wordpress.nibis.de\/gsdersum\/wp-json\/wp\/v2\/pages\/600\/revisions\/1083"}],"wp:attachment":[{"href":"https:\/\/wordpress.nibis.de\/gsdersum\/wp-json\/wp\/v2\/media?parent=600"}],"curies":[{"name":"wp","href":"https:\/\/api.w.org\/{rel}","templated":true}]}}