{"id":1153,"date":"2020-04-16T12:47:10","date_gmt":"2020-04-16T10:47:10","guid":{"rendered":"https:\/\/wordpress.nibis.de\/gsdiepenau\/?page_id=1153"},"modified":"2024-07-04T21:35:26","modified_gmt":"2024-07-04T19:35:26","slug":"lernseiten-und-links","status":"publish","type":"page","link":"https:\/\/wordpress.nibis.de\/gsdiepenau\/lernseiten-und-links\/","title":{"rendered":"Lernseiten und andere Links f\u00fcr Kinder"},"content":{"rendered":"\n<p>In Zeiten von Schulschlie\u00dfungen und Homeschooling ben\u00f6tigst du vielleicht auch mal Hilfe und Unterst\u00fctzung.<a href=\"https:\/\/www.nummergegenkummer.de\/kinder-und-jugendberatung\/kinder-und-jugendtelefon\/\" target=\"_blank\" rel=\"noreferrer noopener\"><span style=\"color:#a3001d\" class=\"tadv-color\"> <strong>Hier<\/strong><\/span><\/a> findest du daf\u00fcr wichtige Adressen und Telefonnummern.<\/p>\n\n\n\n<p><strong>Sorgen und N\u00f6te?<\/strong> <a href=\"https:\/\/wordpress.nibis.de\/gsdiepenau\/files\/2021\/02\/Kinder-und-Elterntelefon.png\" target=\"_blank\" rel=\"noreferrer noopener\"><img loading=\"lazy\" decoding=\"async\" width=\"505\" height=\"121\" class=\"wp-image-1543\" style=\"width: 250px\" src=\"https:\/\/wordpress.nibis.de\/gsdiepenau\/files\/2021\/02\/Kinder-und-Elterntelefon.png\" alt=\"\" srcset=\"https:\/\/wordpress.nibis.de\/gsdiepenau\/files\/2021\/02\/Kinder-und-Elterntelefon.png 505w, https:\/\/wordpress.nibis.de\/gsdiepenau\/files\/2021\/02\/Kinder-und-Elterntelefon-300x72.png 300w\" sizes=\"auto, (max-width: 505px) 100vw, 505px\" \/><\/a><\/p>\n\n\n\n<p class=\"has-medium-font-size\"><span style=\"color:#fbca3c\" class=\"tadv-color\">Allgemein<\/span><\/p>\n\n\n\n<p class=\"has-text-color\" style=\"color:#287119\">&#8222;Blinde Kuh&#8220; ist eine <a rel=\"noreferrer noopener\" aria-label=\"Suchmaschine f\u00fcr Kinder (\u00f6ffnet in neuem Tab)\" href=\"https:\/\/www.blinde-kuh.de\/index.html\" target=\"_blank\">Suchmaschine f\u00fcr Kinder<\/a>, mit der Kinder kindgerechte Inhalte zu vielen Themen finden k\u00f6nnen.<br><a rel=\"noreferrer noopener\" aria-label=\"Suchmaschine f\u00fcr Kinder (\u00f6ffnet in neuem Tab)\" href=\"https:\/\/www.blinde-kuh.de\/index.html\" target=\"_blank\"><span style=\"color:#79091a\" class=\"tadv-color\">https:\/\/www.blinde-kuh.de\/index.html<\/span><\/a><\/p>\n\n\n\n<p style=\"font-size:16px\">Auch eine Suchmaschine extra f\u00fcr Kinder hei\u00dft <a href=\"https:\/\/www.fragfinn.de\/\">frag Finn<\/a>. Hier gibt es auch Surf- und Videotipps, Umfragen, Spiele und Kinderreporter-Beitr\u00e4ge. Reinschauen lohnt sich! <\/p>\n\n\n\n<p>Bei der App &#8222;Anton&#8220; handelt es sich um eine Lernapp f\u00fcr verschiedene F\u00e4cher.  F\u00fcr diese App muss ein Zugang eingerichtet werden. Es gibt eine kostenfreie M\u00f6glichkeit und kostenpflichtige Inhalte, die man zus\u00e4tzlich kaufen kann. Spielend lernen f\u00fcr (fast) alle F\u00e4cher.<br><a rel=\"noreferrer noopener\" aria-label=\" (\u00f6ffnet in neuem Tab)\" href=\"https:\/\/anton.app\/de\/\" target=\"_blank\">https:\/\/anton.app\/de\/<\/a><\/p>\n\n\n\n<p class=\"has-medium-font-size\"><span style=\"color:#9f0f25\" class=\"tadv-color\">Deutsch <\/span>und <span style=\"color:#114b6d\" class=\"tadv-color\">Mathematik<\/span><\/p>\n\n\n\n<p>Lesen und dann ein Quiz l\u00f6sen, die Seite mit dem Leseraben von <a href=\"https:\/\/antolin.westermann.de\/\" target=\"_blank\" rel=\"noreferrer noopener\" aria-label=\"Antolin (\u00f6ffnet in neuem Tab)\">Antolin<\/a> macht es m\u00f6glich.<br><a rel=\"noreferrer noopener\" aria-label=\" (\u00f6ffnet in neuem Tab)\" href=\"https:\/\/antolin.westermann.de\/\" target=\"_blank\">https:\/\/antolin.westermann.de\/<\/a><\/p>\n\n\n\n<p><span style=\"color:#fbca3c\" class=\"tadv-color\">Lernen zu Hause, das kostenlose <\/span><a rel=\"noreferrer noopener\" aria-label=\"Montagspaket (\u00f6ffnet in neuem Tab)\" href=\"https:\/\/grundschul-blog.de\/montagspakete-kostenlose-downloads-zum-lernen-zu-hause\/\" target=\"_blank\"><span style=\"color:#31c90b\" class=\"tadv-color\">Montagspaket<\/span><\/a><span style=\"color:#fbca3c\" class=\"tadv-color\"> aus dem Klett-Verlag<\/span><br><a rel=\"noreferrer noopener\" aria-label=\"Montagspaket (\u00f6ffnet in neuem Tab)\" href=\"https:\/\/grundschul-blog.de\/montagspakete-kostenlose-downloads-zum-lernen-zu-hause\/\" target=\"_blank\"><span style=\"color:#152a14\" class=\"tadv-color\">https:\/\/grundschul-blog.de\/montagspakete-kostenlose-downloads-zum-lernen-zu-hause\/<\/span><\/a><\/p>\n\n\n\n<p>Wenn du gerne \u00fcben m\u00f6chtest, kannst du auch mit deinem Passwort f\u00fcr Antolin auf die Seite <a href=\"https:\/\/alfons.westermann.de\/alfons\/#\/information\">alfons.westermann<\/a> des westermann Schulbuchverlags gehen. <br><\/p>\n\n\n\n<p>Vielleicht hast du Lust auf einen Lesespaziergang mit Lumi durch den Zoo.<\/p>\n\n\n\n<p><img decoding=\"async\" class=\"wp-image-3577\" style=\"width: 150px\" src=\"https:\/\/wordpress.nibis.de\/gsdiepenau\/files\/2024\/07\/IMG_1001.jpeg\" alt=\"\">Dann besuche die Learningapp! Viel Spa\u00df!<\/p>\n\n\n\n<p class=\"has-text-color has-medium-font-size\" style=\"color:#33742d\">Sachunterricht<\/p>\n\n\n\n<p><span style=\"color:#f08c08\" class=\"tadv-color\">Die Sendung mit der <\/span><a rel=\"noreferrer noopener\" aria-label=\"Maus (\u00f6ffnet in neuem Tab)\" href=\"https:\/\/www.wdrmaus.de\/\" target=\"_blank\"><span style=\"color:#bc360a\" class=\"tadv-color\">Maus und dem Elefanten<\/span><\/a><span style=\"color:#f08c08\" class=\"tadv-color\"> kennt wohl jeder. Viele interessante Sachgeschichten warten auf dich!<br><\/span><a rel=\"noreferrer noopener\" aria-label=\"Maus (\u00f6ffnet in neuem Tab)\" href=\"https:\/\/www.wdrmaus.de\/\" target=\"_blank\"><span style=\"color:#220e10\" class=\"tadv-color\">https:\/\/www.wdrmaus.de\/<\/span><\/a><\/p>\n\n\n\n<p><span style=\"color:#044d06\" class=\"tadv-color\">Wenn du an Sachkunde interessiert bist, k\u00f6nnte die <a rel=\"noreferrer noopener\" aria-label=\"geolino (\u00f6ffnet in neuem Tab)\" href=\"https:\/\/www.geo.de\/geolino\" target=\"_blank\">geolino<\/a>-Seite auch etwas f\u00fcr dich sein.<\/span><br><a rel=\"noreferrer noopener\" aria-label=\" (\u00f6ffnet in neuem Tab)\" href=\"https:\/\/www.geo.de\/geolino\" target=\"_blank\">https:\/\/www.geo.de\/geolino<\/a><\/p>\n\n\n\n<p>Auch f\u00fcr Sachkundefreunde interessant ist die Seite <a rel=\"noreferrer noopener\" aria-label=\"Hamsterkiste (\u00f6ffnet in neuem Tab)\" href=\"https:\/\/www.hamsterkiste.de\/\" target=\"_blank\">Hamsterkiste<\/a>.<br><a rel=\"noreferrer noopener\" aria-label=\" (\u00f6ffnet in neuem Tab)\" href=\"https:\/\/www.hamsterkiste.de\/\" target=\"_blank\">https:\/\/www.hamsterkiste.de\/<\/a><\/p>\n\n\n\n<p><span style=\"color:#3b0f81\" class=\"tadv-color\">Politik f\u00fcr Kinder im<\/span> <a rel=\"noreferrer noopener\" aria-label=\"Hanisauland (\u00f6ffnet in neuem Tab)\" href=\"https:\/\/www.hanisauland.de\/index.html\" target=\"_blank\">Hanisauland<\/a>:<br><span style=\"color:#54268a\" class=\"tadv-color\"><a href=\"https:\/\/www.hanisauland.de\/index.html\" target=\"_blank\" rel=\"noreferrer noopener\" aria-label=\" (\u00f6ffnet in neuem Tab)\">https:\/\/www.hanisauland.de\/index.html<\/a><\/span><\/p>\n\n\n\n<p class=\"has-text-color has-medium-font-size\" style=\"color:#22c5ad\">Sport<\/p>\n\n\n\n<p><\/p>\n\n\n\n<p><\/p>\n\n\n\n<p class=\"has-medium-font-size\"><span style=\"color:#ba17da\" class=\"tadv-color\">Unterhaltung<\/span><\/p>\n\n\n\n<p><span style=\"color:#29e7be\" class=\"tadv-color\">SWR <\/span><a rel=\"noreferrer noopener\" aria-label=\"Kindernetz (\u00f6ffnet in neuem Tab)\" href=\"https:\/\/www.kindernetz.de\/\" target=\"_blank\"><span style=\"color:#115244\" class=\"tadv-color\">Kindernetz<\/span><\/a><span style=\"color:#29e7be\" class=\"tadv-color\"> mit &#8222;Tom und dem Erdbeermarmeladenbrot&#8220; und anderen spannenden, interessanten und witzigen Geschichten.<\/span><br><a rel=\"noreferrer noopener\" aria-label=\"Kindernetz (\u00f6ffnet in neuem Tab)\" href=\"https:\/\/www.kindernetz.de\/\" target=\"_blank\">https:\/\/www.kindernetz.de\/<\/a><\/p>\n\n\n\n<p><span style=\"color:#a311e7\" class=\"tadv-color\">Bastelanleitungen und Ideen f\u00fcr Kreativit\u00e4t auf<\/span> <a rel=\"noreferrer noopener\" aria-label=\"kidsweb (\u00f6ffnet in neuem Tab)\" href=\"https:\/\/www.kidsweb.de\/\" target=\"_blank\"><span style=\"color:#f5f22c\" class=\"tadv-color\">kidsweb<\/span><\/a><span style=\"color:#f5f22c\" class=\"tadv-color\">.<\/span><br><a href=\"https:\/\/www.kidsweb.de\/\">https:\/\/www.kidsw<\/a><span style=\"color:#fbca3c\" class=\"tadv-color\"><a rel=\"noreferrer noopener\" aria-label=\"eb.de\/  (\u00f6ffnet in neuem Tab)\" href=\"https:\/\/www.kidsweb.de\/\" target=\"_blank\">eb.de\/ <\/a><\/span><\/p>\n\n\n\n<p><\/p>\n","protected":false},"excerpt":{"rendered":"<p>In Zeiten von Schulschlie\u00dfungen und Homeschooling ben\u00f6tigst du vielleicht auch mal Hilfe und Unterst\u00fctzung. Hier findest du daf\u00fcr wichtige Adressen und Telefonnummern. Allgemein &#8222;Blinde Kuh&#8220; ist eine Suchmaschine f\u00fcr Kinder, mit der Kinder kindgerechte Inhalte zu vielen Themen finden k\u00f6nnen.https:\/\/www.blinde-kuh.de\/index.html Auch eine Suchmaschine extra f\u00fcr Kinder hei\u00dft frag Finn. Hier gibt es auch Surf- und &hellip; <a href=\"https:\/\/wordpress.nibis.de\/gsdiepenau\/lernseiten-und-links\/\" class=\"more-link\"><span class=\"screen-reader-text\">Lernseiten und andere Links f\u00fcr Kinder<\/span> weiterlesen <span class=\"meta-nav\">&rarr;<\/span><\/a><\/p>\n","protected":false},"author":9192883,"featured_media":1229,"parent":0,"menu_order":0,"comment_status":"closed","ping_status":"closed","template":"","meta":{"footnotes":""},"class_list":["post-1153","page","type-page","status-publish","has-post-thumbnail","hentry"],"_links":{"self":[{"href":"https:\/\/wordpress.nibis.de\/gsdiepenau\/wp-json\/wp\/v2\/pages\/1153","targetHints":{"allow":["GET"]}}],"collection":[{"href":"https:\/\/wordpress.nibis.de\/gsdiepenau\/wp-json\/wp\/v2\/pages"}],"about":[{"href":"https:\/\/wordpress.nibis.de\/gsdiepenau\/wp-json\/wp\/v2\/types\/page"}],"author":[{"embeddable":true,"href":"https:\/\/wordpress.nibis.de\/gsdiepenau\/wp-json\/wp\/v2\/users\/9192883"}],"replies":[{"embeddable":true,"href":"https:\/\/wordpress.nibis.de\/gsdiepenau\/wp-json\/wp\/v2\/comments?post=1153"}],"version-history":[{"count":20,"href":"https:\/\/wordpress.nibis.de\/gsdiepenau\/wp-json\/wp\/v2\/pages\/1153\/revisions"}],"predecessor-version":[{"id":3579,"href":"https:\/\/wordpress.nibis.de\/gsdiepenau\/wp-json\/wp\/v2\/pages\/1153\/revisions\/3579"}],"wp:featuredmedia":[{"embeddable":true,"href":"https:\/\/wordpress.nibis.de\/gsdiepenau\/wp-json\/wp\/v2\/media\/1229"}],"wp:attachment":[{"href":"https:\/\/wordpress.nibis.de\/gsdiepenau\/wp-json\/wp\/v2\/media?parent=1153"}],"curies":[{"name":"wp","href":"https:\/\/api.w.org\/{rel}","templated":true}]}}