{"id":123,"date":"2019-02-06T10:47:45","date_gmt":"2019-02-06T09:47:45","guid":{"rendered":"https:\/\/wordpress.nibis.de\/gsdiepenau\/?page_id=123"},"modified":"2025-12-17T09:18:06","modified_gmt":"2025-12-17T08:18:06","slug":"unser-team","status":"publish","type":"page","link":"https:\/\/wordpress.nibis.de\/gsdiepenau\/unser-team\/","title":{"rendered":"Unser Team"},"content":{"rendered":"<p>Das Team der Grundschule Diepenau besteht aus 10 Lehrerinnen, \u00a0einschlie\u00dflich der F\u00f6rderschullehrkraft, der Abordnungen aus Wagenfeld und von der Oberschule Uchte, unserer Lehrerin im Vorbereitungsdienst und der Schulleitung, der Sekret\u00e4rin, unserem Hausmeister, vier P\u00e4dagogischen Mitarbeiterinnen, einer &#8222;Bufdi&#8220;, unseren K\u00fcchenkr\u00e4ften und unserem <a href=\"https:\/\/wordpress.nibis.de\/gsdiepenau\/files\/2023\/08\/FlyerSchulhund.pdf\" target=\"_blank\" rel=\"noopener\">Schulhund<\/a>. Wir arbeiten gut und gerne zusammen und legen viel Wert darauf, ein angenehmes Schulklima f\u00fcr die ganze Schulgemeinschaft zu schaffen.<\/p>\n<div class=\"wp-block-image\">\n<div class=\"wp-block-image\"><a href=\"https:\/\/wordpress.nibis.de\/gsdiepenau\/kollegium-september-2025\/\"><img loading=\"lazy\" decoding=\"async\" class=\"wpa-warning wpa-image-missing-alt size-full wp-image-4289 aligncenter\" src=\"https:\/\/wordpress.nibis.de\/gsdiepenau\/files\/2025\/12\/Kollegium-September-2025-scaled.jpg\" alt=\"\" width=\"2560\" height=\"1829\" data-warning=\"Missing alt text\" srcset=\"https:\/\/wordpress.nibis.de\/gsdiepenau\/files\/2025\/12\/Kollegium-September-2025-scaled.jpg 2560w, https:\/\/wordpress.nibis.de\/gsdiepenau\/files\/2025\/12\/Kollegium-September-2025-300x214.jpg 300w, https:\/\/wordpress.nibis.de\/gsdiepenau\/files\/2025\/12\/Kollegium-September-2025-800x571.jpg 800w, https:\/\/wordpress.nibis.de\/gsdiepenau\/files\/2025\/12\/Kollegium-September-2025-768x549.jpg 768w, https:\/\/wordpress.nibis.de\/gsdiepenau\/files\/2025\/12\/Kollegium-September-2025-100x71.jpg 100w, https:\/\/wordpress.nibis.de\/gsdiepenau\/files\/2025\/12\/Kollegium-September-2025-1536x1097.jpg 1536w, https:\/\/wordpress.nibis.de\/gsdiepenau\/files\/2025\/12\/Kollegium-September-2025-2048x1463.jpg 2048w\" sizes=\"auto, (max-width: 2560px) 100vw, 2560px\" \/><\/a><\/div>\n<\/div>\n<p>\u00a0<\/p>\n<p>Viele ehrenamtliche Helferinnen und Helfer unterst\u00fctzen uns dabei. Sie schneiden das Obst f\u00fcr das gesunde Schulfr\u00fchst\u00fcck und helfen bei der Erledigung der Hausaufgaben. Auch f\u00fcr das Lesetraining kommen ehrenamtliche Helferinnen in die Schule. Bei Bedarf erkl\u00e4ren sich Eltern bereit, die Kinder zu Veranstaltungen, wie zum Beispiel dem Treffen der Sch\u00fclerhelferinnen und -helfer oder auch dem Fu\u00dfballturnier, zu fahren. Bei Schulfeiern erkl\u00e4ren sich immer Menschen bereit, zu unterst\u00fctzen. Viel Engagement besteht auch durch den und im F\u00f6rderverein. Wir freuen uns \u00fcber so viel Einsatz im Ehrenamt und feiern dies j\u00e4hrlich mit einem kleinen Fest.<\/p>\n\n\n\n","protected":false},"excerpt":{"rendered":"<p>Das Team der Grundschule Diepenau besteht aus 10 Lehrerinnen, \u00a0einschlie\u00dflich der F\u00f6rderschullehrkraft, der Abordnungen aus Wagenfeld und von der Oberschule Uchte, unserer Lehrerin im Vorbereitungsdienst und der Schulleitung, der Sekret\u00e4rin, unserem Hausmeister, vier P\u00e4dagogischen Mitarbeiterinnen, einer &#8222;Bufdi&#8220;, unseren K\u00fcchenkr\u00e4ften und unserem Schulhund. Wir arbeiten gut und gerne zusammen und legen viel Wert darauf, ein angenehmes &hellip; <a href=\"https:\/\/wordpress.nibis.de\/gsdiepenau\/unser-team\/\" class=\"more-link\"><span class=\"screen-reader-text\">Unser Team<\/span> weiterlesen <span class=\"meta-nav\">&rarr;<\/span><\/a><\/p>\n","protected":false},"author":9192883,"featured_media":0,"parent":0,"menu_order":0,"comment_status":"closed","ping_status":"closed","template":"","meta":{"footnotes":""},"class_list":["post-123","page","type-page","status-publish","hentry"],"_links":{"self":[{"href":"https:\/\/wordpress.nibis.de\/gsdiepenau\/wp-json\/wp\/v2\/pages\/123","targetHints":{"allow":["GET"]}}],"collection":[{"href":"https:\/\/wordpress.nibis.de\/gsdiepenau\/wp-json\/wp\/v2\/pages"}],"about":[{"href":"https:\/\/wordpress.nibis.de\/gsdiepenau\/wp-json\/wp\/v2\/types\/page"}],"author":[{"embeddable":true,"href":"https:\/\/wordpress.nibis.de\/gsdiepenau\/wp-json\/wp\/v2\/users\/9192883"}],"replies":[{"embeddable":true,"href":"https:\/\/wordpress.nibis.de\/gsdiepenau\/wp-json\/wp\/v2\/comments?post=123"}],"version-history":[{"count":26,"href":"https:\/\/wordpress.nibis.de\/gsdiepenau\/wp-json\/wp\/v2\/pages\/123\/revisions"}],"predecessor-version":[{"id":4291,"href":"https:\/\/wordpress.nibis.de\/gsdiepenau\/wp-json\/wp\/v2\/pages\/123\/revisions\/4291"}],"wp:attachment":[{"href":"https:\/\/wordpress.nibis.de\/gsdiepenau\/wp-json\/wp\/v2\/media?parent=123"}],"curies":[{"name":"wp","href":"https:\/\/api.w.org\/{rel}","templated":true}]}}