{"id":132,"date":"2019-02-06T11:13:07","date_gmt":"2019-02-06T10:13:07","guid":{"rendered":"https:\/\/wordpress.nibis.de\/gsdiepenau\/?page_id=132"},"modified":"2022-05-24T14:37:10","modified_gmt":"2022-05-24T12:37:10","slug":"schulwegsicherheit","status":"publish","type":"page","link":"https:\/\/wordpress.nibis.de\/gsdiepenau\/schulwegsicherheit\/","title":{"rendered":"Schulwegsicherheit"},"content":{"rendered":"<p>Wir alle m\u00f6chten, dass Kinder auf ihrem Schulweg sicher sind. Um dies zu gew\u00e4hrleisten setzten sich Eltern unserer Schule und die zust\u00e4ndige Polizistin daf\u00fcr ein. Mit der <span style=\"font-size: 14pt\"><strong><a href=\"https:\/\/wordpress.nibis.de\/gsdiepenau\/files\/2022\/05\/Regeln-fuer-den-sicheren-Schulweg-mit-dem-Bus.pdf\" target=\"_blank\" rel=\"noopener\">Busschule<\/a> <\/strong><\/span>wird einmal im Jahr trainiert, wie sich die Kinder im Bus und an der Bushaltestelle verhalten sollen. Vor Ort wurde f\u00fcr die Kinder, die zu Fu\u00df zur Schule kommen ein Weg markiert, auf dem die Kinder so gefahrlos wie m\u00f6glich zur Schule gelangen k\u00f6nnen. Mit den &#8222;Gelben F\u00fc\u00dfen&#8220; sind die \u00dcberwege gekennzeichnet.<\/p>\n<p>Der aktuelle Plan sieht so aus:<\/p>\n<p><img loading=\"lazy\" decoding=\"async\" src=\"https:\/\/wordpress.nibis.de\/gsdiepenau\/files\/2019\/02\/sicherer_schulweg_diepenau_jpeg_90.jpg\" alt=\"Schulwegplan\" width=\"714\" height=\"535\" \/><\/p>\n<p>Beschrieben finden Sie den Plan auch nochmal im <span style=\"background-color: #ffffff;font-size: 14pt;color: #008000\"><a style=\"background-color: #ffffff;color: #008000\" href=\"https:\/\/wordpress.nibis.de\/gsdiepenau\/files\/2019\/02\/schulwegeplan_umland1.pdf\" target=\"_blank\" rel=\"noopener\">Schulwegplan<\/a>.<\/span><\/p>\n<p>Sinnvoll ist es zudem, wenn die Kinder (mindestens in der &#8222;dunklen Jahreszeit&#8220;) eine reflektierende Warnweste tragen um so von anderen Verkehrsteilnehmern besser gesehen zu werden.<\/p>\n","protected":false},"excerpt":{"rendered":"<p>Wir alle m\u00f6chten, dass Kinder auf ihrem Schulweg sicher sind. Um dies zu gew\u00e4hrleisten setzten sich Eltern unserer Schule und die zust\u00e4ndige Polizistin daf\u00fcr ein. Mit der Busschule wird einmal im Jahr trainiert, wie sich die Kinder im Bus und an der Bushaltestelle verhalten sollen. Vor Ort wurde f\u00fcr die Kinder, die zu Fu\u00df zur &hellip; <a href=\"https:\/\/wordpress.nibis.de\/gsdiepenau\/schulwegsicherheit\/\" class=\"more-link\"><span class=\"screen-reader-text\">Schulwegsicherheit<\/span> weiterlesen <span class=\"meta-nav\">&rarr;<\/span><\/a><\/p>\n","protected":false},"author":9192883,"featured_media":0,"parent":0,"menu_order":0,"comment_status":"closed","ping_status":"closed","template":"","meta":{"footnotes":""},"class_list":["post-132","page","type-page","status-publish","hentry"],"_links":{"self":[{"href":"https:\/\/wordpress.nibis.de\/gsdiepenau\/wp-json\/wp\/v2\/pages\/132","targetHints":{"allow":["GET"]}}],"collection":[{"href":"https:\/\/wordpress.nibis.de\/gsdiepenau\/wp-json\/wp\/v2\/pages"}],"about":[{"href":"https:\/\/wordpress.nibis.de\/gsdiepenau\/wp-json\/wp\/v2\/types\/page"}],"author":[{"embeddable":true,"href":"https:\/\/wordpress.nibis.de\/gsdiepenau\/wp-json\/wp\/v2\/users\/9192883"}],"replies":[{"embeddable":true,"href":"https:\/\/wordpress.nibis.de\/gsdiepenau\/wp-json\/wp\/v2\/comments?post=132"}],"version-history":[{"count":11,"href":"https:\/\/wordpress.nibis.de\/gsdiepenau\/wp-json\/wp\/v2\/pages\/132\/revisions"}],"predecessor-version":[{"id":2307,"href":"https:\/\/wordpress.nibis.de\/gsdiepenau\/wp-json\/wp\/v2\/pages\/132\/revisions\/2307"}],"wp:attachment":[{"href":"https:\/\/wordpress.nibis.de\/gsdiepenau\/wp-json\/wp\/v2\/media?parent=132"}],"curies":[{"name":"wp","href":"https:\/\/api.w.org\/{rel}","templated":true}]}}