{"id":135,"date":"2019-02-06T11:13:44","date_gmt":"2019-02-06T10:13:44","guid":{"rendered":"https:\/\/wordpress.nibis.de\/gsdiepenau\/?page_id=135"},"modified":"2019-02-06T11:42:47","modified_gmt":"2019-02-06T10:42:47","slug":"unterrichtszeiten","status":"publish","type":"page","link":"https:\/\/wordpress.nibis.de\/gsdiepenau\/unterrichtszeiten\/","title":{"rendered":"Unterrichtszeiten"},"content":{"rendered":"<p><span style=\"font-family: arial, helvetica, sans-serif\">Der Unterricht startet t\u00e4glich um 7:45 Uhr. Ende des Ganztagsangebots ist um 15:00 Uhr.<\/span><\/p>\n\n<table id=\"tablepress-3\" class=\"tablepress tablepress-id-3\">\n<thead>\n<tr class=\"row-1\">\n\t<th class=\"column-1\">Zeit<\/th><td class=\"column-2\"><\/td><td class=\"column-3\"><\/td><td class=\"column-4\"><\/td>\n<\/tr>\n<\/thead>\n<tbody class=\"row-striping row-hover\">\n<tr class=\"row-2\">\n\t<td class=\"column-1\">7:30 - 7:45 Uhr<\/td><td class=\"column-2\">Fr\u00fchaufsicht<\/td><td class=\"column-3\"><\/td><td class=\"column-4\">Busankunft, die Kinder werden im Schulgeb\u00e4ude bis zum Stundenbeginn beaufsichtigt.<\/td>\n<\/tr>\n<tr class=\"row-3\">\n\t<td class=\"column-1\">7:45 - 8:40 Uhr<\/td><td class=\"column-2\">1. Stunde<\/td><td class=\"column-3\"><\/td><td class=\"column-4\"><\/td>\n<\/tr>\n<tr class=\"row-4\">\n\t<td class=\"column-1\">8:40 - 9:25 Uhr<\/td><td class=\"column-2\">2. Stunde<\/td><td class=\"column-3\"><\/td><td class=\"column-4\"><\/td>\n<\/tr>\n<tr class=\"row-5\">\n\t<td class=\"column-1\">9:25 - 9:55 Uhr<\/td><td class=\"column-2\">Fr\u00fchst\u00fcck in den Klassen, anschlie\u00dfend gro\u00dfe Pause auf dem Schulhof<\/td><td class=\"column-3\"><\/td><td class=\"column-4\"><\/td>\n<\/tr>\n<tr class=\"row-6\">\n\t<td class=\"column-1\">9:55 - 10:40 Uhr<\/td><td class=\"column-2\">3. Stunde<\/td><td class=\"column-3\"><\/td><td class=\"column-4\"><\/td>\n<\/tr>\n<tr class=\"row-7\">\n\t<td class=\"column-1\">10:40 - 10:45 Uhr<\/td><td class=\"column-2\">kleine Pause<\/td><td class=\"column-3\"><\/td><td class=\"column-4\"><\/td>\n<\/tr>\n<tr class=\"row-8\">\n\t<td class=\"column-1\">10:45 - 11:30 Uhr<\/td><td class=\"column-2\">4. Stunde <\/td><td class=\"column-3\"><\/td><td class=\"column-4\"><\/td>\n<\/tr>\n<tr class=\"row-9\">\n\t<td class=\"column-1\">11:30 - 11:45 Uhr<\/td><td class=\"column-2\">gro\u00dfe Pause auf dem Schulhof<\/td><td class=\"column-3\"><\/td><td class=\"column-4\"><\/td>\n<\/tr>\n<tr class=\"row-10\">\n\t<td class=\"column-1\">11:45 - 12:30 Uhr<\/td><td class=\"column-2\">5. Stunde <\/td><td class=\"column-3\">Kann als Betreuungs- oder Unterrichtsstunde stattfinden<\/td><td class=\"column-4\">Busabfahrt ca. 12:40 Uhr, Fahrplan beachten<\/td>\n<\/tr>\n<tr class=\"row-11\">\n\t<td class=\"column-1\">12:30 - 13:30 Uhr<\/td><td class=\"column-2\">12:30 - 13:30 Uhr Mittagessen und Mittagspause f\u00fcr Kinder, die im Ganztag angemeldet sind.<\/td><td class=\"column-3\">dienstags: 12:30 - 13:15 Uhr Sch\u00fclerhelferInnen oder KlassensprecherInnen wie angek\u00fcndigt (s. Elternkalender)<\/td><td class=\"column-4\">Busabfahrt ca. 13:40 Uhr, Fahrplan beachten<\/td>\n<\/tr>\n<tr class=\"row-12\">\n\t<td class=\"column-1\">13:30 - 14:15 Uhr<\/td><td class=\"column-2\">Lernzeit \/ Hausaufgaben<\/td><td class=\"column-3\"><\/td><td class=\"column-4\">Mo - Do<\/td>\n<\/tr>\n<tr class=\"row-13\">\n\t<td class=\"column-1\">14:15 - 15:00 Uhr<\/td><td class=\"column-2\">Angebote<\/td><td class=\"column-3\"><\/td><td class=\"column-4\">Mo - Do<\/td>\n<\/tr>\n<\/tbody>\n<\/table>\n<!-- #tablepress-3 from cache -->\n","protected":false},"excerpt":{"rendered":"<p>Der Unterricht startet t\u00e4glich um 7:45 Uhr. Ende des Ganztagsangebots ist um 15:00 Uhr.<\/p>\n","protected":false},"author":9192883,"featured_media":0,"parent":0,"menu_order":0,"comment_status":"closed","ping_status":"closed","template":"","meta":{"footnotes":""},"class_list":["post-135","page","type-page","status-publish","hentry"],"_links":{"self":[{"href":"https:\/\/wordpress.nibis.de\/gsdiepenau\/wp-json\/wp\/v2\/pages\/135","targetHints":{"allow":["GET"]}}],"collection":[{"href":"https:\/\/wordpress.nibis.de\/gsdiepenau\/wp-json\/wp\/v2\/pages"}],"about":[{"href":"https:\/\/wordpress.nibis.de\/gsdiepenau\/wp-json\/wp\/v2\/types\/page"}],"author":[{"embeddable":true,"href":"https:\/\/wordpress.nibis.de\/gsdiepenau\/wp-json\/wp\/v2\/users\/9192883"}],"replies":[{"embeddable":true,"href":"https:\/\/wordpress.nibis.de\/gsdiepenau\/wp-json\/wp\/v2\/comments?post=135"}],"version-history":[{"count":4,"href":"https:\/\/wordpress.nibis.de\/gsdiepenau\/wp-json\/wp\/v2\/pages\/135\/revisions"}],"predecessor-version":[{"id":157,"href":"https:\/\/wordpress.nibis.de\/gsdiepenau\/wp-json\/wp\/v2\/pages\/135\/revisions\/157"}],"wp:attachment":[{"href":"https:\/\/wordpress.nibis.de\/gsdiepenau\/wp-json\/wp\/v2\/media?parent=135"}],"curies":[{"name":"wp","href":"https:\/\/api.w.org\/{rel}","templated":true}]}}