{"id":1485,"date":"2021-12-10T09:31:15","date_gmt":"2021-12-10T08:31:15","guid":{"rendered":"https:\/\/wordpress.nibis.de\/gsdiepenau\/?page_id=1485"},"modified":"2024-04-22T11:04:25","modified_gmt":"2024-04-22T09:04:25","slug":"kinderbuecherei-lavelsloh","status":"publish","type":"page","link":"https:\/\/wordpress.nibis.de\/gsdiepenau\/unsere-kooperationspartner\/kinderbuecherei-lavelsloh\/","title":{"rendered":"Kinderb\u00fccherei Lavelsloh"},"content":{"rendered":"\n<p style=\"text-align: center\">\n\t\t<!-- MasterSlider -->\n\t\t<div id=\"P_MS69d29d4741445\" class=\"master-slider-parent msl ms-parent-id-8\" style=\"\">\n\n\t\t\t\n\t\t\t<!-- MasterSlider Main -->\n\t\t\t<div id=\"MS69d29d4741445\" class=\"master-slider ms-skin-light-3\" >\n\t\t\t\t \t\t\t\t \n\t\t\t\t<div  class=\"ms-slide\" data-delay=\"3\" data-fill-mode=\"fill\"  >\n\t\t\t\t\t<img decoding=\"async\" src=\"https:\/\/wordpress.nibis.de\/gsdiepenau\/wp-content\/plugins\/master-slider\/public\/assets\/css\/blank.gif\" alt=\"\" title=\"\" data-src=\"https:\/\/wordpress.nibis.de\/gsdiepenau\/files\/2024\/04\/Buecherei4.jpg\" \/>\n\n\t\t\t\t\t<div class=\"ms-info ms-info-empty\">&nbsp;<\/div>\n\n\n\t<div class=\"ms-thumb\" ><div class=\"ms-tab-context\"><div class=\"&quot;ms-tab-context&quot;\"><\/div><\/div>\n<\/div>\n\t\t\t\t<\/div>\n\t\t\t\t<div  class=\"ms-slide\" data-delay=\"3\" data-fill-mode=\"fill\"  >\n\t\t\t\t\t<img decoding=\"async\" src=\"https:\/\/wordpress.nibis.de\/gsdiepenau\/wp-content\/plugins\/master-slider\/public\/assets\/css\/blank.gif\" alt=\"\" title=\"\" data-src=\"https:\/\/wordpress.nibis.de\/gsdiepenau\/files\/2024\/04\/Buecherei3.jpg\" \/>\n\n\t\t\t\t\t<div class=\"ms-info ms-info-empty\">&nbsp;<\/div>\n\n\n\t<div class=\"ms-thumb\" ><div class=\"ms-tab-context\"><div class=\"&quot;ms-tab-context&quot;\"><\/div><\/div>\n<\/div>\n\t\t\t\t<\/div>\n\t\t\t\t<div  class=\"ms-slide\" data-delay=\"3\" data-fill-mode=\"fill\"  >\n\t\t\t\t\t<img decoding=\"async\" src=\"https:\/\/wordpress.nibis.de\/gsdiepenau\/wp-content\/plugins\/master-slider\/public\/assets\/css\/blank.gif\" alt=\"\" title=\"\" data-src=\"https:\/\/wordpress.nibis.de\/gsdiepenau\/files\/2024\/04\/Buecherei2.jpg\" \/>\n\n\t\t\t\t\t<div class=\"ms-info ms-info-empty\">&nbsp;<\/div>\n\n\n\t<div class=\"ms-thumb\" ><div class=\"ms-tab-context\"><div class=\"&quot;ms-tab-context&quot;\"><\/div><\/div>\n<\/div>\n\t\t\t\t<\/div>\n\t\t\t\t<div  class=\"ms-slide\" data-delay=\"3\" data-fill-mode=\"fill\"  >\n\t\t\t\t\t<img decoding=\"async\" src=\"https:\/\/wordpress.nibis.de\/gsdiepenau\/wp-content\/plugins\/master-slider\/public\/assets\/css\/blank.gif\" alt=\"\" title=\"\" data-src=\"https:\/\/wordpress.nibis.de\/gsdiepenau\/files\/2024\/04\/Buecherei1.jpg\" \/>\n\n\t\t\t\t\t<div class=\"ms-info ms-info-empty\">&nbsp;<\/div>\n\n\n\t<div class=\"ms-thumb\" ><div class=\"ms-tab-context\"><div class=\"&quot;ms-tab-context&quot;\"><\/div><\/div>\n<\/div>\n\t\t\t\t<\/div>\n\n\t\t\t<\/div>\n\t\t\t<!-- END MasterSlider Main -->\n\n\t\t\t \n\t\t<\/div>\n\t\t<!-- END MasterSlider -->\n\n\t\t<script>\n\t\t(function ( $ ) {\n\t\t\t\"use strict\";\n\n\t\t\t$(function () {\n\t\t\t\tvar masterslider_1445 = new MasterSlider();\n\n\t\t\t\t\/\/ slider controls\n\t\t\t\tmasterslider_1445.control('bullets'    ,{ autohide:true, overVideo:true, dir:'h', align:'bottom' , margin:10  });\n\n\t\t\t\tmasterslider_1445.control('scrollbar'  ,{ autohide:false, overVideo:true, dir:'h', inset:true, align:'top', color:'#3D3D3D' , margin:10  , width:4 });\n\t\t\t\tmasterslider_1445.control('slideinfo'  ,{ autohide:false, overVideo:true, dir:'v', align:'right',inset:false , margin:10  , size:250 });\n\t\t\t\t\/\/ slider setup\n\t\t\t\tmasterslider_1445.setup(\"MS69d29d4741445\", {\n\t\t\t\t\t\twidth           : 1050,\n\t\t\t\t\t\theight          : 540,\n\t\t\t\t\t\tminHeight       : 0,\n\t\t\t\t\t\tspace           : 0,\n\t\t\t\t\t\tstart           : 1,\n\t\t\t\t\t\tgrabCursor      : false,\n\t\t\t\t\t\tswipe           : false,\n\t\t\t\t\t\tmouse           : false,\n\t\t\t\t\t\tlayout          : \"fullwidth\",\n\t\t\t\t\t\twheel           : false,\n\t\t\t\t\t\tautoplay        : true,\n\t\t\t\t\t\tinstantStartLayers:false,\n\t\t\t\t\t\tloop            : false,\n\t\t\t\t\t\tshuffle         : false,\n\t\t\t\t\t\tpreload         : 3,\n\t\t\t\t\t\theightLimit     : true,\n\t\t\t\t\t\tautoHeight      : true,\n\t\t\t\t\t\tsmoothHeight    : true,\n\t\t\t\t\t\tendPause        : false,\n\t\t\t\t\t\toverPause       : false,\n\t\t\t\t\t\tfillMode        : \"fill\",\n\t\t\t\t\t\tcenterControls  : false,\n\t\t\t\t\t\tstartOnAppear   : false,\n\t\t\t\t\t\tlayersMode      : \"center\",\n\t\t\t\t\t\thideLayers      : false,\n\t\t\t\t\t\tfullscreenMargin: 0,\n\t\t\t\t\t\tspeed           : 6,\n\t\t\t\t\t\tdir             : \"h\",\n\t\t\t\t\t\tparallaxMode    : 'swipe',\n\t\t\t\t\t\tview            : \"basic\"\n\t\t\t\t});\n\n\t\t\t\t\n\t\t\t\twindow.masterslider_instances = window.masterslider_instances || [];\n\t\t\t\twindow.masterslider_instances.push( masterslider_1445 );\n\t\t\t });\n\n\t\t})(jQuery);\n\t\t<\/script>\n\n<\/p>\n<p><br \/>Die Kinderb\u00fccherei Lavelsloh befindet sich im Eingangsbereich der Grundschule Diepenau und ist auch \u00fcber die Rampe zu erreichen (Voranmeldung dann bitte zum \u00d6ffnen der T\u00fcr!).<\/p>\n<p style=\"text-align: center\">Ziel der Kinderb\u00fccherei Lavelsloh ist in erster Linie, die Lesefreude zu wecken und die<\/p>\n<p style=\"text-align: center\">Lesekompetenz\u00a0 zu f\u00f6rdern.<\/p>\n<p>Kontakt:<br \/><span style=\"color: #000000\"><span style=\"font-size: 10pt\">Kinderb\u00fccherei Lavelsloh, Schulstr. 12,<\/span><\/span><br \/><span style=\"color: #000000\"><span style=\"font-size: 10pt\">31603 Diepenau\/OT Lavelsloh,<\/span><\/span><br \/><span style=\"color: #000000\"><span style=\"font-size: 10pt\">05775-456; &#107;&#x69;&#x6e;d&#101;&#x72;b&#117;&#x65;&#x63;h&#101;&#x72;e&#105;&#x40;&#x67;s&#45;&#x64;i&#101;&#x70;&#x65;&#110;&#97;&#x75;&#46;&#100;&#x65;<\/span><\/span><\/p>\n<p style=\"text-align: center\"><strong>Folgende Medien stehen zur Verf\u00fcgung:<\/strong><\/p>\n<p style=\"text-align: center\">Erstleseb\u00fccher,\u00a0<\/p>\n<p style=\"text-align: center\">Erz\u00e4hlende Kinderliteratur,<\/p>\n<p style=\"text-align: center\">Sachb\u00fccher,\u00a0Comics,\u00a0Vorleseb\u00fccher,\u00a0Bilderb\u00fccher,\u00a0H\u00f6rb\u00fccher,\u00a0Tiptoi-B\u00fccher, Filme<\/p>\n<p>(Gesamtbestand 2020: 1515 Medien)<\/p>\n<p>\u00a0<\/p>\n<p>Die Medien sind kindgerecht nach <span style=\"color: #ff6600\"><strong>Interessenkreisen<\/strong><\/span> aufgestellt (Informationen siehe weiter unten auf dieser Seite).<\/p>\n<p>Die Ausleihzeiten werden Ihnen durch die Klassenlehrerinnen mitgeteilt!<\/p>\n<p>Die Kinder der Grundschule Diepenau besuchen die B\u00fccherei mit ihren Klassen mittwochs in der Zeit von 7:30 &#8211; 9:30 Uhr.\u00a0<\/p>\n<p>Die Ausleihe ist <strong>kostenlos<\/strong> und erfolgt f\u00fcr 4 Wochen. F\u00fcr B\u00fccher ist eine weitere Verl\u00e4ngerung von 4 Wochen m\u00f6glich.<\/p>\n<p>Eine R\u00fcckgabe der B\u00fccher ist ausschlie\u00dflich\u00a0<strong>mittwochs<\/strong> m\u00f6glich.\u00a0<\/p>\n<p>Wir gehen davon aus, dass der <strong>sorgf\u00e4ltige Umgang<\/strong> mit den Medien selbstverst\u00e4ndlich ist und auf eine <strong>p\u00fcnktliche Abgabe<\/strong> geachtet wird.<\/p>\n<p>(Besch\u00e4digte oder verloren gegangene Medien m\u00fcssen ersetzt werden).<\/p>\n<p>Ein Umzug der Kinderb\u00fccherei in einen gr\u00f6\u00dferen Raum im Erdgeschoss der Grundschule ist f\u00fcr das Jahr 2022 geplant.<\/p>\n<p style=\"text-align: center\">Ihre Kinderb\u00fccherei Lavelsloh<br \/>-Lesenest-<br \/>Im Schulgeb\u00e4ude der Grundschule<br \/>B\u00fcchereileitung: S. Nordhorn<\/p>\n<p><span style=\"font-size: 18pt\"><strong><span style=\"color: #ff9900\">Interessenkreise<\/span><\/strong><\/span><\/p>\n<table style=\"border-collapse: collapse;width: 100%;height: 479px\">\n<tbody>\n<tr style=\"height: 41px\">\n<td style=\"width: 25%;height: 41px\"><span style=\"font-size: 12pt\"><strong><span style=\"color: #ff0000\">Abenteuer\u00a0<\/span><\/strong><\/span><\/td>\n<td style=\"width: 25%;height: 41px\"><span style=\"font-size: 12pt\"><strong><span style=\"color: #ffcc00\">Basteln &amp; Malen<\/span>\u00a0\u00a0<\/strong><\/span><\/td>\n<td style=\"width: 25%;height: 41px\"><span style=\"font-size: 12pt\"><strong><span style=\"color: #339966\">Bauernhof<\/span><\/strong><\/span><\/td>\n<td style=\"width: 25%;height: 41px\"><span style=\"font-size: 12pt\"><strong><span style=\"color: #00ccff\">Comic<\/span>\u00a0<\/strong><\/span><\/td>\n<\/tr>\n<tr style=\"height: 41px\">\n<td style=\"width: 25%;height: 41px\"><span style=\"font-size: 12pt\"><strong><span style=\"color: #008000\">Dinosaurier<\/span>\u00a0 \u00a0<\/strong><\/span><\/td>\n<td style=\"width: 25%;height: 41px\"><span style=\"font-size: 12pt\"><strong><span style=\"color: #ff6600\">Erde &amp; Natur<\/span><\/strong><\/span><\/td>\n<td style=\"width: 25%;height: 41px\"><span style=\"font-size: 12pt\"><strong><span style=\"color: #00ff00\">Familie<\/span><\/strong><\/span><\/td>\n<td style=\"width: 25%;height: 41px\"><span style=\"font-size: 12pt\"><strong><span style=\"color: #993366\">Fantasy<\/span><\/strong><\/span><\/td>\n<\/tr>\n<tr style=\"height: 41px\">\n<td style=\"width: 25%;height: 41px\"><span style=\"font-size: 12pt\"><strong><span style=\"color: #0000ff\">Berufe<\/span><\/strong><\/span><\/td>\n<td style=\"width: 25%;height: 41px\"><span style=\"font-size: 12pt\"><strong><span style=\"color: #ff0000\">Freunde<\/span><\/strong><\/span><\/td>\n<td style=\"width: 25%;height: 41px\"><span style=\"font-size: 12pt\"><strong><span style=\"color: #ffff00\"><span style=\"color: #00ccff\">Fu\u00dfball<\/span><\/span><\/strong><\/span><\/td>\n<td style=\"width: 25%;height: 41px\"><span style=\"font-size: 12pt\"><strong><span style=\"color: #008000\">Gef\u00fchle<\/span><\/strong><\/span><\/td>\n<\/tr>\n<tr style=\"height: 41px\">\n<td style=\"width: 25%;height: 41px\"><span style=\"font-size: 12pt\"><strong><span style=\"color: #000080\">Geschichte<\/span><\/strong><\/span><\/td>\n<td style=\"width: 25%;height: 41px\"><span style=\"font-size: 12pt\"><strong><span style=\"color: #339966\">Gruseliges<\/span><\/strong><\/span><\/td>\n<td style=\"width: 25%;height: 41px\"><span style=\"font-size: 12pt\"><strong><span style=\"color: #993300\">Gef\u00e4hrliche Tiere<\/span><\/strong><\/span><\/td>\n<td style=\"width: 25%;height: 41px\"><span style=\"font-size: 12pt\"><strong><span style=\"color: #800080\">Haustiere<\/span><\/strong><\/span><\/td>\n<\/tr>\n<tr style=\"height: 41px\">\n<td style=\"width: 25%;height: 41px\"><span style=\"font-size: 12pt\"><strong><span style=\"color: #ff6600\">Heimische Tiere<\/span><\/strong><\/span><\/td>\n<td style=\"width: 25%;height: 41px\"><span style=\"font-size: 12pt\"><strong><span style=\"color: #00ffff\"><span style=\"color: #008000\">Hexen<\/span><\/span><\/strong><\/span><\/td>\n<td style=\"width: 25%;height: 41px\"><span style=\"font-size: 12pt\"><strong><span style=\"color: #ff6600\">Ich lese!\u00a0<\/span><\/strong><\/span><\/td>\n<td style=\"width: 25%;height: 41px\"><span style=\"font-size: 12pt\"><strong>\u00a0<span style=\"color: #ff00ff\">Lustiges<\/span><\/strong><\/span><\/td>\n<\/tr>\n<tr style=\"height: 41px\">\n<td style=\"width: 25%;height: 41px\"><span style=\"font-size: 12pt\"><strong><span style=\"color: #ff0000\">Kleine Tiere<\/span><\/strong><\/span><\/td>\n<td style=\"width: 25%;height: 41px\"><span style=\"font-size: 12pt\"><strong><span style=\"color: #cc99ff\">K\u00f6rper<\/span><\/strong><\/span><\/td>\n<td style=\"width: 25%;height: 41px\"><span style=\"font-size: 12pt\"><strong><span style=\"color: #0000ff\">Kochen &amp; Backen<\/span><\/strong><\/span><\/td>\n<td style=\"width: 25%;height: 41px\"><span style=\"font-size: 12pt\"><strong><span style=\"color: #99cc00\">M\u00e4rchen, Sagen &amp; Fabeln<\/span><\/strong><\/span><\/td>\n<\/tr>\n<tr style=\"height: 41px\">\n<td style=\"width: 25%;height: 41px\"><span style=\"font-size: 12pt\"><strong><span style=\"color: #333399\">Magie<\/span><\/strong><\/span><\/td>\n<td style=\"width: 25%;height: 41px\"><span style=\"font-size: 12pt\"><strong><span style=\"color: #800080\">Minecraft<\/span><\/strong><\/span><\/td>\n<td style=\"width: 25%;height: 41px\"><span style=\"font-size: 12pt\"><strong><span style=\"color: #339966\">Pferde<\/span><\/strong><\/span><\/td>\n<td style=\"width: 25%;height: 41px\"><span style=\"font-size: 12pt\"><strong><span style=\"color: #ff6600\">Piraten<\/span><\/strong><\/span><\/td>\n<\/tr>\n<tr style=\"height: 41px\">\n<td style=\"width: 25%;height: 41px\"><span style=\"font-size: 12pt\"><strong><span style=\"color: #800000\">Disney<\/span><\/strong><\/span><\/td>\n<td style=\"width: 25%;height: 41px\"><span style=\"font-size: 12pt\"><strong><span style=\"color: #99cc00\">Ritter<\/span><\/strong><\/span><\/td>\n<td style=\"width: 25%;height: 41px\"><span style=\"font-size: 12pt\"><strong><span style=\"color: #33cccc\">Schule<\/span><\/strong><\/span><\/td>\n<td style=\"width: 25%;height: 41px\"><span style=\"font-size: 12pt\"><strong><span style=\"color: #00ccff\">Spiel &amp; Spa\u00df<\/span><\/strong><\/span><\/td>\n<\/tr>\n<tr style=\"height: 41px\">\n<td style=\"width: 25%;height: 41px\"><span style=\"font-size: 12pt\"><strong><span style=\"color: #ff6600\">Star Wars<\/span><\/strong><\/span><\/td>\n<td style=\"width: 25%;height: 41px\"><span style=\"font-size: 12pt\"><strong><span style=\"color: #000080\">Superhelden<\/span><\/strong><\/span><\/td>\n<td style=\"width: 25%;height: 41px\"><span style=\"font-size: 12pt\"><strong><span style=\"color: #ff0000\">Technik<\/span><\/strong><\/span><\/td>\n<td style=\"width: 25%;height: 41px\"><span style=\"font-size: 12pt\"><strong><span style=\"color: #993300\">Tiere (allgemein)<\/span><\/strong><\/span><\/td>\n<\/tr>\n<tr style=\"height: 69px\">\n<td style=\"width: 25%;height: 69px\"><span style=\"font-size: 12pt\"><strong><span style=\"color: #3366ff\">Tiere, die fliegen k\u00f6nnen<\/span><\/strong><\/span><\/td>\n<td style=\"width: 25%;height: 69px\"><span style=\"font-size: 12pt\"><strong><span style=\"color: #ff00ff\">Tiere, die im Wasser leben<\/span><\/strong><\/span><\/td>\n<td style=\"width: 25%;height: 69px\"><span style=\"font-size: 12pt\"><strong><span style=\"color: #ff9900\">Zootiere<\/span><\/strong><\/span><\/td>\n<td style=\"width: 25%;height: 69px\"><span style=\"font-size: 12pt\"><strong><span style=\"color: #33cccc\">Tierfreunde<\/span><\/strong><\/span><\/td>\n<\/tr>\n<tr style=\"height: 41px\">\n<td style=\"width: 25%;height: 41px\"><span style=\"font-size: 12pt\"><strong><span style=\"color: #33cccc\">Weihnachten<\/span><\/strong><\/span><\/td>\n<td style=\"width: 25%;height: 41px\"><span style=\"font-size: 12pt\"><strong><span style=\"color: #339966\">Weltall<\/span><\/strong><\/span><\/td>\n<td style=\"width: 25%;height: 41px\"><span style=\"font-size: 12pt\"><strong><span style=\"color: #008080\">Wikinger<\/span><\/strong><\/span><\/td>\n<td style=\"width: 25%;height: 41px\"><span style=\"font-size: 12pt\"><strong><span style=\"color: #ff0000\">Wir lesen!<\/span><\/strong><\/span><\/td>\n<\/tr>\n<tr>\n<td style=\"width: 25%\"><span style=\"font-size: 12pt\"><strong><span style=\"color: #993366\">Wissen<\/span><\/strong><\/span><\/td>\n<td style=\"width: 25%\"><span style=\"font-size: 12pt\"><strong><span style=\"color: #333399\">Zum Vorlesen!<\/span><\/strong><\/span><\/td>\n<td style=\"width: 25%\"><span style=\"font-size: 12pt\"><strong><span style=\"color: #008080\">\u00a0<\/span><\/strong><\/span><\/td>\n<td style=\"width: 25%\"><span style=\"font-size: 12pt\"><strong><span style=\"color: #ff0000\">\u00a0<\/span><\/strong><\/span><\/td>\n<\/tr>\n<\/tbody>\n<\/table>\n<p>\u00a0 \u00a0 \u00a0 \u00a0 <span style=\"font-size: revert\">\u00a0 \u00a0 \u00a0 \u00a0 \u00a0 \u00a0 \u00a0 \u00a0 \u00a0 \u00a0 \u00a0 \u00a0 \u00a0 \u00a0 \u00a0 \u00a0 \u00a0 \u00a0 \u00a0 \u00a0 \u00a0 \u00a0 \u00a0 \u00a0 \u00a0 \u00a0 \u00a0 \u00a0 \u00a0 \u00a0 \u00a0 \u00a0 \u00a0 \u00a0 \u00a0 \u00a0 \u00a0 \u00a0 \u00a0 \u00a0 \u00a0 \u00a0 \u00a0 \u00a0 \u00a0 \u00a0 \u00a0 \u00a0 \u00a0<br \/><\/span><\/p>\n<p><a href=\"https:\/\/wordpress.nibis.de\/gsdiepenau\/42_zwei-kinder-lesen-liegend-ein-buch\/\"><img loading=\"lazy\" decoding=\"async\" class=\"alignleft wp-image-1998 size-medium\" src=\"https:\/\/wordpress.nibis.de\/gsdiepenau\/files\/2021\/11\/42_Zwei-Kinder-lesen-liegend-ein-Buch-300x216.png\" alt=\"\" width=\"300\" height=\"216\" srcset=\"https:\/\/wordpress.nibis.de\/gsdiepenau\/files\/2021\/11\/42_Zwei-Kinder-lesen-liegend-ein-Buch-300x216.png 300w, https:\/\/wordpress.nibis.de\/gsdiepenau\/files\/2021\/11\/42_Zwei-Kinder-lesen-liegend-ein-Buch-800x576.png 800w, https:\/\/wordpress.nibis.de\/gsdiepenau\/files\/2021\/11\/42_Zwei-Kinder-lesen-liegend-ein-Buch-768x553.png 768w, https:\/\/wordpress.nibis.de\/gsdiepenau\/files\/2021\/11\/42_Zwei-Kinder-lesen-liegend-ein-Buch.png 881w\" sizes=\"auto, (max-width: 300px) 100vw, 300px\" \/><\/a><br \/><br \/><\/p>\n<p>\u00a0<\/p>\n<p>\u00a0<\/p>\n<p>\u00a0<\/p>\n<p>\u00a0<\/p>\n<p>Stand 04.2024<\/p>\n","protected":false},"excerpt":{"rendered":"<p>Die Kinderb\u00fccherei Lavelsloh befindet sich im Eingangsbereich der Grundschule Diepenau und ist auch \u00fcber die Rampe zu erreichen (Voranmeldung dann bitte zum \u00d6ffnen der T\u00fcr!). Ziel der Kinderb\u00fccherei Lavelsloh ist in erster Linie, die Lesefreude zu wecken und die Lesekompetenz\u00a0 zu f\u00f6rdern. Kontakt:Kinderb\u00fccherei Lavelsloh, Schulstr. 12,31603 Diepenau\/OT Lavelsloh,05775-456; &#x6b;&#105;n&#x64;&#x65;&#114;b&#x75;&#x65;&#99;h&#x65;&#x72;&#101;i&#x40;&#x67;&#115;-&#x64;&#105;&#101;p&#x65;&#110;a&#x75;&#x2e;&#100;e Folgende Medien stehen zur Verf\u00fcgung: Erstleseb\u00fccher,\u00a0 &hellip; <a href=\"https:\/\/wordpress.nibis.de\/gsdiepenau\/unsere-kooperationspartner\/kinderbuecherei-lavelsloh\/\" class=\"more-link\"><span class=\"screen-reader-text\">Kinderb\u00fccherei Lavelsloh<\/span> weiterlesen <span class=\"meta-nav\">&rarr;<\/span><\/a><\/p>\n","protected":false},"author":9192883,"featured_media":3418,"parent":430,"menu_order":1,"comment_status":"closed","ping_status":"closed","template":"","meta":{"footnotes":""},"class_list":["post-1485","page","type-page","status-publish","has-post-thumbnail","hentry"],"_links":{"self":[{"href":"https:\/\/wordpress.nibis.de\/gsdiepenau\/wp-json\/wp\/v2\/pages\/1485","targetHints":{"allow":["GET"]}}],"collection":[{"href":"https:\/\/wordpress.nibis.de\/gsdiepenau\/wp-json\/wp\/v2\/pages"}],"about":[{"href":"https:\/\/wordpress.nibis.de\/gsdiepenau\/wp-json\/wp\/v2\/types\/page"}],"author":[{"embeddable":true,"href":"https:\/\/wordpress.nibis.de\/gsdiepenau\/wp-json\/wp\/v2\/users\/9192883"}],"replies":[{"embeddable":true,"href":"https:\/\/wordpress.nibis.de\/gsdiepenau\/wp-json\/wp\/v2\/comments?post=1485"}],"version-history":[{"count":31,"href":"https:\/\/wordpress.nibis.de\/gsdiepenau\/wp-json\/wp\/v2\/pages\/1485\/revisions"}],"predecessor-version":[{"id":3421,"href":"https:\/\/wordpress.nibis.de\/gsdiepenau\/wp-json\/wp\/v2\/pages\/1485\/revisions\/3421"}],"up":[{"embeddable":true,"href":"https:\/\/wordpress.nibis.de\/gsdiepenau\/wp-json\/wp\/v2\/pages\/430"}],"wp:featuredmedia":[{"embeddable":true,"href":"https:\/\/wordpress.nibis.de\/gsdiepenau\/wp-json\/wp\/v2\/media\/3418"}],"wp:attachment":[{"href":"https:\/\/wordpress.nibis.de\/gsdiepenau\/wp-json\/wp\/v2\/media?parent=1485"}],"curies":[{"name":"wp","href":"https:\/\/api.w.org\/{rel}","templated":true}]}}