{"id":430,"date":"2019-02-19T14:02:06","date_gmt":"2019-02-19T13:02:06","guid":{"rendered":"https:\/\/wordpress.nibis.de\/gsdiepenau\/?page_id=430"},"modified":"2024-03-06T14:35:41","modified_gmt":"2024-03-06T13:35:41","slug":"unsere-kooperationspartner","status":"publish","type":"page","link":"https:\/\/wordpress.nibis.de\/gsdiepenau\/unsere-kooperationspartner\/","title":{"rendered":"Unsere Kooperationspartner"},"content":{"rendered":"<p>Die <span style=\"color: #008000\"><a style=\"color: #008000\" href=\"https:\/\/www.biostation-ml.de\/\" target=\"_blank\" rel=\"noopener noreferrer\">Biologische Station Minden-L\u00fcbbecke<\/a><\/span> ist ein wichtiger Partner f\u00fcr uns.<\/p>\n\n\n<p class=\"has-yellow-color has-text-color\">Mit der <a href=\"https:\/\/wordpress.nibis.de\/gsdiepenau\/unsere-kooperationspartner\/kinderbuecherei-lavelsloh\/\" target=\"_blank\" rel=\"noreferrer noopener\">Kinderb\u00fccherei &#8222;Lesenest&#8220;<\/a>, betreut von Frau Nordhorn, steht der Grundschule ein wichtiger Lernort im eigenen Geb\u00e4ude zur Verf\u00fcgung. Erreichen k\u00f6nnen Sie die B\u00fccherei unter der Mailadresse &#x6b;i&#x6e;&#100;e&#x72;&#98;&#x75;&#101;c&#x68;&#101;&#x72;&#101;i&#x40;&#103;&#x73;&#x2d;d&#x69;&#101;p&#x65;&#110;&#x61;&#117;&#46;&#x64;&#101;<\/p>\n\n\n\n<p class=\"has-text-color\" style=\"color:#1c0e9a\"><strong>Die Kinderg\u00e4rten<\/strong> in der Samtgemeinde Uchte arbeiten im Br\u00fcckenjahr, dem \u00dcbergangsjahr vom Kindergarten zur Grundschule, mit uns zusammen. Gemeinsam f\u00fchren wir Projekte durch und beraten die Eltern. In einem Kooperationskalender und einem Kooperationsvertrag haben wir unsere gemeinsame Arbeit festgeschrieben. Die Samtgemeinde Uchte bietet in diesen Kinderg\u00e4rten\/Einrichtungen Pl\u00e4tze an: <a rel=\"noreferrer noopener\" href=\"https:\/\/www.uchte-online.de\/portal\/seiten\/kindergarten-zauberland-911000131-21590.html?rubrik=911000004\" data-type=\"URL\" data-id=\"https:\/\/www.uchte-online.de\/portal\/seiten\/kindergarten-zauberland-911000131-21590.html?rubrik=911000004\" target=\"_blank\">Kindergarten &#8222;Zauberland&#8220;<\/a>, <a rel=\"noreferrer noopener\" href=\"https:\/\/www.uchte-online.de\/portal\/seiten\/kindergarten-wirbelwind-911000138-21590.html?rubrik=911000004\" target=\"_blank\">Kindergarten &#8222;Wirbelwind&#8220;<\/a>, <a rel=\"noreferrer noopener\" href=\"https:\/\/www.uchte-online.de\/portal\/seiten\/kindergarten-zwergenburg-911000137-21590.html?rubrik=911000004\" target=\"_blank\">Kindergarten &#8222;Zwergenburg&#8220;<\/a>, <a href=\"http:\/\/www.kindergarten-frau-holle.de\" target=\"_blank\" rel=\"noreferrer noopener\">Kindergarten &#8222;Frau Holle&#8220;<\/a><\/p>\n\n\n\n<p><\/p>\n","protected":false},"excerpt":{"rendered":"<p>Die Biologische Station Minden-L\u00fcbbecke ist ein wichtiger Partner f\u00fcr uns. Mit der Kinderb\u00fccherei &#8222;Lesenest&#8220;, betreut von Frau Nordhorn, steht der Grundschule ein wichtiger Lernort im eigenen Geb\u00e4ude zur Verf\u00fcgung. Erreichen k\u00f6nnen Sie die B\u00fccherei unter der Mailadresse &#x6b;&#x69;&#x6e;&#x64;&#x65;&#x72;&#98;&#117;&#101;&#99;here&#x69;&#x40;&#x67;&#x73;&#x2d;&#x64;&#105;&#101;&#112;&#101;&#110;au&#46;&#x64;&#x65; Die Kinderg\u00e4rten in der Samtgemeinde Uchte arbeiten im Br\u00fcckenjahr, dem \u00dcbergangsjahr vom Kindergarten zur Grundschule, mit uns &hellip; <a href=\"https:\/\/wordpress.nibis.de\/gsdiepenau\/unsere-kooperationspartner\/\" class=\"more-link\"><span class=\"screen-reader-text\">Unsere Kooperationspartner<\/span> weiterlesen <span class=\"meta-nav\">&rarr;<\/span><\/a><\/p>\n","protected":false},"author":9192883,"featured_media":0,"parent":0,"menu_order":0,"comment_status":"closed","ping_status":"closed","template":"","meta":{"footnotes":""},"class_list":["post-430","page","type-page","status-publish","hentry"],"_links":{"self":[{"href":"https:\/\/wordpress.nibis.de\/gsdiepenau\/wp-json\/wp\/v2\/pages\/430","targetHints":{"allow":["GET"]}}],"collection":[{"href":"https:\/\/wordpress.nibis.de\/gsdiepenau\/wp-json\/wp\/v2\/pages"}],"about":[{"href":"https:\/\/wordpress.nibis.de\/gsdiepenau\/wp-json\/wp\/v2\/types\/page"}],"author":[{"embeddable":true,"href":"https:\/\/wordpress.nibis.de\/gsdiepenau\/wp-json\/wp\/v2\/users\/9192883"}],"replies":[{"embeddable":true,"href":"https:\/\/wordpress.nibis.de\/gsdiepenau\/wp-json\/wp\/v2\/comments?post=430"}],"version-history":[{"count":10,"href":"https:\/\/wordpress.nibis.de\/gsdiepenau\/wp-json\/wp\/v2\/pages\/430\/revisions"}],"predecessor-version":[{"id":3331,"href":"https:\/\/wordpress.nibis.de\/gsdiepenau\/wp-json\/wp\/v2\/pages\/430\/revisions\/3331"}],"wp:attachment":[{"href":"https:\/\/wordpress.nibis.de\/gsdiepenau\/wp-json\/wp\/v2\/media?parent=430"}],"curies":[{"name":"wp","href":"https:\/\/api.w.org\/{rel}","templated":true}]}}