{"id":809,"date":"2019-12-05T09:17:01","date_gmt":"2019-12-05T08:17:01","guid":{"rendered":"https:\/\/wordpress.nibis.de\/gsdiepenau\/?page_id=809"},"modified":"2023-10-13T10:42:01","modified_gmt":"2023-10-13T08:42:01","slug":"schuelerhelferinnen-und-schuelerhelfer-in-der-grundschule","status":"publish","type":"page","link":"https:\/\/wordpress.nibis.de\/gsdiepenau\/schuelerhelferinnen-und-schuelerhelfer-in-der-grundschule\/","title":{"rendered":"Sch\u00fclerhelferinnen und Sch\u00fclerhelfer in der Grundschule"},"content":{"rendered":"\n<h2 class=\"wp-block-heading\"><\/h2>\n\n\n\n<h2 class=\"wp-block-heading\"><\/h2>\n\n\n\n<p>Seit etlichen Jahren werden an unserer Schule Grundschulkinder der dritten und vierten Klassen (je 5 Kinder pro Klasse) zu Sch\u00fclerhelfern ausgebildet.<\/p>\n\n\n\n<p>Zu Beginn jedes Schuljahres findet eine zweit\u00e4gige Ausbildung in Zusammenarbeit mit der Polizei und dem Landkreis Nienburg &nbsp;f\u00fcr die von den Mitsch\u00fclern ausgew\u00e4hlten Sch\u00fclerhelfer statt. W\u00e4hrend der Schulung lernen sie die Prinzipien der Streitschlichtung kennen, dabei geht es in erster Linie darum, f\u00fcr Ruhe zu sorgen. Sie wissen nach der Schulung, wie sie Gespr\u00e4chsregeln anwenden und wie sie sich bei einem Konflikt aufstellen m\u00fcssen.<\/p>\n\n\n\n<p>Gelingt es nicht, einen Streit zu schlichten oder verh\u00e4lt sich ein Kind grob regelwidrig, wird ihm eine rote Karte ausgeh\u00e4ndigt. Die Sch\u00fclerhelferInnen geben dem Kind f\u00fcr die folgenden zwei Pausen eine gr\u00fcne R\u00fcckfahrkarte im Tausch mit der roten Karte. Nachdem sich das Kind Gedankengemacht hat, wie es sich zuk\u00fcnftig verhalten will, und diese aufgeschrieben bzw. aufgemalt hat, kehrt es wieder zur\u00fcck in die Pause.<\/p>\n\n\n\n<p>In der Regel finden monatlich drei Treffen am Freitag in der sechsten Stunde statt, um gemeinsam R\u00fcckschau zu halten, \u00fcber Probleme bei der Streitschlichtung zu sprechen und sich gegenseitig zu st\u00e4rken. Ca. viermal im Jahr kommt auch die das Projekt betreuende Polizistin hinzu und gibt Anregungen und Tipps.<\/p>\n\n\n\n<p>Auf unsere Sch\u00fclerhelfer und Sch\u00fclerhelferinnen ist Verlass und sie engagieren sich \u00fcber die Ma\u00dfen f\u00fcr die Schulgemeinschaft. Daf\u00fcr danken wir ihnen.<\/p>\n\n\n\n<p><\/p>\n\n\n\n<figure class=\"wp-block-embed is-type-wp-embed is-provider-grundschule-diepenau wp-block-embed-grundschule-diepenau\"><div class=\"wp-block-embed__wrapper\">\nhttps:\/\/wordpress.nibis.de\/gsdiepenau\/neue-schuelerhelfer-innen-fuer-die-grundschule-diepenau\/\n<\/div><\/figure>\n\n\n\n<p><\/p>\n\n\n","protected":false},"excerpt":{"rendered":"<p>Seit etlichen Jahren werden an unserer Schule Grundschulkinder der dritten und vierten Klassen (je 5 Kinder pro Klasse) zu Sch\u00fclerhelfern ausgebildet. Zu Beginn jedes Schuljahres findet eine zweit\u00e4gige Ausbildung in Zusammenarbeit mit der Polizei und dem Landkreis Nienburg &nbsp;f\u00fcr die von den Mitsch\u00fclern ausgew\u00e4hlten Sch\u00fclerhelfer statt. W\u00e4hrend der Schulung lernen sie die Prinzipien der Streitschlichtung &hellip; <a href=\"https:\/\/wordpress.nibis.de\/gsdiepenau\/schuelerhelferinnen-und-schuelerhelfer-in-der-grundschule\/\" class=\"more-link\"><span class=\"screen-reader-text\">Sch\u00fclerhelferinnen und Sch\u00fclerhelfer in der Grundschule<\/span> weiterlesen <span class=\"meta-nav\">&rarr;<\/span><\/a><\/p>\n","protected":false},"author":9192883,"featured_media":0,"parent":0,"menu_order":0,"comment_status":"closed","ping_status":"closed","template":"","meta":{"footnotes":""},"class_list":["post-809","page","type-page","status-publish","hentry"],"_links":{"self":[{"href":"https:\/\/wordpress.nibis.de\/gsdiepenau\/wp-json\/wp\/v2\/pages\/809","targetHints":{"allow":["GET"]}}],"collection":[{"href":"https:\/\/wordpress.nibis.de\/gsdiepenau\/wp-json\/wp\/v2\/pages"}],"about":[{"href":"https:\/\/wordpress.nibis.de\/gsdiepenau\/wp-json\/wp\/v2\/types\/page"}],"author":[{"embeddable":true,"href":"https:\/\/wordpress.nibis.de\/gsdiepenau\/wp-json\/wp\/v2\/users\/9192883"}],"replies":[{"embeddable":true,"href":"https:\/\/wordpress.nibis.de\/gsdiepenau\/wp-json\/wp\/v2\/comments?post=809"}],"version-history":[{"count":5,"href":"https:\/\/wordpress.nibis.de\/gsdiepenau\/wp-json\/wp\/v2\/pages\/809\/revisions"}],"predecessor-version":[{"id":3059,"href":"https:\/\/wordpress.nibis.de\/gsdiepenau\/wp-json\/wp\/v2\/pages\/809\/revisions\/3059"}],"wp:attachment":[{"href":"https:\/\/wordpress.nibis.de\/gsdiepenau\/wp-json\/wp\/v2\/media?parent=809"}],"curies":[{"name":"wp","href":"https:\/\/api.w.org\/{rel}","templated":true}]}}