{"id":86,"date":"2019-02-06T10:01:28","date_gmt":"2019-02-06T09:01:28","guid":{"rendered":"https:\/\/wordpress.nibis.de\/gsdiepenau\/?page_id=86"},"modified":"2026-02-18T13:31:12","modified_gmt":"2026-02-18T12:31:12","slug":"formulare","status":"publish","type":"page","link":"https:\/\/wordpress.nibis.de\/gsdiepenau\/formulare\/","title":{"rendered":"Formulare"},"content":{"rendered":"<p>Hier finden Sie Formulare, die Sie im Laufe der Schulzeit Ihres Kindes an unserer Schule eventuell ben\u00f6tigen.<\/p>\n<p>Alle Formulare sind nat\u00fcrlich auch im Sekretariat erh\u00e4ltlich.<br \/>Gerne k\u00f6nnen Sie sie auch \u00fcber eine Mitteilung im Sch\u00fclerbuch anfordern.\u00a0 Ein kurzer Satz an die Klassenlehrerin reicht dazu in der Regel aus.\u00a0 Oder rufen Sie\u00a0an! Unsere freundliche Sekret\u00e4rin hilft Ihnen weiter. <img loading=\"lazy\" decoding=\"async\" src=\"https:\/\/wordpress.nibis.de\/gsdiepenau\/files\/2019\/12\/Telefon.jpg\" width=\"71\" height=\"81\" \/><a style=\"color: currentcolor\" href=\"tel:05775-456\">05775-456<\/a><\/p>\n<p><a href=\"https:\/\/wordpress.nibis.de\/gsdiepenau\/files\/2026\/02\/Anmeldung-neuer-Schueler-Einschulung-2026-neues-Sibank.pdf\" target=\"_blank\" rel=\"noopener\"><span style=\"color: #0000ff\">Anmeldung\/Einschulung an der Grundschule Diepenau<\/span><\/a><\/p>\n<p><a href=\"https:\/\/wordpress.nibis.de\/gsdiepenau\/files\/2026\/02\/Anmeldung-neuer-Schueler-Umschulung-2026-neues-Sibank.pdf\" target=\"_blank\" rel=\"noopener\"><span style=\"color: #00ccff\">Anmeldung\/Ummeldung an die Grundschule Diepenau<\/span><\/a><\/p>\n<p><a href=\"https:\/\/wordpress.nibis.de\/gsdiepenau\/files\/2019\/05\/GT-Anmeldung-Homepage.pdf\" target=\"_blank\" rel=\"noopener noreferrer\"><img loading=\"lazy\" decoding=\"async\" class=\"alignleft\" src=\"https:\/\/wordpress.nibis.de\/gsdiepenau\/files\/2019\/12\/Mittagessen.jpg\" width=\"133\" height=\"68\" \/><\/a><\/p>\n<p><span style=\"color: #008000\"><a style=\"color: #008000\" href=\"https:\/\/wordpress.nibis.de\/gsdiepenau\/files\/2024\/04\/GT-Anmeldungen-Tag-Uhrzeit-Mittag.pdf\" target=\"_blank\" rel=\"noopener noreferrer\">Anmeldung zur Betreuung und zum Ganztag<\/a><\/span><\/p>\n<p><span style=\"color: #000080;font-size: 14pt\"><a href=\"https:\/\/wordpress.nibis.de\/gsdiepenau\/files\/2019\/11\/Beurlaubung-vom-Schulbesuch.pdf\" target=\"_blank\" rel=\"noopener noreferrer\">Beantragung einer Freistellung f\u00fcr einen Kur-Aufenthalt<\/a><\/span><\/p>\n<p><a href=\"https:\/\/wordpress.nibis.de\/gsdiepenau\/files\/2024\/11\/Infos-Ferienbetreuung-2025.pdf\" target=\"_blank\" rel=\"noopener\"><span style=\"color: #ff6600\">Informationen zur Ferienbetreuung an der Grundschule Diepenau<\/span><\/a><\/p>\n<p><span style=\"color: #0000ff;font-size: 14pt\"><a style=\"color: #0000ff\" href=\"https:\/\/wordpress.nibis.de\/gsdiepenau\/files\/2026\/01\/Anmeldung-zur-Ferienbetr.Ostern-26.pdf\" target=\"_blank\" rel=\"noopener\">Ferienbetreuung Ostern 2026 Anmeldezettel<\/a><\/span><\/p>\n<p><span style=\"color: #000000;background-color: #ffff00\">Die Termine f\u00fcr die Ferienbetreuung sind den Anmeldezetteln oder unserem Elternkalender zu entnehmen!<\/span><\/p>\n<p>F\u00fcr die Anmeldung zur Ferienbetreuung gilt: Die Aufnahme erfolgt nach zeitlichem Eingang. &#8222;Wer zuerst kommt, malt zuerst.&#8220;<\/p>\n<p><span style=\"font-size: 12pt\">Antrag auf Lernf\u00f6rderung, etc. (Bildung und Teilhabe): <a href=\"https:\/\/wordpress.nibis.de\/gsdiepenau\/files\/2023\/04\/antrag_auf_leistungen_fuer_bildung_und_teilhabe.pdf\" target=\"_blank\" rel=\"noopener noreferrer\">Antrag Bildung und Teilhabe<\/a><\/span><\/p>\n<p><span style=\"color: #33cccc\"><strong>Flexi-Kinder<\/strong><\/span>: F\u00fcr Kinder die in der Zeit vom 01.07. bis zum 30.09. eines Jahres ihr 6. Lebensjahr vollenden gilt der sogenannte &#8222;Flexi-Erlass&#8220;. Die Eltern k\u00f6nnen entscheiden, ob ihr Kind bereits in diesem Jahr oder erst im n\u00e4chsten Jahr eingeschult werden soll. Die Eltern\/Erziehungsberechtigten erkl\u00e4ren ihren Wunsch auf sp\u00e4tere Einschulung bis zum 01.05. schriftlich gegen\u00fcber der Schule entweder als frei formulierten Text oder nutzen das hier angebotene Formular. <a href=\"https:\/\/wordpress.nibis.de\/gsdiepenau\/files\/2025\/05\/ErklaerungFlexi_Kinder_Eltern.pdf\" target=\"_blank\" rel=\"noopener\">Flexi-Einschulung<\/a><\/p>\n<p><em><strong>Servicestelle Lernf\u00f6rderung (BuT)<\/strong><\/em><\/p>\n<p><em>Die Servicestelle koordiniert im Landkreis Nienburg die Lernf\u00f6rderung, die aus dem Bildungs- und Teilhabepaket des Bundes finanziert wird. Kinder, Jugendliche und junge Erwachsene k\u00f6nnen davon profitieren, wenn sie bzw. ihre Familien Sozialleistungen (ALG II oder Sozialgeld, Kinderzuschlag, Wohngeld, Sozialhilfe, Leistungen nach dem Asylbewerberleistungsgesetz) beziehen. Sie k\u00f6nnen Lernf\u00f6rderung beantragen. Ihre Ansprechpartner beim Jobcenter oder beim Fachbereich Soziales, Landkreis Nienburg, helfen Ihnen gerne weiter.<\/em><\/p>\n<p><em>Sie haben schon einen Gutschein bzw. eine Kosten\u00fcbernahme? Dann vermittelt Ihnen die Servicestelle den richtigen F\u00f6rderkurs. \u00dcber folgenden Link erhalten Sie weitere Informationen: <a href=\"https:\/\/www.lk-nienburg.de\/portal\/seiten\/lernfoerderung-but--901000106-21500.html\">Lernf\u00f6rderung (BuT) | Landkreis Nienburg (lk-nienburg.de)<\/a><\/em><\/p>\n<p><span style=\"font-size: 12pt\">Best\u00e4tigung der Schule \u00fcber die Notwendigkeit von Lernf\u00f6rderung:\u00a0<a href=\"https:\/\/wordpress.nibis.de\/gsdiepenau\/files\/2023\/04\/antrag_und_bestaetigung_lernfoerderung_abs2023.pdf\" target=\"_blank\" rel=\"noopener noreferrer\">Bildung und Teilhabe\/ Lernf\u00f6rderbedarf<\/a><\/span><\/p>\n<p><a href=\"https:\/\/wordpress.nibis.de\/gsdiepenau\/bus-2\/\"><img loading=\"lazy\" decoding=\"async\" class=\"alignleft wp-image-1732 size-full\" src=\"https:\/\/wordpress.nibis.de\/gsdiepenau\/files\/2021\/04\/bus-1.jpg\" alt=\"\" width=\"965\" height=\"364\" srcset=\"https:\/\/wordpress.nibis.de\/gsdiepenau\/files\/2021\/04\/bus-1.jpg 965w, https:\/\/wordpress.nibis.de\/gsdiepenau\/files\/2021\/04\/bus-1-300x113.jpg 300w, https:\/\/wordpress.nibis.de\/gsdiepenau\/files\/2021\/04\/bus-1-800x302.jpg 800w, https:\/\/wordpress.nibis.de\/gsdiepenau\/files\/2021\/04\/bus-1-768x290.jpg 768w\" sizes=\"auto, (max-width: 965px) 100vw, 965px\" \/><\/a>Antrag auf Erteilung einer Busfahrkarte wir ab sofort von Ihnen online mit einem Anmeldeaccount beim Kreis Nienburg unter dem Link \u00a0<a href=\"https:\/\/via-fahrausweise.lk-ni.de\/\" target=\"_blank\" rel=\"noopener\">https:\/\/via-fahrausweise.lk-ni.de\/<\/a> gestellt.<\/p>\n\n\n<p><\/p>\n","protected":false},"excerpt":{"rendered":"<p>Hier finden Sie Formulare, die Sie im Laufe der Schulzeit Ihres Kindes an unserer Schule eventuell ben\u00f6tigen. Alle Formulare sind nat\u00fcrlich auch im Sekretariat erh\u00e4ltlich.Gerne k\u00f6nnen Sie sie auch \u00fcber eine Mitteilung im Sch\u00fclerbuch anfordern.\u00a0 Ein kurzer Satz an die Klassenlehrerin reicht dazu in der Regel aus.\u00a0 Oder rufen Sie\u00a0an! Unsere freundliche Sekret\u00e4rin hilft Ihnen &hellip; <a href=\"https:\/\/wordpress.nibis.de\/gsdiepenau\/formulare\/\" class=\"more-link\"><span class=\"screen-reader-text\">Formulare<\/span> weiterlesen <span class=\"meta-nav\">&rarr;<\/span><\/a><\/p>\n","protected":false},"author":9192883,"featured_media":0,"parent":0,"menu_order":0,"comment_status":"closed","ping_status":"closed","template":"","meta":{"footnotes":""},"class_list":["post-86","page","type-page","status-publish","hentry"],"_links":{"self":[{"href":"https:\/\/wordpress.nibis.de\/gsdiepenau\/wp-json\/wp\/v2\/pages\/86","targetHints":{"allow":["GET"]}}],"collection":[{"href":"https:\/\/wordpress.nibis.de\/gsdiepenau\/wp-json\/wp\/v2\/pages"}],"about":[{"href":"https:\/\/wordpress.nibis.de\/gsdiepenau\/wp-json\/wp\/v2\/types\/page"}],"author":[{"embeddable":true,"href":"https:\/\/wordpress.nibis.de\/gsdiepenau\/wp-json\/wp\/v2\/users\/9192883"}],"replies":[{"embeddable":true,"href":"https:\/\/wordpress.nibis.de\/gsdiepenau\/wp-json\/wp\/v2\/comments?post=86"}],"version-history":[{"count":104,"href":"https:\/\/wordpress.nibis.de\/gsdiepenau\/wp-json\/wp\/v2\/pages\/86\/revisions"}],"predecessor-version":[{"id":4574,"href":"https:\/\/wordpress.nibis.de\/gsdiepenau\/wp-json\/wp\/v2\/pages\/86\/revisions\/4574"}],"wp:attachment":[{"href":"https:\/\/wordpress.nibis.de\/gsdiepenau\/wp-json\/wp\/v2\/media?parent=86"}],"curies":[{"name":"wp","href":"https:\/\/api.w.org\/{rel}","templated":true}]}}