{"id":911,"date":"2019-12-07T11:18:31","date_gmt":"2019-12-07T10:18:31","guid":{"rendered":"https:\/\/wordpress.nibis.de\/gsdiepenau\/?page_id=911"},"modified":"2026-03-23T08:40:34","modified_gmt":"2026-03-23T07:40:34","slug":"umweltschule-in-europa","status":"publish","type":"page","link":"https:\/\/wordpress.nibis.de\/gsdiepenau\/umweltschule-in-europa\/","title":{"rendered":"Umweltschule in Europa"},"content":{"rendered":"\n<p><\/p>\n\n\n\n<p>In Zusammenarbeit mit unserem Kooperationspartner, der Biologischen Station Minden-L\u00fcbbecke, arbeiten wir daran, allen Kindern unserer Schule die Liebe zur Natur zu vermitteln, dar\u00fcber aufzukl\u00e4ren, welche Bedeutung die Natur f\u00fcr die Menschen hat und was wir tun m\u00fcssen um sie zu sch\u00fctzen und zu erhalten. <\/p>\n\n\n\n<p>Aus diesem Grund werden regelm\u00e4\u00dfige Projekttage in allen Schuljahrg\u00e4ngen durchgef\u00fchrt. Im ersten Jahrgang gehen die Kinder mit dem Umweltp\u00e4dagogen unseres Kooperationspartners ins Lavelsloher Amtsholz um den Wald kennenzulernen, der zweite Jahrgang besch\u00e4ftigt sich mit dem Schutz von Kr\u00f6ten und hilft ihnen eine vielbefahrene Stra\u00dfe zu \u00fcberqueren, der dritte Jahrgang lernt die Lebewesen im Teich kennen und der vierte Jahrgang erkundet das Moor. Verschiedene zus\u00e4tzliche Aktionen im Ganztag aber auch am Schulvormittag vertiefen diese Erkenntnisse. <\/p>\n\n\n\n<p><\/p>\n\n\n\n<p><span style=\"color:#6d1b7d\" class=\"tadv-color\"><a rel=\"noreferrer noopener\" href=\"https:\/\/wordpress.nibis.de\/gsdiepenau\/files\/2020\/10\/\u201eInternationale-Nachhaltigkeitsschule-Umweltschule-in-Europa\u201c-25-j\u00e4hriges-Jubil\u00e4um-in-Niedersachsen-\u2013-Gl\u00fcckw\u00fcnsche-und-Dank-von-Kultusminister-Tonne-Nds.-Kultusministerium.pdf\" target=\"_blank\">Nachhaltigkeitsschule<\/a><\/span><\/p>\n\n\n\n<p class=\"has-drop-cap\"><a href=\"https:\/\/www.foerderverein-umweltschule.de\/handlungsfelder\/schulen\/biodiversitaet-biologische-vielfalt-erhalten\/\">F<span style=\"color:#220e10\" class=\"tadv-color\">\u00f6rderverein Umweltschule, Biodiversit\u00e4t<\/span><\/a><\/p>\n\n\n\n<p><a href=\"https:\/\/www.foerderverein-umweltschule.de\/handlungsfelder\/schulen\/umgang-mit-rohstoffen\/\"><span style=\"color:#fbca3c\" class=\"tadv-color\">F\u00f6rderverein Umweltschule, Ressourcen<\/span><\/a><\/p>\n\n\n\n\n\n<figure class=\"wp-block-embed is-type-wp-embed is-provider-grundschule-diepenau wp-block-embed-grundschule-diepenau\"><div class=\"wp-block-embed__wrapper\">\n<blockquote class=\"wp-embedded-content\" data-secret=\"uG7Da40NGj\"><a href=\"https:\/\/wordpress.nibis.de\/gsdiepenau\/kroete-und-molch-tiere-die-hilfe-brauchen\/\">Kr\u00f6te und Molch &#8211; Tiere die Hilfe brauchen<\/a><\/blockquote><iframe loading=\"lazy\" class=\"wp-embedded-content\" sandbox=\"allow-scripts\" security=\"restricted\" style=\"position: absolute; visibility: hidden;\" title=\"&#8222;Kr\u00f6te und Molch &#8211; Tiere die Hilfe brauchen&#8220; &#8211; Grundschule Diepenau\" src=\"https:\/\/wordpress.nibis.de\/gsdiepenau\/kroete-und-molch-tiere-die-hilfe-brauchen\/embed\/#?secret=arm1qMkkOr#?secret=uG7Da40NGj\" data-secret=\"uG7Da40NGj\" width=\"600\" height=\"338\" frameborder=\"0\" marginwidth=\"0\" marginheight=\"0\" scrolling=\"no\"><\/iframe>\n<\/div><\/figure>\n\n\n\n<figure class=\"wp-block-embed is-type-wp-embed is-provider-grundschule-diepenau wp-block-embed-grundschule-diepenau\"><div class=\"wp-block-embed__wrapper\">\n<blockquote class=\"wp-embedded-content\" data-secret=\"VeQ9BNmMrE\"><a href=\"https:\/\/wordpress.nibis.de\/gsdiepenau\/muell\/\">M\u00fcll sammeln &#8211; kann auch Spa\u00df machen<\/a><\/blockquote><iframe loading=\"lazy\" class=\"wp-embedded-content\" sandbox=\"allow-scripts\" security=\"restricted\" style=\"position: absolute; visibility: hidden;\" title=\"&#8222;M\u00fcll sammeln &#8211; kann auch Spa\u00df machen&#8220; &#8211; Grundschule Diepenau\" src=\"https:\/\/wordpress.nibis.de\/gsdiepenau\/muell\/embed\/#?secret=fpoPiX8bbL#?secret=VeQ9BNmMrE\" data-secret=\"VeQ9BNmMrE\" width=\"600\" height=\"338\" frameborder=\"0\" marginwidth=\"0\" marginheight=\"0\" scrolling=\"no\"><\/iframe>\n<\/div><\/figure>\n\n\n\n<figure class=\"wp-block-embed is-type-wp-embed is-provider-grundschule-diepenau wp-block-embed-grundschule-diepenau\"><div class=\"wp-block-embed__wrapper\">\n<blockquote class=\"wp-embedded-content\" data-secret=\"cpDttyLu59\"><a href=\"https:\/\/wordpress.nibis.de\/gsdiepenau\/fruehlingseinsatz-auf-der-streuobstwiese\/\">Fr\u00fchlingseinsatz auf der Streuobstwiese<\/a><\/blockquote><iframe loading=\"lazy\" class=\"wp-embedded-content\" sandbox=\"allow-scripts\" security=\"restricted\" style=\"position: absolute; visibility: hidden;\" title=\"&#8222;Fr\u00fchlingseinsatz auf der Streuobstwiese&#8220; &#8211; Grundschule Diepenau\" src=\"https:\/\/wordpress.nibis.de\/gsdiepenau\/fruehlingseinsatz-auf-der-streuobstwiese\/embed\/#?secret=QI6uebNsKu#?secret=cpDttyLu59\" data-secret=\"cpDttyLu59\" width=\"600\" height=\"338\" frameborder=\"0\" marginwidth=\"0\" marginheight=\"0\" scrolling=\"no\"><\/iframe>\n<\/div><\/figure>\n\n\n\n<figure class=\"wp-block-embed is-type-wp-embed is-provider-grundschule-diepenau wp-block-embed-grundschule-diepenau\"><div class=\"wp-block-embed__wrapper\">\n<blockquote class=\"wp-embedded-content\" data-secret=\"vcbzwfQx8G\"><a href=\"https:\/\/wordpress.nibis.de\/gsdiepenau\/wasserprojekt\/\">Wasserprojekt<\/a><\/blockquote><iframe loading=\"lazy\" class=\"wp-embedded-content\" sandbox=\"allow-scripts\" security=\"restricted\" style=\"position: absolute; visibility: hidden;\" title=\"&#8222;Wasserprojekt&#8220; &#8211; Grundschule Diepenau\" src=\"https:\/\/wordpress.nibis.de\/gsdiepenau\/wasserprojekt\/embed\/#?secret=3DZDGw42pt#?secret=vcbzwfQx8G\" data-secret=\"vcbzwfQx8G\" width=\"600\" height=\"338\" frameborder=\"0\" marginwidth=\"0\" marginheight=\"0\" scrolling=\"no\"><\/iframe>\n<\/div><\/figure>\n\n\n\n<figure class=\"wp-block-embed is-type-wp-embed is-provider-grundschule-diepenau wp-block-embed-grundschule-diepenau\"><div class=\"wp-block-embed__wrapper\">\n<blockquote class=\"wp-embedded-content\" data-secret=\"kjiro8Ei4Z\"><a href=\"https:\/\/wordpress.nibis.de\/gsdiepenau\/schulanfangsaktion-autofreie-schule\/\">Schulanfangsaktion &#8222;AutoFREIE-Schule&#8220;<\/a><\/blockquote><iframe loading=\"lazy\" class=\"wp-embedded-content\" sandbox=\"allow-scripts\" security=\"restricted\" style=\"position: absolute; visibility: hidden;\" title=\"&#8222;Schulanfangsaktion &#8222;AutoFREIE-Schule&#8220;&#8220; &#8211; Grundschule Diepenau\" src=\"https:\/\/wordpress.nibis.de\/gsdiepenau\/schulanfangsaktion-autofreie-schule\/embed\/#?secret=gh6voP3qOR#?secret=kjiro8Ei4Z\" data-secret=\"kjiro8Ei4Z\" width=\"600\" height=\"338\" frameborder=\"0\" marginwidth=\"0\" marginheight=\"0\" scrolling=\"no\"><\/iframe>\n<\/div><\/figure>\n\n\n\n<figure class=\"wp-block-embed is-type-wp-embed is-provider-grundschule-diepenau wp-block-embed-grundschule-diepenau\"><div class=\"wp-block-embed__wrapper\">\n<blockquote class=\"wp-embedded-content\" data-secret=\"OfAWLnV8uT\"><a href=\"https:\/\/wordpress.nibis.de\/gsdiepenau\/neuer-baum-neues-leben\/\">Neuer Baum &#8211; neues Leben<\/a><\/blockquote><iframe loading=\"lazy\" class=\"wp-embedded-content\" sandbox=\"allow-scripts\" security=\"restricted\" style=\"position: absolute; visibility: hidden;\" title=\"&#8222;Neuer Baum &#8211; neues Leben&#8220; &#8211; Grundschule Diepenau\" src=\"https:\/\/wordpress.nibis.de\/gsdiepenau\/neuer-baum-neues-leben\/embed\/#?secret=WQTWZDP4cd#?secret=OfAWLnV8uT\" data-secret=\"OfAWLnV8uT\" width=\"600\" height=\"338\" frameborder=\"0\" marginwidth=\"0\" marginheight=\"0\" scrolling=\"no\"><\/iframe>\n<\/div><\/figure>\n\n\n\n<figure class=\"wp-block-embed is-type-wp-embed is-provider-grundschule-diepenau wp-block-embed-grundschule-diepenau\"><div class=\"wp-block-embed__wrapper\">\n<blockquote class=\"wp-embedded-content\" data-secret=\"HdeUNI1NIe\"><a href=\"https:\/\/wordpress.nibis.de\/gsdiepenau\/nachmittagsbesuch-auf-der-streuobstwiese\/\">Nachmittagsbesuch auf der Streuobstwiese<\/a><\/blockquote><iframe loading=\"lazy\" class=\"wp-embedded-content\" sandbox=\"allow-scripts\" security=\"restricted\" style=\"position: absolute; visibility: hidden;\" title=\"&#8222;Nachmittagsbesuch auf der Streuobstwiese&#8220; &#8211; Grundschule Diepenau\" src=\"https:\/\/wordpress.nibis.de\/gsdiepenau\/nachmittagsbesuch-auf-der-streuobstwiese\/embed\/#?secret=LMsEV0sqH2#?secret=HdeUNI1NIe\" data-secret=\"HdeUNI1NIe\" width=\"600\" height=\"338\" frameborder=\"0\" marginwidth=\"0\" marginheight=\"0\" scrolling=\"no\"><\/iframe>\n<\/div><\/figure>\n\n\n\n<figure class=\"wp-block-embed is-type-wp-embed is-provider-grundschule-diepenau wp-block-embed-grundschule-diepenau\"><div class=\"wp-block-embed__wrapper\">\n<blockquote class=\"wp-embedded-content\" data-secret=\"vKbtwgJZqp\"><a href=\"https:\/\/wordpress.nibis.de\/gsdiepenau\/wegesrand-und-wald\/\">Wegesrand und Wald<\/a><\/blockquote><iframe loading=\"lazy\" class=\"wp-embedded-content\" sandbox=\"allow-scripts\" security=\"restricted\" style=\"position: absolute; visibility: hidden;\" title=\"&#8222;Wegesrand und Wald&#8220; &#8211; Grundschule Diepenau\" src=\"https:\/\/wordpress.nibis.de\/gsdiepenau\/wegesrand-und-wald\/embed\/#?secret=s2EWPHm1r6#?secret=vKbtwgJZqp\" data-secret=\"vKbtwgJZqp\" width=\"600\" height=\"338\" frameborder=\"0\" marginwidth=\"0\" marginheight=\"0\" scrolling=\"no\"><\/iframe>\n<\/div><\/figure>\n\n\n\n<figure class=\"wp-block-embed is-type-wp-embed is-provider-grundschule-diepenau wp-block-embed-grundschule-diepenau\"><div class=\"wp-block-embed__wrapper\">\n <blockquote class=\"wp-embedded-content\" data-secret=\"VVS5Ox2eCX\"><a href=\"https:\/\/wordpress.nibis.de\/gsdiepenau\/exkursion-zum-teich\/\">Exkursion zum Teich<\/a><\/blockquote><iframe loading=\"lazy\" class=\"wp-embedded-content\" sandbox=\"allow-scripts\" security=\"restricted\" style=\"position: absolute; visibility: hidden;\" title=\"&#8222;Exkursion zum Teich&#8220; &#8211; Grundschule Diepenau\" src=\"https:\/\/wordpress.nibis.de\/gsdiepenau\/exkursion-zum-teich\/embed\/#?secret=p0Wf69Rocn#?secret=VVS5Ox2eCX\" data-secret=\"VVS5Ox2eCX\" width=\"600\" height=\"338\" frameborder=\"0\" marginwidth=\"0\" marginheight=\"0\" scrolling=\"no\"><\/iframe>\n<\/div><\/figure>\n\n\n\n<figure class=\"wp-block-embed is-type-wp-embed is-provider-grundschule-diepenau wp-block-embed-grundschule-diepenau\"><div class=\"wp-block-embed__wrapper\">\n<blockquote class=\"wp-embedded-content\" data-secret=\"DT3PuCkWp9\"><a href=\"https:\/\/wordpress.nibis.de\/gsdiepenau\/moorerlebnis-der-klasse-4\/\">Moorerlebnis der Klasse 4<\/a><\/blockquote><iframe loading=\"lazy\" class=\"wp-embedded-content\" sandbox=\"allow-scripts\" security=\"restricted\" style=\"position: absolute; visibility: hidden;\" title=\"&#8222;Moorerlebnis der Klasse 4&#8220; &#8211; Grundschule Diepenau\" src=\"https:\/\/wordpress.nibis.de\/gsdiepenau\/moorerlebnis-der-klasse-4\/embed\/#?secret=XwCmJeyI4A#?secret=DT3PuCkWp9\" data-secret=\"DT3PuCkWp9\" width=\"600\" height=\"338\" frameborder=\"0\" marginwidth=\"0\" marginheight=\"0\" scrolling=\"no\"><\/iframe>\n<\/div><\/figure>\n\n\n\n<figure class=\"wp-block-embed is-type-wp-embed is-provider-grundschule-diepenau wp-block-embed-grundschule-diepenau\"><div class=\"wp-block-embed__wrapper\">\n<blockquote class=\"wp-embedded-content\" data-secret=\"Ddb3dJjf0L\"><a href=\"https:\/\/wordpress.nibis.de\/gsdiepenau\/sei-dabei-maehfreier-mai\/\">Sei dabei! M\u00e4hfreier Mai!<\/a><\/blockquote><iframe loading=\"lazy\" class=\"wp-embedded-content\" sandbox=\"allow-scripts\" security=\"restricted\" style=\"position: absolute; visibility: hidden;\" title=\"&#8222;Sei dabei! M\u00e4hfreier Mai!&#8220; &#8211; Grundschule Diepenau\" src=\"https:\/\/wordpress.nibis.de\/gsdiepenau\/sei-dabei-maehfreier-mai\/embed\/#?secret=p7dFf9A5Q4#?secret=Ddb3dJjf0L\" data-secret=\"Ddb3dJjf0L\" width=\"600\" height=\"338\" frameborder=\"0\" marginwidth=\"0\" marginheight=\"0\" scrolling=\"no\"><\/iframe>\n<\/div><\/figure>\n\n\n\n<p><\/p>\n\n\n\n<figure class=\"wp-block-embed is-type-wp-embed is-provider-grundschule-diepenau wp-block-embed-grundschule-diepenau\"><div class=\"wp-block-embed__wrapper\">\n<blockquote class=\"wp-embedded-content\" data-secret=\"w4HDlrSyqI\"><a href=\"https:\/\/wordpress.nibis.de\/gsdiepenau\/die-hasen-erkunden-wegesrand-und-wald\/\">Die Hasen erkunden Wegesrand und Wald<\/a><\/blockquote><iframe loading=\"lazy\" class=\"wp-embedded-content\" sandbox=\"allow-scripts\" security=\"restricted\" style=\"position: absolute; visibility: hidden;\" title=\"&#8222;Die Hasen erkunden Wegesrand und Wald&#8220; &#8211; Grundschule Diepenau\" src=\"https:\/\/wordpress.nibis.de\/gsdiepenau\/die-hasen-erkunden-wegesrand-und-wald\/embed\/#?secret=RtZJFjgMIL#?secret=w4HDlrSyqI\" data-secret=\"w4HDlrSyqI\" width=\"600\" height=\"338\" frameborder=\"0\" marginwidth=\"0\" marginheight=\"0\" scrolling=\"no\"><\/iframe>\n<\/div><\/figure>\n\n\n\n<figure class=\"wp-block-embed is-type-wp-embed is-provider-grundschule-diepenau wp-block-embed-grundschule-diepenau\"><div class=\"wp-block-embed__wrapper\">\n <blockquote class=\"wp-embedded-content\" data-secret=\"VM807hICBq\"><a href=\"https:\/\/wordpress.nibis.de\/gsdiepenau\/die-klassen-2a-und-2b-auf-kroetenwanderung\/\">Die Klassen 2a und 2b auf Kr\u00f6tenwanderung\u00a0<\/a><\/blockquote><iframe loading=\"lazy\" class=\"wp-embedded-content\" sandbox=\"allow-scripts\" security=\"restricted\" style=\"position: absolute; visibility: hidden;\" title=\"&#8222;Die Klassen 2a und 2b auf Kr\u00f6tenwanderung\u00a0&#8220; &#8211; Grundschule Diepenau\" src=\"https:\/\/wordpress.nibis.de\/gsdiepenau\/die-klassen-2a-und-2b-auf-kroetenwanderung\/embed\/#?secret=Fl364fS5jn#?secret=VM807hICBq\" data-secret=\"VM807hICBq\" width=\"600\" height=\"338\" frameborder=\"0\" marginwidth=\"0\" marginheight=\"0\" scrolling=\"no\"><\/iframe>\n<\/div><\/figure>\n\n\n","protected":false},"excerpt":{"rendered":"<p>In Zusammenarbeit mit unserem Kooperationspartner, der Biologischen Station Minden-L\u00fcbbecke, arbeiten wir daran, allen Kindern unserer Schule die Liebe zur Natur zu vermitteln, dar\u00fcber aufzukl\u00e4ren, welche Bedeutung die Natur f\u00fcr die Menschen hat und was wir tun m\u00fcssen um sie zu sch\u00fctzen und zu erhalten. Aus diesem Grund werden regelm\u00e4\u00dfige Projekttage in allen Schuljahrg\u00e4ngen durchgef\u00fchrt. Im &hellip; <a href=\"https:\/\/wordpress.nibis.de\/gsdiepenau\/umweltschule-in-europa\/\" class=\"more-link\"><span class=\"screen-reader-text\">Umweltschule in Europa<\/span> weiterlesen <span class=\"meta-nav\">&rarr;<\/span><\/a><\/p>\n","protected":false},"author":9192883,"featured_media":0,"parent":0,"menu_order":0,"comment_status":"closed","ping_status":"closed","template":"","meta":{"footnotes":""},"class_list":["post-911","page","type-page","status-publish","hentry"],"_links":{"self":[{"href":"https:\/\/wordpress.nibis.de\/gsdiepenau\/wp-json\/wp\/v2\/pages\/911","targetHints":{"allow":["GET"]}}],"collection":[{"href":"https:\/\/wordpress.nibis.de\/gsdiepenau\/wp-json\/wp\/v2\/pages"}],"about":[{"href":"https:\/\/wordpress.nibis.de\/gsdiepenau\/wp-json\/wp\/v2\/types\/page"}],"author":[{"embeddable":true,"href":"https:\/\/wordpress.nibis.de\/gsdiepenau\/wp-json\/wp\/v2\/users\/9192883"}],"replies":[{"embeddable":true,"href":"https:\/\/wordpress.nibis.de\/gsdiepenau\/wp-json\/wp\/v2\/comments?post=911"}],"version-history":[{"count":59,"href":"https:\/\/wordpress.nibis.de\/gsdiepenau\/wp-json\/wp\/v2\/pages\/911\/revisions"}],"predecessor-version":[{"id":4691,"href":"https:\/\/wordpress.nibis.de\/gsdiepenau\/wp-json\/wp\/v2\/pages\/911\/revisions\/4691"}],"wp:attachment":[{"href":"https:\/\/wordpress.nibis.de\/gsdiepenau\/wp-json\/wp\/v2\/media?parent=911"}],"curies":[{"name":"wp","href":"https:\/\/api.w.org\/{rel}","templated":true}]}}