{"id":92,"date":"2019-02-06T10:01:51","date_gmt":"2019-02-06T09:01:51","guid":{"rendered":"https:\/\/wordpress.nibis.de\/gsdiepenau\/?page_id=92"},"modified":"2026-01-14T16:10:55","modified_gmt":"2026-01-14T15:10:55","slug":"foerderverein","status":"publish","type":"page","link":"https:\/\/wordpress.nibis.de\/gsdiepenau\/foerderverein\/","title":{"rendered":"F\u00f6rderverein"},"content":{"rendered":"\n<p>Der F\u00f6rderverein schafft neue Spielzeuge an. <a href=\"https:\/\/wordpress.nibis.de\/gsdiepenau\/spielzeug-ausleihe-in-neu-und-schoen\/\" target=\"_blank\" rel=\"noreferrer noopener\">Die Spielzeugausleihe wird neu und sch\u00f6n.<\/a><\/p>\n\n\n<p><a href=\"https:\/\/wordpress.nibis.de\/gsdiepenau\/files\/2022\/06\/Foerderverein-Flyer-2022.pdf\" target=\"_blank\" rel=\"noopener noreferrer\"><span style=\"font-family: arial, helvetica, sans-serif;font-size: 14pt\">Flyer des F\u00f6rdervereins\u00a0\u00a0<\/span><\/a>\u00a0\u00a0\u00a0\u00a0\u00a0\u00a0\u00a0\u00a0\u00a0\u00a0\u00a0\u00a0<\/p>\n<figure style=\"width: 88px\" class=\"wp-caption alignright\"><a href=\"https:\/\/wordpress.nibis.de\/gsdiepenau\/files\/2023\/06\/09_BESTELLFORMULAR-SCHULSHIRTS-2023-pdf.pdf\" target=\"_blank\" rel=\"noopener noreferrer\"><img loading=\"lazy\" decoding=\"async\" src=\"https:\/\/wordpress.nibis.de\/gsdiepenau\/files\/2019\/06\/20180313190334-8b23de031.jpg\" alt=\"\" width=\"88\" height=\"84\" \/><\/a><figcaption class=\"wp-caption-text\">Bestellen Sie ein Schul-Shirt f\u00fcr Ihr Kind!<\/figcaption><\/figure>\n<p><span style=\"font-family: arial,helvetica,sans-serif\"><span class=\"fontstyle0\"><strong>Wer wir sind\u2026<br \/><\/strong><\/span><span class=\"fontstyle2\">Als F\u00f6rderverein der GS Diepenau sind wir ein gemeinn\u00fctziger Verein, der direkt unterst\u00fctzt und einspringt, wo alle Kinder der Grundschule Unterst\u00fctzung und F\u00f6rderung erfahren.<br \/><\/span><span class=\"fontstyle0\"><strong>Was wir konkret machen \u2013 einige Beispiele \u2026<br \/><\/strong><\/span><span class=\"fontstyle3\">&#8211; <\/span><span class=\"fontstyle2\">Finanzierung von Spielger\u00e4ten auf dem Schulhof \u2013<br \/>z.B. das gro\u00dfe <strong><a href=\"https:\/\/wordpress.nibis.de\/gsdiepenau\/files\/2019\/02\/Schule001.jpg\" target=\"_blank\" rel=\"noopener noreferrer\">Kletternetz<\/a><\/strong>, welches die Kinder beim Betreten<br \/>des Schulhofes Willkommen hei\u00dft<br \/><\/span><span class=\"fontstyle3\">&#8211; <\/span><span class=\"fontstyle2\">Unterst\u00fctzung bei der Durchf\u00fchrung von<br \/>Schulveranstaltungen,<br \/>wie beispielsweise dem Nikolausmarkt, dem<br \/>Einschulungscaf\u00e9,\u2026<br \/><\/span><span class=\"fontstyle3\">&#8211; <\/span><span class=\"fontstyle2\">Bezuschussung der Fahrtkosten f\u00fcr Schulfahrten,<br \/>z.B. der Fahrt zu den Waldjugendspielen oder<br \/>in Einzelf\u00e4llen bei Klassenfahrten<br \/><\/span><span class=\"fontstyle3\">&#8211; <\/span><span class=\"fontstyle2\">Willkommensgeschenk f\u00fcr Erstkl\u00e4ssler<\/span><\/span><\/p>\n<p><span style=\"font-family: arial,helvetica,sans-serif\"><span class=\"fontstyle2\">&#8211; Die <a href=\"https:\/\/wordpress.nibis.de\/gsdiepenau\/files\/2020\/02\/WasseranlageInfo.pdf\" target=\"_blank\" rel=\"noopener noreferrer\">Wasseranlage<\/a> f\u00fcr die Grundschule<br \/><\/span><span class=\"fontstyle0\"><strong>Au\u00dferdem\u2026<br \/><\/strong><\/span><span class=\"fontstyle2\">\u2026 ist der F\u00f6rderverein immer dann n\u00f6tig, wenn der Schule z.B. durch Wettbewerbe oder Spenden Gelder\u00a0zuflie\u00dfen sollen. Diese kann die Schule nicht direkt annehmen. Ohne F\u00f6rderverein flie\u00dfen solche Gelder an die<br \/>Samtgemeinde Uchte als Schultr\u00e4ger und sind dann nicht ortsgebunden.<\/span>\u00a0<\/span><\/p>\n<p><span style=\"font-family: arial, helvetica, sans-serif\">Mit den\u00a0<a href=\"https:\/\/www.gooding.de\/\" target=\"_blank\" rel=\"noopener noreferrer\">Gooding<\/a>\u00a0k\u00f6nnen Sie bei Ihren Eink\u00e4ufen einen Spende an den F\u00f6rderverein erwirken. F\u00fcr Sie bleiben die Kosten gleich, <\/span><\/p>\n<p><span style=\"font-family: arial, helvetica, sans-serif\">nur ein oder zwei zus\u00e4tzliche<\/span><\/p>\n<figure id=\"attachment_229\" aria-describedby=\"caption-attachment-229\" style=\"width: 45px\" class=\"wp-caption alignleft\"><img loading=\"lazy\" decoding=\"async\" class=\"wp-image-229\" src=\"https:\/\/wordpress.nibis.de\/gsdiepenau\/files\/2019\/02\/Dateinavigation-150x150.jpg\" alt=\"\" width=\"45\" height=\"38\" \/><figcaption id=\"caption-attachment-229\" class=\"wp-caption-text\">Klicks<\/figcaption><\/figure>\n<p><span style=\"font-family: arial, helvetica, sans-serif\">\u00a0 \u00a0 \u00a0 \u00a0\u00a0<\/span><\/p>\n<p><span style=\"font-family: arial, helvetica, sans-serif\">\u00a0 \u00a0 <\/span><\/p>\n<p><span style=\"font-family: arial, helvetica, sans-serif\">machen es m\u00f6glich.<\/span><\/p>\n<h3 style=\"text-align: right\"><strong><a href=\"https:\/\/wordpress.nibis.de\/gsdiepenau\/files\/2019\/06\/DatenschutzF\u00f6Ver.pdf\" target=\"_blank\" rel=\"noopener noreferrer\">Hinweise zur Datenverarbeitung<\/a><\/strong><\/h3>\n\n\n<p><\/p>\n","protected":false},"excerpt":{"rendered":"<p>Der F\u00f6rderverein schafft neue Spielzeuge an. Die Spielzeugausleihe wird neu und sch\u00f6n. Flyer des F\u00f6rdervereins\u00a0\u00a0\u00a0\u00a0\u00a0\u00a0\u00a0\u00a0\u00a0\u00a0\u00a0\u00a0\u00a0\u00a0 Wer wir sind\u2026Als F\u00f6rderverein der GS Diepenau sind wir ein gemeinn\u00fctziger Verein, der direkt unterst\u00fctzt und einspringt, wo alle Kinder der Grundschule Unterst\u00fctzung und F\u00f6rderung erfahren.Was wir konkret machen \u2013 einige Beispiele \u2026&#8211; Finanzierung von Spielger\u00e4ten auf dem Schulhof \u2013z.B. &hellip; <a href=\"https:\/\/wordpress.nibis.de\/gsdiepenau\/foerderverein\/\" class=\"more-link\"><span class=\"screen-reader-text\">F\u00f6rderverein<\/span> weiterlesen <span class=\"meta-nav\">&rarr;<\/span><\/a><\/p>\n","protected":false},"author":9192883,"featured_media":0,"parent":0,"menu_order":0,"comment_status":"closed","ping_status":"closed","template":"","meta":{"footnotes":""},"class_list":["post-92","page","type-page","status-publish","hentry"],"_links":{"self":[{"href":"https:\/\/wordpress.nibis.de\/gsdiepenau\/wp-json\/wp\/v2\/pages\/92","targetHints":{"allow":["GET"]}}],"collection":[{"href":"https:\/\/wordpress.nibis.de\/gsdiepenau\/wp-json\/wp\/v2\/pages"}],"about":[{"href":"https:\/\/wordpress.nibis.de\/gsdiepenau\/wp-json\/wp\/v2\/types\/page"}],"author":[{"embeddable":true,"href":"https:\/\/wordpress.nibis.de\/gsdiepenau\/wp-json\/wp\/v2\/users\/9192883"}],"replies":[{"embeddable":true,"href":"https:\/\/wordpress.nibis.de\/gsdiepenau\/wp-json\/wp\/v2\/comments?post=92"}],"version-history":[{"count":50,"href":"https:\/\/wordpress.nibis.de\/gsdiepenau\/wp-json\/wp\/v2\/pages\/92\/revisions"}],"predecessor-version":[{"id":4471,"href":"https:\/\/wordpress.nibis.de\/gsdiepenau\/wp-json\/wp\/v2\/pages\/92\/revisions\/4471"}],"wp:attachment":[{"href":"https:\/\/wordpress.nibis.de\/gsdiepenau\/wp-json\/wp\/v2\/media?parent=92"}],"curies":[{"name":"wp","href":"https:\/\/api.w.org\/{rel}","templated":true}]}}