{"id":975,"date":"2020-01-27T11:57:59","date_gmt":"2020-01-27T10:57:59","guid":{"rendered":"https:\/\/wordpress.nibis.de\/gsdiepenau\/?page_id=975"},"modified":"2026-03-02T08:43:03","modified_gmt":"2026-03-02T07:43:03","slug":"unser-ganztag","status":"publish","type":"page","link":"https:\/\/wordpress.nibis.de\/gsdiepenau\/unser-ganztag\/","title":{"rendered":"Unser Ganztag"},"content":{"rendered":"\n<p>An unserer Schule gibt es f\u00fcr alle Kinder ein Ganztagsangebot. <\/p>\n\n\n\n<p>T\u00e4glich in der Zeit von 12:30 bis 13:30 Uhr k\u00f6nnen die Kinder Mittag essen. Die Kinder essen in drei Gruppen nacheinander. <\/p>\n\n\n\n<p>Anschlie\u00dfend findet montags bis donnerstags in der Zeit von 13:30 bis 14:15 Uhr eine Hausaufgaben-Betreuung statt, in der die Kinder von einer Lehrkraft, p\u00e4dagogischen Mitarbeiterin unserer Schule, unserer Bufdi oder einer ehrenamtlich t\u00e4tigen Person bei der Erledigung ihrer Hausaufgaben betreut werden.<\/p>\n\n\n\n<p>Ab 14:15 Uhr nehmen die Kinder an einem Angebot teil. \u00dcberwiegend handelt es sich hierbei um freies Spiel auf dem Schulhof, da die Schule keine weiteren Angebote vorhalten kann. <\/p>\n\n\n\n<p>Genauer nachlesen k\u00f6nnen Sie dies auch in unserem <a href=\"https:\/\/wordpress.nibis.de\/gsdiepenau\/files\/2025\/10\/Ganztagskonzept-2021.pdf\">Ganztagskonzept<\/a>.<\/p>\n\n\n\n<p><\/p>\n\n\n\n<p><\/p>\n\n\n\n<p>Im 1. Schulhalbjahr 2025\/26 gibt es folgende Angebote im Ganztag:<\/p>\n\n\n\n<ul class=\"wp-block-list\">\n<li>Montag:\u00a0\u00a0\u00a0\u00a0\u00a0\u00a0\u00a0\u00a0\u00a0\u00a0  Jg. 1\/2: Freies Spiel,   Jg. 3\/4: Freies Spiel<\/li>\n\n\n\n<li>Dienstag:\u00a0\u00a0\u00a0\u00a0\u00a0\u00a0\u00a0  Jg. 1\/2: Freies Spiel,   Jg. 3\/4:  Freies Spiel <\/li>\n\n\n\n<li>Mittwoch:\u00a0\u00a0\u00a0\u00a0\u00a0\u00a0  Jg. 1\/2: Freies Spiel,   Jg. 3\/4:  Freies Spiel <\/li>\n\n\n\n<li>Donnerstag:\u00a0  Jg. 1\/2: Freies Spiel,   Jg. 3\/4:  Freies Spiel<\/li>\n<\/ul>\n\n\n\n<p class=\"has-medium-font-size\"><span style=\"color:#b6302b\" class=\"tadv-color\"><span style=\"background-color:#fff\" class=\"tadv-background-color\">Au\u00dferdem bietet die Musikschule an verschiedenen Tagen die M\u00f6glichkeit, an Angeboten teilzunehmen, die allerdings kostenpflichtig sind und eine Anmeldung beim jeweiligen Ansprechpartner erfordern.<\/span><\/span><\/p>\n\n\n\n<ul class=\"wp-block-list\">\n<li>Musikschule Weserland e.V., Silke Heckmann, Tel.: 05763-9437344 oder 0171-8068485, Mail: &#x73;&#105;l&#x6b;&#101;h&#x65;&#99;k&#x6d;&#97;n&#x6e;&#64;f&#x72;&#x65;e&#x6e;&#x65;&#116;&#x2e;&#x64;&#101;: <strong>Gitarren- und Fl\u00f6tenunterricht<\/strong>, montags ab 12:00 Uhr.\u00a0 <\/li>\n\n\n\n<li>Musikschule Nienburg, Mail: &#105;&#x6e;f&#111;&#x40;m&#117;&#x73;i&#x6b;&#x73;&#99;&#x68;u&#108;&#x65;-&#110;&#x69;e&#x6e;&#x62;&#117;&#x72;&#x67;&#46;&#x64;e, <strong>Klavier- und Keyboardunterricht<\/strong><\/li>\n\n\n\n<li>Rhythmik und Leben, Herr Pacewitsch, Tel 05706-517552 oder 0160-4141780, Mail: pacewitsch&#64;f&#114;&#101;&#101;&#110;&#101;&#116;&#46;&#100;&#101;, <strong>Trommeln\/Schlagzeug<\/strong>, mittwochs ab 14:00 Uhr.<\/li>\n<\/ul>\n","protected":false},"excerpt":{"rendered":"<p>An unserer Schule gibt es f\u00fcr alle Kinder ein Ganztagsangebot. T\u00e4glich in der Zeit von 12:30 bis 13:30 Uhr k\u00f6nnen die Kinder Mittag essen. Die Kinder essen in drei Gruppen nacheinander. Anschlie\u00dfend findet montags bis donnerstags in der Zeit von 13:30 bis 14:15 Uhr eine Hausaufgaben-Betreuung statt, in der die Kinder von einer Lehrkraft, p\u00e4dagogischen &hellip; <a href=\"https:\/\/wordpress.nibis.de\/gsdiepenau\/unser-ganztag\/\" class=\"more-link\"><span class=\"screen-reader-text\">Unser Ganztag<\/span> weiterlesen <span class=\"meta-nav\">&rarr;<\/span><\/a><\/p>\n","protected":false},"author":9192883,"featured_media":0,"parent":0,"menu_order":0,"comment_status":"closed","ping_status":"closed","template":"","meta":{"footnotes":""},"class_list":["post-975","page","type-page","status-publish","hentry"],"_links":{"self":[{"href":"https:\/\/wordpress.nibis.de\/gsdiepenau\/wp-json\/wp\/v2\/pages\/975","targetHints":{"allow":["GET"]}}],"collection":[{"href":"https:\/\/wordpress.nibis.de\/gsdiepenau\/wp-json\/wp\/v2\/pages"}],"about":[{"href":"https:\/\/wordpress.nibis.de\/gsdiepenau\/wp-json\/wp\/v2\/types\/page"}],"author":[{"embeddable":true,"href":"https:\/\/wordpress.nibis.de\/gsdiepenau\/wp-json\/wp\/v2\/users\/9192883"}],"replies":[{"embeddable":true,"href":"https:\/\/wordpress.nibis.de\/gsdiepenau\/wp-json\/wp\/v2\/comments?post=975"}],"version-history":[{"count":27,"href":"https:\/\/wordpress.nibis.de\/gsdiepenau\/wp-json\/wp\/v2\/pages\/975\/revisions"}],"predecessor-version":[{"id":4596,"href":"https:\/\/wordpress.nibis.de\/gsdiepenau\/wp-json\/wp\/v2\/pages\/975\/revisions\/4596"}],"wp:attachment":[{"href":"https:\/\/wordpress.nibis.de\/gsdiepenau\/wp-json\/wp\/v2\/media?parent=975"}],"curies":[{"name":"wp","href":"https:\/\/api.w.org\/{rel}","templated":true}]}}