{"id":12,"date":"2018-09-25T11:10:33","date_gmt":"2018-09-25T09:10:33","guid":{"rendered":"http:\/\/wordpress.nibis.de\/gsdrueber\/?page_id=12"},"modified":"2026-01-14T18:02:38","modified_gmt":"2026-01-14T17:02:38","slug":"foerderverein","status":"publish","type":"page","link":"https:\/\/wordpress.nibis.de\/gsdrueber\/?page_id=12","title":{"rendered":"F\u00f6rderverein"},"content":{"rendered":"<div id=\"dslc-module-33\" class=\"dslc-module-front dslc-module-DSLC_Text_Simple dslc-in-viewport-check dslc-in-viewport-anim-none dslc-col dslc-12-col dslc-last-col dslc-module-handle-like-regular dslc-in-viewport\">\n<div class=\"dslc-text-module-content\">\n<p>Bereits seit fast 205 Jahren gibt es \u201euns\u201c \u2013 den F\u00f6rderverein der Grundschule in Dr\u00fcber. Hiermit m\u00f6chten wir uns und unser Tun gern allen Besuchern dieser Homepage vorstellen.<\/p>\n<p>Entstanden ist unser gemeinn\u00fctziger Verein aus einer Initiative engagierter Eltern an einem Januarabend im Jahre 1997. Seitdem sind wir nun eifrig damit besch\u00e4ftigt, die Vorhaben der Grundschule in Dr\u00fcber und seiner Sch\u00fclerschaft, f\u00fcr die \u00f6ffentliche Mittel nicht zur Verf\u00fcgung stehen, zu f\u00f6rdern. Dazu geh\u00f6rt insbesondere die finanzielle Unterst\u00fctzung bei schulischen, kulturellen und sozialen Belangen. So sagt es auch die Satzung. Ein weiteres wichtiges Anliegen ist die Sicherung und der Erhalt des Schulstandortes Dr\u00fcber.<\/p>\n<p>Umgesetzt in die Praxis k\u00f6nnen wir stolz auf eine ganze Reihe von Unternehmungen und Anschaffungen zur\u00fcckblicken. Die aus den gemeinsamen Veranstaltungen und Aktivit\u00e4ten gewonnenen Einnahmen kommen zusammen mit den Spenden und Mitgliedsbeitr\u00e4gen in einen Topf, der ausschlie\u00dflich unseren Sch\u00fclerinnen und Sch\u00fclern zu Gute kommt.<\/p>\n<p>Im Lauf der Jahre haben wir einige Veranstaltungen ins Leben gerufen und engagieren uns weiterhin f\u00fcr die Organisation und den Erhalt.<\/p>\n<ul>\n<li>Bei Weihnachts- oder Osterbasar und beim Sommerfest sind wir immer dabei.<\/li>\n<li>Beim Sport- und Spielfest bekommen die flei\u00dfigen Leichtathleten ein gesundes Obst- und Gem\u00fcse-Fr\u00fchst\u00fcck von uns zubereitet.<\/li>\n<li>Zur Einschulungsfeier steht ein Basteltisch f\u00fcr die Geschwisterkinder bereit, der durch uns betreut wird.<\/li>\n<li>\u00a0Im Organisieren von gut laufenden Kuchen- und Br\u00f6tchenbuffets sind wir bestimmt nicht zu toppen.<\/li>\n<\/ul>\n<p>Und welche Anschaffungen gehen zum Beispiel auf unsere Kappe?<\/p>\n<ul>\n<li>Durch unsere finanziellen Unterst\u00fctzungen konnten bereits vor einigen Jahren Computer installiert werden.<\/li>\n<li>Jede Klasse hat eine mit Pausenspielsachen best\u00fcckte Holzkiste erhalten.<\/li>\n<li>Die Schulb\u00fccherei kann durch unsere Hilfe regelm\u00e4\u00dfig aktualisiert werden.<\/li>\n<li>Ein gro\u00dfes Sandschiff f\u00fcr den Spielplatz wurde von uns finanziert.<\/li>\n<li>Tolle neue Musikinstrumente k\u00f6nnen durch den F\u00f6rderverein im Unterricht zum Einsatz kommen.<\/li>\n<li>Lernspiele und Material werden immer wieder angeschafft.<\/li>\n<\/ul>\n<p>Regelm\u00e4\u00dfig wiederkehrend unterst\u00fctzt der F\u00f6rderverein finanziell Projekte, wie:<\/p>\n<ul>\n<li>Auff\u00fchrungen und Theaterbesuche<\/li>\n<li>Projektwochen<\/li>\n<li>das \u201eGewaltfrei Lernen\u201c Programm der Schule<\/li>\n<li>Swim and Run-Tage<\/li>\n<li>und vieles mehr!<\/li>\n<\/ul>\n<p>All diese Aktivit\u00e4ten tragen dazu bei, dass der Lebensraum Schule f\u00fcr alle Beteiligten, d.h. f\u00fcr Sch\u00fclerinnen und Sch\u00fcler, Lehrer und Eltern, an Qualit\u00e4t gewinnt.<\/p>\n<p>Wenn auch Sie sich f\u00fcr das Wohl \u201eunserer\u201c Kinder einsetzen m\u00f6chten, scheuen Sie sich nicht und wenden Sie sich an uns! Wir und die Kinder der Grundschule Dr\u00fcber freuen uns \u00fcber jede neue Idee und aktive Unterst\u00fctzung.<\/p>\n<p>Schon mit einem geringen Jahresbeitrag k\u00f6nnen auch Sie Mitglied im F\u00f6rderverein werden und Gro\u00dfes bewirken. Auch mit jeder noch so kleinen (oder gro\u00dfen) Spende kommen wir unseren Zielen n\u00e4her. &#8222;Wir&#8220; und &#8222;uns&#8220; &#8211; das sind nat\u00fcrlich\u00a0 <em>alle<\/em> \u00a0Mitglieder unseres Vereines.<\/p>\n<p><strong>1. Vorsitzende<\/strong><br \/>\nAndrea B\u00f6hm<\/p>\n<p><strong>2. Vorsitzende<\/strong><br \/>\nAnnika Gerke<\/p>\n<p><strong>Kassenwart<\/strong><br \/>\nTorben Schulz-Streeck<\/p>\n<p><strong>Schriftf\u00fchrerin<\/strong><br \/>\nCarola Sommerfeld<\/p>\n<p><strong>Beisitzerin<\/strong><br \/>\nKaren Wei\u00df<\/p>\n<\/div>\n<\/div>\n<div><strong>Beisitzerin<\/strong><br \/>\nKatja Neiseke-Eggers<\/div>\n","protected":false},"excerpt":{"rendered":"<p>Bereits seit fast 205 Jahren gibt es \u201euns\u201c \u2013 den F\u00f6rderverein der Grundschule in Dr\u00fcber. Hiermit m\u00f6chten wir uns und unser Tun gern allen Besuchern dieser Homepage vorstellen. Entstanden ist unser gemeinn\u00fctziger Verein aus einer Initiative engagierter Eltern an einem Januarabend im Jahre 1997. Seitdem sind wir nun eifrig damit besch\u00e4ftigt, die Vorhaben der Grundschule [&hellip;]<\/p>\n","protected":false},"author":1035,"featured_media":0,"parent":0,"menu_order":6,"comment_status":"closed","ping_status":"closed","template":"","meta":{"footnotes":""},"class_list":["post-12","page","type-page","status-publish","hentry"],"_links":{"self":[{"href":"https:\/\/wordpress.nibis.de\/gsdrueber\/index.php?rest_route=\/wp\/v2\/pages\/12","targetHints":{"allow":["GET"]}}],"collection":[{"href":"https:\/\/wordpress.nibis.de\/gsdrueber\/index.php?rest_route=\/wp\/v2\/pages"}],"about":[{"href":"https:\/\/wordpress.nibis.de\/gsdrueber\/index.php?rest_route=\/wp\/v2\/types\/page"}],"author":[{"embeddable":true,"href":"https:\/\/wordpress.nibis.de\/gsdrueber\/index.php?rest_route=\/wp\/v2\/users\/1035"}],"replies":[{"embeddable":true,"href":"https:\/\/wordpress.nibis.de\/gsdrueber\/index.php?rest_route=%2Fwp%2Fv2%2Fcomments&post=12"}],"version-history":[{"count":12,"href":"https:\/\/wordpress.nibis.de\/gsdrueber\/index.php?rest_route=\/wp\/v2\/pages\/12\/revisions"}],"predecessor-version":[{"id":1514,"href":"https:\/\/wordpress.nibis.de\/gsdrueber\/index.php?rest_route=\/wp\/v2\/pages\/12\/revisions\/1514"}],"wp:attachment":[{"href":"https:\/\/wordpress.nibis.de\/gsdrueber\/index.php?rest_route=%2Fwp%2Fv2%2Fmedia&parent=12"}],"curies":[{"name":"wp","href":"https:\/\/api.w.org\/{rel}","templated":true}]}}