{"id":14,"date":"2018-09-25T11:10:33","date_gmt":"2018-09-25T09:10:33","guid":{"rendered":"http:\/\/wordpress.nibis.de\/gsdrueber\/?page_id=14"},"modified":"2026-01-15T17:41:42","modified_gmt":"2026-01-15T16:41:42","slug":"schulprogramm","status":"publish","type":"page","link":"https:\/\/wordpress.nibis.de\/gsdrueber\/?page_id=14","title":{"rendered":"Schulprogramm"},"content":{"rendered":"<div class=\"dslc-modules-area dslc-col dslc-12-col dslc-last-col\">\n<div id=\"dslc-module-58\" class=\"dslc-module-front dslc-module-DSLC_Text_Simple dslc-in-viewport-check dslc-in-viewport-anim-none dslc-col dslc-12-col dslc-module-handle-like-regular dslc-in-viewport\">\n<div class=\"dslc-text-module-content\">\n<p><em><strong>FEST VERWURZELT &#8211; VIELF\u00c4LTIG WACHSEN<\/strong><\/em><\/p>\n<\/div>\n<\/div>\n<\/div>\n<div class=\"dslc-modules-area dslc-col dslc-12-col dslc-last-col\">\n<div id=\"dslc-module-3pq5h1ejrgc\" class=\"dslc-module-front dslc-module-DSLC_Text_Simple dslc-in-viewport-check dslc-in-viewport-anim-none dslc-col dslc-12-col dslc-module-handle-like-regular dslc-in-viewport\">\n<div class=\"dslc-text-module-content\">\n<p>Das Leitbild zeigt die gemeinsamen Grundwerte und Grundhaltungen auf, an denen sich unsere Schule orientiert. Die gemeinsame Kl\u00e4rung erm\u00f6glicht Identifizierung und stiftet\u00a0 Identit\u00e4t. Im praktischen Alltag f\u00fcllen wir es mit Konkretem.<\/p>\n<\/div>\n<\/div>\n<\/div>\n<div class=\"dslc-modules-area dslc-col dslc-12-col dslc-last-col\">\n<div id=\"dslc-module-jsesieddfec\" class=\"dslc-module-front dslc-module-DSLC_Text_Simple dslc-in-viewport-check dslc-in-viewport-anim-none dslc-col dslc-12-col dslc-module-handle-like-regular dslc-in-viewport\">\n<div class=\"dslc-text-module-content\">\n<p><em><strong>Unsere Leits\u00e4tze<\/strong><\/em><\/p>\n<\/div>\n<\/div>\n<\/div>\n<div class=\"dslc-modules-area dslc-col dslc-12-col dslc-last-col\">\n<div id=\"dslc-module-7nci09l11o4\" class=\"dslc-module-front dslc-module-DSLC_Text_Simple dslc-in-viewport-check dslc-in-viewport-anim-none dslc-col dslc-12-col dslc-module-handle-like-regular dslc-in-viewport\">\n<div class=\"dslc-text-module-content\">\n<ul>\n<li>In unserer Schule sind wir Vorbild f\u00fcr gute Umgangsformen<\/li>\n<li>Auf ein h\u00f6fliches Miteinander ohne Gewalt legen wir gro\u00dfen Wert<\/li>\n<li>Wir sind ehrlich, tolerant und gehen respektvoll miteinander um<\/li>\n<li>Selbstst\u00e4ndigkeit, R\u00fccksichtnahme und Teamf\u00e4higkeit st\u00e4rken das Selbstbewusstsein unserer Sch\u00fclerinnen und Sch\u00fcler<\/li>\n<li>Mit viel Bewegung und Freude am Lernen fordern und f\u00f6rdern wir unsere Kinder individuell<\/li>\n<li>Vielf\u00e4ltige Methoden im Unterricht vermitteln ein solides Basiswissen<\/li>\n<li>Wir f\u00f6rdern den Erwerb der Lesef\u00e4higkeit, das Leseverst\u00e4ndnis sowie das Interesse und die Freude am Lesen in allen Unterrichtsbereichen<\/li>\n<li>Wir lehren den verantwortungsvollen Umgang mit neuen Medien<\/li>\n<li>Durch vertrauensvolle Zusammenarbeit zwischen Eltern und Schule schaffen wir Transparenz<\/li>\n<li>Die Eingebundenheit unserer Schule in die l\u00e4ndliche Struktur gibt Geborgenheit und f\u00fchrt zu einem intakten sozialen Miteinander<\/li>\n<li>Durch ein vielf\u00e4ltiges Angebot an sportlichenAktivit\u00e4ten in Verbindung mit einer ern\u00e4hrungswissenschaftlichen\u00a0Aufkl\u00e4rung sorgen wir f\u00fcr ein gesundes Wachstum\u00a0unserer Kinder und schaffen ein entwicklungsf\u00f6rderndes Gleichgewicht zwischen K\u00f6rper und Seele<\/li>\n<\/ul>\n<\/div>\n<\/div>\n<\/div>\n","protected":false},"excerpt":{"rendered":"<p>FEST VERWURZELT &#8211; VIELF\u00c4LTIG WACHSEN Das Leitbild zeigt die gemeinsamen Grundwerte und Grundhaltungen auf, an denen sich unsere Schule orientiert. Die gemeinsame Kl\u00e4rung erm\u00f6glicht Identifizierung und stiftet\u00a0 Identit\u00e4t. Im praktischen Alltag f\u00fcllen wir es mit Konkretem. Unsere Leits\u00e4tze In unserer Schule sind wir Vorbild f\u00fcr gute Umgangsformen Auf ein h\u00f6fliches Miteinander ohne Gewalt legen wir [&hellip;]<\/p>\n","protected":false},"author":1035,"featured_media":0,"parent":0,"menu_order":5,"comment_status":"closed","ping_status":"closed","template":"","meta":{"footnotes":""},"class_list":["post-14","page","type-page","status-publish","hentry"],"_links":{"self":[{"href":"https:\/\/wordpress.nibis.de\/gsdrueber\/index.php?rest_route=\/wp\/v2\/pages\/14","targetHints":{"allow":["GET"]}}],"collection":[{"href":"https:\/\/wordpress.nibis.de\/gsdrueber\/index.php?rest_route=\/wp\/v2\/pages"}],"about":[{"href":"https:\/\/wordpress.nibis.de\/gsdrueber\/index.php?rest_route=\/wp\/v2\/types\/page"}],"author":[{"embeddable":true,"href":"https:\/\/wordpress.nibis.de\/gsdrueber\/index.php?rest_route=\/wp\/v2\/users\/1035"}],"replies":[{"embeddable":true,"href":"https:\/\/wordpress.nibis.de\/gsdrueber\/index.php?rest_route=%2Fwp%2Fv2%2Fcomments&post=14"}],"version-history":[{"count":5,"href":"https:\/\/wordpress.nibis.de\/gsdrueber\/index.php?rest_route=\/wp\/v2\/pages\/14\/revisions"}],"predecessor-version":[{"id":1537,"href":"https:\/\/wordpress.nibis.de\/gsdrueber\/index.php?rest_route=\/wp\/v2\/pages\/14\/revisions\/1537"}],"wp:attachment":[{"href":"https:\/\/wordpress.nibis.de\/gsdrueber\/index.php?rest_route=%2Fwp%2Fv2%2Fmedia&parent=14"}],"curies":[{"name":"wp","href":"https:\/\/api.w.org\/{rel}","templated":true}]}}