{"id":173,"date":"2018-10-12T13:46:54","date_gmt":"2018-10-12T11:46:54","guid":{"rendered":"http:\/\/wordpress.nibis.de\/gsdrueber\/?page_id=173"},"modified":"2023-11-24T08:56:06","modified_gmt":"2023-11-24T07:56:06","slug":"impressum-datenschutz","status":"publish","type":"page","link":"https:\/\/wordpress.nibis.de\/gsdrueber\/?page_id=173","title":{"rendered":"Impressum &amp; Datenschutz"},"content":{"rendered":"<div id=\"dslc-module-90\" class=\"dslc-module-front dslc-module-DSLC_Text_Simple dslc-in-viewport-check dslc-in-viewport-anim-none dslc-col dslc-12-col dslc-last-col dslc-module-handle-like-regular dslc-in-viewport\">\n<div class=\"dslc-text-module-content\">\n<p><b>Grundschule Dr\u00fcber<br \/>\n<\/b><\/p>\n<p><b>Schulleitung:<\/b><br \/>\nS. Emmend\u00f6rffer-B\u00fclau Schulleiterin<br \/>\nAn der Schule 2<br \/>\n37574 Einbeck<\/p>\n<p>Telefon: 0 55 61 \/ 82146<br \/>\nTelefax: 0 55 61 \/ 982907<br \/>\neMail: &#98;&#x75;&#101;&#x72;&#111;&#x40;&#105;&#x73;e&#x72;v&#x2d;g&#x73;-&#100;&#x72;&#117;&#x65;&#98;&#x65;&#114;&#x2e;&#100;&#x65;<\/p>\n<p><b>Schultr\u00e4ger (Diensteanbieter im Sinne des TDG\/MDStV):<\/b><br \/>\nStadt Einbeck<br \/>\nvertreten durch: Dr. Sabine Michalek, B\u00fcrgermeisterin<br \/>\nNeues Rathaus, Teichenweg 1<br \/>\n37574 Einbeck<\/p>\n<p>Telefon: 0 55 61 \/ 9 16 &#8211; 0<br \/>\nFax: 0 55 61 \/ 9 16 &#8211; 5 00<br \/>\neMail: <a href=\"&#x6d;&#x61;&#x69;&#x6c;&#x74;&#x6f;&#x3a;&#115;&#116;&#97;&#100;&#116;verw&#x61;&#x6c;&#x74;&#x75;&#x6e;&#x67;&#x40;&#x65;&#105;&#110;&#98;&#101;&#99;k&#46;de\">&#x73;&#x74;&#x61;&#100;&#116;ve&#x72;&#x77;&#x61;&#108;&#116;un&#x67;&#x40;&#x65;&#105;&#110;be&#x63;&#x6b;&#x2e;&#100;&#101; <\/a><\/p>\n<p><strong>Haftungshinweis:<\/strong><br \/>\nTrotz sorgf\u00e4ltiger inhaltlicher Kontrolle \u00fcbernehmen wir keine Haftung f\u00fcr die Inhalte externer Links. F\u00fcr den Inhalt der verlinkten Seiten sind ausschlie\u00dflich deren Betreiber verantwortlich.<\/p>\n<p><strong>Bildnachweis:<\/strong> eigenes Archiv<\/p>\n<p><strong>Datenschutzerkl\u00e4rung<\/strong><br \/>\nDie Betreiber dieser Seiten nehmen den Schutz Ihrer pers\u00f6nlichen Daten sehr ernst. Wir behandeln Ihre personenbezogenen Daten vertraulich und entsprechend der gesetzlichen Datenschutzvorschriften sowie dieser Datenschutzerkl\u00e4rung.<br \/>\nDie Nutzung unserer Webseite ist in der Regel ohne Angabe personenbezogener Daten m\u00f6glich. Soweit auf unseren Seiten personenbezogene Daten (beispielsweise Name, Anschrift oder E-Mail-Adressen) erhoben werden, erfolgt dies, soweit m\u00f6glich, stets auf freiwilliger Basis. Diese Daten werden ohne Ihre ausdr\u00fcckliche Zustimmung nicht an Dritte weitergegeben.<br \/>\nWir weisen darauf hin, dass die Daten\u00fcbertragung im Internet (z.B. bei der Kommunikation per E-Mail) Sicherheitsl\u00fccken aufweisen kann. Ein l\u00fcckenloser Schutz der Daten vor dem Zugriff durch Dritte ist nicht m\u00f6glich.<\/p>\n<p><strong>Auskunft, L\u00f6schung, Sperrung<\/strong><br \/>\nSie haben jederzeit das Recht auf unentgeltliche Auskunft \u00fcber Ihre gespeicherten personenbezogenen Daten, deren Herkunft und Empf\u00e4nger und den Zweck der Datenverarbeitung sowie ein Recht auf Berichtigung, Sperrung oder L\u00f6schung dieser Daten. Hierzu sowie zu weiteren Fragen zum Thema personenbezogene Daten k\u00f6nnen Sie sich jederzeit unter der im Impressum angegebenen Adresse an uns wenden.<\/p>\n<p><strong>Cookies<\/strong><br \/>\nDie Internetseiten verwenden teilweise so genannte Cookies. Cookies richten auf Ihrem Rechner keinen Schaden an und enthalten keine Viren. Cookies dienen dazu, unser Angebot nutzerfreundlicher, effektiver und sicherer zu machen. Cookies sind kleine Textdateien, die auf Ihrem Rechner abgelegt werden und die Ihr Browser speichert.<br \/>\nDie meisten der von uns verwendeten Cookies sind so genannte \u201eSession-Cookies\u201c. Sie werden nach Ende Ihres Besuchs automatisch gel\u00f6scht. Andere Cookies bleiben auf Ihrem Endger\u00e4t gespeichert, bis Sie diese l\u00f6schen. Diese Cookies erm\u00f6glichen es uns, Ihren Browser beim n\u00e4chsten Besuch wiederzuerkennen.<br \/>\nSie k\u00f6nnen Ihren Browser so einstellen, dass Sie \u00fcber das Setzen von Cookies informiert werden und Cookies nur im Einzelfall erlauben, die Annahme von Cookies f\u00fcr bestimmte F\u00e4lle oder generell ausschlie\u00dfen sowie das automatische L\u00f6schen der Cookies beim Schlie\u00dfen des Browser aktivieren. Bei der Deaktivierung von Cookies kann die Funktionalit\u00e4t dieser Website eingeschr\u00e4nkt sein.<\/p>\n<p><strong>Server-Log-Files<\/strong><br \/>\nDer Provider der Seiten erhebt und speichert automatisch Informationen in so genannten Server-Log Files, die Ihr Browser automatisch an uns \u00fcbermittelt. Diese Informationen umfassen den Namen der abgerufen Seite, Datum und Uhrzeit des Aufrufs, \u00fcbertragene Datenmenge, Statusmeldung \u00fcber erfolgreichen Abruf, Browsertyp, Browserversion und Browsersprache, die Quelle bzw. der Verweis, von welchem Sie auf die Seite gelangten und die IP-Adresse. Diese Daten sind nicht bestimmten Personen zuordenbar. Eine Zusammenf\u00fchrung dieser Daten mit anderen Datenquellen wird nicht vorgenommen. Wir behalten uns vor, diese Daten nachtr\u00e4glich zu pr\u00fcfen, wenn uns konkrete Anhaltspunkte f\u00fcr eine rechtswidrige Nutzung bekannt werden.<\/p>\n<p><strong>Kontakt<\/strong><br \/>\nWenn Sie uns per Email Anfragen zukommen lassen, werden Ihre Angaben aus der Email inklusive der von Ihnen dort angegebenen Kontaktdaten zwecks Bearbeitung der Anfrage und f\u00fcr den Fall von Anschlussfragen bei uns gespeichert. Diese Daten geben wir nicht ohne Ihre Einwilligung weiter.<\/p>\n<p><strong>Anpassungen<\/strong><br \/>\nDie st\u00e4ndige Entwicklung des Internets macht von Zeit zu Zeit Anpassungen unserer Datenschutzerkl\u00e4rung erforderlich. Wir behalten uns vor, jederzeit entsprechende \u00c4nderungen vorzunehmen.<\/p>\n<p><strong>Widerspruchsrecht<\/strong><br \/>\nSie k\u00f6nnen der k\u00fcnftigen Verarbeitung der Sie betreffenden Daten nach Ma\u00dfgabe des Art. 21 DSGVO jederzeit widersprechen.<\/p>\n<\/div>\n<\/div>\n<p><b>I. Name und Anschrift des Verantwortlichen<br \/>\n<\/b>Grundschule Dr\u00fcber<br \/>\nAn der Schule 2<br \/>\n37574 Einbeck &#8211; Dr\u00fcber<br \/>\nTelefon: 0 55 61 \/ 9 16 &#8211; 0<br \/>\nE-Mail: &#98;&#117;&#x65;r&#111;&#x40;&#x69;s&#101;&#x72;&#x76;-&#103;&#x73;-&#100;&#x72;&#x75;e&#98;&#x65;&#x72;&#46;&#100;&#x65;<\/p>\n<p><strong>Vertretungsberechtigt<\/strong><br \/>\nSabine Emmend\u00f6rffer-B\u00fclau, Rektorin<\/p>\n<p><strong>II. Kontaktdaten der oder des beh\u00f6rdlichen Datenschutzbeauftragten<br \/>\n<\/strong>Tel.:<br \/>\nFax.:<br \/>\nE-Mail:<\/p>\n<p><strong>III. Name und Anschrift unseres Host-Providers<br \/>\n<\/strong>Nieders\u00e4chsisches Landesinstitut f\u00fcr schulische Qualit\u00e4tsentwicklung (NLQ)<br \/>\nvertreten durch die Pr\u00e4sidentin Frau Dr. Elke Richlick<br \/>\nKe\u00dflerstra\u00dfe 52<br \/>\n31134 Hildesheim<\/p>\n<p><strong>IV. Bereitstellung der Website und Erstellung von Logfiles<br \/>\n<\/strong>Bei jedem Aufruf unserer Internetseite erfasst unser System automatisiert Daten und Informationen vom Computersystem des aufrufenden Rechners. Folgende Daten werden hierbei erhoben:<\/p>\n<p>(1) Datum und Uhrzeit des Zugriffes<br \/>\n(2) Vom System protokollierte Fehler beim Aufruf unserer Seiten<br \/>\n(3) Die IP-Adresse des Nutzers<br \/>\n(4) Die Betriebssystemversion des Nutzers<br \/>\n(5) Der Browsertyp des Nutzers<br \/>\n(6) Die vom Nutzer aufgerufene Seite<br \/>\n(7) Die Weiterleitung auf eine externe Seite<\/p>\n<p>Die Daten werden in den Logfiles gespeichert. Eine Speicherung dieser Daten zusammen mit anderen personenbezogenen Daten des Nutzers findet nicht statt. Zweck der Datenspeicherung ist technische Optimierung unserer Internetseite. Rechtsgrundlage f\u00fcr die vor\u00fcbergehende Speicherung der Daten ist Art. 6 Abs.1 lit.f DSGVO.<\/p>\n<p>Die Daten werden f\u00fcr 52 Wochen gespeichert, sie werden lediglich statistisch ausgewertet. Danach werden sie gel\u00f6scht.<\/p>\n<p><strong>V. Verwendung von Cookies<br \/>\n<\/strong>Beim Anmelden in WordPress werden Cookies eingerichtet, um die Anmeldeinformationen und Anzeigeoptionen zu speichern. Anmelde-Cookies verfallen nach zwei Tagen und Cookies f\u00fcr die Anzeigeoptionen nach einem Jahr. Falls Sie bei der Anmeldung \u201eAngemeldet bleiben\u201c ausgew\u00e4hlt haben, wird Ihre Anmeldung zwei Wochen lang aufrechterhalten. Mit der Abmeldung aus Ihrem Konto werden die Anmelde-Cookies gel\u00f6scht.<\/p>\n<p><strong>VI. Speicherung personenbezogener Daten bei Kontaktaufnahme<br \/>\n<\/strong>Sofern Sie per E-Mail den Kontakt mit uns aufnehmen, werden die von Ihnen \u00fcbermittelten personenbezogenen Daten automatisch gespeichert. Diese Daten werden f\u00fcr Zwecke der Bearbeitung Ihres Anliegens und der Kontaktaufnahme mit Ihnen gespeichert.<\/p>\n<p>Wenn Sie Gebrauch von unserem Kontaktformular machen, werden die folgenden personenbezogenen Daten von Ihnen gespeichert: Ihr Name, Ihre Anschrift, Ihre E-Mail-Adresse.<\/p>\n<p>Die L\u00f6schung der Daten erfolgt, sobald deren Speicherung f\u00fcr die Bearbeitung Ihres Anliegens nicht mehr erforderlich ist.<\/p>\n<p><strong>VII. Kontaktformulare<br \/>\n<\/strong>Wenn Sie einen Kommentar auf unserer Website schreiben, kann das eine Einwilligung sein, Ihren Namen, E-Mailadresse und Website in Cookies zu speichern. Dies ist eine Komfortfunktion, damit Sie nicht, wenn Sie einen weiteren Kommentar schreiben, all diese Daten erneut eingeben m\u00fcssen. Diese Cookies werden ein Jahr lang gespeichert.<\/p>\n<p><strong>VIII. Medien<br \/>\n<\/strong>Wenn Sie ein registrierter Benutzer sind und Fotos auf diese Website laden, sollten Sie vermeiden Fotos mit einer EXIF-GPS-Standort hochzuladen. Besucher dieser Website k\u00f6nnten Fotos, die auf dieser Website gespeichert sind, herunterladen und deren Standort-Informationen extrahieren.<\/p>\n<p><strong>IX. Eingebettete Inhalte von anderen Websites<br \/>\n<\/strong>Beitr\u00e4ge auf dieser Website k\u00f6nnen eingebettete Inhalte beinhalten (z. B. Videos, Bilder, Beitr\u00e4ge etc.). Eingebettete Inhalte von anderen Websites verhalten sich exakt so, als ob der Besucher die andere Website besucht h\u00e4tte.<br \/>\nDiese Websites k\u00f6nnen Daten \u00fcber Sie sammeln, Cookies benutzen, zus\u00e4tzliche Tracking-Dienste von Dritten einbetten und Ihre Interaktion mit diesem eingebetteten Inhalt aufzeichnen, inklusive Ihrer Interaktion mit dem eingebetteten Inhalt, falls Sie ein Konto haben und auf dieser Website angemeldet sind.\u201c<\/p>\n<p><strong>X. Betroffenenrechte<br \/>\n<\/strong>Sie k\u00f6nnen folgende Rechte geltend machen:<\/p>\n<p><em>\u2022 Auskunft\/ Akteneinsicht<\/em><br \/>\nGem. Art. 15 DSGVO haben Sie das Recht, Auskunft bzw. Akteneinsicht \u00fcber die von uns verarbeiteten personenbezogenen Daten zu erhalten.<\/p>\n<p><em>\u2022 Berichtigung<\/em><br \/>\nSind bei uns gespeicherte personenbezogene Daten unrichtig oder unvollst\u00e4ndig, haben Sie gem. Art. 16 DSGVO das Recht, diese berichtigen bzw. vervollst\u00e4ndigen zu lassen.<\/p>\n<p><em>\u2022 L\u00f6schung<\/em><br \/>\nArt. 17 DSGVO normiert das Recht auf L\u00f6schung personenbezogener Daten. Dieses Recht steht Ihnen insbesondere dann zu, wenn die Speicherung der personenbezogenen Daten zur Erf\u00fcllung unserer gesetzlichen Aufgaben nicht mehr erforderlich ist oder Sie Ihre Einwilligung zur Datenverarbeitung mit Wirkung f\u00fcr die Zukunft widerrufen haben.<\/p>\n<p><em>\u2022 Einschr\u00e4nkung der Verarbeitung<\/em><br \/>\nGem. Art. 18 DSGVO k\u00f6nnen Sie die Einschr\u00e4nkung der personenbezogenen Daten verlangen, wenn<br \/>\n\u2013 die Richtigkeit der Daten von Ihnen bestritten wird<br \/>\n\u2013 die Verarbeitung unrechtm\u00e4\u00dfig ist, Sie aber deren L\u00f6schung ablehnen<br \/>\n\u2013 wir die Daten nicht mehr ben\u00f6tigen, Sie jedoch diese zur Geltendmachung, Aus\u00fcbung oder Verteidigung von Rechtsanspr\u00fcchen ben\u00f6tigen<br \/>\n\u2013 oder Sie gem\u00e4\u00df Art. 21 DSGVO Widerspruch gegen die Verarbeitung eingelegt haben<\/p>\n<p><em>\u2022 Widerspruch<\/em><br \/>\nSie k\u00f6nnen bei Gr\u00fcnden, die sich aus Ihrer besonderen Situation ergeben, ein Widerspruchsrecht geltend machen. Gem. Art. 21 DSGVO ist jedoch zu ber\u00fccksichtigten, ob schutzw\u00fcrdige Gr\u00fcnde f\u00fcr die Verarbeitung vorliegen oder die Verarbeitung der Geltendmachung, Aus\u00fcbung oder Verteidigung von Rechtsanspr\u00fcchen dient.<\/p>\n<p><em>\u2022 Daten\u00fcbertragbarkeit<\/em><br \/>\nIst die Verarbeitung Ihrer Daten mit Hilfe eines automatisierten Verfahrens erfolgt, haben Sie gem. Art. 20 DSGVO das Recht, die Daten in einem g\u00e4ngigen und maschinenlesbaren Format zu erhalten und an eine andere Schule zu \u00fcbermitteln bzw. durch uns \u00fcbermitteln zu lassen.<\/p>\n<p><em>\u2022 Widerruf der Einwilligung<\/em><br \/>\nSie haben gem. Art. 7 Absatz 3 DSGVO das Recht, uns erteilte Einwilligungen jederzeit mit Wirkung f\u00fcr die Zukunft zu widerrufen.<\/p>\n<p><em>\u2022 Beschwerde<\/em><br \/>\nArt. 77 DSGVO normiert ein Beschwerderecht bei der Aufsichtsbeh\u00f6rde. Die f\u00fcr uns zust\u00e4ndige Aufsichtsbeh\u00f6rde ist die Landesbeauftragte f\u00fcr den Datenschutz Niedersachsen, Prinzenstra\u00dfe 5, 30159 Hannover. E-Mail: &#x70;&#111;s&#x74;&#115;t&#x65;&#108;l&#x65;&#x40;&#108;&#x66;&#x64;&#46;n&#x69;&#101;d&#x65;&#114;s&#x61;&#x63;&#104;&#x73;&#x65;&#110;&#46;&#x64;&#101;<\/p>\n<div id=\"dslc-module-90\" class=\"dslc-module-front dslc-module-DSLC_Text_Simple dslc-in-viewport-check dslc-in-viewport-anim-none dslc-col dslc-12-col dslc-last-col dslc-module-handle-like-regular dslc-in-viewport\">\n<div class=\"dslc-text-module-content\">\n<p>Stand: 23.08.2023<\/p>\n<\/div>\n<\/div>\n","protected":false},"excerpt":{"rendered":"<p>Grundschule Dr\u00fcber Schulleitung: S. Emmend\u00f6rffer-B\u00fclau Schulleiterin An der Schule 2 37574 Einbeck Telefon: 0 55 61 \/ 82146 Telefax: 0 55 61 \/ 982907 eMail: &#x62;u&#x65;&#114;&#x6f;&#64;&#x69;&#x73;e&#x72;&#118;&#x2d;&#103;&#x73;&#45;d&#x72;&#117;&#x65;&#98;&#x65;&#114;&#46;&#x64;&#101; Schultr\u00e4ger (Diensteanbieter im Sinne des TDG\/MDStV): Stadt Einbeck vertreten durch: Dr. Sabine Michalek, B\u00fcrgermeisterin Neues Rathaus, Teichenweg 1 37574 Einbeck Telefon: 0 55 61 \/ 9 16 &#8211; 0 [&hellip;]<\/p>\n","protected":false},"author":1035,"featured_media":0,"parent":0,"menu_order":8,"comment_status":"closed","ping_status":"closed","template":"","meta":{"footnotes":""},"class_list":["post-173","page","type-page","status-publish","hentry"],"_links":{"self":[{"href":"https:\/\/wordpress.nibis.de\/gsdrueber\/index.php?rest_route=\/wp\/v2\/pages\/173","targetHints":{"allow":["GET"]}}],"collection":[{"href":"https:\/\/wordpress.nibis.de\/gsdrueber\/index.php?rest_route=\/wp\/v2\/pages"}],"about":[{"href":"https:\/\/wordpress.nibis.de\/gsdrueber\/index.php?rest_route=\/wp\/v2\/types\/page"}],"author":[{"embeddable":true,"href":"https:\/\/wordpress.nibis.de\/gsdrueber\/index.php?rest_route=\/wp\/v2\/users\/1035"}],"replies":[{"embeddable":true,"href":"https:\/\/wordpress.nibis.de\/gsdrueber\/index.php?rest_route=%2Fwp%2Fv2%2Fcomments&post=173"}],"version-history":[{"count":5,"href":"https:\/\/wordpress.nibis.de\/gsdrueber\/index.php?rest_route=\/wp\/v2\/pages\/173\/revisions"}],"predecessor-version":[{"id":1353,"href":"https:\/\/wordpress.nibis.de\/gsdrueber\/index.php?rest_route=\/wp\/v2\/pages\/173\/revisions\/1353"}],"wp:attachment":[{"href":"https:\/\/wordpress.nibis.de\/gsdrueber\/index.php?rest_route=%2Fwp%2Fv2%2Fmedia&parent=173"}],"curies":[{"name":"wp","href":"https:\/\/api.w.org\/{rel}","templated":true}]}}