{"id":268,"date":"2018-10-17T09:35:51","date_gmt":"2018-10-17T07:35:51","guid":{"rendered":"http:\/\/wordpress.nibis.de\/gsdrueber\/?page_id=268"},"modified":"2020-02-29T16:21:39","modified_gmt":"2020-02-29T15:21:39","slug":"sportfreundliche-schule","status":"publish","type":"page","link":"https:\/\/wordpress.nibis.de\/gsdrueber\/?page_id=268","title":{"rendered":"Sportfreundliche Schule"},"content":{"rendered":"<div class=\"m_586556551248226167content m_586556551248226167wrap4of4\">\n<div class=\"m_586556551248226167group m_586556551248226167main m_586556551248226167span3of4\">\n<div class=\"m_586556551248226167group m_586556551248226167section m_586556551248226167noline m_586556551248226167span3of4 m_586556551248226167ftext\">\n<div id=\"m_586556551248226167articleContent_154569\">\n<h3 class=\"m_586556551248226167margt0\"><img loading=\"lazy\" decoding=\"async\" class=\"alignnone wp-image-347\" src=\"https:\/\/wordpress.nibis.de\/gsdrueber\/files\/2018\/10\/sportfreundliche-Schule2.jpg\" alt=\"\" width=\"340\" height=\"248\" srcset=\"https:\/\/wordpress.nibis.de\/gsdrueber\/files\/2018\/10\/sportfreundliche-Schule2.jpg 800w, https:\/\/wordpress.nibis.de\/gsdrueber\/files\/2018\/10\/sportfreundliche-Schule2-300x219.jpg 300w, https:\/\/wordpress.nibis.de\/gsdrueber\/files\/2018\/10\/sportfreundliche-Schule2-768x560.jpg 768w\" sizes=\"auto, (max-width: 340px) 100vw, 340px\" \/> <img loading=\"lazy\" decoding=\"async\" class=\"wp-image-344 alignright\" src=\"https:\/\/wordpress.nibis.de\/gsdrueber\/files\/2018\/10\/FSJ.jpg\" alt=\"\" width=\"354\" height=\"235\" srcset=\"https:\/\/wordpress.nibis.de\/gsdrueber\/files\/2018\/10\/FSJ.jpg 800w, https:\/\/wordpress.nibis.de\/gsdrueber\/files\/2018\/10\/FSJ-300x200.jpg 300w, https:\/\/wordpress.nibis.de\/gsdrueber\/files\/2018\/10\/FSJ-768x511.jpg 768w\" sizes=\"auto, (max-width: 354px) 100vw, 354px\" \/><img loading=\"lazy\" decoding=\"async\" class=\"wp-image-346 aligncenter\" src=\"https:\/\/wordpress.nibis.de\/gsdrueber\/files\/2018\/10\/sportfreundliche-Schule1.jpg\" alt=\"\" width=\"668\" height=\"169\" srcset=\"https:\/\/wordpress.nibis.de\/gsdrueber\/files\/2018\/10\/sportfreundliche-Schule1.jpg 800w, https:\/\/wordpress.nibis.de\/gsdrueber\/files\/2018\/10\/sportfreundliche-Schule1-300x76.jpg 300w, https:\/\/wordpress.nibis.de\/gsdrueber\/files\/2018\/10\/sportfreundliche-Schule1-768x194.jpg 768w\" sizes=\"auto, (max-width: 668px) 100vw, 668px\" \/><\/h3>\n<div class=\"m_586556551248226167group m_586556551248226167section m_586556551248226167noline m_586556551248226167span3of4\">\n<p class=\"m_586556551248226167c2\"><span class=\"m_586556551248226167c1\" lang=\"DE\">Mit der Landesauszeichnung \u201eSportfreundliche Schule\u201c sollen Schulen motiviert werden, Sport und Fitness in ihr Schulprogramm aufzunehmen und mit vielf\u00e4ltigen Bewegungsangeboten und gesunder Ern\u00e4hrung die Entwicklung von Kindern und Jugendlichen zu f\u00f6rdern. Ferner m\u00f6chten das Nieders\u00e4chsische Kultusministerium und der Landessportbund Niedersachsen f\u00fcr ein sportfreundliches Klima an den Schulen werben und die Arbeit der Schulleitung, der Lehrkr\u00e4fte sowie aller Personen w\u00fcrdigen, die sich in einer Schule f\u00fcr Sportlichkeit und Fitness der Kinder und Jugendlichen einsetzen.<\/span><\/p>\n<\/div>\n<\/div>\n<\/div>\n<\/div>\n<\/div>\n<div><span style=\"text-decoration: underline\"><strong>F\u00fcr unsere Schule bedeutet das:<\/strong><\/span><\/div>\n<div>&#8211; <em>Laufen vor dem Unterricht<\/em><\/div>\n<div><em>&#8211; Bundesjugendspiele<\/em><\/div>\n<div><em>&#8211; Laufabzeichen<\/em><\/div>\n<div><em>&#8211; Sportabzeichen<\/em><\/div>\n<div><em>&#8211; Bierstadtlauf<\/em><\/div>\n<div><em>&#8211; Schultanztreffen<\/em><\/div>\n<div>\n<p><em><em>&#8211; Teilnahme am Ball \u00fcber die Schnur-Turnier, Futsal-Turnier, Tischtennisrundlauf-Cup, Handballturnier, Swim and Run und jedem anderen Turnier, das mal irgendwann in der Region angeboten wird<\/em><\/em><\/p>\n\n\t\t<style type=\"text\/css\">\n\t\t\t#gallery-1 {\n\t\t\t\tmargin: auto;\n\t\t\t}\n\t\t\t#gallery-1 .gallery-item {\n\t\t\t\tfloat: left;\n\t\t\t\tmargin-top: 10px;\n\t\t\t\ttext-align: center;\n\t\t\t\twidth: 25%;\n\t\t\t}\n\t\t\t#gallery-1 img {\n\t\t\t\tborder: 2px solid #cfcfcf;\n\t\t\t}\n\t\t\t#gallery-1 .gallery-caption {\n\t\t\t\tmargin-left: 0;\n\t\t\t}\n\t\t\t\/* see gallery_shortcode() in wp-includes\/media.php *\/\n\t\t<\/style>\n\t\t<div id='gallery-1' class='gallery galleryid-268 gallery-columns-4 gallery-size-thumbnail'><dl class='gallery-item'>\n\t\t\t<dt class='gallery-icon portrait'>\n\t\t\t\t<a href='https:\/\/wordpress.nibis.de\/gsdrueber\/?attachment_id=1018'><img loading=\"lazy\" decoding=\"async\" width=\"150\" height=\"150\" src=\"https:\/\/wordpress.nibis.de\/gsdrueber\/files\/2020\/02\/Urkunde-2020-150x150.jpg\" class=\"attachment-thumbnail size-thumbnail\" alt=\"\" aria-describedby=\"gallery-1-1018\" \/><\/a>\n\t\t\t<\/dt>\n\t\t\t\t<dd class='wp-caption-text gallery-caption' id='gallery-1-1018'>\n\t\t\t\tTanztreffen\n\t\t\t\t<\/dd><\/dl><dl class='gallery-item'>\n\t\t\t<dt class='gallery-icon portrait'>\n\t\t\t\t<a href='https:\/\/wordpress.nibis.de\/gsdrueber\/?attachment_id=352'><img loading=\"lazy\" decoding=\"async\" width=\"150\" height=\"150\" src=\"https:\/\/wordpress.nibis.de\/gsdrueber\/files\/2018\/10\/Ball-\u00fcber-die-Schnur-Urkunde-150x150.jpg\" class=\"attachment-thumbnail size-thumbnail\" alt=\"\" aria-describedby=\"gallery-1-352\" \/><\/a>\n\t\t\t<\/dt>\n\t\t\t\t<dd class='wp-caption-text gallery-caption' id='gallery-1-352'>\n\t\t\t\tBall \u00fcber die Schnur\n\t\t\t\t<\/dd><\/dl><dl class='gallery-item'>\n\t\t\t<dt class='gallery-icon portrait'>\n\t\t\t\t<a href='https:\/\/wordpress.nibis.de\/gsdrueber\/?attachment_id=355'><img loading=\"lazy\" decoding=\"async\" width=\"150\" height=\"150\" src=\"https:\/\/wordpress.nibis.de\/gsdrueber\/files\/2018\/10\/Sportabzeichen-Urkunde-150x150.jpg\" class=\"attachment-thumbnail size-thumbnail\" alt=\"\" aria-describedby=\"gallery-1-355\" \/><\/a>\n\t\t\t<\/dt>\n\t\t\t\t<dd class='wp-caption-text gallery-caption' id='gallery-1-355'>\n\t\t\t\tSportabzeichen\n\t\t\t\t<\/dd><\/dl><dl class='gallery-item'>\n\t\t\t<dt class='gallery-icon portrait'>\n\t\t\t\t<a href='https:\/\/wordpress.nibis.de\/gsdrueber\/?attachment_id=353'><img loading=\"lazy\" decoding=\"async\" width=\"150\" height=\"150\" src=\"https:\/\/wordpress.nibis.de\/gsdrueber\/files\/2018\/10\/Futsal-Urkunde-150x150.jpg\" class=\"attachment-thumbnail size-thumbnail\" alt=\"\" aria-describedby=\"gallery-1-353\" \/><\/a>\n\t\t\t<\/dt>\n\t\t\t\t<dd class='wp-caption-text gallery-caption' id='gallery-1-353'>\n\t\t\t\tFutsal\n\t\t\t\t<\/dd><\/dl><br style=\"clear: both\" \/>\n\t\t<\/div>\n\n<\/div>\n","protected":false},"excerpt":{"rendered":"<p>Mit der Landesauszeichnung \u201eSportfreundliche Schule\u201c sollen Schulen motiviert werden, Sport und Fitness in ihr Schulprogramm aufzunehmen und mit vielf\u00e4ltigen Bewegungsangeboten und gesunder Ern\u00e4hrung die Entwicklung von Kindern und Jugendlichen zu f\u00f6rdern. Ferner m\u00f6chten das Nieders\u00e4chsische Kultusministerium und der Landessportbund Niedersachsen f\u00fcr ein sportfreundliches Klima an den Schulen werben und die Arbeit der Schulleitung, der Lehrkr\u00e4fte [&hellip;]<\/p>\n","protected":false},"author":1035,"featured_media":0,"parent":14,"menu_order":0,"comment_status":"closed","ping_status":"closed","template":"","meta":{"footnotes":""},"class_list":["post-268","page","type-page","status-publish","hentry"],"_links":{"self":[{"href":"https:\/\/wordpress.nibis.de\/gsdrueber\/index.php?rest_route=\/wp\/v2\/pages\/268","targetHints":{"allow":["GET"]}}],"collection":[{"href":"https:\/\/wordpress.nibis.de\/gsdrueber\/index.php?rest_route=\/wp\/v2\/pages"}],"about":[{"href":"https:\/\/wordpress.nibis.de\/gsdrueber\/index.php?rest_route=\/wp\/v2\/types\/page"}],"author":[{"embeddable":true,"href":"https:\/\/wordpress.nibis.de\/gsdrueber\/index.php?rest_route=\/wp\/v2\/users\/1035"}],"replies":[{"embeddable":true,"href":"https:\/\/wordpress.nibis.de\/gsdrueber\/index.php?rest_route=%2Fwp%2Fv2%2Fcomments&post=268"}],"version-history":[{"count":9,"href":"https:\/\/wordpress.nibis.de\/gsdrueber\/index.php?rest_route=\/wp\/v2\/pages\/268\/revisions"}],"predecessor-version":[{"id":1020,"href":"https:\/\/wordpress.nibis.de\/gsdrueber\/index.php?rest_route=\/wp\/v2\/pages\/268\/revisions\/1020"}],"up":[{"embeddable":true,"href":"https:\/\/wordpress.nibis.de\/gsdrueber\/index.php?rest_route=\/wp\/v2\/pages\/14"}],"wp:attachment":[{"href":"https:\/\/wordpress.nibis.de\/gsdrueber\/index.php?rest_route=%2Fwp%2Fv2%2Fmedia&parent=268"}],"curies":[{"name":"wp","href":"https:\/\/api.w.org\/{rel}","templated":true}]}}