{"id":271,"date":"2018-10-17T09:36:46","date_gmt":"2018-10-17T07:36:46","guid":{"rendered":"http:\/\/wordpress.nibis.de\/gsdrueber\/?page_id=271"},"modified":"2023-10-12T10:45:26","modified_gmt":"2023-10-12T08:45:26","slug":"klasse-2000","status":"publish","type":"page","link":"https:\/\/wordpress.nibis.de\/gsdrueber\/?page_id=271","title":{"rendered":"Klasse 2000"},"content":{"rendered":"<p>Unter dem Begriff Klasse 2000 verbirgt sich ein Unterrichtsprogramm zur Gesundheitsf\u00f6rderung, Sucht- und Gewaltpr\u00e4vention. Das Programm wird durch Lehrkr\u00e4fte sowie speziell geschulte &#8222;Gesundheitsf\u00f6rderer&#8220; durchgef\u00fchrt. Als Symbolfigur begleitet KLARO die unterschiedlichen Aufgabenstellungen. Die Sch\u00fclerinnen und Sch\u00fcler der Grundschule Dr\u00fcber begleitet das Format Klasse 2000 vom 1. bis zum 4. Schuljahr.<\/p>\n<p><span style=\"text-decoration: underline\"><strong>Zielsetzung:<\/strong><\/span><\/p>\n<ul>\n<li>Kindern ist es wichtig, gesund zu sein und sie sind \u00fcberzeugt, selbst etwas daf\u00fcr tun zu k\u00f6nnen.<\/li>\n<li>Kinder kennen ihren K\u00f6rper und wissen, was sie tun k\u00f6nnen, damit er gesund bleibt und sie sich wohl f\u00fchlen<\/li>\n<li>Kinder besitzen wichtige Lebenskompetenzen: z.B. mit Gef\u00fchlen und Stress umgehen, mit anderen kooperieren, Konflikte l\u00f6sen und kritisch denken<\/li>\n<\/ul>\n<p><span style=\"text-decoration: underline\"><strong>Themenfelder:<\/strong><\/span><\/p>\n<ul>\n<li>Gesund essen &amp; trinken<\/li>\n<li>Bewegen &amp; entspannen<\/li>\n<li>Sich selbst m\u00f6gen &amp; Freunde haben<\/li>\n<li>Probleme &amp; Konflikte l\u00f6sen<\/li>\n<li>Kritisch denken &amp; Nein sagen<\/li>\n<\/ul>\n\n\t\t<style type=\"text\/css\">\n\t\t\t#gallery-1 {\n\t\t\t\tmargin: auto;\n\t\t\t}\n\t\t\t#gallery-1 .gallery-item {\n\t\t\t\tfloat: left;\n\t\t\t\tmargin-top: 10px;\n\t\t\t\ttext-align: center;\n\t\t\t\twidth: 25%;\n\t\t\t}\n\t\t\t#gallery-1 img {\n\t\t\t\tborder: 2px solid #cfcfcf;\n\t\t\t}\n\t\t\t#gallery-1 .gallery-caption {\n\t\t\t\tmargin-left: 0;\n\t\t\t}\n\t\t\t\/* see gallery_shortcode() in wp-includes\/media.php *\/\n\t\t<\/style>\n\t\t<div id='gallery-1' class='gallery galleryid-271 gallery-columns-4 gallery-size-thumbnail'><dl class='gallery-item'>\n\t\t\t<dt class='gallery-icon landscape'>\n\t\t\t\t<a href='https:\/\/wordpress.nibis.de\/gsdrueber\/?attachment_id=363'><img loading=\"lazy\" decoding=\"async\" width=\"150\" height=\"150\" src=\"https:\/\/wordpress.nibis.de\/gsdrueber\/files\/2018\/10\/IMG_9371-150x150.jpg\" class=\"attachment-thumbnail size-thumbnail\" alt=\"\" \/><\/a>\n\t\t\t<\/dt><\/dl><dl class='gallery-item'>\n\t\t\t<dt class='gallery-icon landscape'>\n\t\t\t\t<a href='https:\/\/wordpress.nibis.de\/gsdrueber\/?attachment_id=364'><img loading=\"lazy\" decoding=\"async\" width=\"150\" height=\"150\" src=\"https:\/\/wordpress.nibis.de\/gsdrueber\/files\/2018\/10\/IMG_9413-150x150.jpg\" class=\"attachment-thumbnail size-thumbnail\" alt=\"\" \/><\/a>\n\t\t\t<\/dt><\/dl><dl class='gallery-item'>\n\t\t\t<dt class='gallery-icon portrait'>\n\t\t\t\t<a href='https:\/\/wordpress.nibis.de\/gsdrueber\/?attachment_id=362'><img loading=\"lazy\" decoding=\"async\" width=\"150\" height=\"150\" src=\"https:\/\/wordpress.nibis.de\/gsdrueber\/files\/2018\/10\/IMG_9281-150x150.jpg\" class=\"attachment-thumbnail size-thumbnail\" alt=\"\" \/><\/a>\n\t\t\t<\/dt><\/dl><dl class='gallery-item'>\n\t\t\t<dt class='gallery-icon landscape'>\n\t\t\t\t<a href='https:\/\/wordpress.nibis.de\/gsdrueber\/?attachment_id=361'><img loading=\"lazy\" decoding=\"async\" width=\"150\" height=\"150\" src=\"https:\/\/wordpress.nibis.de\/gsdrueber\/files\/2018\/10\/DSC_0316-150x150.jpg\" class=\"attachment-thumbnail size-thumbnail\" alt=\"\" \/><\/a>\n\t\t\t<\/dt><\/dl><br style=\"clear: both\" \/>\n\t\t<\/div>\n\n<p><span style=\"text-decoration: underline\"><strong>Informationen:<\/strong><\/span><\/p>\n<p>Weitere Informationen zur Klasse 2000 finden Sie auf der folgenden Internetseite: www.klasse2000.de<\/p>\n<p><span style=\"text-decoration: underline\"><strong>F\u00f6rderung:\u00a0<\/strong><\/span><\/p>\n<p>Das Programm Klasse 2000 an der Grundschule Dr\u00fcber wird je zur H\u00e4lfte durch den Lions Club Einbeck und die AOK Niedersachen finanziert.<\/p>\n","protected":false},"excerpt":{"rendered":"<p>Unter dem Begriff Klasse 2000 verbirgt sich ein Unterrichtsprogramm zur Gesundheitsf\u00f6rderung, Sucht- und Gewaltpr\u00e4vention. Das Programm wird durch Lehrkr\u00e4fte sowie speziell geschulte &#8222;Gesundheitsf\u00f6rderer&#8220; durchgef\u00fchrt. Als Symbolfigur begleitet KLARO die unterschiedlichen Aufgabenstellungen. Die Sch\u00fclerinnen und Sch\u00fcler der Grundschule Dr\u00fcber begleitet das Format Klasse 2000 vom 1. bis zum 4. Schuljahr. Zielsetzung: Kindern ist es wichtig, gesund [&hellip;]<\/p>\n","protected":false},"author":1035,"featured_media":0,"parent":14,"menu_order":0,"comment_status":"closed","ping_status":"closed","template":"","meta":{"footnotes":""},"class_list":["post-271","page","type-page","status-publish","hentry"],"_links":{"self":[{"href":"https:\/\/wordpress.nibis.de\/gsdrueber\/index.php?rest_route=\/wp\/v2\/pages\/271","targetHints":{"allow":["GET"]}}],"collection":[{"href":"https:\/\/wordpress.nibis.de\/gsdrueber\/index.php?rest_route=\/wp\/v2\/pages"}],"about":[{"href":"https:\/\/wordpress.nibis.de\/gsdrueber\/index.php?rest_route=\/wp\/v2\/types\/page"}],"author":[{"embeddable":true,"href":"https:\/\/wordpress.nibis.de\/gsdrueber\/index.php?rest_route=\/wp\/v2\/users\/1035"}],"replies":[{"embeddable":true,"href":"https:\/\/wordpress.nibis.de\/gsdrueber\/index.php?rest_route=%2Fwp%2Fv2%2Fcomments&post=271"}],"version-history":[{"count":3,"href":"https:\/\/wordpress.nibis.de\/gsdrueber\/index.php?rest_route=\/wp\/v2\/pages\/271\/revisions"}],"predecessor-version":[{"id":1336,"href":"https:\/\/wordpress.nibis.de\/gsdrueber\/index.php?rest_route=\/wp\/v2\/pages\/271\/revisions\/1336"}],"up":[{"embeddable":true,"href":"https:\/\/wordpress.nibis.de\/gsdrueber\/index.php?rest_route=\/wp\/v2\/pages\/14"}],"wp:attachment":[{"href":"https:\/\/wordpress.nibis.de\/gsdrueber\/index.php?rest_route=%2Fwp%2Fv2%2Fmedia&parent=271"}],"curies":[{"name":"wp","href":"https:\/\/api.w.org\/{rel}","templated":true}]}}