{"id":590,"date":"2019-02-24T15:46:01","date_gmt":"2019-02-24T14:46:01","guid":{"rendered":"https:\/\/wordpress.nibis.de\/gsdrueber\/?page_id=590"},"modified":"2026-01-14T18:03:41","modified_gmt":"2026-01-14T17:03:41","slug":"schulordnung-2","status":"publish","type":"page","link":"https:\/\/wordpress.nibis.de\/gsdrueber\/?page_id=590","title":{"rendered":"Schulordnung"},"content":{"rendered":"<p>An der Grundschule Dr\u00fcber treffen sich jeden Tag viele Menschen\u00a0 und verbringen viel Zeit miteinander. Damit sich alle Menschen an der Grundschule Dr\u00fcber wohlf\u00fchlen, geh\u00f6rt gegenseitige R\u00fccksicht und Achtsamkeit im Umgang zum Schulleben dazu.<\/p>\n<p>Damit das gemeinsame Schulleben funktioniert, gibt es daher eine Schulordnung an die wir uns gemeinsam halten.<\/p>\n<p>Auf <strong><a href=\"https:\/\/wordpress.nibis.de\/gsdrueber\/files\/2019\/02\/Schulordnung.pdf\">dieser Seite<\/a><\/strong> finden Sie die aktuelle Schulordnung der Grundschule Dr\u00fcber. Diese Schulordnung befindet sich ebenfalls im Schulplaner Ihres Kindes.<\/p>\n","protected":false},"excerpt":{"rendered":"<p>An der Grundschule Dr\u00fcber treffen sich jeden Tag viele Menschen\u00a0 und verbringen viel Zeit miteinander. Damit sich alle Menschen an der Grundschule Dr\u00fcber wohlf\u00fchlen, geh\u00f6rt gegenseitige R\u00fccksicht und Achtsamkeit im Umgang zum Schulleben dazu. Damit das gemeinsame Schulleben funktioniert, gibt es daher eine Schulordnung an die wir uns gemeinsam halten. Auf dieser Seite finden Sie [&hellip;]<\/p>\n","protected":false},"author":1035,"featured_media":0,"parent":0,"menu_order":0,"comment_status":"closed","ping_status":"closed","template":"","meta":{"footnotes":""},"class_list":["post-590","page","type-page","status-publish","hentry"],"_links":{"self":[{"href":"https:\/\/wordpress.nibis.de\/gsdrueber\/index.php?rest_route=\/wp\/v2\/pages\/590","targetHints":{"allow":["GET"]}}],"collection":[{"href":"https:\/\/wordpress.nibis.de\/gsdrueber\/index.php?rest_route=\/wp\/v2\/pages"}],"about":[{"href":"https:\/\/wordpress.nibis.de\/gsdrueber\/index.php?rest_route=\/wp\/v2\/types\/page"}],"author":[{"embeddable":true,"href":"https:\/\/wordpress.nibis.de\/gsdrueber\/index.php?rest_route=\/wp\/v2\/users\/1035"}],"replies":[{"embeddable":true,"href":"https:\/\/wordpress.nibis.de\/gsdrueber\/index.php?rest_route=%2Fwp%2Fv2%2Fcomments&post=590"}],"version-history":[{"count":7,"href":"https:\/\/wordpress.nibis.de\/gsdrueber\/index.php?rest_route=\/wp\/v2\/pages\/590\/revisions"}],"predecessor-version":[{"id":1519,"href":"https:\/\/wordpress.nibis.de\/gsdrueber\/index.php?rest_route=\/wp\/v2\/pages\/590\/revisions\/1519"}],"wp:attachment":[{"href":"https:\/\/wordpress.nibis.de\/gsdrueber\/index.php?rest_route=%2Fwp%2Fv2%2Fmedia&parent=590"}],"curies":[{"name":"wp","href":"https:\/\/api.w.org\/{rel}","templated":true}]}}